{"id":3056,"date":"2019-06-19T06:32:06","date_gmt":"2019-06-19T06:32:06","guid":{"rendered":"http:\/\/new2019.delsangroup.com\/?page_id=3056"},"modified":"2019-07-26T06:59:29","modified_gmt":"2019-07-26T06:59:29","slug":"responsabilite-et-responsabilite-parapluie","status":"publish","type":"page","link":"https:\/\/delsangroup.com\/fr\/nos-produits\/lignes-commerciales\/responsabilite-et-responsabilite-parapluie\/","title":{"rendered":"Responsabilit\u00e9 et responsabilit\u00e9 parapluie"},"content":{"rendered":"\n<p>L&#8217;assurance responsabilit\u00e9 n&#8217;a jamais \u00e9t\u00e9 aussi importante.<\/p>\n\n\n\n<p>Nous vivons dans une soci\u00e9t\u00e9 de plus en plus litigieuse. De plus en plus de gens se tournent vers le syst\u00e8me judiciaire pour r\u00e9gler les conflits. En cons\u00e9quence, les plaintes pour n\u00e9gligence causant des blessures ou des dommages mat\u00e9riels sont \u00e0 la hausse. Une assurance qui prot\u00e8ge votre entreprise et vos employ\u00e9s des poursuites est plus importante que jamais.<\/p>\n\n\n\n<p><strong>Prot\u00e9gez votre entreprise contre les r\u00e9clamations et les poursuites<\/strong><\/p>\n\n\n\n<p>Avec une assurance de responsabilit\u00e9, vous serez prot\u00e9g\u00e9 si vous \u00eates l\u00e9galement responsable des dommages caus\u00e9s \u00e0 une autre personne ou des dommages \u00e0 ses biens. Vous serez \u00e9galement prot\u00e9g\u00e9 si votre produit blesse quelqu&#8217;un ou cause des dommages mat\u00e9riels. Parlez \u00e0 votre courtier pour vous assurer d&#8217;obtenir la couverture responsabilit\u00e9 dont votre entreprise a besoin.<\/p>\n\n\n\n<p>La responsabilit\u00e9 civile commerciale, \u00e9galement appel\u00e9e responsabilit\u00e9 civile commerciale g\u00e9n\u00e9rale:<\/p>\n\n\n\n<p>Avec la couverture de responsabilit\u00e9 civile g\u00e9n\u00e9rale, votre entreprise est prot\u00e9g\u00e9e si vous \u00eates l\u00e9galement responsable des dommages corporels ou mat\u00e9riels caus\u00e9s par vos op\u00e9rations, produits ou accidents survenus dans vos locaux ou chez votre client.<\/p>\n\n\n\n<p><strong>Les polices g\u00e9n\u00e9rales de responsabilit\u00e9 civile couvrent g\u00e9n\u00e9ralement les types de risques suivants:<\/strong><\/p>\n\n\n\n<ul class=\"oepl_listing wp-block-list\"><li>Blessures corporelles entra\u00eenant des dommages physiques r\u00e9els ou une perte<\/li><li>Dommages mat\u00e9riels ou perte<\/li><li>Blessure corporelle (atteinte \u00e0 la personnalit\u00e9 de quelqu&#8217;un, notamment calomnie ou diffamation)<\/li><li>Frais m\u00e9dicaux<\/li><li>Responsabilit\u00e9 li\u00e9e \u00e0 l&#8217;utilisation d&#8217;automobiles n&#8217;appartenant pas \u00e0 la propri\u00e9t\u00e9<\/li><li>Blessure de la publicit\u00e9<\/li><li>Votre responsabilit\u00e9 en tant que locataire<\/li><\/ul>\n\n\n\n<p><\/p>\n\n\n\n<p>L\u2019assurance responsabilit\u00e9 civile g\u00e9n\u00e9rale n\u2019est pas ch\u00e8re, surtout par rapport au co\u00fbt de la d\u00e9fense d\u2019une r\u00e9clamation contre votre entreprise. Les dommages et int\u00e9r\u00eats \u00e9valu\u00e9s par les tribunaux pour indemniser les tiers, les frais de d\u00e9fense et les frais de r\u00e8glement sont \u00e0 la charge de votre assureur, dans la limite de la police.<\/p>\n\n\n\n<p>Responsabilit\u00e9 parapluie<\/p>\n\n\n\n<p><strong>Qu&#8217;est-ce qu&#8217;une politique de responsabilit\u00e9 parapluie?<\/strong><\/p>\n\n\n\n<p>Une politique de responsabilit\u00e9 parapluie est beaucoup plus large qu&#8217;une politique de responsabilit\u00e9 standard. Il vous couvre en cas de pr\u00e9judice corporel ou de dommages mat\u00e9riels r\u00e9sultant d&#8217;un \u00e9v\u00e9nement inattendu survenu au Canada et dans le monde. Les limites de responsabilit\u00e9 l\u00e9gale sont sup\u00e9rieures \u00e0 celles d&#8217;une police de responsabilit\u00e9 standard afin de prot\u00e9ger vos actifs contre des sentences potentiellement \u00e9lev\u00e9es.<\/p>\n\n\n\n<p><strong>De quelle mani\u00e8re une politique de responsabilit\u00e9 civile g\u00e9n\u00e9rale est-elle plus large qu&#8217;une politique standard?<\/strong><\/p>\n\n\n\n<p>Cela peut inclure:<\/p>\n\n\n\n<ul class=\"oepl_listing wp-block-list\"><li>D\u00e9finition plus large de \u00abl\u00e9sion corporelle\u00bb<\/li><li>Territoire mondial<\/li><li>Couverture pour les motomarines<\/li><li>Couverture pour les a\u00e9ronefs n&#8217;appartenant pas<\/li><li>Les v\u00e9hicules sous licence peuvent \u00eatre couverts, \u00e0 condition qu&#8217;une police d&#8217;assurance automobile standard soit jointe<\/li><\/ul>\n\n\n\n<p><\/p>\n\n\n\n<p><strong>Remarque:<\/strong> le souscripteur peut exiger que des polices de responsabilit\u00e9 g\u00e9n\u00e9rale principale sous-jacentes, avec des limites minimales, soient en place et maintenues pour toutes les expositions connues et assurables. Le souscripteur peut \u00e9galement avoir besoin d&#8217;exclure certaines expositions, en fonction du risque individuel.<\/p>\n\n\n\n<p>Le groupe Delsan est l\u00e0 pour r\u00e9pondre \u00e0 vos besoins en mati\u00e8re d\u2019assurance des entreprises et des particuliers.<\/p>\n\n\n\n<p><strong>Pour plus d&#8217;informations, <a href=\"https:\/\/www.delsangroup.com\/fr\/contactez-nous\/\">contactez le groupe Delsan.<\/a><\/strong><\/p>\n","protected":false},"excerpt":{"rendered":"<p>L&#8217;assurance responsabilit\u00e9 n&#8217;a jamais \u00e9t\u00e9 aussi importante. Nous vivons dans une soci\u00e9t\u00e9 de plus en plus litigieuse. De plus en plus de gens se tournent vers le syst\u00e8me judiciaire pour r\u00e9gler les conflits. En cons\u00e9quence, les plaintes pour n\u00e9gligence causant des blessures ou des dommages mat\u00e9riels sont \u00e0 la hausse. Une assurance qui prot\u00e8ge votre [&hellip;]<\/p>\n","protected":false},"author":2,"featured_media":0,"parent":2251,"menu_order":0,"comment_status":"closed","ping_status":"closed","template":"","meta":{"_acf_changed":false,"footnotes":""},"class_list":["post-3056","page","type-page","status-publish","hentry","entry"],"acf":[],"jetpack_sharing_enabled":true,"_links":{"self":[{"href":"https:\/\/delsangroup.com\/fr\/wp-json\/wp\/v2\/pages\/3056","targetHints":{"allow":["GET"]}}],"collection":[{"href":"https:\/\/delsangroup.com\/fr\/wp-json\/wp\/v2\/pages"}],"about":[{"href":"https:\/\/delsangroup.com\/fr\/wp-json\/wp\/v2\/types\/page"}],"author":[{"embeddable":true,"href":"https:\/\/delsangroup.com\/fr\/wp-json\/wp\/v2\/users\/2"}],"replies":[{"embeddable":true,"href":"https:\/\/delsangroup.com\/fr\/wp-json\/wp\/v2\/comments?post=3056"}],"version-history":[{"count":8,"href":"https:\/\/delsangroup.com\/fr\/wp-json\/wp\/v2\/pages\/3056\/revisions"}],"predecessor-version":[{"id":3302,"href":"https:\/\/delsangroup.com\/fr\/wp-json\/wp\/v2\/pages\/3056\/revisions\/3302"}],"up":[{"embeddable":true,"href":"https:\/\/delsangroup.com\/fr\/wp-json\/wp\/v2\/pages\/2251"}],"wp:attachment":[{"href":"https:\/\/delsangroup.com\/fr\/wp-json\/wp\/v2\/media?parent=3056"}],"curies":[{"name":"wp","href":"https:\/\/api.w.org\/{rel}","templated":true}]}}