{"id":2644,"date":"2019-05-16T10:50:18","date_gmt":"2019-05-16T10:50:18","guid":{"rendered":"http:\/\/new2019.delsangroup.com\/?page_id=2644"},"modified":"2024-12-17T16:19:20","modified_gmt":"2024-12-17T16:19:20","slug":"life-insurance-g","status":"publish","type":"page","link":"https:\/\/delsangroup.com\/fr\/life-insurance-g\/","title":{"rendered":"Life Insurance on Google"},"content":{"rendered":"\n<h2 class=\"wp-block-heading\" id=\"mce_10\">Prot\u00e9gez votre succession avec une assurance vie<\/h2>\n\n\n\n<p>De nombreux frais et honoraires nous emp\u00eachent de transmettre l&#8217;ensemble de notre succession (investissements et actifs) \u00e0 notre famille. Les taxes, les frais d&#8217;homologation et les d\u00e9penses finales peuvent tous \u00e9roder la succession pour laquelle vous avez travaill\u00e9 si fort. L&#8217;assurance permanente, l&#8217;assurance vie enti\u00e8re et l&#8217;assurance temporaire sont tous des outils financiers importants qui vous permettent de prot\u00e9ger autant que possible votre \u00e9pargne.<\/p>\n\n\n\n<p>Comprendre les strat\u00e9gies de pr\u00e9servation de votre succession avec l&#8217;Assurance vie est une information importante pour toutes les familles.<\/p>\n\n\n\n<figure class=\"wp-block-image\"><img decoding=\"async\" src=\"https:\/\/delsangroup.com\/wp-content\/uploads\/2019\/05\/why_choose.gif\" alt=\"\"\/><\/figure>\n\n\n\n<p><\/p>\n<h3>Principales caract\u00e9ristiques et avantages de l&#8217;assurance temporaire<\/h3>\n\n\n\n<ul class=\"oepl_listing\">\n<li><strong>ABORDABLE<\/strong> <br>Les tarifs commencent \u00e0 moins de 20 $ par mois pour 500 000 $ de couverture (1).<\/li><br>\n<li><strong>SANS TAXE<\/strong> <br>Vos b\u00e9n\u00e9ficiaires re\u00e7oivent la prestation de d\u00e9c\u00e8s en franchise d&#8217;imp\u00f4t (2), qu&#8217;ils peuvent utiliser pour rembourser leurs dettes, couvrir leurs d\u00e9penses courantes, etc.<\/li><br>\n<li><strong>PORTABLE<\/strong><br>Contrairement \u00e0 la couverture que vous pouvez souscrire aupr\u00e8s de votre employeur, vous pouvez conserver votre police si vous changez de travail.<\/li><br>\n<li><strong>FLEXIBLE<\/strong> <br>Choisissez un montant de couverture compris entre 50 000 et 10 000 000 $. Choisissez \u00e9galement la dur\u00e9e pendant laquelle vous souhaitez b\u00e9n\u00e9ficier d&#8217;une couverture &#8211; de 5 \u00e0 40 ans (3). \u00c0 la fin de votre mandat, vous pouvez renouveler votre mandat pour une autre p\u00e9riode \u00e0 des taux pr\u00e9alablement divulgu\u00e9s (3).<\/li><br>\n<li><strong>GUARANTEED<\/strong> <br>Les primes et le montant de la garantie sont garantis pour ne pas changer pour toute la dur\u00e9e de votre politique<\/li>\n<\/ul>\n<p><\/p>\n\n\n\n<h3 class=\"wp-block-heading\" id=\"mce_1\">Principales caract\u00e9ristiques et avantages de l&#8217;assurance vie enti\u00e8re<\/h3>\n\n\n\n<ul class=\"oepl_listing\">\n<li><strong>GUARANTEED<\/strong> <br>Les primes et le montant de la couverture sont garantis toute votre vie.<\/li><br>\n<li><strong>CASH VALUE<\/strong> <br>Au fil des ans, la police cr\u00e9e une valeur de rachat exempte d\u2019imp\u00f4t qui peut \u00eatre exploit\u00e9e plus tard pour la retraite ou tout autre besoin, gr\u00e2ce \u00e0 un pr\u00eat garanti ou tout simplement en le prenant (4)<\/li><br>\n<li><strong>TAX-FREE <\/strong> <br>Vos b\u00e9n\u00e9ficiaires re\u00e7oivent la prestation de d\u00e9c\u00e8s en franchise d&#8217;imp\u00f4t (2), qui peut servir \u00e0 payer les d\u00e9penses finales, les frais d&#8217;obs\u00e8ques, la p\u00e9r\u00e9quation successorale, etc.<\/li><br>\n<li><strong>FLEXIBLE <\/strong> <br>Choisissez les dur\u00e9es de paiement qui correspondent le mieux \u00e0 votre budget et \u00e0 votre style de vie.<\/li>\n<\/ul>\n\n\n\n<p>L&#8217;assurance vie enti\u00e8re est souvent appel\u00e9e &#8220;la base d&#8217;un bon plan financier&#8221;. Bien que beaucoup souscrivent une assurance vie enti\u00e8re pour prot\u00e9ger de mani\u00e8re permanente leur famille ou leur entreprise en cas de d\u00e9c\u00e8s, il s\u2019agit en r\u00e9alit\u00e9 d\u2019un outil financier aux multiples facettes. C&#8217;est un atout unique qui, en raison de sa valeur de rachat accumul\u00e9e et de ses avantages fiscalement avantageux, peut \u00eatre utilis\u00e9 pour r\u00e9soudre certains des probl\u00e8mes financiers les plus complexes de la vie, lorsqu&#8217;il est strat\u00e9giquement bien structur\u00e9. Chez Groupe Delsan Inc., nous vous aidons \u00e0 structurer les polices de mani\u00e8re \u00e0 maximiser vos \u00e9conomies et vos avantages fiscaux.<\/p>\n\n\n\n<ol class=\"oepl_terms\">\n  <li>Taux bas\u00e9 sur une police de 10 000 $ de dur\u00e9e d\u00e9termin\u00e9e pour un homme de 30 ans non fumeur (\u00e0 calculer!)<\/li>\n  <li>Notez que des frais d\u2019homologation s\u2019appliquent si vous n\u2019avez pas d\u00e9sign\u00e9 de b\u00e9n\u00e9ficiaire et si le produit de votre police fait partie de votre succession.<\/li>\n  <li>L&#8217;\u00e2ge maximum de ces polices peut aller jusqu&#8217;\u00e0 l&#8217;\u00e2ge de 80 ans et avec quelques assureurs jusqu&#8217;\u00e0 l&#8217;\u00e2ge de 85 ans, il devient caduc.<\/li>\n  <li>Si la valeur de rachat ne vient pas d\u2019\u00eatre emprunt\u00e9e, une partie de l\u2019argent retir\u00e9 ou le montant int\u00e9gral peut devenir imposable \u00e0 ce moment-l\u00e0.<\/li>\n<\/ol>\n","protected":false},"excerpt":{"rendered":"<p>Prot\u00e9gez votre succession avec une assurance vie De nombreux frais et honoraires nous emp\u00eachent de transmettre l&#8217;ensemble de notre succession (investissements et actifs) \u00e0 notre famille. Les taxes, les frais d&#8217;homologation et les d\u00e9penses finales peuvent tous \u00e9roder la succession pour laquelle vous avez travaill\u00e9 si fort. L&#8217;assurance permanente, l&#8217;assurance vie enti\u00e8re et l&#8217;assurance temporaire [&hellip;]<\/p>\n","protected":false},"author":2,"featured_media":0,"parent":0,"menu_order":0,"comment_status":"closed","ping_status":"closed","template":"","meta":{"_acf_changed":false,"footnotes":""},"class_list":["post-2644","page","type-page","status-publish","hentry","entry"],"acf":[],"jetpack_sharing_enabled":true,"_links":{"self":[{"href":"https:\/\/delsangroup.com\/fr\/wp-json\/wp\/v2\/pages\/2644","targetHints":{"allow":["GET"]}}],"collection":[{"href":"https:\/\/delsangroup.com\/fr\/wp-json\/wp\/v2\/pages"}],"about":[{"href":"https:\/\/delsangroup.com\/fr\/wp-json\/wp\/v2\/types\/page"}],"author":[{"embeddable":true,"href":"https:\/\/delsangroup.com\/fr\/wp-json\/wp\/v2\/users\/2"}],"replies":[{"embeddable":true,"href":"https:\/\/delsangroup.com\/fr\/wp-json\/wp\/v2\/comments?post=2644"}],"version-history":[{"count":5,"href":"https:\/\/delsangroup.com\/fr\/wp-json\/wp\/v2\/pages\/2644\/revisions"}],"predecessor-version":[{"id":3623,"href":"https:\/\/delsangroup.com\/fr\/wp-json\/wp\/v2\/pages\/2644\/revisions\/3623"}],"wp:attachment":[{"href":"https:\/\/delsangroup.com\/fr\/wp-json\/wp\/v2\/media?parent=2644"}],"curies":[{"name":"wp","href":"https:\/\/api.w.org\/{rel}","templated":true}]}}