{"id":2617,"date":"2019-05-16T10:17:25","date_gmt":"2019-05-16T10:17:25","guid":{"rendered":"http:\/\/new2019.delsangroup.com\/?page_id=2617"},"modified":"2024-12-17T16:19:20","modified_gmt":"2024-12-17T16:19:20","slug":"linkedin","status":"publish","type":"page","link":"https:\/\/delsangroup.com\/fr\/linkedin\/","title":{"rendered":"Delsan group on LinkedIn"},"content":{"rendered":"\n<p> Tout en \u00e9tant propri\u00e9taire d\u2019une entreprise offre de nombreux avantages, tels que le choix de vos propres heures et activit\u00e9s, les entreprises peuvent \u00eatre risqu\u00e9es \u00e0 cr\u00e9er et \u00e0 exploiter. De nombreux risques financiers sont associ\u00e9s \u00e0 la gestion d\u2019entreprises. Certains des principaux risques incluent:<\/p>\n\n\n\n<figure class=\"wp-block-image\"><img decoding=\"async\" src=\"https:\/\/delsangroup.com\/wp-content\/uploads\/2019\/05\/startuprisk.gif\" alt=\"\"\/><\/figure>\n\n\n\n<h2 class=\"wp-block-heading\">Minimisez vos risques!<\/h2>\n\n\n\n<p>Comprendre quels sont ces risques commerciaux et comment vous pouvez vous prot\u00e9ger et prot\u00e9ger votre entreprise est une information essentielle pour toute entreprise.<\/p>\n","protected":false},"excerpt":{"rendered":"<p>Tout en \u00e9tant propri\u00e9taire d\u2019une entreprise offre de nombreux avantages, tels que le choix de vos propres heures et activit\u00e9s, les entreprises peuvent \u00eatre risqu\u00e9es \u00e0 cr\u00e9er et \u00e0 exploiter. De nombreux risques financiers sont associ\u00e9s \u00e0 la gestion d\u2019entreprises. Certains des principaux risques incluent: Minimisez vos risques! Comprendre quels sont ces risques commerciaux et [&hellip;]<\/p>\n","protected":false},"author":2,"featured_media":0,"parent":0,"menu_order":0,"comment_status":"closed","ping_status":"closed","template":"","meta":{"_acf_changed":false,"footnotes":""},"class_list":["post-2617","page","type-page","status-publish","hentry","entry"],"acf":[],"jetpack_sharing_enabled":true,"_links":{"self":[{"href":"https:\/\/delsangroup.com\/fr\/wp-json\/wp\/v2\/pages\/2617","targetHints":{"allow":["GET"]}}],"collection":[{"href":"https:\/\/delsangroup.com\/fr\/wp-json\/wp\/v2\/pages"}],"about":[{"href":"https:\/\/delsangroup.com\/fr\/wp-json\/wp\/v2\/types\/page"}],"author":[{"embeddable":true,"href":"https:\/\/delsangroup.com\/fr\/wp-json\/wp\/v2\/users\/2"}],"replies":[{"embeddable":true,"href":"https:\/\/delsangroup.com\/fr\/wp-json\/wp\/v2\/comments?post=2617"}],"version-history":[{"count":3,"href":"https:\/\/delsangroup.com\/fr\/wp-json\/wp\/v2\/pages\/2617\/revisions"}],"predecessor-version":[{"id":3621,"href":"https:\/\/delsangroup.com\/fr\/wp-json\/wp\/v2\/pages\/2617\/revisions\/3621"}],"wp:attachment":[{"href":"https:\/\/delsangroup.com\/fr\/wp-json\/wp\/v2\/media?parent=2617"}],"curies":[{"name":"wp","href":"https:\/\/api.w.org\/{rel}","templated":true}]}}