{"id":2579,"date":"2019-05-16T04:49:45","date_gmt":"2019-05-16T04:49:45","guid":{"rendered":"http:\/\/new2019.delsangroup.com\/?page_id=2579"},"modified":"2019-05-16T04:51:28","modified_gmt":"2019-05-16T04:51:28","slug":"sitemap","status":"publish","type":"page","link":"https:\/\/delsangroup.com\/fr\/sitemap\/","title":{"rendered":"Plan du site"},"content":{"rendered":"<div id=\"simple-sitemap-container-69e9fb52d3f1c\" class=\"simple-sitemap-container simple-sitemap-container-69e9fb52d3f1c tab-disabled\"><div class=\"simple-sitemap-wrap\"><h3 class=\"post-type\">Pages<\/h3><ul class=\"simple-sitemap-page main\"><li class=\"sitemap-item page_item page-item-2161\"><a href=\"https:\/\/delsangroup.com\/fr\/\">Accueil<\/a><\/li>\n<li class=\"sitemap-item page_item page-item-2425\"><a href=\"https:\/\/delsangroup.com\/fr\/avertissement\/\">Avertissement<\/a><\/li>\n<li class=\"sitemap-item page_item page-item-2380\"><a href=\"https:\/\/delsangroup.com\/fr\/blogfr\/\">Blog<\/a><\/li>\n<li class=\"sitemap-item page_item page-item-2157\"><a href=\"https:\/\/delsangroup.com\/fr\/contactez-nous\/\">Contactez nous<\/a><\/li>\n<li class=\"sitemap-item page_item page-item-2617\"><a href=\"https:\/\/delsangroup.com\/fr\/linkedin\/\">Delsan group on LinkedIn<\/a><\/li>\n<li class=\"sitemap-item page_item page-item-2382\"><a href=\"https:\/\/delsangroup.com\/fr\/groupe-delsan-sur-facebook\/\">Groupe Delsan sur Facebook<\/a><\/li>\n<li class=\"sitemap-item page_item page-item-2644\"><a href=\"https:\/\/delsangroup.com\/fr\/life-insurance-g\/\">Life Insurance on Google<\/a><\/li>\n<li class=\"sitemap-item page_item page-item-2156 page_item_has_children\"><a href=\"https:\/\/delsangroup.com\/fr\/nos-produits\/\">NOS PRODUITS<\/a>\n<ul class='children'>\n\t<li class=\"sitemap-item page_item page-item-2276 page_item_has_children\"><a href=\"https:\/\/delsangroup.com\/fr\/nos-produits\/assurance-vie\/\">Assurance-vie<\/a>\n\t<ul class='children'>\n\t\t<li class=\"sitemap-item page_item page-item-2310\"><a href=\"https:\/\/delsangroup.com\/fr\/nos-produits\/assurance-vie\/assurance-de-soins-de-longue-duree\/\">Assurance de soins de longue dur\u00e9e<\/a><\/li>\n\t\t<li class=\"sitemap-item page_item page-item-2305\"><a href=\"https:\/\/delsangroup.com\/fr\/nos-produits\/assurance-vie\/assurance-homme-cle\/\">Assurance homme cl\u00e9<\/a><\/li>\n\t\t<li class=\"sitemap-item page_item page-item-2288\"><a href=\"https:\/\/delsangroup.com\/fr\/nos-produits\/assurance-vie\/assurance-maladies-graves\/\">Assurance maladies graves<\/a><\/li>\n\t\t<li class=\"sitemap-item page_item page-item-2316\"><a href=\"https:\/\/delsangroup.com\/fr\/nos-produits\/assurance-vie\/assurance-permanente\/\">Assurance permanente<\/a><\/li>\n\t\t<li class=\"sitemap-item page_item page-item-2296\"><a href=\"https:\/\/delsangroup.com\/fr\/nos-produits\/assurance-vie\/assurance-sante\/\">Assurance sant\u00e9<\/a><\/li>\n\t\t<li class=\"sitemap-item page_item page-item-2294\"><a href=\"https:\/\/delsangroup.com\/fr\/nos-produits\/assurance-vie\/assurance-sante-et-dentaire\/\">Assurance sant\u00e9 et dentaire<\/a><\/li>\n\t\t<li class=\"sitemap-item page_item page-item-2303\"><a href=\"https:\/\/delsangroup.com\/fr\/nos-produits\/assurance-vie\/assurance-vie-conjointe\/\">Assurance vie conjointe<\/a><\/li>\n\t\t<li class=\"sitemap-item page_item page-item-2326\"><a href=\"https:\/\/delsangroup.com\/fr\/nos-produits\/assurance-vie\/assurance-vie-entiere\/\">Assurance vie enti\u00e8re<\/a><\/li>\n\t\t<li class=\"sitemap-item page_item page-item-2318\"><a href=\"https:\/\/delsangroup.com\/fr\/nos-produits\/assurance-vie\/assurance-vie-temporaire\/\">Assurance vie temporaire<\/a><\/li>\n\t\t<li class=\"sitemap-item page_item page-item-2320\"><a href=\"https:\/\/delsangroup.com\/fr\/nos-produits\/assurance-vie\/assurance-vie-universelle\/\">Assurance vie universelle<\/a><\/li>\n\t\t<li class=\"sitemap-item page_item page-item-2307\"><a href=\"https:\/\/delsangroup.com\/fr\/nos-produits\/assurance-vie\/conseils-d-assurance-vie\/\">Conseils d'assurance vie<\/a><\/li>\n\t\t<li class=\"sitemap-item page_item page-item-2299\"><a href=\"https:\/\/delsangroup.com\/fr\/nos-produits\/assurance-vie\/cote-dassurance-maladie\/\">Cote d'assurance maladie<\/a><\/li>\n\t\t<li class=\"sitemap-item page_item page-item-2285\"><a href=\"https:\/\/delsangroup.com\/fr\/nos-produits\/assurance-vie\/financement-par-convention-dachat-vente\/\">Financement par convention d'achat-vente<\/a><\/li>\n\t\t<li class=\"sitemap-item page_item page-item-2292\"><a href=\"https:\/\/delsangroup.com\/fr\/nos-produits\/assurance-vie\/gic-rrsp\/\">GIC - RRSP<\/a><\/li>\n\t\t<li class=\"sitemap-item page_item page-item-2290\"><a href=\"https:\/\/delsangroup.com\/fr\/nos-produits\/assurance-vie\/lassurance-invalidite\/\">L'assurance invalidit\u00e9<\/a><\/li>\n\t\t<li class=\"sitemap-item page_item page-item-2312\"><a href=\"https:\/\/delsangroup.com\/fr\/nos-produits\/assurance-vie\/mortgage-insurance\/\">Mortgage Insurance<\/a><\/li>\n\t\t<li class=\"sitemap-item page_item page-item-2314\"><a href=\"https:\/\/delsangroup.com\/fr\/nos-produits\/assurance-vie\/partenariat-assurance-des-actionnaires\/\">Partenariat \/ assurance des actionnaires<\/a><\/li>\n\t\t<li class=\"sitemap-item page_item page-item-2282\"><a href=\"https:\/\/delsangroup.com\/fr\/nos-produits\/assurance-vie\/rentes\/\">Rentes<\/a><\/li>\n\t\t<li class=\"sitemap-item page_item page-item-2301\"><a href=\"https:\/\/delsangroup.com\/fr\/nos-produits\/assurance-vie\/rentes-assurees\/\">Rentes assur\u00e9es<\/a><\/li>\n\t\t<li class=\"sitemap-item page_item page-item-2324\"><a href=\"https:\/\/delsangroup.com\/fr\/nos-produits\/assurance-vie\/tables-de-strategies-de-richesse\/\">Tables de strat\u00e9gies de richesse<\/a><\/li>\n\t\t<li class=\"sitemap-item page_item page-item-2322\"><a href=\"https:\/\/delsangroup.com\/fr\/nos-produits\/assurance-vie\/universel-vs-vie-entiere\/\">Universel VS vie enti\u00e8re<\/a><\/li>\n\t<\/ul>\n<\/li>\n\t<li class=\"sitemap-item page_item page-item-2251 page_item_has_children\"><a href=\"https:\/\/delsangroup.com\/fr\/nos-produits\/lignes-commerciales\/\">Lignes Commerciales<\/a>\n\t<ul class='children'>\n\t\t<li class=\"sitemap-item page_item page-item-2270\"><a href=\"https:\/\/delsangroup.com\/fr\/nos-produits\/lignes-commerciales\/caution-et-cautionnement\/\">Caution et cautionnement<\/a><\/li>\n\t\t<li class=\"sitemap-item page_item page-item-2368\"><a href=\"https:\/\/delsangroup.com\/fr\/nos-produits\/lignes-commerciales\/chaudiere-et-machinerie\/\">Chaudi\u00e8re et machinerie<\/a><\/li>\n\t\t<li class=\"sitemap-item page_item page-item-2370\"><a href=\"https:\/\/delsangroup.com\/fr\/nos-produits\/lignes-commerciales\/choisir-des-couvertures\/\">Choisir des couvertures<\/a><\/li>\n\t\t<li class=\"sitemap-item page_item page-item-2272\"><a href=\"https:\/\/delsangroup.com\/fr\/nos-produits\/lignes-commerciales\/conseils-et-conditions\/\">Conseils et conditions<\/a><\/li>\n\t\t<li class=\"sitemap-item page_item page-item-2262\"><a href=\"https:\/\/delsangroup.com\/fr\/nos-produits\/lignes-commerciales\/property-coverages-endorsements\/\">Couverture de la propri\u00e9t\u00e9 et avenants<\/a><\/li>\n\t\t<li class=\"sitemap-item page_item page-item-2376\"><a href=\"https:\/\/delsangroup.com\/fr\/nos-produits\/lignes-commerciales\/crime-fidelite\/\">Crime &amp; Fid\u00e9lit\u00e9<\/a><\/li>\n\t\t<li class=\"sitemap-item page_item page-item-2378\"><a href=\"https:\/\/delsangroup.com\/fr\/nos-produits\/lignes-commerciales\/directeurs-officiers-et-erreurs-et-emissions\/\">Directeurs - Officiers et erreurs et \u00e9missions<\/a><\/li>\n\t\t<li class=\"sitemap-item page_item page-item-2268\"><a href=\"https:\/\/delsangroup.com\/fr\/nos-produits\/lignes-commerciales\/gestion-des-risques\/\">Gestion des risques<\/a><\/li>\n\t\t<li class=\"sitemap-item page_item page-item-2374\"><a href=\"https:\/\/delsangroup.com\/fr\/nos-produits\/lignes-commerciales\/propriete-commerciale-et-responsabilite\/\">Propri\u00e9t\u00e9 commerciale et responsabilit\u00e9<\/a><\/li>\n\t\t<li class=\"sitemap-item page_item page-item-2372\"><a href=\"https:\/\/delsangroup.com\/fr\/nos-produits\/lignes-commerciales\/reclamations\/\">R\u00e9clamations<\/a><\/li>\n\t\t<li class=\"sitemap-item page_item page-item-3056\"><a href=\"https:\/\/delsangroup.com\/fr\/nos-produits\/lignes-commerciales\/responsabilite-et-responsabilite-parapluie\/\">Responsabilit\u00e9 et responsabilit\u00e9 parapluie<\/a><\/li>\n\t<\/ul>\n<\/li>\n\t<li class=\"sitemap-item page_item page-item-2328 page_item_has_children\"><a href=\"https:\/\/delsangroup.com\/fr\/nos-produits\/lignes-personnelles\/\">Lignes personnelles<\/a>\n\t<ul class='children'>\n\t\t<li class=\"sitemap-item page_item page-item-2330\"><a href=\"https:\/\/delsangroup.com\/fr\/nos-produits\/lignes-personnelles\/assurance-automobile\/\">Assurance automobile<\/a><\/li>\n\t\t<li class=\"sitemap-item page_item page-item-2340\"><a href=\"https:\/\/delsangroup.com\/fr\/nos-produits\/lignes-personnelles\/assurance-de-biens-et-responsabilite\/\">Assurance de biens et responsabilit\u00e9<\/a><\/li>\n\t\t<li class=\"sitemap-item page_item page-item-2342\"><a href=\"https:\/\/delsangroup.com\/fr\/nos-produits\/lignes-personnelles\/assurance-du-locataire\/\">Assurance du locataire<\/a><\/li>\n\t\t<li class=\"sitemap-item page_item page-item-2336\"><a href=\"https:\/\/delsangroup.com\/fr\/nos-produits\/lignes-personnelles\/assurance-habitation\/\">Assurance habitation<\/a><\/li>\n\t\t<li class=\"sitemap-item page_item page-item-2344\"><a href=\"https:\/\/delsangroup.com\/fr\/nos-produits\/lignes-personnelles\/conseils-et-conditions\/\">Conseils et conditions<\/a><\/li>\n\t\t<li class=\"sitemap-item page_item page-item-2334\"><a href=\"https:\/\/delsangroup.com\/fr\/nos-produits\/lignes-personnelles\/cottage-camps\/\">Cottage &amp; Camps<\/a><\/li>\n\t\t<li class=\"sitemap-item page_item page-item-2338\"><a href=\"https:\/\/delsangroup.com\/fr\/nos-produits\/lignes-personnelles\/la-prevention-des-pertes\/\">La pr\u00e9vention des pertes<\/a><\/li>\n\t\t<li class=\"sitemap-item page_item page-item-2332\"><a href=\"https:\/\/delsangroup.com\/fr\/nos-produits\/lignes-personnelles\/reclamations\/\">R\u00e9clamations<\/a><\/li>\n\t<\/ul>\n<\/li>\n\t<li class=\"sitemap-item page_item page-item-2274\"><a href=\"https:\/\/delsangroup.com\/fr\/nos-produits\/produits-dentreprise\/\">Produits d'entreprise<\/a><\/li>\n<\/ul>\n<\/li>\n<li class=\"sitemap-item page_item page-item-2421\"><a href=\"https:\/\/delsangroup.com\/fr\/nos-services\/\">Nos services<\/a><\/li>\n<li class=\"sitemap-item page_item page-item-2572\"><a href=\"https:\/\/delsangroup.com\/fr\/obtenez-un-devis-instantane\/\">Obtenez un devis instantan\u00e9<\/a><\/li>\n<li class=\"sitemap-item page_item page-item-2579\"><a href=\"https:\/\/delsangroup.com\/fr\/sitemap\/\">Plan du site<\/a><\/li>\n<li class=\"sitemap-item page_item page-item-2348\"><a href=\"https:\/\/delsangroup.com\/fr\/politique-de-confidentialite\/\">Politique de confidentialit\u00e9<\/a><\/li>\n<li class=\"sitemap-item page_item page-item-2346\"><a href=\"https:\/\/delsangroup.com\/fr\/produits-personnels\/\">Produits personnels<\/a><\/li>\n<li class=\"sitemap-item page_item page-item-2122\"><a href=\"https:\/\/delsangroup.com\/fr\/qui-sommes-nous\/\">Qui sommes-nous<\/a><\/li>\n<\/ul><\/div><\/div><br style=\"clear: both;\">\n","protected":false},"excerpt":{"rendered":"","protected":false},"author":2,"featured_media":0,"parent":0,"menu_order":0,"comment_status":"closed","ping_status":"closed","template":"","meta":{"_acf_changed":false,"footnotes":""},"class_list":["post-2579","page","type-page","status-publish","hentry","entry"],"acf":[],"jetpack_sharing_enabled":true,"_links":{"self":[{"href":"https:\/\/delsangroup.com\/fr\/wp-json\/wp\/v2\/pages\/2579","targetHints":{"allow":["GET"]}}],"collection":[{"href":"https:\/\/delsangroup.com\/fr\/wp-json\/wp\/v2\/pages"}],"about":[{"href":"https:\/\/delsangroup.com\/fr\/wp-json\/wp\/v2\/types\/page"}],"author":[{"embeddable":true,"href":"https:\/\/delsangroup.com\/fr\/wp-json\/wp\/v2\/users\/2"}],"replies":[{"embeddable":true,"href":"https:\/\/delsangroup.com\/fr\/wp-json\/wp\/v2\/comments?post=2579"}],"version-history":[{"count":2,"href":"https:\/\/delsangroup.com\/fr\/wp-json\/wp\/v2\/pages\/2579\/revisions"}],"predecessor-version":[{"id":2581,"href":"https:\/\/delsangroup.com\/fr\/wp-json\/wp\/v2\/pages\/2579\/revisions\/2581"}],"wp:attachment":[{"href":"https:\/\/delsangroup.com\/fr\/wp-json\/wp\/v2\/media?parent=2579"}],"curies":[{"name":"wp","href":"https:\/\/api.w.org\/{rel}","templated":true}]}}