{"id":2425,"date":"2019-05-01T03:39:29","date_gmt":"2019-05-01T03:39:29","guid":{"rendered":"http:\/\/new2019.delsangroup.com\/?page_id=2425"},"modified":"2024-12-17T16:19:19","modified_gmt":"2024-12-17T16:19:19","slug":"avertissement","status":"publish","type":"page","link":"https:\/\/delsangroup.com\/fr\/avertissement\/","title":{"rendered":"Avertissement"},"content":{"rendered":"\n<p> Le contenu de ce site Web est prot\u00e9g\u00e9 par la loi sur la propri\u00e9t\u00e9 intellectuelle. Tous les droits sont r\u00e9serv\u00e9s. Il est interdit de copier, transf\u00e9rer, distribuer, modifier ou enregistrer tout ou partie du contenu du site, sous quelque forme que ce soit, sans l&#8217;accord pr\u00e9alable et \u00e9crit de Delsan Group Inc. <\/p>\n<p> Ce site Web ne vise pas \u00e0 fournir des conseils de s\u00e9curit\u00e9 financi\u00e8re ni des conseils en mati\u00e8re d\u2019assurance ou de gestion des risques. Il est destin\u00e9 \u00e0 fournir des informations g\u00e9n\u00e9rales \u00e0 nos clients et au public. Vous devez consulter un conseiller autoris\u00e9 en s\u00e9curit\u00e9 financi\u00e8re pour obtenir des conseils professionnels avant d&#8217;agir ou de ne pas agir sur la base des informations fournies sur ce site Web. <\/p>\n<p> Nous essayons d\u2019assurer l\u2019exactitude de toutes les informations de notre site Web, mais nous ne pouvons garantir qu\u2019elles sont compl\u00e8tes ou correctes. Nous essayons \u00e9galement de nous assurer que les informations sur ce site web sont \u00e0 jour. Les lois et les assurances peuvent changer rapidement, cependant, et vous devez toujours vous assurer que les informations, quelles qu&#8217;elles soient, sont \u00e0 jour et exactes avant de vous y fier. Vous ne devez pas pr\u00e9sumer que ces informations s&#8217;appliquent \u00e0 votre situation sp\u00e9cifique sans consulter un conseiller ou un courtier agr\u00e9\u00e9 comp\u00e9tent. <\/p>\n<p> Si vous souhaitez discuter d\u2019un probl\u00e8me sp\u00e9cifique, vous pouvez t\u00e9l\u00e9phoner, \u00e9crire ou envoyer un courrier \u00e9lectronique \u00e0 n\u2019importe quel responsable des comptes de la soci\u00e9t\u00e9. Il se fera un plaisir de d\u00e9terminer si notre soci\u00e9t\u00e9 peut vous aider. <\/p>\n<p> En fonction de faits ou de circonstances sp\u00e9cifiques, l\u2019application des lois et des r\u00e9glementations peut varier. Sur la base des conditions universelles fondamentales du processus de communication \u00e9lectronique, Groupe Delsan Inc. ne garantit pas que le site sera ininterrompu, sans retard, sans erreur, sans omission ou sans virus. Les informations sont fournies &#8220;en l&#8217;\u00e9tat&#8221; sans garantie d&#8217;aucune sorte, expresse ou implicite, y compris d&#8217;exactitude, de rapidit\u00e9 et d&#8217;exhaustivit\u00e9. En aucun cas, le Groupe Delsan Inc., ses associ\u00e9s, la direction, les mandants, les courtiers ou les employ\u00e9s, ne pourront \u00eatre tenus responsables de tout dommage direct, indirect, accessoire, sp\u00e9cial, exemplaire, punitif, cons\u00e9cutif ou autre (y compris, mais sans s&#8217;y limiter, la responsabilit\u00e9 perte d&#8217;utilisation, de donn\u00e9es ou de b\u00e9n\u00e9fices), sans \u00e9gard \u00e0 la forme de toute action, y compris mais sans limitation, des contrats, de la n\u00e9gligence ou d&#8217;autres actions d\u00e9lictueuses, d\u00e9coulant du site ou en relation avec celui-ci, de tout contenu sur ou accessible par le biais de: le Site, ou toute copie, affichage ou autre utilisation des pr\u00e9sentes. <\/p>\n<p> <strong> Veuillez noter que Groupe Delsan Inc. n&#8217;approuve pas, express\u00e9ment ou implicitement, des produits ou services tiers. <\/strong> L&#8217;utilisation des informations obtenues \u00e0 partir de ce site Web ou de sites Web auxquels ce dernier est li\u00e9 est volontaire. Obtenez toujours une \u00e9valuation ind\u00e9pendante et qualifi\u00e9e de l\u2019exactitude et de la rapidit\u00e9 de ces informations avant d\u2019agir. <\/p>\n<p> <strong> Confidentialit\u00e9 <\/strong> <\/p>\n<p> La protection de la vie priv\u00e9e est une priorit\u00e9 du Groupe Delsan inc. et s\u2019applique \u00e0 toutes les informations priv\u00e9es que Groupe Delsan inc. recueille directement des individus; Par cons\u00e9quent, Groupe Delsan inc. a adopt\u00e9 une politique de gestion qui traite des aspects de la confidentialit\u00e9 et de la s\u00e9curit\u00e9 des informations. <\/p>\n<p> <strong> Le groupe Delsan ne vend ni n&#8217;\u00e9change ses listes de contacts. <\/strong> <\/p>\n<p> <\/p>\n","protected":false},"excerpt":{"rendered":"<p>Le contenu de ce site Web est prot\u00e9g\u00e9 par la loi sur la propri\u00e9t\u00e9 intellectuelle. Tous les droits sont r\u00e9serv\u00e9s. Il est interdit de copier, transf\u00e9rer, distribuer, modifier ou enregistrer tout ou partie du contenu du site, sous quelque forme que ce soit, sans l&#8217;accord pr\u00e9alable et \u00e9crit de Delsan Group Inc. Ce site Web [&hellip;]<\/p>\n","protected":false},"author":2,"featured_media":0,"parent":0,"menu_order":0,"comment_status":"closed","ping_status":"closed","template":"","meta":{"_acf_changed":false,"footnotes":""},"class_list":["post-2425","page","type-page","status-publish","hentry","entry"],"acf":[],"jetpack_sharing_enabled":true,"_links":{"self":[{"href":"https:\/\/delsangroup.com\/fr\/wp-json\/wp\/v2\/pages\/2425","targetHints":{"allow":["GET"]}}],"collection":[{"href":"https:\/\/delsangroup.com\/fr\/wp-json\/wp\/v2\/pages"}],"about":[{"href":"https:\/\/delsangroup.com\/fr\/wp-json\/wp\/v2\/types\/page"}],"author":[{"embeddable":true,"href":"https:\/\/delsangroup.com\/fr\/wp-json\/wp\/v2\/users\/2"}],"replies":[{"embeddable":true,"href":"https:\/\/delsangroup.com\/fr\/wp-json\/wp\/v2\/comments?post=2425"}],"version-history":[{"count":4,"href":"https:\/\/delsangroup.com\/fr\/wp-json\/wp\/v2\/pages\/2425\/revisions"}],"predecessor-version":[{"id":2429,"href":"https:\/\/delsangroup.com\/fr\/wp-json\/wp\/v2\/pages\/2425\/revisions\/2429"}],"wp:attachment":[{"href":"https:\/\/delsangroup.com\/fr\/wp-json\/wp\/v2\/media?parent=2425"}],"curies":[{"name":"wp","href":"https:\/\/api.w.org\/{rel}","templated":true}]}}