{"id":2421,"date":"2019-05-01T03:29:32","date_gmt":"2019-05-01T03:29:32","guid":{"rendered":"http:\/\/new2019.delsangroup.com\/?page_id=2421"},"modified":"2019-07-18T10:26:55","modified_gmt":"2019-07-18T10:26:55","slug":"nos-services","status":"publish","type":"page","link":"https:\/\/delsangroup.com\/fr\/nos-services\/","title":{"rendered":"Nos services"},"content":{"rendered":"\n<p> L\u2019ambigu\u00eft\u00e9 des strat\u00e9gies financi\u00e8res, une communication claire et une planification minutieuse la voie de l&#8217;harmonie dans la vie et dans les affaires <\/p>\n","protected":false},"excerpt":{"rendered":"<p>L\u2019ambigu\u00eft\u00e9 des strat\u00e9gies financi\u00e8res, une communication claire et une planification minutieuse la voie de l&#8217;harmonie dans la vie et dans les affaires<\/p>\n","protected":false},"author":2,"featured_media":0,"parent":0,"menu_order":0,"comment_status":"closed","ping_status":"closed","template":"","meta":{"_acf_changed":false,"footnotes":""},"class_list":["post-2421","page","type-page","status-publish","hentry","entry"],"acf":[],"jetpack_sharing_enabled":true,"_links":{"self":[{"href":"https:\/\/delsangroup.com\/fr\/wp-json\/wp\/v2\/pages\/2421","targetHints":{"allow":["GET"]}}],"collection":[{"href":"https:\/\/delsangroup.com\/fr\/wp-json\/wp\/v2\/pages"}],"about":[{"href":"https:\/\/delsangroup.com\/fr\/wp-json\/wp\/v2\/types\/page"}],"author":[{"embeddable":true,"href":"https:\/\/delsangroup.com\/fr\/wp-json\/wp\/v2\/users\/2"}],"replies":[{"embeddable":true,"href":"https:\/\/delsangroup.com\/fr\/wp-json\/wp\/v2\/comments?post=2421"}],"version-history":[{"count":25,"href":"https:\/\/delsangroup.com\/fr\/wp-json\/wp\/v2\/pages\/2421\/revisions"}],"predecessor-version":[{"id":3231,"href":"https:\/\/delsangroup.com\/fr\/wp-json\/wp\/v2\/pages\/2421\/revisions\/3231"}],"wp:attachment":[{"href":"https:\/\/delsangroup.com\/fr\/wp-json\/wp\/v2\/media?parent=2421"}],"curies":[{"name":"wp","href":"https:\/\/api.w.org\/{rel}","templated":true}]}}