{"id":2382,"date":"2019-04-30T03:49:22","date_gmt":"2019-04-30T03:49:22","guid":{"rendered":"http:\/\/new2019.delsangroup.com\/?page_id=2382"},"modified":"2024-12-17T16:19:20","modified_gmt":"2024-12-17T16:19:20","slug":"groupe-delsan-sur-facebook","status":"publish","type":"page","link":"https:\/\/delsangroup.com\/fr\/groupe-delsan-sur-facebook\/","title":{"rendered":"Groupe Delsan sur Facebook"},"content":{"rendered":"\n<h2>Prot\u00e9gez votre famille et votre entreprise avec une <em> assurance temporaire <\/em> abordable et une <em> Assurance vie enti\u00e8re <\/em><\/h2>\n<p>\n\tSi vous avez une famille, la <strong> assurance vie temporaire <\/strong> est l\u2019un des moyens les plus simples et les plus abordables de prot\u00e9ger leur avenir financier. Les <strong> assurances vie enti\u00e8re <\/strong> et les <strong> assurances permanentes <\/strong> constituent un outil financier important qui offre souplesse et accessibilit\u00e9 financi\u00e8re \u00e0 long terme pour prot\u00e9ger votre famille, votre entreprise et votre succession \u00e0 l&#8217;avenir.\n<\/p>\n<p>\n\t<strong> Une assurance vie enti\u00e8re <\/strong> et une <strong> assurance vie temporaire <\/strong> du groupe Delsan sont des choix judicieux. Voici quelques raisons d&#8217;obtenir un devis rapide et <strong> sans obligation. aujourd&#8217;hui <\/strong>.\n<\/p>\n<p><\/p>\n<div class=\"row btnGroup justify-content-center\">\n\t<div class=\"col-12 col-sm-auto\">\n\t\t<a href=\"https:\/\/www.delsangroup.com\/get-quote\/\" class=\"mButton button-black\" > Obtenir un devis gratuit<i class=\"fa fa-arrow-right\" style=\"padding-left:15px;\"><\/i> <\/a>\n\t<\/div>\n<\/div>\n<p><\/p>\n<center>\n\t<br>\n\t<figure><img decoding=\"async\" src=\"https:\/\/delsangroup.com\/wp-content\/uploads\/2019\/05\/why_choose.gif\" alt=\"\">\n\t<\/figure>\n<\/center>\n<p><\/p>\n<div class=\"row btnGroup justify-content-center\">\n\t<div class=\"col-12 col-sm-auto\">\n\t\t<a href=\"mailto:yisroel@delsangroup.com&#038;subject=Please contact me to discuss a free consultation\" class=\"mButton button-black\" > Obtenez une  consultation <span>gratuite<\/span> <strong>avec un conseiller financier<\/strong> <\/a>\n\t<\/div>\n<\/div>\n<p><\/p>\n<center>\n\t<br \/>\n\t<a href=\"mailto:yisroel@delsangroup.com&amp;subject=Veuillez me contacter pour discuter d'une consultation gratuite\"> <img decoding=\"async\" src=\"\/wp-content\/themes\/delsan\/images\/but_freeconsultation. gif \" alt=\" \" \/> <\/a>\n<\/center>\n<div class=\"landing-box\">\n\t<h3>Principales caract\u00e9ristiques et avantages de l&#8217;assurance temporaire<\/h3>\n\n\t<ul class=\"oepl_listing\">\n\t\t<li>\n\t\t\t<strong> ABORDABLE <\/strong><br \/>\n\t\t\tLes tarifs commencent \u00e0 moins de 20 $ par mois pour une couverture de 500 000 $ (1).\n\t\t<\/li><br \/>\n\t\t<li>\n\t\t\t<strong> SANS TAXE <\/strong><br \/>\n\t\t\tVos b\u00e9n\u00e9ficiaires re\u00e7oivent la prestation de d\u00e9c\u00e8s en franchise d&#8217;imp\u00f4t (2), qu&#8217;ils peuvent utiliser pour payer leurs dettes, couvrir leurs d\u00e9penses courantes. et plus encore.\n\t\t<\/li><br \/>\n\t\t<li>\n\t\t\t<strong> PORTABLE <\/strong><br \/>\n\t\t\tContrairement \u00e0 la couverture que vous pouvez souscrire aupr\u00e8s de votre employeur, vous pouvez conserver votre police si vous changez d&#8217;emploi.\n\t\t<\/li><br \/>\n\t\t<li>\n\t\t\t<strong> FLEXIBLE <\/strong><br \/>\n\t\t\tChoisissez un montant de couverture compris entre 50 000 et 10 000 000 USD. Choisissez \u00e9galement la dur\u00e9e pendant laquelle vous souhaitez b\u00e9n\u00e9ficier d&#8217;une couverture &#8211; de 5 \u00e0 40 ans (3). \u00c0 la fin de votre mandat, vous pouvez renouveler votre mandat pour une autre p\u00e9riode au taux convenu (3).\n\t\t<\/li><br \/>\n\t\t<li>\n\t\t\t<strong> GARANTIE <\/strong><br \/>\n\t\t\tIl est garanti que les primes et le montant de la couverture ne changent pas pendant toute la dur\u00e9e de votre contrat.\n\t\t<\/li><br \/>\n\t<\/ul>\n<\/div>\n<div class=\"landing-box\">\n\t<h3>Caract\u00e9ristiques et avantages de l\u2019assurance vie enti\u00e8re<\/h3>\n\t<ul class=\"oepl_listing\">\n\t\t<li>\n\t\t\t<strong> GARANTI <\/strong><br \/>\n\t\t\tLes primes et le montant de la garantie sont garantis toute votre vie.\n\t\t<\/li><br \/>\n\t\t<li>\n\t\t\t<strong> VALEUR LI\u00c9E AUX VENTES <\/strong><br \/>\n\t\t\tLa police cr\u00e9e au fil des ans une valeur en esp\u00e8ces exon\u00e9r\u00e9e d&#8217;imp\u00f4t qui pourrait \u00eatre utilis\u00e9e plus tard pour votre retraite ou tout autre besoin, gr\u00e2ce \u00e0 un pr\u00eat (4)\n\t\t<\/li><br \/>\n\t\t<li>\n\t\t\t<strong> SANS TAX <\/strong><br \/>\n\t\t\tVos b\u00e9n\u00e9ficiaires re\u00e7oivent la prestation de d\u00e9c\u00e8s en franchise d&#8217;imp\u00f4t (2), qui peut \u00eatre utilis\u00e9e pour payer les d\u00e9penses finales, les frais d&#8217;obs\u00e8ques, la p\u00e9r\u00e9quation successorale, etc. &gt;\n\t\t<\/li><br \/>\n\t\t<li>\n\t\t\t<strong> FLEXIBLE <\/strong><br \/>\n\t\t\tChoisissez les dur\u00e9es de paiement qui correspondent le mieux \u00e0 votre budget et \u00e0 votre style de vie.\n\t\t<\/li><br \/>\n\t<\/ul>\n<\/div>\n<p>\n\t<strong> L&#8217;assurance vie enti\u00e8re <\/strong> est souvent appel\u00e9e &#8220;la base d&#8217;un bon plan financier&#8221;. Bien que beaucoup souscrivent une assurance vie enti\u00e8re pour prot\u00e9ger de mani\u00e8re permanente leur famille ou leur entreprise en cas de d\u00e9c\u00e8s, il s\u2019agit en r\u00e9alit\u00e9 d\u2019un outil financier aux multiples facettes. C&#8217;est un atout unique qui, en raison de sa valeur de rachat accumul\u00e9e et de ses avantages fiscalement avantageux, peut \u00eatre utilis\u00e9 pour r\u00e9soudre certains des probl\u00e8mes financiers les plus complexes de la vie, lorsqu&#8217;il est strat\u00e9giquement bien structur\u00e9. Chez Groupe Delsan Inc., nous vous aidons \u00e0 structurer les polices de mani\u00e8re \u00e0 maximiser vos \u00e9conomies et vos avantages fiscaux.\n<\/p>\n\n<ol class=\"oepl_terms\">\n\t<li>\n\t\tTarif bas\u00e9 sur une politique de dur\u00e9e de vie de 500 000 $ pour un homme de 30 ans non fumeur (\u00e0 calculer!)\n\t<\/li>\n\t<li>\n\t\tVeuillez noter que des frais d&#8217;homologation s&#8217;appliquent si vous n&#8217;avez pas d\u00e9sign\u00e9 de b\u00e9n\u00e9ficiaire et si le produit de votre contrat est int\u00e9gr\u00e9 \u00e0 votre succession.\n\t<\/li>\n\t<li>\n\t\tL&#8217;\u00e2ge maximum de ce contrat peut aller jusqu&#8217;\u00e0 80 ans et avec quelques assureurs jusqu&#8217;\u00e0 elle dispara\u00eetra \u00e0 l&#8217;\u00e2ge de 85 ans.\n\t<\/li>\n\t<li>\n\t\tSi la valeur de rachat vient d&#8217;\u00eatre souscrite et non par un emprunt, une partie de l&#8217;argent retir\u00e9 ou le montant total peut devenir imposable \u00e0 cet instant.\n\t<\/li>\n<\/ol>\n","protected":false},"excerpt":{"rendered":"<p>Prot\u00e9gez votre famille et votre entreprise avec une assurance temporaire abordable et une Assurance vie enti\u00e8re Si vous avez une famille, la assurance vie temporaire est l\u2019un des moyens les plus simples et les plus abordables de prot\u00e9ger leur avenir financier. Les assurances vie enti\u00e8re et les assurances permanentes constituent un outil financier important qui [&hellip;]<\/p>\n","protected":false},"author":2,"featured_media":0,"parent":0,"menu_order":0,"comment_status":"closed","ping_status":"closed","template":"","meta":{"_acf_changed":false,"footnotes":""},"class_list":["post-2382","page","type-page","status-publish","hentry","entry"],"acf":[],"jetpack_sharing_enabled":true,"_links":{"self":[{"href":"https:\/\/delsangroup.com\/fr\/wp-json\/wp\/v2\/pages\/2382","targetHints":{"allow":["GET"]}}],"collection":[{"href":"https:\/\/delsangroup.com\/fr\/wp-json\/wp\/v2\/pages"}],"about":[{"href":"https:\/\/delsangroup.com\/fr\/wp-json\/wp\/v2\/types\/page"}],"author":[{"embeddable":true,"href":"https:\/\/delsangroup.com\/fr\/wp-json\/wp\/v2\/users\/2"}],"replies":[{"embeddable":true,"href":"https:\/\/delsangroup.com\/fr\/wp-json\/wp\/v2\/comments?post=2382"}],"version-history":[{"count":10,"href":"https:\/\/delsangroup.com\/fr\/wp-json\/wp\/v2\/pages\/2382\/revisions"}],"predecessor-version":[{"id":3622,"href":"https:\/\/delsangroup.com\/fr\/wp-json\/wp\/v2\/pages\/2382\/revisions\/3622"}],"wp:attachment":[{"href":"https:\/\/delsangroup.com\/fr\/wp-json\/wp\/v2\/media?parent=2382"}],"curies":[{"name":"wp","href":"https:\/\/api.w.org\/{rel}","templated":true}]}}