{"id":2378,"date":"2019-04-30T03:46:29","date_gmt":"2019-04-30T03:46:29","guid":{"rendered":"http:\/\/new2019.delsangroup.com\/?page_id=2378"},"modified":"2019-07-26T07:11:26","modified_gmt":"2019-07-26T07:11:26","slug":"directeurs-officiers-et-erreurs-et-emissions","status":"publish","type":"page","link":"https:\/\/delsangroup.com\/fr\/nos-produits\/lignes-commerciales\/directeurs-officiers-et-erreurs-et-emissions\/","title":{"rendered":"Directeurs &#8211; Officiers et erreurs et \u00e9missions"},"content":{"rendered":"\n<p>\n\tLes attitudes du public changent. Les l\u00e9gislateurs et les tribunaux rendent les administrateurs et les dirigeants personnellement responsables du bon gouvernement d&#8217;entreprise. Cela pr\u00e9sente un risque nouveau et important pour les actifs personnels des personnes qui exercent ces fonctions.\n<\/p>\n<p>\n\t<strong> L\u2019augmentation du nombre et de l\u2019ampleur des actions en justice intent\u00e9es contre les conseils d\u2019administration et les dirigeants a entra\u00een\u00e9 une demande accrue d\u2019administrateurs Assurance des officiers <\/strong> de tous les secteurs des entreprises publiques et priv\u00e9es, de l&#8217;industrie et des organisations \u00e0 but non lucratif.\n<\/p>\n<p>\n\t<strong> Types d&#8217;\u00e9v\u00e9nements susceptibles d&#8217;entra\u00eener une r\u00e9clamation <\/strong>\n<\/p>\n<ul class=\"oepl_listing\">\n\t<li>\n\t\tIndications trompeuses\n\t<\/li>\n\t<li>\n\t\tN\u00e9gligence ou manquement au devoir\n\t<\/li>\n\t<li>\n\t\tRupture de contrat ou violation du droit d&#8217;auteur\n\t<\/li>\n\t<li>\n\t\tSalaires impay\u00e9s\n\t<\/li>\n\t<li>\n\t\tCr\u00e9anciers ou employ\u00e9s &#8220;opprim\u00e9s&#8221;\n\t<\/li>\n\t<li>\n\t\tImp\u00f4ts impay\u00e9s\n\t<\/li>\n\t<li>\n\t\tConflit d&#8217;int\u00e9r\u00eat\n\t<\/li>\n\t<li>\n\t\tPaiements de dividendes incorrects\n\t<\/li>\n\t<li>\n\t\tEmission ou rachat incorrect d&#8217;actions\n\t<\/li>\n\t<li>\n\t\tD\u00e9fenses de prise de contr\u00f4le\n\t<\/li>\n\t<li>\n\t\tCovenants de dette enfreints\n\t<\/li>\n\t<li>\n\t\tD\u00e9faut de s\u2019assurer que la soci\u00e9t\u00e9 respecte ses obligations financi\u00e8res\n\t<\/li>\n\t<li>\n\t\tCong\u00e9diement injustifi\u00e9\n\t<\/li>\n<\/ul>\n<\/li>\n<\/ul>\n<br \/>\n<p>\n\t<strong> Sources de poursuites judiciaires contre les administrateurs &amp; amp; Officiers <\/strong>\n<\/p>\n<ul class=\"oepl_listing\">\n\t<li>\n\t\tActionnaires\n\t<\/li>\n\t<li>\n\t\tEmploy\u00e9s\n\t<\/li>\n\t<li>\n\t\tGouvernements\n\t<\/li>\n\t<li>\n\t\tcr\u00e9anciers\n\t<\/li>\n\t<li>\n\t\tConcurrents\n\t<\/li>\n\t<li>\n\t\tAutorit\u00e9s de r\u00e9glementation\n\t<\/li>\n\t<li>\n\t\tsuites d&#8217;actions d\u00e9riv\u00e9es\n\t<\/li>\n\t<li>\n\t\tSuites du recours collectif\n\t<\/li>\n\t<li>\n\t\tAutres tiers\n\t<\/li>\n<\/ul>\n<\/li>\n<\/ul>\n<br \/>\n<p>\n\t<span class=\"pageTitles\"> Le groupe Delsan est l\u00e0 pour r\u00e9pondre \u00e0 vos besoins dans les domaines commercial et commercial; Assurance des lignes personnelles. <\/span>\n<\/p>\n<p>\n\t<strong> Pour plus d&#8217;informations, <a href=\"\/contact-us\"> contactez le groupe Delsan <\/a>. <\/strong>\n<\/p>\n\n\n\n<p><\/p>\n","protected":false},"excerpt":{"rendered":"<p>Les attitudes du public changent. Les l\u00e9gislateurs et les tribunaux rendent les administrateurs et les dirigeants personnellement responsables du bon gouvernement d&#8217;entreprise. Cela pr\u00e9sente un risque nouveau et important pour les actifs personnels des personnes qui exercent ces fonctions. L\u2019augmentation du nombre et de l\u2019ampleur des actions en justice intent\u00e9es contre les conseils d\u2019administration et [&hellip;]<\/p>\n","protected":false},"author":2,"featured_media":0,"parent":2251,"menu_order":0,"comment_status":"closed","ping_status":"closed","template":"","meta":{"_acf_changed":false,"footnotes":""},"class_list":["post-2378","page","type-page","status-publish","hentry","entry"],"acf":[],"jetpack_sharing_enabled":true,"_links":{"self":[{"href":"https:\/\/delsangroup.com\/fr\/wp-json\/wp\/v2\/pages\/2378","targetHints":{"allow":["GET"]}}],"collection":[{"href":"https:\/\/delsangroup.com\/fr\/wp-json\/wp\/v2\/pages"}],"about":[{"href":"https:\/\/delsangroup.com\/fr\/wp-json\/wp\/v2\/types\/page"}],"author":[{"embeddable":true,"href":"https:\/\/delsangroup.com\/fr\/wp-json\/wp\/v2\/users\/2"}],"replies":[{"embeddable":true,"href":"https:\/\/delsangroup.com\/fr\/wp-json\/wp\/v2\/comments?post=2378"}],"version-history":[{"count":5,"href":"https:\/\/delsangroup.com\/fr\/wp-json\/wp\/v2\/pages\/2378\/revisions"}],"predecessor-version":[{"id":3301,"href":"https:\/\/delsangroup.com\/fr\/wp-json\/wp\/v2\/pages\/2378\/revisions\/3301"}],"up":[{"embeddable":true,"href":"https:\/\/delsangroup.com\/fr\/wp-json\/wp\/v2\/pages\/2251"}],"wp:attachment":[{"href":"https:\/\/delsangroup.com\/fr\/wp-json\/wp\/v2\/media?parent=2378"}],"curies":[{"name":"wp","href":"https:\/\/api.w.org\/{rel}","templated":true}]}}