{"id":2376,"date":"2019-04-30T03:45:40","date_gmt":"2019-04-30T03:45:40","guid":{"rendered":"http:\/\/new2019.delsangroup.com\/?page_id=2376"},"modified":"2019-07-26T07:11:27","modified_gmt":"2019-07-26T07:11:27","slug":"crime-fidelite","status":"publish","type":"page","link":"https:\/\/delsangroup.com\/fr\/nos-produits\/lignes-commerciales\/crime-fidelite\/","title":{"rendered":"Crime &#038; Fid\u00e9lit\u00e9"},"content":{"rendered":"<p><span class=\"pageSubHeaders\"> <strong> Aucune entreprise n&#8217;est \u00e0 l&#8217;abri des pertes li\u00e9es \u00e0 la criminalit\u00e9 <\/strong> <\/span><\/p>\n<p>Chaque ann\u00e9e, les entreprises canadiennes perdent des millions de dollars \u00e0 cause d\u2019actes criminels. De plus, ces crimes sont en augmentation. Le co\u00fbt de ces actes criminels provient directement des r\u00e9sultats d\u2019une entreprise. Les pertes li\u00e9es au crime de vol qualifi\u00e9 et de hold-up, par exemple, ne sont g\u00e9n\u00e9ralement pas couvertes par la plupart des polices d&#8217;assurance de biens ou ne fournissent qu&#8217;une couverture limit\u00e9e. C\u2019est pourquoi il est si important que votre police couvre ad\u00e9quatement ces incidents criminels.<\/p>\n<p><span class=\"pageTitles\"> Cautionnement \/ Assurance contre la criminalit\u00e9 <\/span><\/p>\n<p>L\u2019assurance fid\u00e9lit\u00e9 \/ criminalit\u00e9 constitue une cat\u00e9gorie de protection en expansion. <strong> Tous les types d&#8217;entreprises et d&#8217;organisations sont expos\u00e9s aux pertes financi\u00e8res caus\u00e9es par des actes frauduleux, des vols et des d\u00e9tournements de fonds. <\/strong> Des \u00e9l\u00e9ments criminels trouvent de nouveaux moyens d&#8217;utiliser l&#8217;informatisation et les technologies modernes pour menacer et attaquer des entreprises et des organisations. Bien que la protection principale des actifs d\u2019une soci\u00e9t\u00e9 repose sur un syst\u00e8me bien \u00e9tabli de proc\u00e9dures et de contr\u00f4les internes, elle devrait \u00eatre renforc\u00e9e par une police d\u2019assurance contre le crime dot\u00e9e d\u2019une couverture et de limites appropri\u00e9es.<\/p>\n","protected":false},"excerpt":{"rendered":"<p>Aucune entreprise n&#8217;est \u00e0 l&#8217;abri des pertes li\u00e9es \u00e0 la criminalit\u00e9 Chaque ann\u00e9e, les entreprises canadiennes perdent des millions de dollars \u00e0 cause d\u2019actes criminels. De plus, ces crimes sont en augmentation. Le co\u00fbt de ces actes criminels provient directement des r\u00e9sultats d\u2019une entreprise. Les pertes li\u00e9es au crime de vol qualifi\u00e9 et de hold-up, [&hellip;]<\/p>\n","protected":false},"author":2,"featured_media":0,"parent":2251,"menu_order":0,"comment_status":"closed","ping_status":"closed","template":"","meta":{"_acf_changed":false,"footnotes":""},"class_list":["post-2376","page","type-page","status-publish","hentry","entry"],"acf":[],"jetpack_sharing_enabled":true,"_links":{"self":[{"href":"https:\/\/delsangroup.com\/fr\/wp-json\/wp\/v2\/pages\/2376","targetHints":{"allow":["GET"]}}],"collection":[{"href":"https:\/\/delsangroup.com\/fr\/wp-json\/wp\/v2\/pages"}],"about":[{"href":"https:\/\/delsangroup.com\/fr\/wp-json\/wp\/v2\/types\/page"}],"author":[{"embeddable":true,"href":"https:\/\/delsangroup.com\/fr\/wp-json\/wp\/v2\/users\/2"}],"replies":[{"embeddable":true,"href":"https:\/\/delsangroup.com\/fr\/wp-json\/wp\/v2\/comments?post=2376"}],"version-history":[{"count":3,"href":"https:\/\/delsangroup.com\/fr\/wp-json\/wp\/v2\/pages\/2376\/revisions"}],"predecessor-version":[{"id":3300,"href":"https:\/\/delsangroup.com\/fr\/wp-json\/wp\/v2\/pages\/2376\/revisions\/3300"}],"up":[{"embeddable":true,"href":"https:\/\/delsangroup.com\/fr\/wp-json\/wp\/v2\/pages\/2251"}],"wp:attachment":[{"href":"https:\/\/delsangroup.com\/fr\/wp-json\/wp\/v2\/media?parent=2376"}],"curies":[{"name":"wp","href":"https:\/\/api.w.org\/{rel}","templated":true}]}}