{"id":2374,"date":"2019-04-30T03:44:43","date_gmt":"2019-04-30T03:44:43","guid":{"rendered":"http:\/\/new2019.delsangroup.com\/?page_id=2374"},"modified":"2019-07-26T07:14:10","modified_gmt":"2019-07-26T07:14:10","slug":"propriete-commerciale-et-responsabilite","status":"publish","type":"page","link":"https:\/\/delsangroup.com\/fr\/nos-produits\/lignes-commerciales\/propriete-commerciale-et-responsabilite\/","title":{"rendered":"Propri\u00e9t\u00e9 commerciale et responsabilit\u00e9"},"content":{"rendered":"<p><strong> Pour les entreprises et les groupes \u00e0 but non lucratif du Qu\u00e9bec, souscrire une assurance ad\u00e9quate est essentiel pour survivre et prosp\u00e9rer dans un monde rempli d&#8217;opportunit\u00e9s, mais \u00e9galement de risques. <\/strong><\/p>\n<p>Le type et le montant d&#8217;assurance ad\u00e9quats procureront une certaine tranquillit\u00e9 financi\u00e8re aux entreprises et aux organisations qui naviguent dans le monde parfois complexe des affaires. Par exemple, dans une soci\u00e9t\u00e9 qui se tourne de plus en plus souvent vers le syst\u00e8me juridique pour r\u00e9gler des conflits, une assurance qui prot\u00e8ge une entreprise ou une organisation et ses employ\u00e9s et \/ ou ses volontaires contre des poursuites (c&#8217;est-\u00e0-dire une assurance responsabilit\u00e9 civile) est plus importante que jamais .<\/p>\n<p><strong> CONSTRUIRE UNE POLITIQUE AVEC LES COUVERTURES APPROPRI\u00c9ES <\/strong><\/p>\n<p>Les besoins en assurance sont vari\u00e9s. Chaque organisation a besoin de son propre ensemble de couverture. Vous pouvez non seulement exiger une couverture pour votre propri\u00e9t\u00e9, mais aussi des \u00e9quipements ou des stocks sp\u00e9ciaux, une interruption du revenu des entreprises, un crime, plusieurs types de passifs, etc. <strong> Chaque entreprise \u00e9tant unique, votre courtier d\u2019assurance peut vous proposer diverses options et vous aider \u00e0 STRUCTURER une police r\u00e9pondant \u00e0 vos besoins sp\u00e9cifiques. <\/strong><\/p>\n<p>Discutez de vos besoins avec votre courtier d\u2019assurance. Plus votre courtier en sait sur votre organisation, mieux il sera pr\u00e9par\u00e9 pour vous conseiller sur le type d&#8217;assurance dont vous avez besoin. Passez p\u00e9riodiquement en revue votre police d\u2019assurance avec votre courtier d\u2019assurance. Au fil du temps, votre organisation peut cro\u00eetre et vos besoins en assurance peuvent augmenter. Alternativement, vous pourriez vous retrouver \u00e0 payer pour une couverture dont vous n\u2019avez pas besoin.<\/p>\n<p>Le groupe Delsan est l\u00e0 pour r\u00e9pondre \u00e0 vos besoins dans les domaines commercial et commercial; Assurance des lignes personnelles.<\/p>\n<p><strong> Pour plus d&#8217;informations, <a href=\"\/contact-us\"> contactez le groupe Delsan <\/a>. <\/strong> <!-- -: ---> <!-- -: fr-- -->    <!-- -: - --><\/p>\n","protected":false},"excerpt":{"rendered":"<p>Pour les entreprises et les groupes \u00e0 but non lucratif du Qu\u00e9bec, souscrire une assurance ad\u00e9quate est essentiel pour survivre et prosp\u00e9rer dans un monde rempli d&#8217;opportunit\u00e9s, mais \u00e9galement de risques. Le type et le montant d&#8217;assurance ad\u00e9quats procureront une certaine tranquillit\u00e9 financi\u00e8re aux entreprises et aux organisations qui naviguent dans le monde parfois complexe [&hellip;]<\/p>\n","protected":false},"author":2,"featured_media":0,"parent":2251,"menu_order":0,"comment_status":"closed","ping_status":"closed","template":"","meta":{"_acf_changed":false,"footnotes":""},"class_list":["post-2374","page","type-page","status-publish","hentry","entry"],"acf":[],"jetpack_sharing_enabled":true,"_links":{"self":[{"href":"https:\/\/delsangroup.com\/fr\/wp-json\/wp\/v2\/pages\/2374","targetHints":{"allow":["GET"]}}],"collection":[{"href":"https:\/\/delsangroup.com\/fr\/wp-json\/wp\/v2\/pages"}],"about":[{"href":"https:\/\/delsangroup.com\/fr\/wp-json\/wp\/v2\/types\/page"}],"author":[{"embeddable":true,"href":"https:\/\/delsangroup.com\/fr\/wp-json\/wp\/v2\/users\/2"}],"replies":[{"embeddable":true,"href":"https:\/\/delsangroup.com\/fr\/wp-json\/wp\/v2\/comments?post=2374"}],"version-history":[{"count":6,"href":"https:\/\/delsangroup.com\/fr\/wp-json\/wp\/v2\/pages\/2374\/revisions"}],"predecessor-version":[{"id":3299,"href":"https:\/\/delsangroup.com\/fr\/wp-json\/wp\/v2\/pages\/2374\/revisions\/3299"}],"up":[{"embeddable":true,"href":"https:\/\/delsangroup.com\/fr\/wp-json\/wp\/v2\/pages\/2251"}],"wp:attachment":[{"href":"https:\/\/delsangroup.com\/fr\/wp-json\/wp\/v2\/media?parent=2374"}],"curies":[{"name":"wp","href":"https:\/\/api.w.org\/{rel}","templated":true}]}}