{"id":2372,"date":"2019-04-30T03:43:48","date_gmt":"2019-04-30T03:43:48","guid":{"rendered":"http:\/\/new2019.delsangroup.com\/?page_id=2372"},"modified":"2019-07-26T06:57:33","modified_gmt":"2019-07-26T06:57:33","slug":"reclamations","status":"publish","type":"page","link":"https:\/\/delsangroup.com\/fr\/nos-produits\/lignes-commerciales\/reclamations\/","title":{"rendered":"R\u00e9clamations"},"content":{"rendered":"\n<p> <strong> Vous ne saurez jamais \u00e0 quel point votre assurance est bonne tant que vous n\u2019avez pas besoin de l\u2019utiliser <\/strong> <br> <\/p>\n<p> Le crit\u00e8re d\u00e9cisif de tout contrat d\u2019assurance est la rapidit\u00e9 et l\u2019efficacit\u00e9 avec lesquelles les demandes de r\u00e8glement sont trait\u00e9es et r\u00e9gl\u00e9es. Une r\u00e9clamation est une p\u00e9riode \u00e0 laquelle vous pr\u00e9f\u00e9rez ne pas \u00eatre, mais une r\u00e9clamation est une occasion id\u00e9ale pour nous de vous montrer que vous avez choisi le bon courtier d&#8217;assurance. <br> <br> Chez Delsan Group, nous n&#8217;\u00e9pargnons aucun efforts pour vous assurer d&#8217;obtenir un r\u00e8glement rapide et \u00e9quitable de vos r\u00e9clamations. Nous sommes \u00e0 votre disposition lors du r\u00e8glement de votre sinistre pour que tout soit fait \u00e0 votre satisfaction. Cela fait partie de notre engagement envers vous et reste l\u2019un des avantages substantiels de faire affaire avec un courtier d\u2019assurance. <br> <br> Si vous devez signaler une r\u00e9clamation mais ne pouvez pas nous contacter, vous pouvez appeler Hotline de votre compagnie d\u2019assurance 24h \/ 24. Veuillez noter que si vous contactez directement votre assureur pour signaler une perte, il est important que vous nous appeliez plus tard afin que nous puissions vous aider \u00e0 r\u00e9gler la r\u00e9clamation. En tout temps, vous devez faire tout ce qui est en votre pouvoir pour prot\u00e9ger votre propri\u00e9t\u00e9 contre des dommages suppl\u00e9mentaires. <br> <\/p>\n<p> <span class=\"pageTitles\"> Le groupe Delsan est l\u00e0 pour r\u00e9pondre \u00e0 vos besoins en mati\u00e8re de SERVICES FINANCIERS, Y COMPRIS LIFE &amp; amp; SANTE ET COMMERCIAL &amp; amp; Assurance des lignes personnelles. <br> <\/span> <br> <strong> Pour plus d&#8217;informations, <a href=\"\/contact-us\"> contactez le groupe Delsan <\/a>. <\/strong> <\/p>\n\n\n\n<p><\/p>\n","protected":false},"excerpt":{"rendered":"<p>Vous ne saurez jamais \u00e0 quel point votre assurance est bonne tant que vous n\u2019avez pas besoin de l\u2019utiliser Le crit\u00e8re d\u00e9cisif de tout contrat d\u2019assurance est la rapidit\u00e9 et l\u2019efficacit\u00e9 avec lesquelles les demandes de r\u00e8glement sont trait\u00e9es et r\u00e9gl\u00e9es. Une r\u00e9clamation est une p\u00e9riode \u00e0 laquelle vous pr\u00e9f\u00e9rez ne pas \u00eatre, mais une [&hellip;]<\/p>\n","protected":false},"author":2,"featured_media":0,"parent":2251,"menu_order":0,"comment_status":"closed","ping_status":"closed","template":"","meta":{"_acf_changed":false,"footnotes":""},"class_list":["post-2372","page","type-page","status-publish","hentry","entry"],"acf":[],"jetpack_sharing_enabled":true,"_links":{"self":[{"href":"https:\/\/delsangroup.com\/fr\/wp-json\/wp\/v2\/pages\/2372","targetHints":{"allow":["GET"]}}],"collection":[{"href":"https:\/\/delsangroup.com\/fr\/wp-json\/wp\/v2\/pages"}],"about":[{"href":"https:\/\/delsangroup.com\/fr\/wp-json\/wp\/v2\/types\/page"}],"author":[{"embeddable":true,"href":"https:\/\/delsangroup.com\/fr\/wp-json\/wp\/v2\/users\/2"}],"replies":[{"embeddable":true,"href":"https:\/\/delsangroup.com\/fr\/wp-json\/wp\/v2\/comments?post=2372"}],"version-history":[{"count":4,"href":"https:\/\/delsangroup.com\/fr\/wp-json\/wp\/v2\/pages\/2372\/revisions"}],"predecessor-version":[{"id":3292,"href":"https:\/\/delsangroup.com\/fr\/wp-json\/wp\/v2\/pages\/2372\/revisions\/3292"}],"up":[{"embeddable":true,"href":"https:\/\/delsangroup.com\/fr\/wp-json\/wp\/v2\/pages\/2251"}],"wp:attachment":[{"href":"https:\/\/delsangroup.com\/fr\/wp-json\/wp\/v2\/media?parent=2372"}],"curies":[{"name":"wp","href":"https:\/\/api.w.org\/{rel}","templated":true}]}}