{"id":2370,"date":"2019-04-30T03:42:48","date_gmt":"2019-04-30T03:42:48","guid":{"rendered":"http:\/\/new2019.delsangroup.com\/?page_id=2370"},"modified":"2019-07-26T07:11:34","modified_gmt":"2019-07-26T07:11:34","slug":"choisir-des-couvertures","status":"publish","type":"page","link":"https:\/\/delsangroup.com\/fr\/nos-produits\/lignes-commerciales\/choisir-des-couvertures\/","title":{"rendered":"Choisir des couvertures"},"content":{"rendered":"<p>\n\t<b> Assurez-vous de disposer de la couverture dont vous avez besoin, voici quelques types de couverture commerciale; <\/b>\n<\/p>\n<ul class=\"oepl_listing\">\n<li>\n\t\tPropri\u00e9t\u00e9\n\t<\/li>\n<li>\n\t\tInterruption d&#8217;activit\u00e9\n\t<\/li>\n<li>\n\t\tBoiler &amp; Machines\n\t<\/li>\n<li>\n\t\tCrime &amp; Fid\u00e9lit\u00e9\n\t<\/li>\n<li>\n\t\tImportateurs &amp; Exportateurs\n\t<\/li>\n<li>\n\t\tOcean &amp; Transit int\u00e9rieur\n\t<\/li>\n<li>\n\t\tAutomobile commerciale &amp; Flottes\n\t<\/li>\n<li>\n\t\tResponsabilit\u00e9 civile commerciale des produits\n\t<\/li>\n<li>\n\t\tCautionnement &amp; Collage\n\t<\/li>\n<li>\n\t\tAssurance-cr\u00e9dit\n\t<\/li>\n<li>\n\t\tResponsabilit\u00e9 civile commerciale li\u00e9e au parapluie\n\t<\/li>\n<li>\n\t\tResponsabilit\u00e9 professionnelle, y compris les fautes professionnelles, les directeurs &amp; Officiers, Erreurs et Omissions\n\t<\/li>\n<li>\n\t\tAssociations et organisations \u00e0 but non lucratif Administrateurs &amp; Officiers\n\t<\/li>\n<\/ul>\n<p><\/p>\n<p>\n\t<span class=\"pageTitles\"> Franchises <\/span>\n<\/p>\n<p>\n\tLes franchises garantissent que l\u2019assurance fait ce qu\u2019elle est cens\u00e9e faire: payer les pertes substantielles, pas les pertes mineures. Les franchises maintiennent les primes peu \u00e9lev\u00e9es. La franchise est essentiellement le montant pour lequel vous \u00eates auto-assur\u00e9. Plus la franchise est \u00e9lev\u00e9e, plus la prime d\u2019assurance est basse.\n<\/p>\n<p><\/p>\n<p>\n\t<b> Pour d\u00e9terminer le montant pour lequel vous \u00eates pr\u00eat \u00e0 vous auto-assurer, tenez compte des \u00e9l\u00e9ments suivants: <\/b>\n<\/p>\n<ul class=\"oepl_listing\">\n<li>\n\t\tExaminez les niveaux de prime pour diff\u00e9rentes options de franchise. L&#8217;argent \u00e9conomis\u00e9 sur la prime en augmentant la franchise peut en valoir la peine.<p><\/p>\n<p><\/p>\n<p>\t\t<b> <\/b>\n\t<\/p>\n<\/li>\n<li>\n\t\tRegardez l&#8217;historique de vos pertes. Si vous avez beaucoup de demandes d&#8217;indemnisation, vous pourriez vous retrouver \u00e0 payer plusieurs fois la franchise. Il serait logique de payer une prime plus \u00e9lev\u00e9e pour obtenir une franchise plus basse.\n\t<\/li>\n<li>\n\t\tEnvisagez de consulter un consultant en gestion des risques pour d\u00e9terminer les niveaux de franchise optimaux.\n\t<\/li>\n<\/ul>\n<p>\n\t<span class=\"pageTitles\"><\/span><\/p>\n<p>\t\tLimites de strat\u00e9gie\n<\/p>\n<p>\n\tVous voulez avoir une couverture ad\u00e9quate mais sans \u00eatre surassur\u00e9 et payer trop cher. Pour effectuer un calcul pr\u00e9cis, collaborez avec votre courtier d\u2019assurance et tenez compte des points suivants:\n<\/p>\n<ul class=\"oepl_listing\">\n<li>\n\t\tLa valeur de votre propri\u00e9t\u00e9: Si vous perdiez tout dans un incendie, quel serait le co\u00fbt de cette perte? Ou si vous deviez le remplacer, quel serait le co\u00fbt de remplacement.\n\t<\/li>\n<li>\n\t\t<b> <\/b> Votre exposition potentielle \u00e0 la responsabilit\u00e9: la propri\u00e9t\u00e9 n&#8217;est qu&#8217;un aspect de ce que l&#8217;assurance couvre. L&#8217;assurance vous prot\u00e8ge \u00e9galement si vous \u00eates poursuivi. Il prend en charge les frais de justice et les dommages et int\u00e9r\u00eats s\u2019il est \u00e9tabli que vous \u00eates responsable des blessures d\u2019une personne. Certaines op\u00e9rations pr\u00e9sentent un risque plus \u00e9lev\u00e9 que d&#8217;autres. Une bo\u00eete de nuit, par exemple, est plus vuln\u00e9rable aux poursuites que le magasin de fleurs et aura donc besoin de limites de responsabilit\u00e9 plus \u00e9lev\u00e9es.\n\t<\/li>\n<li>\n\t\tPertes pass\u00e9es: utilisez l&#8217;historique de vos demandes d&#8217;indemnisation comme guide lorsque vous comparez des devis pour diff\u00e9rentes options de limite de police.\n\t<\/li>\n<\/ul>\n<p>\n\t<span class=\"pageTitles\"> Le groupe Delsan est l\u00e0 pour r\u00e9pondre \u00e0 vos besoins dans les domaines commercial et commercial; Assurance des lignes personnelles. <\/span>\n<\/p>\n<p>\n\t<b> Pour plus d&#8217;informations, <a href=\"\/contact-us\"> contactez le groupe Delsan <\/a>. <\/b>\n<\/p>\n\n\n<p><\/p>\n","protected":false},"excerpt":{"rendered":"<p>Assurez-vous de disposer de la couverture dont vous avez besoin, voici quelques types de couverture commerciale; Propri\u00e9t\u00e9 Interruption d&#8217;activit\u00e9 Boiler &amp; Machines Crime &amp; Fid\u00e9lit\u00e9 Importateurs &amp; Exportateurs Ocean &amp; Transit int\u00e9rieur Automobile commerciale &amp; Flottes Responsabilit\u00e9 civile commerciale des produits Cautionnement &amp; Collage Assurance-cr\u00e9dit Responsabilit\u00e9 civile commerciale li\u00e9e au parapluie Responsabilit\u00e9 professionnelle, y compris [&hellip;]<\/p>\n","protected":false},"author":2,"featured_media":0,"parent":2251,"menu_order":0,"comment_status":"closed","ping_status":"closed","template":"","meta":{"_acf_changed":false,"footnotes":""},"class_list":["post-2370","page","type-page","status-publish","hentry","entry"],"acf":[],"jetpack_sharing_enabled":true,"_links":{"self":[{"href":"https:\/\/delsangroup.com\/fr\/wp-json\/wp\/v2\/pages\/2370","targetHints":{"allow":["GET"]}}],"collection":[{"href":"https:\/\/delsangroup.com\/fr\/wp-json\/wp\/v2\/pages"}],"about":[{"href":"https:\/\/delsangroup.com\/fr\/wp-json\/wp\/v2\/types\/page"}],"author":[{"embeddable":true,"href":"https:\/\/delsangroup.com\/fr\/wp-json\/wp\/v2\/users\/2"}],"replies":[{"embeddable":true,"href":"https:\/\/delsangroup.com\/fr\/wp-json\/wp\/v2\/comments?post=2370"}],"version-history":[{"count":10,"href":"https:\/\/delsangroup.com\/fr\/wp-json\/wp\/v2\/pages\/2370\/revisions"}],"predecessor-version":[{"id":3334,"href":"https:\/\/delsangroup.com\/fr\/wp-json\/wp\/v2\/pages\/2370\/revisions\/3334"}],"up":[{"embeddable":true,"href":"https:\/\/delsangroup.com\/fr\/wp-json\/wp\/v2\/pages\/2251"}],"wp:attachment":[{"href":"https:\/\/delsangroup.com\/fr\/wp-json\/wp\/v2\/media?parent=2370"}],"curies":[{"name":"wp","href":"https:\/\/api.w.org\/{rel}","templated":true}]}}