{"id":2368,"date":"2019-04-30T03:41:39","date_gmt":"2019-04-30T03:41:39","guid":{"rendered":"http:\/\/new2019.delsangroup.com\/?page_id=2368"},"modified":"2019-07-26T07:09:23","modified_gmt":"2019-07-26T07:09:23","slug":"chaudiere-et-machinerie","status":"publish","type":"page","link":"https:\/\/delsangroup.com\/fr\/nos-produits\/lignes-commerciales\/chaudiere-et-machinerie\/","title":{"rendered":"Chaudi\u00e8re et machinerie"},"content":{"rendered":"<p><span class=\"pageTitles\"> <strong> \u00cates-vous prot\u00e9g\u00e9 si votre \u00e9quipement tombe en panne? <\/strong> <\/span><\/p>\n<p>Si vous avez une assurance de biens, vous pouvez \u00eatre s\u00fbr que votre b\u00e2timent et vos biens sont bien prot\u00e9g\u00e9s. Mais il est important de vous assurer que vous \u00eates \u00e9galement prot\u00e9g\u00e9 en cas de panne de votre \u00e9quipement. Les polices immobili\u00e8res excluent g\u00e9n\u00e9ralement certains des dysfonctionnements les plus courants, notamment les pannes m\u00e9caniques, les ruptures et les fissures, ainsi que l&#8217;explosion de chaudi\u00e8res \u00e0 vapeur et de machines. Sauf si vous avez souscrit une protection contre le bris d&#8217;\u00e9quipement, vous risquez de rencontrer une lacune qui vous rend vuln\u00e9rable aux r\u00e9parations co\u00fbteuses ou \u00e0 une perte temporaire de revenus.<\/p>\n<p><strong> Presque tout ce qui est m\u00e9canique, \u00e9lectrique ou sous pression peut \u00eatre assur\u00e9 en cas de panne, y compris les chaudi\u00e8res, les unit\u00e9s de climatisation et de r\u00e9frig\u00e9ration, les panneaux \u00e9lectriques, les machines de production, les ordinateurs et les syst\u00e8mes de s\u00e9curit\u00e9 ou t\u00e9l\u00e9phoniques. <\/strong><\/p>\n<p><strong class=\"pageTitles\"> Qu&#8217;est-ce que Boiler &amp; amp; Assurance des machines? <\/strong><\/p>\n<p>Boiler &amp; amp; L&#8217;assurance des machines est une forme d&#8217;assurance de biens. <strong> Il vise \u00e0 assurer les pertes financi\u00e8res &#8211; dommages mat\u00e9riels, interruptions d&#8217;activit\u00e9 et pertes de d\u00e9t\u00e9rioration &#8211; r\u00e9sultant d&#8217;accidents d\u00e9finis sur certains types d&#8217;\u00e9quipements m\u00e9caniques, \u00e9lectriques et sous pression. <\/strong> Les \u00e9quipements assur\u00e9s peuvent inclure de tels biens comme chaudi\u00e8res \u00e0 vapeur, chaudi\u00e8res \u00e0 eau chaude, r\u00e9servoirs \u00e0 pression, syst\u00e8mes de r\u00e9frig\u00e9ration et de climatisation, \u00e9quipement de balayage pour la vente au d\u00e9tail, moteurs, g\u00e9n\u00e9rateurs, compresseurs, pompes, moteurs, ventilateurs, ventilateurs, ventilateurs, ensembles d\u2019engrenages, turbines, transformateurs, appareils de commutation \u00e9quipements de production et de transformation.<\/p>\n<p><strong class=\"pageTitles\"> Pourquoi en avez-vous besoin?<\/strong><\/p>\n<p><strong class=\"pageTitles\"><br \/>\n<\/strong><strong class=\"pageTitles\"><\/strong><\/p>\n<p><strong> L&#8217;assurance des chaudi\u00e8res et des machines est importante pour trois raisons <\/strong><\/p>\n<ul class=\"oepl_listing\">\n<li>\n\t\tIl comble les lacunes des autres polices d&#8217;assurance de biens.<\/li>\n<li>\n\t\tLes inspections effectu\u00e9es par les compagnies d\u2019assurance peuvent contribuer \u00e0 r\u00e9duire les risques d\u2019accident pour le mat\u00e9riel assur\u00e9.<\/li>\n<li>\n\t\tLes inspections des chaudi\u00e8res et des appareils \u00e0 pression par les compagnies d\u2019assurance satisfont aux exigences de la province en mati\u00e8re d\u2019inspection dans plusieurs provinces.<\/li>\n<\/ul>\n<p><strong> Causes des accidents <\/strong><\/p>\n<p>Voici quelques causes d\u2019accidents pouvant \u00eatre attribu\u00e9es \u00e0 une erreur humaine ou \u00e0 un manque d\u2019entretien ad\u00e9quat:<\/p>\n<ul class=\"oepl_listing\">\n<li>\n\t\t\u00c9quipement d&#8217;exploitation au-del\u00e0 de sa capacit\u00e9 nominale<\/li>\n<li>\n\t\tmauvaise utilisation de l&#8217;\u00e9quipement<\/li>\n<li>\n\t\tLaisser la poussi\u00e8re ou la salet\u00e9 s&#8217;accumuler sur les \u00e9quipements \u00e9lectriques<\/li>\n<li>\n\t\tD\u00e9faut de prot\u00e9ger l&#8217;\u00e9quipement contre les chocs du v\u00e9hicule<\/li>\n<li>\n\t\tContournement d\u00e9lib\u00e9r\u00e9 des dispositifs de s\u00e9curit\u00e9<\/li>\n<li>\n\t\tS&#8217;appuyant trop sur les p\u00e9riph\u00e9riques &#8220;automatiques&#8221;<\/li>\n<li>\n\t\tD\u00e9faut de tester le mat\u00e9riel auxiliaire (par exemple, pour assurer une lubrification correcte)<\/li>\n<li>\n\t\tProc\u00e9dures d&#8217;installation ou de d\u00e9marrage incorrectes pour les \u00e9quipements saisonniers<\/li>\n<\/ul>\n<p><strong class=\"pageTitles\"> Couverture compl\u00e8te <\/strong><\/p>\n<p>Avec l\u2019assurance des chaudi\u00e8res et des machines, vous pouvez b\u00e9n\u00e9ficier d\u2019une couverture compl\u00e8te sur les \u00e9l\u00e9ments suivants:<\/p>\n<ul class=\"oepl_listing\">\n<li>\n\t\t<strong> \u00c9quipements sous pression <\/strong> (chaudi\u00e8res, appareils sous pression non chauff\u00e9s, tuyauterie)<\/p>\n<p>Exemples: chaudi\u00e8res en fonte, chauffe-eau \u00e0 serpentin, autoclaves, r\u00e9servoirs d&#8217;air, etc.<\/li>\n<li>\n\t\t<strong> \u00c9quipement m\u00e9canique <\/strong> (\u00e9quipement utilis\u00e9 pour g\u00e9n\u00e9rer, transmettre ou utiliser une puissance m\u00e9canique)<\/p>\n<p>Exemples: compresseurs, pompes, engrenages, turbines, ventilateurs, soufflantes, moteurs \u00e0 combustion interne, etc.<\/li>\n<li>\n\t\t<strong> Mat\u00e9riel \u00e9lectrique <\/strong> (mat\u00e9riel utilis\u00e9 pour g\u00e9n\u00e9rer, transmettre ou utiliser de l&#8217;\u00e9nergie \u00e9lectrique)<\/p>\n<p>Exemples: moteurs \u00e9lectriques, g\u00e9n\u00e9rateurs, transformateurs, appareils \u00e9lectriques divers (tableaux de distribution, c\u00e2bles, disjoncteurs)<\/li>\n<\/ul>\n<p><strong class=\"pageTitles\"> Extensions facultatives \u00e0 la couverture <\/strong><\/p>\n<ul class=\"oepl_listing\">\n<li>\n\t\t<strong> Machines de production <\/strong> (machines ou appareils qui traitent, fa\u00e7onnent, coupent, moulent ou transportent des produits et des machines d&#8217;entretien)<\/p>\n<p>Exemples: presses hydrauliques, extrudeuses, machines \u00e0 papier, tours, moulins , etc.<\/li>\n<li>\n\t\t<strong> Mat\u00e9riel \u00e9lectronique <\/strong> (mat\u00e9riel de t\u00e9l\u00e9vision, de radio ou t\u00e9l\u00e9phonique; mat\u00e9riel m\u00e9dical ou scientifique; mat\u00e9riel de traitement de donn\u00e9es, informatique, de duplication ou autre mat\u00e9riel de bureau)<\/p>\n<p>Exemples: \u00e9metteurs de t\u00e9l\u00e9vision, appareils de radiographie, ordinateurs, scanners de codes \u00e0 barres, etc.<\/li>\n<\/ul>\n<p><span class=\"pageTitles\"> Le groupe Delsan est l\u00e0 pour r\u00e9pondre \u00e0 vos besoins dans les domaines commercial et commercial; Assurance des lignes personnelles. <\/span><\/p>\n<p><strong> Pour plus d&#8217;informations, <a href=\"\/contact-us\"> contactez le groupe Delsan <\/a>. <\/strong><\/p>\n","protected":false},"excerpt":{"rendered":"<p>\u00cates-vous prot\u00e9g\u00e9 si votre \u00e9quipement tombe en panne? Si vous avez une assurance de biens, vous pouvez \u00eatre s\u00fbr que votre b\u00e2timent et vos biens sont bien prot\u00e9g\u00e9s. Mais il est important de vous assurer que vous \u00eates \u00e9galement prot\u00e9g\u00e9 en cas de panne de votre \u00e9quipement. Les polices immobili\u00e8res excluent g\u00e9n\u00e9ralement certains des dysfonctionnements [&hellip;]<\/p>\n","protected":false},"author":2,"featured_media":0,"parent":2251,"menu_order":0,"comment_status":"closed","ping_status":"closed","template":"","meta":{"_acf_changed":false,"footnotes":""},"class_list":["post-2368","page","type-page","status-publish","hentry","entry"],"acf":[],"jetpack_sharing_enabled":true,"_links":{"self":[{"href":"https:\/\/delsangroup.com\/fr\/wp-json\/wp\/v2\/pages\/2368","targetHints":{"allow":["GET"]}}],"collection":[{"href":"https:\/\/delsangroup.com\/fr\/wp-json\/wp\/v2\/pages"}],"about":[{"href":"https:\/\/delsangroup.com\/fr\/wp-json\/wp\/v2\/types\/page"}],"author":[{"embeddable":true,"href":"https:\/\/delsangroup.com\/fr\/wp-json\/wp\/v2\/users\/2"}],"replies":[{"embeddable":true,"href":"https:\/\/delsangroup.com\/fr\/wp-json\/wp\/v2\/comments?post=2368"}],"version-history":[{"count":5,"href":"https:\/\/delsangroup.com\/fr\/wp-json\/wp\/v2\/pages\/2368\/revisions"}],"predecessor-version":[{"id":3287,"href":"https:\/\/delsangroup.com\/fr\/wp-json\/wp\/v2\/pages\/2368\/revisions\/3287"}],"up":[{"embeddable":true,"href":"https:\/\/delsangroup.com\/fr\/wp-json\/wp\/v2\/pages\/2251"}],"wp:attachment":[{"href":"https:\/\/delsangroup.com\/fr\/wp-json\/wp\/v2\/media?parent=2368"}],"curies":[{"name":"wp","href":"https:\/\/api.w.org\/{rel}","templated":true}]}}