{"id":2348,"date":"2019-04-30T03:37:18","date_gmt":"2019-04-30T03:37:18","guid":{"rendered":"http:\/\/new2019.delsangroup.com\/?page_id=2348"},"modified":"2023-03-29T17:32:08","modified_gmt":"2023-03-29T17:32:08","slug":"politique-de-confidentialite","status":"publish","type":"page","link":"https:\/\/delsangroup.com\/fr\/politique-de-confidentialite\/","title":{"rendered":"Politique de confidentialit\u00e9"},"content":{"rendered":"<p><strong>Politique de confidentialit\u00e9 du Groupe Delsan<\/strong><\/p>\n<p>Le Groupe Delsan Inc. a adopt\u00e9 la politique de confidentialit\u00e9 du Groupe Delsan (PP) et s&#8217;engage \u00e0 la respecter.<\/p>\n<p>Nous nous engageons \u00e0 prot\u00e9ger la confidentialit\u00e9 de nos clients, de nos employ\u00e9s et de nos repr\u00e9sentants (&#8221; vous\/votre &#8220;) et \u00e0 assurer la confidentialit\u00e9 des renseignements personnels qui nous sont fournis dans le cadre de nos activit\u00e9s.<\/p>\n<p>Notre politique de protection des donn\u00e9es personnelles d\u00e9finit nos normes en mati\u00e8re de collecte, d&#8217;utilisation, de divulgation et de stockage de vos donn\u00e9es personnelles. Elle explique \u00e9galement comment nous prot\u00e9geons vos informations personnelles et votre droit d&#8217;acc\u00e8s \u00e0 ces informations.<\/p>\n<p><strong>Informations personnelles<\/strong><\/p>\n<p>Les informations personnelles sont toutes les informations qui permettent d&#8217;identifier une personne, telles que des informations financi\u00e8res, de style de vie ou de sant\u00e9, mais pas le nom, le titre ou l&#8217;adresse professionnelle, le num\u00e9ro de t\u00e9l\u00e9phone ou l&#8217;adresse \u00e9lectronique.<\/p>\n<p>Les informations personnelles doivent \u00eatre prot\u00e9g\u00e9es quelles que soient leurs caract\u00e9ristiques ou leur forme, qu&#8217;elles soient \u00e9crites, graphiques, sonores, visuelles, informatis\u00e9es ou autres.<\/p>\n<p><strong>Objectif de la collecte d&#8217;informations<\/strong><\/p>\n<p>La collecte d&#8217;informations vous concernant est n\u00e9cessaire pour nous permettre de vous fournir des services de haute qualit\u00e9. La nature et la sensibilit\u00e9 des informations que nous recueillons sur vous varient en fonction des services que nous vous fournissons et des exigences l\u00e9gales qui nous sont impos\u00e9es.<\/p>\n<p>Les raisons pour lesquelles nous collectons des informations personnelles vous concernant sont identifi\u00e9es au moment de la collecte ou avant. Par exemple, des informations peuvent \u00eatre collect\u00e9es lors de la soumission d&#8217;une demande, de l&#8217;ouverture d&#8217;un compte ou de l&#8217;introduction d&#8217;une r\u00e9clamation.<\/p>\n<p>Les objectifs de la collecte d&#8217;informations comprennent g\u00e9n\u00e9ralement la fourniture des produits ou services demand\u00e9s, la confirmation de votre identit\u00e9, la protection contre la fraude ou le traitement des questions relatives \u00e0 la relation entre nous.<\/p>\n<p>Toute question ou pr\u00e9occupation concernant les finalit\u00e9s de la collecte d&#8217;informations peut nous \u00eatre adress\u00e9e \u00e0 l&#8217;adresse indiqu\u00e9e ci-dessous.<\/p>\n<p><strong>Consentement<\/strong><\/p>\n<p>Lorsque nous recueillons des informations personnelles aupr\u00e8s de vous, nous obtenons votre consentement pour utiliser ces informations aux fins pr\u00e9vues. Nous vous demanderons votre consentement pour toute utilisation ou collecte suppl\u00e9mentaire, ou si l&#8217;objectif de l&#8217;utilisation des informations est modifi\u00e9.<\/p>\n<p>En r\u00e8gle g\u00e9n\u00e9rale, nous demandons votre consentement \u00e9crit expr\u00e8s pour collecter, utiliser ou divulguer des informations personnelles. Le cas \u00e9ch\u00e9ant, pour des informations moins sensibles, nous pouvons accepter votre consentement verbal. Occasionnellement, nous pouvons donner un consentement implicite lorsque nous pouvons d\u00e9duire ce consentement de votre action ou de votre inaction.<\/p>\n<p>Le consentement doit \u00eatre donn\u00e9 par vous-m\u00eame ou par votre repr\u00e9sentant autoris\u00e9, tel qu&#8217;un tuteur l\u00e9gal ou une personne disposant d&#8217;une procuration.<br \/>\nVous pouvez retirer votre consentement \u00e0 tout moment, sous r\u00e9serve de restrictions l\u00e9gales ou contractuelles. Nous vous informerons des cons\u00e9quences d&#8217;un tel retrait, y compris la possibilit\u00e9 que nous ne soyons pas en mesure de fournir un produit ou de traiter une demande. Si vous choisissez de ne pas donner votre consentement, nous enregistrerons cette d\u00e9cision dans notre dossier.<\/p>\n<p>Dans certaines circonstances, nous avons le droit (ou l&#8217;obligation) de collecter, d&#8217;utiliser ou de divulguer des informations personnelles \u00e0 votre insu et sans votre consentement. C&#8217;est le cas lorsque, pour des raisons juridiques, m\u00e9dicales ou de s\u00e9curit\u00e9, il est impossible ou peu pratique de demander le consentement. Lorsque des informations sont collect\u00e9es dans le cadre d&#8217;une enqu\u00eate sur une \u00e9ventuelle rupture de contrat, de la pr\u00e9vention ou de la d\u00e9tection d&#8217;une fraude, ou \u00e0 des fins d&#8217;application de la loi, le fait de demander le consentement pourrait aller \u00e0 l&#8217;encontre de l&#8217;objectif de la collecte d&#8217;informations. De m\u00eame, il peut \u00eatre impossible ou inappropri\u00e9 de demander le consentement d&#8217;un mineur, d&#8217;un malade grave ou d&#8217;une personne frapp\u00e9e d&#8217;incapacit\u00e9.<\/p>\n<p><strong>Limites de la collecte, de l&#8217;utilisation et de la divulgation<\/strong><\/p>\n<p>Nous limitons la collecte de vos informations personnelles \u00e0 ce dont nous avons besoin pour atteindre les objectifs qui vous ont \u00e9t\u00e9 fix\u00e9s.<\/p>\n<p>Nous recueillons les informations directement aupr\u00e8s de vous, \u00e0 moins que vous ne nous autorisiez \u00e0 recueillir des informations aupr\u00e8s d&#8217;un tiers ou conform\u00e9ment \u00e0 la loi.<\/p>\n<p>Nous limitons l&#8217;utilisation de vos informations personnelles aux fins que nous vous avons indiqu\u00e9es. Cela signifie que nous ne pouvons pas utiliser vos informations personnelles \u00e0 d&#8217;autres fins sans votre consentement, sauf si la loi l&#8217;exige.<\/p>\n<p>Nous ne pouvons divulguer vos informations personnelles \u00e0 quiconque, sauf avec votre consentement ou si la loi l&#8217;exige.<\/p>\n<p>Vos informations personnelles ne sont accessibles qu&#8217;\u00e0 certaines personnes autoris\u00e9es, et uniquement dans la mesure n\u00e9cessaire \u00e0 l&#8217;exercice de leurs fonctions.<\/p>\n<p>Vous avez le droit de savoir, sur demande, \u00e0 qui les informations ont \u00e9t\u00e9 divulgu\u00e9es. Ce n&#8217;est que dans de rares cas que la loi nous emp\u00eache de proc\u00e9der \u00e0 une telle divulgation. Nous tenons des registres pr\u00e9cis, indiquant \u00e0 qui nous divulguons des informations personnelles et dans quelles circonstances elles ont \u00e9t\u00e9 divulgu\u00e9es.<\/p>\n<p>Nous partagerons occasionnellement vos informations personnelles avec des prestataires de services ou des agents afin d&#8217;assurer la bonne gestion des produits ou de vous fournir les services dont vous avez besoin. Ces prestataires de services ou agents doivent accepter de se conformer \u00e0 la l\u00e9gislation sur la protection de la vie priv\u00e9e avant de recevoir des informations personnelles.<br \/>\nDans certaines circonstances, nous pouvons faire appel \u00e0 des prestataires de services en dehors du Canada, y compris aux \u00c9tats-Unis. Nous sommes responsables du respect par le prestataire de services de notre politique de protection de la vie priv\u00e9e et nous veillerons \u00e0 ce que le niveau de protection des informations personnelles soit comparable \u00e0 celui que nous assurons. Toute question concernant la collecte, le transfert ou l&#8217;utilisation d&#8217;informations personnelles en dehors du Canada peut \u00eatre adress\u00e9e au responsable de la protection de la vie priv\u00e9e \u00e0 l&#8217;adresse indiqu\u00e9e ci-dessous.<\/p>\n<p><strong>Conservation<\/strong><\/p>\n<p>Nous ne conservons vos informations personnelles que pour la dur\u00e9e n\u00e9cessaire aux fins pour lesquelles elles ont \u00e9t\u00e9 collect\u00e9es. Nous devons d\u00e9truire ces informations conform\u00e9ment \u00e0 la loi et \u00e0 nos lignes directrices en mati\u00e8re de conservation des dossiers. Lorsque nous d\u00e9truisons vos informations personnelles, nous nous assurons que la confidentialit\u00e9 est garantie et qu&#8217;aucune personne non autoris\u00e9e ne peut acc\u00e9der aux informations pendant le processus de destruction.<\/p>\n<p><strong>Liste des clients<\/strong><\/p>\n<p>Nous ne vendons pas de listes de clients \u00e0 des tiers.<\/p>\n<p><strong>Pr\u00e9cision<\/strong><\/p>\n<p>Nous faisons tout notre possible pour que vos informations personnelles soient aussi exactes et compl\u00e8tes que n\u00e9cessaire aux fins pour lesquelles elles sont collect\u00e9es, utilis\u00e9es ou divulgu\u00e9es.<br \/>\n<strong><br \/>\nResponsabilit\u00e9<\/strong><\/p>\n<p>Nous sommes responsables des informations personnelles en notre possession ou sous notre contr\u00f4le, y compris des informations que nous pouvons transf\u00e9rer \u00e0 des tiers pour traitement. Nous exigeons de ces tiers qu&#8217;ils respectent des normes strictes en mati\u00e8re de confidentialit\u00e9 et de protection des informations personnelles.<\/p>\n<p>Nous adh\u00e9rons aux r\u00e8gles impos\u00e9es par la loi et \u00e0 celles que nous nous imposons \u00e0 nous-m\u00eames, dans le but de prot\u00e9ger votre vie priv\u00e9e. Ces r\u00e8gles sont \u00e9tablies par la pr\u00e9sente politique de confidentialit\u00e9, le code de conduite des affaires (applicable aux administrateurs, dirigeants et employ\u00e9s), les normes de conduite du march\u00e9 (applicables aux conseillers en s\u00e9curit\u00e9 financi\u00e8re et aux courtiers d&#8217;assurance), ainsi que les lignes directrices du secteur de l&#8217;assurance et la loi PIPEDA en vigueur.<\/p>\n<p>Notre personnel est form\u00e9 \u00e0 ces processus et proc\u00e9dures et re\u00e7oit des informations sur les lois relatives \u00e0 la protection de la vie priv\u00e9e.<\/p>\n<p><strong>Garanties<\/strong><\/p>\n<p>Nous avons mis en place et continuons \u00e0 mettre en place des mesures de protection rigoureuses afin que vos informations personnelles restent strictement confidentielles et soient prot\u00e9g\u00e9es contre la perte ou le vol, ainsi que contre l&#8217;acc\u00e8s, la divulgation, la copie, l&#8217;utilisation ou la modification non autoris\u00e9s.<\/p>\n<p>Les m\u00e9thodes de protection comprennent des mesures organisationnelles telles que l&#8217;exigence d&#8217;habilitations de s\u00e9curit\u00e9 et la limitation de l&#8217;acc\u00e8s au &#8220;besoin de savoir&#8221;, des mesures physiques (par exemple, verrouillage des num\u00e9ros d&#8217;acc\u00e8s aux b\u00e2timents pour les employ\u00e9s, identification des visiteurs, sauvegardes et archivage hors site) et des mesures technologiques telles que l&#8217;utilisation de mots de passe, de pare-feux, etc.<\/p>\n<p><strong>Demande d&#8217;acc\u00e8s aux informations et modifications<\/strong><\/p>\n<p>Vous avez le droit de savoir si nous d\u00e9tenons des informations personnelles vous concernant et de consulter ces informations. Vous avez \u00e9galement le droit de demander comment nous avons recueilli vos informations, comment nous les avons utilis\u00e9es et \u00e0 qui elles ont pu \u00eatre divulgu\u00e9es.<\/p>\n<p>Ces informations vous seront fournies dans un d\u00e9lai raisonnable \u00e0 compter de la date de r\u00e9ception de votre demande \u00e9crite. Nous pouvons facturer des frais raisonnables pour le traitement de votre demande.<\/p>\n<p>Dans certaines circonstances limit\u00e9es et sp\u00e9cifiques, nous pouvons refuser de vous fournir les informations demand\u00e9es. Les exceptions \u00e0 votre droit d&#8217;acc\u00e8s peuvent inclure les informations dont le co\u00fbt de fourniture est prohibitif, les informations qui contiennent des r\u00e9f\u00e9rences \u00e0 d&#8217;autres personnes, les informations qui ne peuvent \u00eatre divulgu\u00e9es pour des raisons juridiques, de s\u00e9curit\u00e9 ou de propri\u00e9t\u00e9 commerciale, les informations qui ont \u00e9t\u00e9 obtenues dans le cadre d&#8217;une enqu\u00eate sur une rupture de contrat ou une fraude potentielle, et les informations qui sont soumises au secret professionnel de l&#8217;avocat ou au privil\u00e8ge de la proc\u00e9dure judiciaire.<\/p>\n<p>Vous pouvez contester l&#8217;exactitude et l&#8217;exhaustivit\u00e9 de vos informations personnelles. Nous r\u00e9pondrons \u00e0 toute demande de modification dans un d\u00e9lai raisonnable.<br \/>\nToute demande d&#8217;acc\u00e8s aux informations ou de modification doit \u00eatre envoy\u00e9e \u00e0 l&#8217;adresse suivante :<\/p>\n<p>Yisroel Sandel<br \/>\nResponsable de la protection de la vie priv\u00e9e<br \/>\nGroupe Delsan Inc.<br \/>\n3400, avenue Moishe,<br \/>\nBoisbriand, Qc. J7E 0B2<br \/>\n<strong><a href=\"tel:18886845548\">514-731-0031<\/a> #1<\/strong><br \/>\n<strong><a href=\"mailto:yisroel@delsangroup.com\">yisroel@delsangroup.com<\/a><\/strong><\/p>\n<p><strong>Plaintes et pr\u00e9occupations<\/strong><\/p>\n<p>Nos employ\u00e9s et nos repr\u00e9sentants sont form\u00e9s pour r\u00e9pondre \u00e0 vos questions ou \u00e0 vos pr\u00e9occupations concernant les renseignements personnels. Si vous n&#8217;\u00eates pas satisfait de la r\u00e9ponse de notre employ\u00e9 ou de notre repr\u00e9sentant, vous pouvez communiquer avec le responsable de la protection de la vie priv\u00e9e \u00e0 l&#8217;adresse mentionn\u00e9e ci-dessus.<\/p>\n<p>Les plaintes concernant la protection des informations personnelles doivent \u00eatre adress\u00e9es au responsable de la protection de la vie priv\u00e9e \u00e0 l&#8217;adresse mentionn\u00e9e ci-dessus.<\/p>\n","protected":false},"excerpt":{"rendered":"<p>Politique de confidentialit\u00e9 du Groupe Delsan Le Groupe Delsan Inc. a adopt\u00e9 la politique de confidentialit\u00e9 du Groupe Delsan (PP) et s&#8217;engage \u00e0 la respecter. Nous nous engageons \u00e0 prot\u00e9ger la confidentialit\u00e9 de nos clients, de nos employ\u00e9s et de nos repr\u00e9sentants (&#8221; vous\/votre &#8220;) et \u00e0 assurer la confidentialit\u00e9 des renseignements personnels qui nous [&hellip;]<\/p>\n","protected":false},"author":2,"featured_media":0,"parent":0,"menu_order":0,"comment_status":"closed","ping_status":"closed","template":"","meta":{"_acf_changed":false,"footnotes":""},"class_list":["post-2348","page","type-page","status-publish","hentry","entry"],"acf":[],"jetpack_sharing_enabled":true,"_links":{"self":[{"href":"https:\/\/delsangroup.com\/fr\/wp-json\/wp\/v2\/pages\/2348","targetHints":{"allow":["GET"]}}],"collection":[{"href":"https:\/\/delsangroup.com\/fr\/wp-json\/wp\/v2\/pages"}],"about":[{"href":"https:\/\/delsangroup.com\/fr\/wp-json\/wp\/v2\/types\/page"}],"author":[{"embeddable":true,"href":"https:\/\/delsangroup.com\/fr\/wp-json\/wp\/v2\/users\/2"}],"replies":[{"embeddable":true,"href":"https:\/\/delsangroup.com\/fr\/wp-json\/wp\/v2\/comments?post=2348"}],"version-history":[{"count":6,"href":"https:\/\/delsangroup.com\/fr\/wp-json\/wp\/v2\/pages\/2348\/revisions"}],"predecessor-version":[{"id":3583,"href":"https:\/\/delsangroup.com\/fr\/wp-json\/wp\/v2\/pages\/2348\/revisions\/3583"}],"wp:attachment":[{"href":"https:\/\/delsangroup.com\/fr\/wp-json\/wp\/v2\/media?parent=2348"}],"curies":[{"name":"wp","href":"https:\/\/api.w.org\/{rel}","templated":true}]}}