{"id":2342,"date":"2019-04-30T03:34:25","date_gmt":"2019-04-30T03:34:25","guid":{"rendered":"http:\/\/new2019.delsangroup.com\/?page_id=2342"},"modified":"2019-07-26T07:22:07","modified_gmt":"2019-07-26T07:22:07","slug":"assurance-du-locataire","status":"publish","type":"page","link":"https:\/\/delsangroup.com\/fr\/nos-produits\/lignes-personnelles\/assurance-du-locataire\/","title":{"rendered":"Assurance du locataire"},"content":{"rendered":"<p>Types of Tenants\u2019 Insurance You Can Buy and What They Cover<\/p>\n<p>Landlords have relatively few legal obligations to compensate tenants for damage to, or loss of, their personal possessions. <strong>Tenants, on the other hand, are responsible for the harm they may cause to any part of the building in which they live or to others who live or visit there.<\/strong><\/p>\n<p><strong class=\"pageTitles\">Coverages<\/strong><\/p>\n<p>Each insurance company packages tenants\u2019 insurance policies differently or calls the products by different names, but they all (should) include two kinds of coverage \u2013 Basic Liability coverage and Contents coverage.<\/p>\n<p><strong>Basic Liability coverage protects you if you or your guests cause damage to the building<\/strong> \u2013 whether it be your unit or the whole building. If you don\u2019t have this protection and you are sued for the repair costs, you could be financially responsible for the whole bill. This coverage is comparable to the liability coverage in a typical homeowners\u2019 policy.<\/p>\n<p><strong>Contents coverage replaces your belongings if they are lost or damaged.<\/strong> You may think you have little of value, but you would be very surprised how much it would cost you to replace everything \u2013 all at once.<\/p>\n<p>You should insure for an amount representing the new replacement cost of all your belongings. Coverage is on a \u201cnamed perils\u201d or an \u201call risk\u201d basis.<\/p>\n<p><span class=\"pageTitles\">Delsan Group is there to service your needs in Commercial &amp; Personal lines insurance.<\/span><\/p>\n<p><strong>For more information, <a href=\"contact-us\">contact the Delsan Group<\/a>.<\/strong><br \/>\n<!--:--><\/p>\n<p>1691\/5000 Types d\u2019assurance de locataire que vous pouvez acheter et ce qu\u2019ils couvrent<\/p>\n<p>Les propri\u00e9taires ont relativement peu d\u2019obligations l\u00e9gales en mati\u00e8re d\u2019indemnisation des locataires pour les dommages caus\u00e9s \u00e0 leurs biens personnels ou la perte de leurs biens. <strong> Les locataires, quant \u00e0 eux, sont responsables des dommages qu\u2019ils peuvent causer \u00e0 n\u2019importe quelle partie de l\u2019immeuble dans lequel ils vivent ou aux autres personnes qui y vivent ou qui leur rendent visite. <\/strong><\/p>\n<p>&lt; strong class = &#8220;pageTitles&#8221;&gt; Couverture<\/p>\n<p>Chaque compagnie d\u2019assurance organise les contrats d\u2019assurance des locataires diff\u00e9remment ou appelle les produits sous des noms diff\u00e9rents, mais ils doivent tous (devraient) inclure deux types de couverture &#8211; la couverture responsabilit\u00e9 de base et la couverture du contenu.<\/p>\n<p><strong> La couverture responsabilit\u00e9 de base vous prot\u00e8ge si vous ou vos invit\u00e9s causez des dommages au b\u00e2timent <\/strong>, qu&#8217;il s&#8217;agisse de votre logement ou de l&#8217;ensemble du b\u00e2timent. Si vous ne b\u00e9n\u00e9ficiez pas de cette protection et que vous \u00eates poursuivi en justice pour les frais de r\u00e9paration, vous pourriez \u00eatre responsable financi\u00e8rement de la totalit\u00e9 de la facture. Cette couverture est comparable \u00e0 la couverture responsabilit\u00e9 figurant dans une police de propri\u00e9taire type.<\/p>\n<p><strong> La couverture de contenu remplace vos biens personnels s&#8217;ils sont perdus ou endommag\u00e9s. <\/strong> Vous pensez peut-\u00eatre que vous avez peu de valeur , mais vous seriez tr\u00e8s surpris de voir combien il vous en co\u00fbterait pour tout remplacer &#8211; tout \u00e0 la fois.<\/p>\n<p>Vous devez assurer un montant repr\u00e9sentant le nouveau co\u00fbt de remplacement de tous vos biens. La couverture est bas\u00e9e sur les &#8220;risques nomm\u00e9s&#8221; ou sur &#8220;tous les risques&#8221;.<\/p>\n<p><span class=\"pageTitles\"> Le groupe Delsan est l\u00e0 pour r\u00e9pondre \u00e0 vos besoins dans les domaines commercial et commercial. Assurance des lignes personnelles. <\/span><\/p>\n<p><strong> Pour plus d&#8217;informations, <a href=\"contact-us\"> contactez le groupe Delsan <\/a>. <\/strong><br \/>\n<!-- -: ---><\/p>\n<p>Send feedback<br \/>\nHistory<br \/>\nSaved<br \/>\nCommunity<\/p>\n","protected":false},"excerpt":{"rendered":"<p>Types of Tenants\u2019 Insurance You Can Buy and What They Cover Landlords have relatively few legal obligations to compensate tenants for damage to, or loss of, their personal possessions. Tenants, on the other hand, are responsible for the harm they may cause to any part of the building in which they live or to others [&hellip;]<\/p>\n","protected":false},"author":2,"featured_media":0,"parent":2328,"menu_order":0,"comment_status":"closed","ping_status":"closed","template":"","meta":{"_acf_changed":false,"footnotes":""},"class_list":["post-2342","page","type-page","status-publish","hentry","entry"],"acf":[],"jetpack_sharing_enabled":true,"_links":{"self":[{"href":"https:\/\/delsangroup.com\/fr\/wp-json\/wp\/v2\/pages\/2342","targetHints":{"allow":["GET"]}}],"collection":[{"href":"https:\/\/delsangroup.com\/fr\/wp-json\/wp\/v2\/pages"}],"about":[{"href":"https:\/\/delsangroup.com\/fr\/wp-json\/wp\/v2\/types\/page"}],"author":[{"embeddable":true,"href":"https:\/\/delsangroup.com\/fr\/wp-json\/wp\/v2\/users\/2"}],"replies":[{"embeddable":true,"href":"https:\/\/delsangroup.com\/fr\/wp-json\/wp\/v2\/comments?post=2342"}],"version-history":[{"count":4,"href":"https:\/\/delsangroup.com\/fr\/wp-json\/wp\/v2\/pages\/2342\/revisions"}],"predecessor-version":[{"id":3370,"href":"https:\/\/delsangroup.com\/fr\/wp-json\/wp\/v2\/pages\/2342\/revisions\/3370"}],"up":[{"embeddable":true,"href":"https:\/\/delsangroup.com\/fr\/wp-json\/wp\/v2\/pages\/2328"}],"wp:attachment":[{"href":"https:\/\/delsangroup.com\/fr\/wp-json\/wp\/v2\/media?parent=2342"}],"curies":[{"name":"wp","href":"https:\/\/api.w.org\/{rel}","templated":true}]}}