{"id":2340,"date":"2019-04-30T03:33:14","date_gmt":"2019-04-30T03:33:14","guid":{"rendered":"http:\/\/new2019.delsangroup.com\/?page_id=2340"},"modified":"2019-07-26T07:22:01","modified_gmt":"2019-07-26T07:22:01","slug":"assurance-de-biens-et-responsabilite","status":"publish","type":"page","link":"https:\/\/delsangroup.com\/fr\/nos-produits\/lignes-personnelles\/assurance-de-biens-et-responsabilite\/","title":{"rendered":"Assurance de biens et responsabilit\u00e9"},"content":{"rendered":"\n<p> Vous avez travaill\u00e9 dur pour les avoirs personnels que vous avez accumul\u00e9s tout au long de votre vie. Nul doute que ce sont les choses que vous ch\u00e9rissez. <\/p>\n<p> Ceci peut inclure une maison, un chalet, un bateau, des bijoux, des objets d&#8217;art, une cave \u00e0 vin bien garnie, une voiture de luxe. Donnez \u00e0 vos biens sp\u00e9ciaux la protection qu&#8217;ils m\u00e9ritent. <strong> Le groupe Delsan travaillera en \u00e9troite collaboration avec vous pour mettre au point des programmes d\u2019assurance des personnes personnalis\u00e9s, con\u00e7us pour garantir que vos biens personnels soient aussi soigneusement assur\u00e9s que votre entreprise. <\/strong> <\/p>\n<p> <strong> Voici certaines des couvertures d&#8217;assurance de personnes: <\/strong> <\/p>\n<ul class=\"oepl_listing\">\n<li> Paquet du propri\u00e9taire <\/li>\n<li> Forfait du locataire <\/li>\n<li> Forfait condominium <\/li>\n<li> R\u00e9sidences saisonni\u00e8res <\/li>\n<li> Propri\u00e9t\u00e9s locatives <\/li>\n<li> Embarcation <\/li>\n<li> Responsabilit\u00e9 personnelle &amp; amp; Parapluie <\/li>\n<li> Entreprise \u00e0 domicile <\/li>\n<li> Automobile <\/li>\n<li> V\u00e9hicules de loisirs <\/li>\n<li> Motoneige <\/li>\n<li> Mobile Home <\/li>\n<li> bande-annonce <\/li>\n<\/ul>\n<p> <br> Delsan Group est l\u00e0 pour r\u00e9pondre \u00e0 vos besoins dans les domaines commercial et commercial; Assurance des lignes personnelles. <\/p>\n<p> <strong> Pour plus d&#8217;informations, <a href=\"\/contact-us\"> contactez le groupe Delsan <\/a>. <\/strong> <\/p>\n","protected":false},"excerpt":{"rendered":"<p>Vous avez travaill\u00e9 dur pour les avoirs personnels que vous avez accumul\u00e9s tout au long de votre vie. Nul doute que ce sont les choses que vous ch\u00e9rissez. Ceci peut inclure une maison, un chalet, un bateau, des bijoux, des objets d&#8217;art, une cave \u00e0 vin bien garnie, une voiture de luxe. Donnez \u00e0 vos [&hellip;]<\/p>\n","protected":false},"author":2,"featured_media":0,"parent":2328,"menu_order":0,"comment_status":"closed","ping_status":"closed","template":"","meta":{"_acf_changed":false,"footnotes":""},"class_list":["post-2340","page","type-page","status-publish","hentry","entry"],"acf":[],"jetpack_sharing_enabled":true,"_links":{"self":[{"href":"https:\/\/delsangroup.com\/fr\/wp-json\/wp\/v2\/pages\/2340","targetHints":{"allow":["GET"]}}],"collection":[{"href":"https:\/\/delsangroup.com\/fr\/wp-json\/wp\/v2\/pages"}],"about":[{"href":"https:\/\/delsangroup.com\/fr\/wp-json\/wp\/v2\/types\/page"}],"author":[{"embeddable":true,"href":"https:\/\/delsangroup.com\/fr\/wp-json\/wp\/v2\/users\/2"}],"replies":[{"embeddable":true,"href":"https:\/\/delsangroup.com\/fr\/wp-json\/wp\/v2\/comments?post=2340"}],"version-history":[{"count":7,"href":"https:\/\/delsangroup.com\/fr\/wp-json\/wp\/v2\/pages\/2340\/revisions"}],"predecessor-version":[{"id":3369,"href":"https:\/\/delsangroup.com\/fr\/wp-json\/wp\/v2\/pages\/2340\/revisions\/3369"}],"up":[{"embeddable":true,"href":"https:\/\/delsangroup.com\/fr\/wp-json\/wp\/v2\/pages\/2328"}],"wp:attachment":[{"href":"https:\/\/delsangroup.com\/fr\/wp-json\/wp\/v2\/media?parent=2340"}],"curies":[{"name":"wp","href":"https:\/\/api.w.org\/{rel}","templated":true}]}}