{"id":2338,"date":"2019-04-30T03:29:55","date_gmt":"2019-04-30T03:29:55","guid":{"rendered":"http:\/\/new2019.delsangroup.com\/?page_id=2338"},"modified":"2019-07-26T07:20:52","modified_gmt":"2019-07-26T07:20:52","slug":"la-prevention-des-pertes","status":"publish","type":"page","link":"https:\/\/delsangroup.com\/fr\/nos-produits\/lignes-personnelles\/la-prevention-des-pertes\/","title":{"rendered":"La pr\u00e9vention des pertes"},"content":{"rendered":"<h2> Pr\u00e9vention des pertes<\/h2>\n<p><strong class=\"whiteSubTitles2\"> L\u2019assurance est excellente, mais la pr\u00e9vention est meilleure <\/strong><br \/>\nIls disent qu\u2019une once de pr\u00e9vention vaut mieux que de gu\u00e9rir. Pensez \u00e0 l&#8217;assurance comme un rem\u00e8de (en quelque sorte) \u00e0 un certain nombre de mauvaises choses qui pourraient vous arriver, \u00e0 vous ou \u00e0 votre famille. Oui, en cas d&#8217;incendie ou de vol, une assurance vous aidera \u00e0 r\u00e9cup\u00e9rer les pi\u00e8ces. Mais la plupart des gens qui ont br\u00fbl\u00e9 leur maison, m\u00eame ceux qui ont une grande couverture d&#8217;assurance, vous diront qu&#8217;ils pr\u00e9f\u00e9reraient que cela ne se soit jamais produit. <strong> Les assurances vous procurent une tranquillit\u00e9 d\u2019esprit financi\u00e8re <\/strong>. Si vous avez la bonne couverture, aucun vol, incendie, accident ou ouragan ne peut vous faire craquer. Cependant, certaines choses ne peuvent pas \u00eatre r\u00e9solues par l&#8217;assurance.<\/p>\n<p><strong> Par exemple: <\/strong><\/p>\n<style de=\"\" table=\"largeur: 100%; bordure: 0px; bordure-espacement: 0px;\">\n<tbody>\n<tr>\n<td style = \"width: 35px;\"> <\/td>\n<td> <strong> 1. <\/strong> Si votre alliance ou un h\u00e9ritage de famille inestimable est vol\u00e9 au cours d'une effraction ou perdu dans un incendie, l'assurance peut couvrir la valeur marchande r\u00e9elle de l'\u00e9l\u00e9ment, mais sa valeur sentimentale ne peut pas \u00eatre remplac\u00e9e.<\/p>\n<\/p>\n<p> <strong> 2. <\/strong> Si votre sous-sol est inond\u00e9 et que toutes les photos de votre famille sont d\u00e9truites, vous ressentirez une perte consid\u00e9rable, m\u00eame si les photos n'ont aucune valeur mon\u00e9taire. <\/p>\n<\/td>\n<\/tr>\n<\/tbody>\n<\/table>\n<p> <strong> Les assureurs indemnisent les personnes victimes de pertes. <\/strong> \u00c9tant si proches de tant de trag\u00e9dies humaines, les assureurs sont passionn\u00e9ment engag\u00e9s dans la pr\u00e9vention des sinistres. Ils savent qu'il vaut mieux \u00e9viter la souffrance que d'essayer de la rattraper. <\/p>\n<p> <span class = \"pageTitles\"> Le groupe Delsan est l\u00e0 pour r\u00e9pondre \u00e0 vos besoins dans le secteur commercial et commercial; Assurance des lignes personnelles. <\/Span> <\/p>\n<p> <strong> Pour plus d'informations, <a href=\"\/contact-us\"> contactez le groupe Delsan <\/a>. <\/Strong> <br \/ > <! -: -> <\/p>\n<\/style>\n","protected":false},"excerpt":{"rendered":"<p>Pr\u00e9vention des pertes L\u2019assurance est excellente, mais la pr\u00e9vention est meilleure Ils disent qu\u2019une once de pr\u00e9vention vaut mieux que de gu\u00e9rir. Pensez \u00e0 l&#8217;assurance comme un rem\u00e8de (en quelque sorte) \u00e0 un certain nombre de mauvaises choses qui pourraient vous arriver, \u00e0 vous ou \u00e0 votre famille. Oui, en cas d&#8217;incendie ou de vol, [&hellip;]<\/p>\n","protected":false},"author":2,"featured_media":0,"parent":2328,"menu_order":0,"comment_status":"closed","ping_status":"closed","template":"","meta":{"_acf_changed":false,"footnotes":""},"class_list":["post-2338","page","type-page","status-publish","hentry","entry"],"acf":[],"jetpack_sharing_enabled":true,"_links":{"self":[{"href":"https:\/\/delsangroup.com\/fr\/wp-json\/wp\/v2\/pages\/2338","targetHints":{"allow":["GET"]}}],"collection":[{"href":"https:\/\/delsangroup.com\/fr\/wp-json\/wp\/v2\/pages"}],"about":[{"href":"https:\/\/delsangroup.com\/fr\/wp-json\/wp\/v2\/types\/page"}],"author":[{"embeddable":true,"href":"https:\/\/delsangroup.com\/fr\/wp-json\/wp\/v2\/users\/2"}],"replies":[{"embeddable":true,"href":"https:\/\/delsangroup.com\/fr\/wp-json\/wp\/v2\/comments?post=2338"}],"version-history":[{"count":4,"href":"https:\/\/delsangroup.com\/fr\/wp-json\/wp\/v2\/pages\/2338\/revisions"}],"predecessor-version":[{"id":3364,"href":"https:\/\/delsangroup.com\/fr\/wp-json\/wp\/v2\/pages\/2338\/revisions\/3364"}],"up":[{"embeddable":true,"href":"https:\/\/delsangroup.com\/fr\/wp-json\/wp\/v2\/pages\/2328"}],"wp:attachment":[{"href":"https:\/\/delsangroup.com\/fr\/wp-json\/wp\/v2\/media?parent=2338"}],"curies":[{"name":"wp","href":"https:\/\/api.w.org\/{rel}","templated":true}]}}