{"id":2336,"date":"2019-04-30T03:28:49","date_gmt":"2019-04-30T03:28:49","guid":{"rendered":"http:\/\/new2019.delsangroup.com\/?page_id=2336"},"modified":"2019-07-26T07:20:47","modified_gmt":"2019-07-26T07:20:47","slug":"assurance-habitation","status":"publish","type":"page","link":"https:\/\/delsangroup.com\/fr\/nos-produits\/lignes-personnelles\/assurance-habitation\/","title":{"rendered":"Assurance habitation"},"content":{"rendered":"\n<p class=\"pageTitles\"> Types de polices d&#8217;assurance habitation que vous pouvez acheter et ce qu&#8217;elles couvrent Il existe plusieurs types de polices d\u2019assurance que vous pouvez acheter. N&#8217;oubliez pas que le libell\u00e9 et ce qui est couvert peuvent varier dans ces cat\u00e9gories g\u00e9n\u00e9rales d&#8217;une compagnie d&#8217;assurance \u00e0 une autre. Les noms commerciaux peuvent \u00e9galement \u00eatre utilis\u00e9s. <\/p>\n\n\n\n<p><br> Complet Il s&#8217;agit de la police d&#8217;assurance habitation la plus inclusive. il couvre \u00e0 la fois le b\u00e2timent et son contenu pour tous les risques, \u00e0 l&#8217;exception de ceux sp\u00e9cifiquement exclus. Il existe deux types de risques d&#8217;assurance qui ne sont normalement inclus dans aucune police d&#8217;assurance habitation &#8211; ceux pour lesquels vous pouvez acheter une assurance. <\/p>\n\n\n\n<p>\u00abCouverture optionnelle\u00bb, expliqu\u00e9e plus loin dans \u00abProtections suppl\u00e9mentaires\u00bb et celles pour lesquelles aucune assurance n&#8217;est disponible, \u00abp\u00e9ril non assurable\u00bb. <br> P\u00e9rils de base \/ nomm\u00e9s Si vous souhaitez \u00e9conomiser de l&#8217;argent en assumant vous-m\u00eame le risque financier li\u00e9 \u00e0 certaines pertes, vous pouvez envisager une police de protection des risques nomm\u00e9s qui ne couvre que les risques qui sont sp\u00e9cifiquement \u00e9nonc\u00e9s dans la politique. <\/p>\n\n\n\n<p><br> Large Si la police globale co\u00fbte plus cher que vous ne voulez payer et si la police de risques nomm\u00e9s semble trop risqu\u00e9e, la politique d\u2019assurance au sens large est un compromis. Cette police est une police contre les risques nomm\u00e9s, mais fournit une couverture compl\u00e8te des \u00e9l\u00e9ments co\u00fbteux, tels que le b\u00e2timent, et une couverture des risques nomm\u00e9s couvrant le contenu. <\/p>\n\n\n\n<p><br> Sans fioritures Certains assureurs offrent une couverture tr\u00e8s basique ou \u00abNo Frills\u00bb pour les propri\u00e9t\u00e9s qui ne r\u00e9pondent pas \u00e0 leurs normes habituelles. S&#8217;il existe des probl\u00e8mes physiques avec votre maison qui l&#8217;emp\u00eachent de respecter les normes des assureurs, vous pouvez \u00e9conomiser de l&#8217;argent \u00e0 long terme en corrigeant ces probl\u00e8mes afin de pouvoir b\u00e9n\u00e9ficier d&#8217;une meilleure couverture. <\/p>\n\n\n\n<p><br> <span class=\"pageTitles\"> Une protection suppl\u00e9mentaire que vous pouvez acheter  Une protection suppl\u00e9mentaire, \u00e9galement appel\u00e9e \u00abcouverture optionnelle\u00bb , vous pouvez acheter en fonction de l&#8217;emplacement de votre maison et du degr\u00e9 de tranquillit\u00e9 d&#8217;esprit dont vous avez besoin. Ces risques ne sont automatiquement inclus dans aucune police d&#8217;assurance habitation. Si vous souhaitez \u00eatre prot\u00e9g\u00e9 contre ces risques, vous devez souscrire une couverture \u00e0 part. Tremblement de terre Cette couverture est particuli\u00e8rement int\u00e9ressante si vous vivez dans une r\u00e9gion sujette aux tremblements de terre, telle que certaines r\u00e9gions du Qu\u00e9bec &#8211; notamment autour de Montr\u00e9al &#8211; la vall\u00e9e de l\u2019Ottawa et la Colombie-Britannique. L\u2019assurance tremblement de terre couvre g\u00e9n\u00e9ralement les pertes ou dommages mat\u00e9riels caus\u00e9s par le tremblement de terre. Elle est soumise \u00e0 une franchise plus \u00e9lev\u00e9e que les autres risques assur\u00e9s par votre police. En revanche, votre police de propri\u00e9taire ordinaire ne couvrirait probablement pas ce risque. Toutefois, si les secousses provoquaient la rupture d\u2019une conduite d\u2019alimentation en gaz, les dommages r\u00e9sultant de l\u2019incendie qui aurait suivi seraient probablement couverts par la police de votre propri\u00e9taire. Le co\u00fbt d\u00e9pend de l&#8217;emplacement de votre maison et de la mani\u00e8re dont elle a \u00e9t\u00e9 construite. Votre assureur pourra peut-\u00eatre vous conseiller sur les mesures \u00e0 prendre pour r\u00e9duire les risques d\u2019endommagement de votre maison par un s\u00e9isme. Sauvegarde des \u00e9gouts Cette couverture est utile dans certaines zones basses, en particulier si votre r\u00e9gion comprend des \u00e9gouts pluviaux et sanitaires combin\u00e9s. Vous pouvez \u00e9galement installer un dispositif anti-retour, dans la mesure o\u00f9 le permettent les codes locaux. <\/span><\/p>\n\n\n\n<p><span class=\"pageTitles\">d\u2019endommagement de votre maison par un s\u00e9isme. Sauvegarde des \u00e9gouts Cette couverture est utile dans certaines zones basses, en particulier si votre r\u00e9gion comprend des \u00e9gouts pluviaux et sanitaires combin\u00e9s. Vous pouvez \u00e9galement installer un dispositif anti-retour, dans la mesure o\u00f9 le permettent les codes locaux. <\/span><\/p>\n\n\n\n<p><span class=\"pageTitles\"><span class=\"pageTitles\"><strong> Le groupe Delsan est l\u00e0 pour r\u00e9pondre \u00e0 vos besoins dans les domaines commercial et commercial; Assurance des lignes personnelles. <\/strong><\/span><\/span><\/p>\n\n\n\n<p><span class=\"pageTitles\"><span class=\"pageTitles\"><strong>Pour plus d&#8217;informations, <\/strong><a href=\"\/contact-us\"><strong> contactez le groupe Delsan <\/strong><\/a><strong>.<\/strong><\/span><strong> <\/strong><\/span><\/p>\n","protected":false},"excerpt":{"rendered":"<p>Types de polices d&#8217;assurance habitation que vous pouvez acheter et ce qu&#8217;elles couvrent Il existe plusieurs types de polices d\u2019assurance que vous pouvez acheter. N&#8217;oubliez pas que le libell\u00e9 et ce qui est couvert peuvent varier dans ces cat\u00e9gories g\u00e9n\u00e9rales d&#8217;une compagnie d&#8217;assurance \u00e0 une autre. Les noms commerciaux peuvent \u00e9galement \u00eatre utilis\u00e9s. Complet Il [&hellip;]<\/p>\n","protected":false},"author":2,"featured_media":0,"parent":2328,"menu_order":0,"comment_status":"closed","ping_status":"closed","template":"","meta":{"_acf_changed":false,"footnotes":""},"class_list":["post-2336","page","type-page","status-publish","hentry","entry"],"acf":[],"jetpack_sharing_enabled":true,"_links":{"self":[{"href":"https:\/\/delsangroup.com\/fr\/wp-json\/wp\/v2\/pages\/2336","targetHints":{"allow":["GET"]}}],"collection":[{"href":"https:\/\/delsangroup.com\/fr\/wp-json\/wp\/v2\/pages"}],"about":[{"href":"https:\/\/delsangroup.com\/fr\/wp-json\/wp\/v2\/types\/page"}],"author":[{"embeddable":true,"href":"https:\/\/delsangroup.com\/fr\/wp-json\/wp\/v2\/users\/2"}],"replies":[{"embeddable":true,"href":"https:\/\/delsangroup.com\/fr\/wp-json\/wp\/v2\/comments?post=2336"}],"version-history":[{"count":8,"href":"https:\/\/delsangroup.com\/fr\/wp-json\/wp\/v2\/pages\/2336\/revisions"}],"predecessor-version":[{"id":3363,"href":"https:\/\/delsangroup.com\/fr\/wp-json\/wp\/v2\/pages\/2336\/revisions\/3363"}],"up":[{"embeddable":true,"href":"https:\/\/delsangroup.com\/fr\/wp-json\/wp\/v2\/pages\/2328"}],"wp:attachment":[{"href":"https:\/\/delsangroup.com\/fr\/wp-json\/wp\/v2\/media?parent=2336"}],"curies":[{"name":"wp","href":"https:\/\/api.w.org\/{rel}","templated":true}]}}