{"id":2334,"date":"2019-04-30T03:27:40","date_gmt":"2019-04-30T03:27:40","guid":{"rendered":"http:\/\/new2019.delsangroup.com\/?page_id=2334"},"modified":"2019-07-26T07:20:41","modified_gmt":"2019-07-26T07:20:41","slug":"cottage-camps","status":"publish","type":"page","link":"https:\/\/delsangroup.com\/fr\/nos-produits\/lignes-personnelles\/cottage-camps\/","title":{"rendered":"Cottage &#038; Camps"},"content":{"rendered":"\n<p> Assurance pour les chalets, camps et autres propri\u00e9t\u00e9s de vacances <br> <br> Votre propri\u00e9t\u00e9 de vacances est, tout comme votre maison, l\u2019un de vos atouts les plus pr\u00e9cieux. <strong> Il est important de prot\u00e9ger votre investissement par une assurance <\/strong>. Notez cependant que l\u2019assurance de r\u00e9sidence secondaire est l\u00e9g\u00e8rement diff\u00e9rente de celle de votre r\u00e9sidence principale. <br> <\/p>\n\n\n\n<p> Comment est-il utilis\u00e9? <br> <br> <strong> Comment la propri\u00e9t\u00e9 de vacances est-elle utilis\u00e9e et \u00e0 quelle fr\u00e9quence est-elle occup\u00e9e dictera les formules d\u2019assurance appropri\u00e9es pour vous? <\/strong> Combien de temps passez-vous L\u00e0? L&#8217;utilisez-vous toute l&#8217;ann\u00e9e? Le louez-vous \u00e0 un moment de l&#8217;ann\u00e9e? Les r\u00e9ponses \u00e0 ces questions sont importantes lorsque vous envisagez le type de couverture \u00e0 acheter pour votre propri\u00e9t\u00e9 de vacances. <\/p>\n\n\n\n<p> <strong class=\"pageTitles\"> Couverture de votre propri\u00e9t\u00e9 de vacances <\/strong> <br> <br> La plupart des compagnies d&#8217;assurance envisageront de ne fournir une assurance pour votre propri\u00e9t\u00e9 de vacances que si vous assurez \u00e9galement votre r\u00e9sidence principale . Vous pouvez d\u00e9finir votre propri\u00e9t\u00e9 de vacances sur votre assurance habitation en tant que lieu &#8220;secondaire&#8221; ou &#8220;saisonnier&#8221;, ou souscrire une assurance pour la propri\u00e9t\u00e9 en tant que police distincte et autonome. <\/p>\n\n\n\n<p> Il existe une diff\u00e9rence principale entre l\u2019assurance pour votre r\u00e9sidence principale et l\u2019assurance pour votre propri\u00e9t\u00e9 de vacances: <strong> L\u2019assurance de propri\u00e9t\u00e9 de vacances est presque toujours fournie sous la forme d\u2019une police \u00abRisques nomm\u00e9s\u00bb, <\/strong> au lieu d\u2019une police compl\u00e8te, &lt; Fort&gt; en raison du risque li\u00e9 \u00e0 l&#8217;occupation \u00e0 temps partiel de la maison de vacances.  \u00abRisques nomm\u00e9s\u00bb signifie que vous avez une couverture d&#8217;assurance pour des risques sp\u00e9cifiques, tels que les incendies, les explosions ou les d\u00e9g\u00e2ts caus\u00e9s par la fum\u00e9e. <strong> La couverture de certains risques, <\/strong>, tels que les d\u00e9g\u00e2ts des eaux ou le vandalisme, <strong> peut \u00eatre plus difficile ou plus ch\u00e8re \u00e0 mettre en place, <\/strong> en raison de l&#8217;occupation \u00e0 temps partiel. Par exemple, si une conduite d&#8217;eau \u00e9clate ou si des vandales s&#8217;introduisent dans votre maison de vacances pendant qu&#8217;elle est vacante, les d\u00e9g\u00e2ts seront probablement plus graves, car personne ne sera l\u00e0 pour intervenir. <\/p>\n\n\n\n<p> Il existe certaines exclusions communes dans les polices d\u2019assurance pour r\u00e9sidences secondaires. Ceux-ci incluent une couverture pour les refoulements d&#8217;\u00e9gout et les dommages, ou la perte de: <\/p>\n\n\n\n<ul class=\"wp-block-list\"><li> Cl\u00f4tures <\/li><li> Aliments au cong\u00e9lateur <\/li><li> Mat\u00e9riel de jardin <\/li><li> Plantes d&#8217;ext\u00e9rieur <\/li><li> Arbres et arbustes <\/li><\/ul>\n\n\n\n<p> <br> M\u00eame si vous avez un \u00abb\u00e2tisseur\u00bb et que le b\u00e2timent vaut peu, vous aurez toujours besoin d&#8217;une couverture de responsabilit\u00e9 civile pour vous prot\u00e9ger en cas de blessure de votre propri\u00e9t\u00e9 ou en cas de dommage. provoquer un incendie qui se propage aux propri\u00e9t\u00e9s voisines. <\/p>\n\n\n\n<p> <strong> Parmi les autres types de couverture que vous pouvez envisager, notons: <\/strong> <\/p>\n\n\n\n<ul class=\"wp-block-list\"><li> <strong> Couverture du contenu: <\/strong> certains ensembles de propri\u00e9t\u00e9s de vacances fournis par votre compagnie d\u2019assurance incluent automatiquement le contenu jusqu\u2019\u00e0 une certaine limite. Cette couverture s\u2019applique aux contenus conserv\u00e9s en permanence dans la maison de vacances <strong>. <\/strong> (Tout ce que vous emportez (par exemple, des v\u00eatements) est couvert par votre police d\u2019assurance habitation principale.) Si la couverture fournie est insuffisante, une couverture suppl\u00e9mentaire peut \u00eatre achet\u00e9e.\n<p> <\/p>\n<\/li><li> <strong> Structures priv\u00e9es isol\u00e9es: <\/strong> Certains packs d&#8217;assurance de biens de vacances incluent un montant limit\u00e9 de couverture pour toutes les d\u00e9pendances, y compris les remises \u00e0 bateaux, les garages et les remises. Cependant, vous aurez peut-\u00eatre besoin d&#8217;une couverture suppl\u00e9mentaire pour vous assurer d&#8217;\u00eatre pleinement prot\u00e9g\u00e9. <\/li><li> <strong> Co\u00fbt de remplacement: <\/strong> Ce type de couverture couvre le co\u00fbt de la r\u00e9paration d&#8217;un article ou de son remplacement par un neuf, sans aucune d\u00e9duction pour amortissement <\/li><\/ul>\n\n\n\n<p> <br> <span class=\"pageTitles\"> Le groupe Delsan est l\u00e0 pour r\u00e9pondre \u00e0 vos besoins dans les domaines commercial et commercial; Assurance des lignes personnelles. <\/span> <br> <br> <strong> Pour plus d&#8217;informations, <a href=\"contact-us\"> contactez le groupe Delsan <\/a>. <\/strong> <br> <!-- -: ---> <\/p>\n","protected":false},"excerpt":{"rendered":"<p>Assurance pour les chalets, camps et autres propri\u00e9t\u00e9s de vacances Votre propri\u00e9t\u00e9 de vacances est, tout comme votre maison, l\u2019un de vos atouts les plus pr\u00e9cieux. Il est important de prot\u00e9ger votre investissement par une assurance . Notez cependant que l\u2019assurance de r\u00e9sidence secondaire est l\u00e9g\u00e8rement diff\u00e9rente de celle de votre r\u00e9sidence principale. Comment est-il [&hellip;]<\/p>\n","protected":false},"author":2,"featured_media":0,"parent":2328,"menu_order":0,"comment_status":"closed","ping_status":"closed","template":"","meta":{"_acf_changed":false,"footnotes":""},"class_list":["post-2334","page","type-page","status-publish","hentry","entry"],"acf":[],"jetpack_sharing_enabled":true,"_links":{"self":[{"href":"https:\/\/delsangroup.com\/fr\/wp-json\/wp\/v2\/pages\/2334","targetHints":{"allow":["GET"]}}],"collection":[{"href":"https:\/\/delsangroup.com\/fr\/wp-json\/wp\/v2\/pages"}],"about":[{"href":"https:\/\/delsangroup.com\/fr\/wp-json\/wp\/v2\/types\/page"}],"author":[{"embeddable":true,"href":"https:\/\/delsangroup.com\/fr\/wp-json\/wp\/v2\/users\/2"}],"replies":[{"embeddable":true,"href":"https:\/\/delsangroup.com\/fr\/wp-json\/wp\/v2\/comments?post=2334"}],"version-history":[{"count":5,"href":"https:\/\/delsangroup.com\/fr\/wp-json\/wp\/v2\/pages\/2334\/revisions"}],"predecessor-version":[{"id":3362,"href":"https:\/\/delsangroup.com\/fr\/wp-json\/wp\/v2\/pages\/2334\/revisions\/3362"}],"up":[{"embeddable":true,"href":"https:\/\/delsangroup.com\/fr\/wp-json\/wp\/v2\/pages\/2328"}],"wp:attachment":[{"href":"https:\/\/delsangroup.com\/fr\/wp-json\/wp\/v2\/media?parent=2334"}],"curies":[{"name":"wp","href":"https:\/\/api.w.org\/{rel}","templated":true}]}}