{"id":2332,"date":"2019-04-30T03:26:22","date_gmt":"2019-04-30T03:26:22","guid":{"rendered":"http:\/\/new2019.delsangroup.com\/?page_id=2332"},"modified":"2019-07-26T07:20:36","modified_gmt":"2019-07-26T07:20:36","slug":"reclamations","status":"publish","type":"page","link":"https:\/\/delsangroup.com\/fr\/nos-produits\/lignes-personnelles\/reclamations\/","title":{"rendered":"R\u00e9clamations"},"content":{"rendered":"<p><!-- -: en ---><\/p>\n<p><strong> Vous ne saurez jamais \u00e0 quel point votre assurance est bonne tant que vous n\u2019avez pas besoin de l&#8217;utiliser. <\/strong><\/p>\n<p>Le test d\u00e9cisif de tout contrat d&#8217;assurance est la rapidit\u00e9 et l&#8217;efficacit\u00e9 du traitement des demandes et r\u00e9gl\u00e9. Une r\u00e9clamation est une p\u00e9riode \u00e0 laquelle vous pr\u00e9f\u00e9rez ne pas \u00eatre, mais une r\u00e9clamation est une occasion id\u00e9ale pour nous de vous montrer que vous avez choisi le bon courtier d&#8217;assurance.<\/p>\n<p>Au sein du groupe Delsan, nous n\u2019\u00e9pargnerons aucun effort pour vous permettre d\u2019obtenir un r\u00e8glement rapide et \u00e9quitable de vos r\u00e9clamations. Nous sommes \u00e0 votre disposition lors du r\u00e8glement de votre sinistre pour que tout soit fait \u00e0 votre satisfaction. Cela fait partie de notre engagement envers vous et reste l\u2019un des avantages importants de faire affaire avec un courtier en assurances.<\/p>\n<p>Si vous devez signaler une r\u00e9clamation mais que vous ne pouvez pas nous contacter, vous pouvez appeler le service d&#8217;assistance t\u00e9l\u00e9phonique de votre compagnie d&#8217;assurance. Veuillez noter que si vous contactez directement votre assureur pour signaler une perte, il est important que vous nous appeliez plus tard afin que nous puissions vous aider \u00e0 r\u00e9gler la r\u00e9clamation. En tout temps, vous devez faire tout ce qui est en votre pouvoir pour prot\u00e9ger votre propri\u00e9t\u00e9 contre des dommages suppl\u00e9mentaires.<\/p>\n<p><span class=\"pageTitles\"> Le groupe Delsan est l\u00e0 pour r\u00e9pondre \u00e0 vos besoins en mati\u00e8re de SERVICES FINANCIERS, Y COMPRIS LIFE &amp; amp; SANTE ET COMMERCIAL &amp; amp; Assurance des lignes personnelles.<br \/>\n<\/span><br \/>\n<strong> Pour plus d&#8217;informations, <a href=\"\/contact-us\"> contactez le groupe Delsan <\/a>. <\/strong> <!-- - -: ---><\/p>\n","protected":false},"excerpt":{"rendered":"<p>Vous ne saurez jamais \u00e0 quel point votre assurance est bonne tant que vous n\u2019avez pas besoin de l&#8217;utiliser. Le test d\u00e9cisif de tout contrat d&#8217;assurance est la rapidit\u00e9 et l&#8217;efficacit\u00e9 du traitement des demandes et r\u00e9gl\u00e9. Une r\u00e9clamation est une p\u00e9riode \u00e0 laquelle vous pr\u00e9f\u00e9rez ne pas \u00eatre, mais une r\u00e9clamation est une occasion [&hellip;]<\/p>\n","protected":false},"author":2,"featured_media":0,"parent":2328,"menu_order":0,"comment_status":"closed","ping_status":"closed","template":"","meta":{"_acf_changed":false,"footnotes":""},"class_list":["post-2332","page","type-page","status-publish","hentry","entry"],"acf":[],"jetpack_sharing_enabled":true,"_links":{"self":[{"href":"https:\/\/delsangroup.com\/fr\/wp-json\/wp\/v2\/pages\/2332","targetHints":{"allow":["GET"]}}],"collection":[{"href":"https:\/\/delsangroup.com\/fr\/wp-json\/wp\/v2\/pages"}],"about":[{"href":"https:\/\/delsangroup.com\/fr\/wp-json\/wp\/v2\/types\/page"}],"author":[{"embeddable":true,"href":"https:\/\/delsangroup.com\/fr\/wp-json\/wp\/v2\/users\/2"}],"replies":[{"embeddable":true,"href":"https:\/\/delsangroup.com\/fr\/wp-json\/wp\/v2\/comments?post=2332"}],"version-history":[{"count":4,"href":"https:\/\/delsangroup.com\/fr\/wp-json\/wp\/v2\/pages\/2332\/revisions"}],"predecessor-version":[{"id":3361,"href":"https:\/\/delsangroup.com\/fr\/wp-json\/wp\/v2\/pages\/2332\/revisions\/3361"}],"up":[{"embeddable":true,"href":"https:\/\/delsangroup.com\/fr\/wp-json\/wp\/v2\/pages\/2328"}],"wp:attachment":[{"href":"https:\/\/delsangroup.com\/fr\/wp-json\/wp\/v2\/media?parent=2332"}],"curies":[{"name":"wp","href":"https:\/\/api.w.org\/{rel}","templated":true}]}}