{"id":2330,"date":"2019-04-30T03:25:13","date_gmt":"2019-04-30T03:25:13","guid":{"rendered":"http:\/\/new2019.delsangroup.com\/?page_id=2330"},"modified":"2019-07-26T07:20:30","modified_gmt":"2019-07-26T07:20:30","slug":"assurance-automobile","status":"publish","type":"page","link":"https:\/\/delsangroup.com\/fr\/nos-produits\/lignes-personnelles\/assurance-automobile\/","title":{"rendered":"Assurance automobile"},"content":{"rendered":"<p>Assurance auto Chaque fois que vous prenez le volant d\u2019une voiture, vous \u00eates capable de causer des dommages \u00e0 la propri\u00e9t\u00e9 d\u2019autres personnes et de vous blesser ou de vous tuer, ainsi que d\u2019autres conducteurs, passagers et pi\u00e9tons. Comme la plupart des gens n\u2019ont pas les moyens d\u2019assumer les pertes qu\u2019ils pourraient causer en conduisant, les gouvernements des pays d\u00e9velopp\u00e9s exigent des conducteurs qu\u2019ils souscrivent un certain montant d &#8216;\u00abResponsabilit\u00e9\u00bb pour couvrir les pertes \u00e9ventuelles dommages, blessures, mort) qu&#8217;ils pourraient causer \u00e0 d&#8217;autres. Certains gouvernements, y compris ceux des provinces et des territoires du Canada, exigent \u00e9galement que les conducteurs aient une couverture pour leurs propres frais m\u00e9dicaux et la perte de revenus r\u00e9sultant de blessures li\u00e9es \u00e0 la conduite \u00abIndemnit\u00e9s d\u2019accident \/ blessure corporelle ou AB \/ BI\u00bb.<\/p>\n<p>Il existe une autre assurance que vous pouvez souscrire volontairement pour votre voiture, y compris une couverture pour les dommages \u00e0 votre voiture &#8220;Collision&#8221; et une protection contre le vol, le vandalisme et les autres risques &#8220;Complets&#8221;.<\/p>\n<p>L\u2019assurance automobile au Qu\u00e9bec est fournie \u00e0 la fois par un assureur gouvernemental et par des assureurs priv\u00e9s. Le gouvernement assure les personnes et les assureurs priv\u00e9s contre les dommages mat\u00e9riels. En ce qui concerne les blessures corporelles, le Qu\u00e9bec a un syst\u00e8me purement sans faute, ce qui signifie qu\u2019il n\u2019ya pas le droit de poursuivre le conducteur responsable en justice pour douleurs et souffrances ou pour des frais m\u00e9dicaux et \u00e9conomiques suppl\u00e9mentaires.<\/p>\n<p>Pour les dommages mat\u00e9riels, de nombreux assureurs priv\u00e9s vendent de l&#8217;assurance auto au Qu\u00e9bec. Ils se disputent les clients en proposant une combinaison diff\u00e9rente de prix, de couverture et de service. Toute personne souhaitant conduire une voiture au Qu\u00e9bec doit, en vertu de la loi, souscrire un montant minimum d&#8217;assurance responsabilit\u00e9 civile aupr\u00e8s d&#8217;un assureur priv\u00e9 et disposer de la possibilit\u00e9 d&#8217;en acheter davantage pour r\u00e9pondre \u00e0 leurs besoins. La responsabilit\u00e9 vous prot\u00e8ge pour vos biens dommages \u00e0 l&#8217;int\u00e9rieur du Qu\u00e9bec et dommages corporels et mat\u00e9riels \u00e0 l&#8217;ext\u00e9rieur du Qu\u00e9bec.<\/p>\n<p><span class=\"pageTitles\"> Le groupe Delsan est l\u00e0 pour r\u00e9pondre \u00e0 vos besoins dans les domaines commercial et commercial; Assurance des lignes personnelles.<\/span><\/p>\n<p><strong> Pour plus d&#8217;informations, <a href=\"\/contact-us\"> contactez le groupe Delsan <\/a>.<br \/>\n<\/strong><\/p>\n","protected":false},"excerpt":{"rendered":"<p>Assurance auto Chaque fois que vous prenez le volant d\u2019une voiture, vous \u00eates capable de causer des dommages \u00e0 la propri\u00e9t\u00e9 d\u2019autres personnes et de vous blesser ou de vous tuer, ainsi que d\u2019autres conducteurs, passagers et pi\u00e9tons. Comme la plupart des gens n\u2019ont pas les moyens d\u2019assumer les pertes qu\u2019ils pourraient causer en conduisant, [&hellip;]<\/p>\n","protected":false},"author":2,"featured_media":0,"parent":2328,"menu_order":0,"comment_status":"closed","ping_status":"closed","template":"","meta":{"_acf_changed":false,"footnotes":""},"class_list":["post-2330","page","type-page","status-publish","hentry","entry"],"acf":[],"jetpack_sharing_enabled":true,"_links":{"self":[{"href":"https:\/\/delsangroup.com\/fr\/wp-json\/wp\/v2\/pages\/2330","targetHints":{"allow":["GET"]}}],"collection":[{"href":"https:\/\/delsangroup.com\/fr\/wp-json\/wp\/v2\/pages"}],"about":[{"href":"https:\/\/delsangroup.com\/fr\/wp-json\/wp\/v2\/types\/page"}],"author":[{"embeddable":true,"href":"https:\/\/delsangroup.com\/fr\/wp-json\/wp\/v2\/users\/2"}],"replies":[{"embeddable":true,"href":"https:\/\/delsangroup.com\/fr\/wp-json\/wp\/v2\/comments?post=2330"}],"version-history":[{"count":4,"href":"https:\/\/delsangroup.com\/fr\/wp-json\/wp\/v2\/pages\/2330\/revisions"}],"predecessor-version":[{"id":3360,"href":"https:\/\/delsangroup.com\/fr\/wp-json\/wp\/v2\/pages\/2330\/revisions\/3360"}],"up":[{"embeddable":true,"href":"https:\/\/delsangroup.com\/fr\/wp-json\/wp\/v2\/pages\/2328"}],"wp:attachment":[{"href":"https:\/\/delsangroup.com\/fr\/wp-json\/wp\/v2\/media?parent=2330"}],"curies":[{"name":"wp","href":"https:\/\/api.w.org\/{rel}","templated":true}]}}