{"id":2326,"date":"2019-04-30T03:22:10","date_gmt":"2019-04-30T03:22:10","guid":{"rendered":"http:\/\/new2019.delsangroup.com\/?page_id=2326"},"modified":"2024-12-17T16:19:22","modified_gmt":"2024-12-17T16:19:22","slug":"assurance-vie-entiere","status":"publish","type":"page","link":"https:\/\/delsangroup.com\/fr\/nos-produits\/assurance-vie\/assurance-vie-entiere\/","title":{"rendered":"Assurance vie enti\u00e8re"},"content":{"rendered":"\n<p> <strong> Environ 40% de l&#8217;assurance vie vendue est une assurance permanente. <\/strong> <\/p>\n\n\n\n<p> Ce type d\u2019assurance-vie accumule une valeur de rachat; il est permanent et est g\u00e9n\u00e9ralement port\u00e9 \u00e0 vie. Vous payez des primes pour maintenir la police en vigueur. Une partie de votre prime va \u00e0 la compagnie d\u2019assurance pour l\u2019\u00e9l\u00e9ment capital d\u00e9c\u00e8s de la police. En outre, les polices vie enti\u00e8re peuvent potentiellement g\u00e9n\u00e9rer des valeurs de rachat ou des dividendes. Les primes restent g\u00e9n\u00e9ralement fixes pendant toute la dur\u00e9e de la police ou jusqu\u2019\u00e0 ce qu\u2019elles atteignent le statut dit \u00ablib\u00e9r\u00e9es\u00bb lorsque aucune prime future n\u2019est requise pour conserver la couverture. en force. Il est important de conna\u00eetre les dispositions de votre politique. Dans les polices d&#8217;assurance vie enti\u00e8re, l&#8217;assureur assume le risque de performance des investissements. <\/p>\n\n\n\n<p> L&#8217;assurance vie enti\u00e8re est un terme g\u00e9n\u00e9rique pour une vari\u00e9t\u00e9 de r\u00e9gimes qui combinent une prestation de d\u00e9c\u00e8s similaire \u00e0 un r\u00e9gime d&#8217;assurance-vie temporaire, mais <strong> avec des arrangements d&#8217;\u00e9pargne \u00e0 l&#8217;abri de l&#8217;imp\u00f4t qui sont g\u00e9n\u00e9ralement garantis par la compagnie d&#8217;assurance. <\/strong> Permanent les contrats d&#8217;assurance-vie, comme leur nom l&#8217;indique, sont destin\u00e9s \u00e0 \u00eatre conserv\u00e9s et vers\u00e9s pendant toute la vie de l&#8217;assur\u00e9 (la plupart des compagnies d&#8217;assurance proposent aujourd&#8217;hui aussi des contrats d&#8217;assurance-vie permanents) dans 10 ans, 20 ans ou \u00e0 65 ans, etc. Certains frais sont associ\u00e9s \u00e0 la mise en place de la politique. Malgr\u00e9 ces frais, les avantages fiscaux peuvent faire de la vie permanente un investissement pr\u00e9cieux sur une longue p\u00e9riode. Outre le fait que le contrat est toujours renouvelable, les primes sont fixes et calcul\u00e9es en fonction de l&#8217;\u00e2ge de l&#8217;assur\u00e9 au moment du lancement du contrat. Si la prestation de d\u00e9c\u00e8s est vers\u00e9e t\u00f4t dans la police, l&#8217;argent proviendra principalement de la police d&#8217;assurance. Si la prestation de d\u00e9c\u00e8s est vers\u00e9e tardivement, la plus grande partie de l&#8217;argent proviendra du compte d&#8217;\u00e9pargne. Au fur et \u00e0 mesure que les \u00e9conomies deviennent de plus en plus importantes, moins d&#8217;assurance est n\u00e9cessaire pour contenir le co\u00fbt de l&#8217;assurance \u00e0 mesure que le titulaire vieillit. <\/p>\n\n\n\n<p> La partie de la valeur en esp\u00e8ces de la police est investie dans un compte d\u2019\u00e9pargne. En cons\u00e9quence, la politique s&#8217;accumule avec le temps. <strong> Il existe g\u00e9n\u00e9ralement une valeur de rachat garantie par la compagnie d&#8217;assurance, quel que soit le comportement du march\u00e9 sur lequel l&#8217;argent est investi <\/strong>, ainsi qu&#8217;une autre valeur de rachat non garantie qui d\u00e9pend du march\u00e9 sur lequel il est investi. Cela signifie que si le march\u00e9 fonctionne comme pr\u00e9vu, la valeur de rachat totale sera encore meilleure que celle garantie. <\/p>\n\n\n\n<p> Un autre avantage d\u2019une police vie enti\u00e8re est qu\u2019elle devient un actif appartenant au preneur d\u2019assurance et qu\u2019elle est cessible, c\u2019est-\u00e0-dire qu\u2019elle peut \u00eatre transf\u00e9r\u00e9e \u00e0 une autre personne avec un int\u00e9r\u00eat assurable ou utilis\u00e9e comme garantie pour un pr\u00eat. Les contrats peuvent m\u00eame \u00eatre convertis en une rente \u00e0 l&#8217;\u00e2ge de la retraite afin de g\u00e9n\u00e9rer un revenu pendant la retraite. <\/p>\n\n\n\n<p> Il n&#8217;est pas recommand\u00e9 de retirer de l&#8217;argent du compte avant le r\u00e8glement pour des d\u00e9penses autres que la prime d&#8217;assurance, car des taxes et des frais peuvent \u00eatre g\u00e9n\u00e9r\u00e9s. <\/p>\n\n\n\n<p> L\u2019assurance permanente est \u00e9galement utilis\u00e9e pour la planification successorale et la planification de la retraite. La principale diff\u00e9rence est que le besoin n\u2019est pas temporaire et que vous voulez que la compagnie d\u2019assurance paie d\u00e9finitivement lorsque vous mourrez &#8211; esp\u00e9rons-le \u00e0 un \u00e2ge tr\u00e8s avanc\u00e9. Environ 40% de l&#8217;assurance vendue est une assurance permanente. Dans ce cas, beaucoup de personnes ignoraient qu\u2019elles avaient un besoin jusqu\u2019\u00e0 ce qu\u2019un courtier bien inform\u00e9 ait pass\u00e9 beaucoup de temps \u00e0 discuter de ce que ces personnes souhaitaient avoir apr\u00e8s leur d\u00e9c\u00e8s et a d\u00e9couvert des diff\u00e9rences majeures entre ce qu\u2019elles pensaient et ce qui se passerait r\u00e9ellement. <\/p>\n\n\n\n<p> Un des principaux usages est de fournir de l\u2019argent pour payer des gains en capital ou des imp\u00f4ts sur les successions afin que vos b\u00e9n\u00e9ficiaires puissent conserver les actifs ou les biens \u00e0 votre d\u00e9c\u00e8s et ne pas avoir \u00e0 en vendre pour payer les imp\u00f4ts. Cela ne s&#8217;applique pas \u00e0 votre conjoint dans la plupart des cas, car les avoirs lui parviennent en franchise d&#8217;imp\u00f4t. <\/p>\n\n\n\n<p> Une strat\u00e9gie de planification fiscale consiste \u00e0 transf\u00e9rer de l\u2019argent d\u2019un REER (canadien) qui sera tax\u00e9 \u00e0 plus de 40% au d\u00e9c\u00e8s, \u00e0 une police d\u2019assurance qui passera en franchise d\u2019imp\u00f4t aux b\u00e9n\u00e9ficiaires d\u00e9sign\u00e9s sans d\u00e9c\u00e8s. les frais d&#8217;homologation ou d&#8217;ex\u00e9cution. Cela se fait fr\u00e9quemment dans le cadre de la strat\u00e9gie pr\u00e9c\u00e9dente visant \u00e0 couvrir l\u2019imp\u00f4t sur les gains en capital. <\/p>\n\n\n\n<p> Maximisez votre pension; Bon nombre de ceux qui ont une pension devront d\u00e9cider s&#8217;ils souhaitent la cr\u00e9er afin que leur conjoint continue \u00e0 percevoir une pension (environ 66 \u00e0 75% de votre pension) apr\u00e8s votre d\u00e9c\u00e8s. De toute \u00e9vidence, la pension sera bien moins ch\u00e8re si vous choisissez cette option, car le r\u00e9gime de retraite devra verser de l\u2019argent pour une p\u00e9riode plus longue. Pour beaucoup, il y a des avantages \u00e0 prendre une pension plus \u00e9lev\u00e9e (l\u00e0 o\u00f9 elle s&#8217;arr\u00eate quand vous mourez) et \u00e0 souscrire un contrat d&#8217;assurance-vie, ce qui vous procurera un capital suppl\u00e9mentaire lorsque vous mourrez pour que votre conjoint puisse vivre. <\/p>\n\n\n\n<p> Bien que la r\u00e9duction des imp\u00f4ts soit un probl\u00e8me important, dans de nombreux cas, ce n\u2019\u00e9tait pas le plus important. Parmi les autres probl\u00e8mes abord\u00e9s: <\/p>\n\n\n\n<ul class=\"oepl_listing wp-block-list\"><li> Les primes peuvent rester inchang\u00e9es pendant toute la dur\u00e9e de votre contrat. <\/li><li> Une partie de vos primes accumul\u00e9es avec imp\u00f4t diff\u00e9r\u00e9 (valeur de rachat) peut \u00eatre emprunt\u00e9e \u00e0 des taux avantageux ou retir\u00e9e *. Vous pouvez \u00e9galement contracter un emprunt aupr\u00e8s d\u2019une banque, le contrat constituant la garantie. <\/li><li> Vous pouvez utiliser les valeurs de rachat sous-jacentes de la police pour aider \u00e0 compl\u00e9ter la retraite, les d\u00e9penses universitaires et d\u2019autres besoins futurs en liquidit\u00e9s gr\u00e2ce aux pr\u00eats et retraits susmentionn\u00e9s. <\/li><li> Pour que votre conjoint ait suffisamment d\u2019argent pour prendre sa retraite, m\u00eame si vous d\u00e9pensez plus que pr\u00e9vu, c\u2019est la raison pour laquelle j\u2019ai souscrit une police permanente: \u00abJe voulais faire en sorte que mon \u00e9pouse ou mon conjoint dispose de suffisamment d\u2019argent quand je meurs profiter de sa retraite ind\u00e9pendamment de ce que nous d\u00e9pensons \u00e0 la retraite &#8220;<\/li><li> Garantir que vous laisserez de l\u2019argent aux enfants &#8211; cela leur permettra d\u2019\u00eatre exempts d\u2019imp\u00f4t et d\u2019homologation si les b\u00e9n\u00e9ficiaires sont correctement install\u00e9s. <\/li><li> Comment structurer les choses de mani\u00e8re \u00e0 ce que la seconde \u00e9pouse ou le second mari ne d\u00e9pouille pas des avoirs qu\u2019ils d\u00e9sirent obtenir de leurs enfants actuels, en veillant \u00e0 ce que, si un enfant est mari\u00e9 et qu\u2019il n\u2019ait pas \u00e9t\u00e9 \u00e9tabli que la succession avait encore lieu avec leur enfant. Les raisons pour choisir ce type d\u2019assurance suivent <\/li><li> Laisser de l&#8217;argent \u00e0 un organisme de bienfaisance &#8211; il existe des strat\u00e9gies fiscales tr\u00e8s int\u00e9ressantes concernant les dons de bienfaisance. <\/li><\/ul>\n\n\n\n<p> Ce ne sont l\u00e0 que quelques-unes des utilisations des strat\u00e9gies permanentes. Ils peuvent \u00e9galement \u00eatre configur\u00e9s de mani\u00e8re \u00e0 ce que les primes ne soient pay\u00e9es que pendant un certain nombre d&#8217;ann\u00e9es, g\u00e9n\u00e9ralement entre 1 et 20 ans apr\u00e8s la totalit\u00e9 du contrat ou les fonds suffisants pour payer les primes \u00e0 vie. <\/p>\n\n\n\n<p> <strong> Bien que certaines utilisations de l&#8217;assurance permanente, telles que la fourniture d&#8217;argent suppl\u00e9mentaire \u00e0 un \u00eatre cher, soient relativement simples, il est recommand\u00e9 de faire appel \u00e0 un courtier d&#8217;assurance-vie ind\u00e9pendant dans la plupart des situations, car de nombreuses options ne sont g\u00e9n\u00e9ralement pas connues des utilisateurs. le grand public et m\u00eame les professionnels de la finance, tels que les comptables et les avocats, risquent de ne pas conna\u00eetre certains d\u2019entre eux. <br> <\/strong> <\/p>\n\n\n\n<p> Ces types de strat\u00e9gies pr\u00e9sentent des avantages r\u00e9els et doivent \u00eatre prises en compte. Vous \u00eates sur le point de vous inscrire pour payer beaucoup d&#8217;argent pendant plusieurs ann\u00e9es, alors assurez-vous d&#8217;obtenir de bons conseils. <\/p>\n\n\n\n<p> <strong> Si vous \u00eates au Qu\u00e9bec, \u00e9crivez-nous \u00e0 <a href=\"mailto:broker@delsangroup.com\"> broker@delsangroup.com <\/a> avec votre date de naissance, sexe, fumeur ou non, et le montant que vous souhaitez que nous citions et nous vous contacterons. <\/strong> <\/p>\n\n\n\n<p> <strong class=\"pageTitles\"> Le groupe Delsan est \u00e0 votre service pour r\u00e9pondre \u00e0 vos besoins en mati\u00e8re de services financiers, de s\u00e9curit\u00e9 financi\u00e8re et de conseil. <\/strong> <\/p>\n\n\n\n<p> <strong> Pour plus d&#8217;informations, <a href=\"\/contact-us\"> contactez le groupe Delsan <\/a>. <\/strong> <!-- -: ---> <\/p>\n","protected":false},"excerpt":{"rendered":"<p>Environ 40% de l&#8217;assurance vie vendue est une assurance permanente. Ce type d\u2019assurance-vie accumule une valeur de rachat; il est permanent et est g\u00e9n\u00e9ralement port\u00e9 \u00e0 vie. Vous payez des primes pour maintenir la police en vigueur. Une partie de votre prime va \u00e0 la compagnie d\u2019assurance pour l\u2019\u00e9l\u00e9ment capital d\u00e9c\u00e8s de la police. En [&hellip;]<\/p>\n","protected":false},"author":2,"featured_media":0,"parent":2276,"menu_order":0,"comment_status":"closed","ping_status":"closed","template":"","meta":{"_acf_changed":false,"footnotes":""},"class_list":["post-2326","page","type-page","status-publish","hentry","entry"],"acf":[],"jetpack_sharing_enabled":true,"_links":{"self":[{"href":"https:\/\/delsangroup.com\/fr\/wp-json\/wp\/v2\/pages\/2326","targetHints":{"allow":["GET"]}}],"collection":[{"href":"https:\/\/delsangroup.com\/fr\/wp-json\/wp\/v2\/pages"}],"about":[{"href":"https:\/\/delsangroup.com\/fr\/wp-json\/wp\/v2\/types\/page"}],"author":[{"embeddable":true,"href":"https:\/\/delsangroup.com\/fr\/wp-json\/wp\/v2\/users\/2"}],"replies":[{"embeddable":true,"href":"https:\/\/delsangroup.com\/fr\/wp-json\/wp\/v2\/comments?post=2326"}],"version-history":[{"count":6,"href":"https:\/\/delsangroup.com\/fr\/wp-json\/wp\/v2\/pages\/2326\/revisions"}],"predecessor-version":[{"id":3354,"href":"https:\/\/delsangroup.com\/fr\/wp-json\/wp\/v2\/pages\/2326\/revisions\/3354"}],"up":[{"embeddable":true,"href":"https:\/\/delsangroup.com\/fr\/wp-json\/wp\/v2\/pages\/2276"}],"wp:attachment":[{"href":"https:\/\/delsangroup.com\/fr\/wp-json\/wp\/v2\/media?parent=2326"}],"curies":[{"name":"wp","href":"https:\/\/api.w.org\/{rel}","templated":true}]}}