{"id":2322,"date":"2019-04-30T03:02:17","date_gmt":"2019-04-30T03:02:17","guid":{"rendered":"http:\/\/new2019.delsangroup.com\/?page_id=2322"},"modified":"2019-07-26T07:08:49","modified_gmt":"2019-07-26T07:08:49","slug":"universel-vs-vie-entiere","status":"publish","type":"page","link":"https:\/\/delsangroup.com\/fr\/nos-produits\/assurance-vie\/universel-vs-vie-entiere\/","title":{"rendered":"Universel VS vie enti\u00e8re"},"content":{"rendered":"\n<p> <strong> <span class=\"whiteSubTitles2\"> Diff\u00e9rences entre la vie universelle et la vie enti\u00e8re. <\/span> <br> <br> <\/strong> L&#8217;utilisation de polices d&#8217;assurance vie universelle peut \u00eatre b\u00e9n\u00e9fique pour ceux qui avaient \u00e9puis\u00e9 leurs limites de REER ou dont le revenu imposable \u00e9tait si bas qu\u2019ils n\u2019avaient pas obtenu de cr\u00e9dit d\u2019imp\u00f4t significatif pour leurs contributions \u00e0 un REER. <br> <br> Premi\u00e8rement, les polices d\u2019assurance vie enti\u00e8re et universelle comportent essentiellement quatre volets. <strong> <br> <br> <span class=\"pageSubHeaders\"> Co\u00fbt de la mortalit\u00e9 <\/span> <\/strong>: la partie du d\u00e9p\u00f4t qui couvre le co\u00fbt pur de la prestation de d\u00e9c\u00e8s de l&#8217;assurance vie. Nous recommandons que ce co\u00fbt d&#8217;assurance soit \u00e9gal ou identique sur toute la vie de l&#8217;assur\u00e9. <strong> <br> <br> <span class=\"pageSubHeaders\"> Frais d&#8217;administration <\/span> <\/strong>: il s&#8217;agit des frais d&#8217;administration du contrat et de la taxe sur les primes. <strong> <br> <br> <span class=\"pageSubHeaders\"> \u00c9pargne et investissement. <\/span> <\/strong> Voici ce qui reste de votre d\u00e9p\u00f4t apr\u00e8s les deux frais susmentionn\u00e9s: le co\u00fbt de l&#8217;assurance et les frais d&#8217;administration sont d\u00e9duits. On vous aura fourni une illustration de la croissance de votre \u00e9pargne &#8211; elle est souvent appel\u00e9e \u00abvaleur de rachat\u00bb, \u00abvaleur du fonds\u00bb ou \u00abvaleur de rachat\u00bb de votre contrat. <strong> <br> <br> <span class=\"pageSubHeaders\"> Retour sur l&#8217;\u00e9pargne <\/span> <\/strong>: il s&#8217;agit du taux d&#8217;int\u00e9r\u00eat cr\u00e9dit\u00e9 \u00e0 la valeur en esp\u00e8ces de votre compte chaque ann\u00e9e. <br> <br> En outre, certaines strat\u00e9gies garantissent que les <strong> co\u00fbts susmentionn\u00e9s ne changeront pas <\/strong> et <strong> un retour sur investissement minimal. <\/strong> <br> <br> Les polices d&#8217;assurance vie enti\u00e8re ont \u00e9t\u00e9 con\u00e7ues pour fournir une assurance permanente (du type que vous envisagez d&#8217;avoir \u00e0 votre d\u00e9c\u00e8s), ainsi que des composantes d&#8217;\u00e9pargne garantie et non garantie moyennant une prime mensuelle unique. Beaucoup de ce produit a \u00e9t\u00e9 vendu au fil des ans. <strong> <br> <br> L\u2019assurance vie enti\u00e8re a un niveau de co\u00fbt d\u2019assurance o\u00f9 les co\u00fbts n\u2019augmentent pas chaque ann\u00e9e <\/strong> &#8211; ce que vous payez la premi\u00e8re ann\u00e9e est identique \u00e0 celui de l\u2019ann\u00e9e pr\u00e9c\u00e9dente, mais ce ne pas divulguer le co\u00fbt de l&#8217;assurance. Ils ne divulguent pas non plus les co\u00fbts administratifs. Une fois que le \u00abco\u00fbt de l\u2019assurance\u00bb et les \u00abfrais d\u2019administration\u00bb sont couverts, le solde de la prime correspond \u00e0 la partie \u00e9pargne ou investissement. Le rendement de la partie \u00e9pargne ou investissement d\u00e9pend des int\u00e9r\u00eats et des produits de placement exc\u00e9dentaires, des \u00e9conomies en co\u00fbts de mortalit\u00e9 et en frais d\u2019exploitation, ainsi que de la volont\u00e9 du &#8220;conseil d\u2019administration de la compagnie d\u2019assurance&#8221; concernant les dividendes d\u2019un contrat avec participation. ce qu&#8217;ils vont payer. <br> <br> Pour r\u00e9sumer, la vie enti\u00e8re a l\u2019avantage d\u2019avoir un rendement minimum garanti (valeur au comptant) et une prime de niveau garanti, mais les polices ne divulguent pas le co\u00fbt de l\u2019assurance, les frais d\u2019administration ou la ils calculent le rendement de votre part d&#8217;\u00e9pargne. <strong> Vous ne pouvez pas choisir o\u00f9 l&#8217;argent est investi et ils ne divulguent pas le rendement de votre argent. <\/strong> Vous aurez une illustration montrant une &#8220;valeur de rachat&#8221; garantie et une autre valeur de rachat ne refl\u00e9tant aucun rendement projet\u00e9 garanti. . D&#8217;autre part, les primes sont garanties et leur valeur de rachat est g\u00e9n\u00e9ralement garantie. <strong> <br> <br> Les polices d\u2019assurance vie universelle ont \u00e9t\u00e9 con\u00e7ues pour apporter une r\u00e9ponse \u00e0 la notion selon laquelle vous devez &#8220;acheter une assurance temporaire et investir la diff\u00e9rence&#8221;. <\/strong> Avec l\u2019avantage suppl\u00e9mentaire de gagner de l&#8217;argent En outre, il fournit une r\u00e9ponse \u00e0 certaines des plaintes relatives au fait que Whole Life Insurance n\u2019indique pas comment la prime est r\u00e9partie entre le co\u00fbt de l\u2019assurance, les frais d\u2019administration et la partie investissement et fournit les options de placement que vous pouvez choisir. <br> <br> Dans une <strong> police d&#8217;assurance vie universelle <\/strong>, les <strong> charges de mortalit\u00e9 sont divulgu\u00e9es <\/strong> et Des <strong> frais d&#8217;administration sont \u00e9galement identifi\u00e9s <\/strong> et ont souvent la garantie de ne pas changer pendant la dur\u00e9e de la police. Ils se situent g\u00e9n\u00e9ralement entre 100 et 125 dollars par an. En cons\u00e9quence, le co\u00fbt de l&#8217;assurance et les co\u00fbts administratifs peuvent \u00eatre indiqu\u00e9s sur l&#8217;illustration, mais ils sont g\u00e9n\u00e9ralement exprim\u00e9s en YRT (terme renouvelable tous les ans), ce qui signifie que les primes ne sont pas garanties, mais il existe \u00e9galement des polices \u00e0 niveau de prime garanti. <br><br> Ce sont les options de placement dans une police d&#8217;assurance vie universelle qui se sont consid\u00e9rablement d\u00e9velopp\u00e9es au cours des derni\u00e8res ann\u00e9es. Bien que certaines des anciennes politiques n&#8217;indiquent pas comment les rendements ont \u00e9t\u00e9 calcul\u00e9s, les <strong> plus r\u00e9centes offrent une liste d&#8217;options de placement pr\u00e9sentant des similitudes avec les fonds communs de placement. <\/strong> En fait, certaines sont con\u00e7ues pour g\u00e9n\u00e9rer des rendements qui refl\u00e8tent bien connus des fonds communs de placement et ils sont g\u00e9r\u00e9s par des gestionnaires de fonds communs de placement. Les exemples incluent les comptes indiciels standard et m\u00e9diocres, les comptes indiciels canadiens, les comptes indiciels d&#8217;actions canadiennes et am\u00e9ricaines, les comptes indiciels d&#8217;obligations et les comptes de type CPG de 1, 5 et 10 ans. <br><br> Les rendements d&#8217;une police d&#8217;assurance sont g\u00e9n\u00e9ralement l\u00e9g\u00e8rement inf\u00e9rieurs \u00e0 ceux des fonds communs de placement, mais ils pr\u00e9sentent quatre avantages importants par rapport aux fonds communs de placement. <br><br> <strong> 1) <\/strong> Les fonds deviennent des fonds libres d\u2019imp\u00f4t &#8211; vous ne payez aucun imp\u00f4t sur le revenu sur la croissance. Cela ressemble \u00e0 un REER; Cependant, contrairement aux REER, il existe des moyens d\u2019utiliser l\u2019argent sur une base tr\u00e8s avantageuse sur le plan fiscal. <\/p>\n\n\n\n<p> <strong> 2) <\/strong> Vous pouvez investir 100% de la composante \u00e9pargne \/ investissement dans un indice dont les rendements sont bas\u00e9s sur le rendement d&#8217;un indice \u00e0 l&#8217;ext\u00e9rieur du Canada. Les options comprennent les indices S &amp; P, les indices d&#8217;actions am\u00e9ricaines et mondiales et les indices d&#8217;obligations. Certains indices sont directement li\u00e9s \u00e0 la performance de fonds communs de placement bien connus, une seule politique offrant l\u2019acc\u00e8s \u00e0 des indices \u00e9mulant plus de 400 <\/p>\n\n\n\n<p> <strong> 3) <\/strong> Les fonds sont &#8220;prot\u00e9g\u00e9s du cr\u00e9ancier&#8221; si la strat\u00e9gie est correctement configur\u00e9e. Les cr\u00e9anciers ne peuvent pas avoir acc\u00e8s aux fonds contenus dans cette politique, ce qui est important pour de nombreux propri\u00e9taires d\u2019entreprise et autres personnes qui s\u2019inqui\u00e8tent des poursuites judiciaires. <\/p>\n\n\n\n<p> <strong> 4) <\/strong> Si la police est correctement configur\u00e9e, l&#8217;int\u00e9gralit\u00e9 du compte de placement, ainsi que la valeur nominale de la police d&#8217;assurance, est exempte d&#8217;imp\u00f4t au b\u00e9n\u00e9ficiaire, au d\u00e9c\u00e8s de l&#8217;assur\u00e9. Il n&#8217;y a m\u00eame pas de frais d&#8217;homologation. La m\u00eame chose s\u2019applique \u00e0 une police d\u2019assurance vie enti\u00e8re, mais la valeur de rachat peut ou non \u00eatre pay\u00e9e en plus de la valeur nominale en fonction du type de police d\u2019assurance vie enti\u00e8re. <\/p>\n\n\n\n<p> Voici un exemple de traitement fiscal diff\u00e9rent sur l&#8217;argent d&#8217;un REER et d&#8217;une police d&#8217;assurance vie universelle en cas de d\u00e9c\u00e8s. Supposons que Peter avait 100 000 $ dans la partie investissement d\u2019une police d\u2019assurance vie universelle et 100 000 $ dans un fonds commun de placement standard et est d\u00e9c\u00e9d\u00e9. L&#8217;int\u00e9gralit\u00e9 du compte de placement de 100 000 dollars serait transf\u00e9r\u00e9e aux b\u00e9n\u00e9ficiaires de Peter (\u00e0 condition qu&#8217;ils soient identifi\u00e9s dans la police), ainsi que la valeur nominale de la police sans taxes ni frais d&#8217;homologation. En outre, le ch\u00e8que pourrait \u00eatre \u00e9mis quelques jours apr\u00e8s la preuve du d\u00e9c\u00e8s. La m\u00eame chose s&#8217;applique \u00e0 la politique de toute la vie avec la prudence du point 4 ci-dessus. <br><br> Le fonds commun de placement, dot\u00e9 de 100 000 dollars, serait assujetti \u00e0 la fois \u00e0 l&#8217;imp\u00f4t sur le revenu (probablement \u00e0 un taux d&#8217;imposition d&#8217;environ 43%) et \u00e0 des frais d&#8217;homologation. \u00e9t\u00e9 r\u00e9gl\u00e9. <br><br> Les experts affirment que les polices d&#8217;assurance vie universelle sont utilis\u00e9es autant pour la planification successorale que pour r\u00e9pondre aux besoins traditionnels en mati\u00e8re d&#8217;assurance. Il existe de nombreuses strat\u00e9gies d&#8217;\u00e9conomie d&#8217;imp\u00f4t et de planification successorale utilisant ce type d&#8217;assurance. <br><br> Il peut \u00eatre avantageux de ne plus cotiser \u00e0 un REER si vous croyez que vous disposez d\u00e9j\u00e0 de suffisamment de fonds du REER pour la retraite et que vous \u00e9tablissez une police d&#8217;assurance vie universelle. Il convient de noter que le processus de planification de la retraite et de la planification successorale devrait \u00eatre pris en compte pour d\u00e9terminer si cette strat\u00e9gie pr\u00e9senterait des avantages, puis \u00e0 quel moment. <br><br> La valeur nominale de la police peut couvrir les taxes de succession anticip\u00e9es, tandis que la composante \u00e9pargne cro\u00eet en franchise d&#8217;imp\u00f4t et sera transmise \u00e0 vos b\u00e9n\u00e9ficiaires sans les frais d&#8217;homologation et les 50% d&#8217;imp\u00f4ts que les fonds de REER connaissent. . Vous pouvez toujours obtenir l&#8217;argent dans la partie \u00e9pargne si cela devient n\u00e9cessaire, mais sur une base nettement favoris\u00e9e sur le plan fiscal par rapport au retrait d&#8217;argent d&#8217;un REER. L&#8217;inconv\u00e9nient est que vous n&#8217;avez pas le cr\u00e9dit d&#8217;imp\u00f4t que vous avez sur votre cotisation \u00e0 un REER, mais cela peut quand m\u00eame avoir du sens du point de vue de la planification successorale. <strong> <br><br> Le groupe Delsan est l\u00e0 pour vous aider \u00e0 choisir le produit qui vous convient le mieux. <br><br> <span class=\"pageTitles\"> Le groupe Delsan est \u00e0 votre service pour r\u00e9pondre \u00e0 vos besoins en mati\u00e8re de services financiers, de s\u00e9curit\u00e9 financi\u00e8re et de conseil. <\/span> <\/strong> <\/p>\n\n\n\n<p> <strong> Pour plus d&#8217;informations, <a href=\"\/contact-us\"> contactez le groupe Delsan <\/a> <\/strong> <!-- -: ---> <\/p>\n","protected":false},"excerpt":{"rendered":"<p>Diff\u00e9rences entre la vie universelle et la vie enti\u00e8re. L&#8217;utilisation de polices d&#8217;assurance vie universelle peut \u00eatre b\u00e9n\u00e9fique pour ceux qui avaient \u00e9puis\u00e9 leurs limites de REER ou dont le revenu imposable \u00e9tait si bas qu\u2019ils n\u2019avaient pas obtenu de cr\u00e9dit d\u2019imp\u00f4t significatif pour leurs contributions \u00e0 un REER. Premi\u00e8rement, les polices d\u2019assurance vie enti\u00e8re [&hellip;]<\/p>\n","protected":false},"author":2,"featured_media":0,"parent":2276,"menu_order":0,"comment_status":"closed","ping_status":"closed","template":"","meta":{"_acf_changed":false,"footnotes":""},"class_list":["post-2322","page","type-page","status-publish","hentry","entry"],"acf":[],"jetpack_sharing_enabled":true,"_links":{"self":[{"href":"https:\/\/delsangroup.com\/fr\/wp-json\/wp\/v2\/pages\/2322","targetHints":{"allow":["GET"]}}],"collection":[{"href":"https:\/\/delsangroup.com\/fr\/wp-json\/wp\/v2\/pages"}],"about":[{"href":"https:\/\/delsangroup.com\/fr\/wp-json\/wp\/v2\/types\/page"}],"author":[{"embeddable":true,"href":"https:\/\/delsangroup.com\/fr\/wp-json\/wp\/v2\/users\/2"}],"replies":[{"embeddable":true,"href":"https:\/\/delsangroup.com\/fr\/wp-json\/wp\/v2\/comments?post=2322"}],"version-history":[{"count":5,"href":"https:\/\/delsangroup.com\/fr\/wp-json\/wp\/v2\/pages\/2322\/revisions"}],"predecessor-version":[{"id":3327,"href":"https:\/\/delsangroup.com\/fr\/wp-json\/wp\/v2\/pages\/2322\/revisions\/3327"}],"up":[{"embeddable":true,"href":"https:\/\/delsangroup.com\/fr\/wp-json\/wp\/v2\/pages\/2276"}],"wp:attachment":[{"href":"https:\/\/delsangroup.com\/fr\/wp-json\/wp\/v2\/media?parent=2322"}],"curies":[{"name":"wp","href":"https:\/\/api.w.org\/{rel}","templated":true}]}}