{"id":2320,"date":"2019-04-30T02:59:52","date_gmt":"2019-04-30T02:59:52","guid":{"rendered":"http:\/\/new2019.delsangroup.com\/?page_id=2320"},"modified":"2024-12-17T16:19:22","modified_gmt":"2024-12-17T16:19:22","slug":"assurance-vie-universelle","status":"publish","type":"page","link":"https:\/\/delsangroup.com\/fr\/nos-produits\/assurance-vie\/assurance-vie-universelle\/","title":{"rendered":"Assurance vie universelle"},"content":{"rendered":"\n<p> <span class=\"whiteSubTitles2\"> Les polices d\u2019assurance vie universelle ont \u00e9t\u00e9 con\u00e7ues pour r\u00e9pondre \u00e0 la notion selon laquelle vous devez &#8220;souscrire une assurance temporaire et investir la diff\u00e9rence&#8221;; en investissant dans une police d\u2019assurance, il a l\u2019avantage suppl\u00e9mentaire de prot\u00e9ger le revenu de l\u2019investissement. <\/span> <br> <br> En outre, les polices d&#8217;assurance vie universelle apportent une r\u00e9ponse \u00e0 certaines des plaintes concernant le manquement de Whole Life Insurance \u00e0 divulguer comment la prime est r\u00e9partie entre le co\u00fbt de l&#8217;assurance, les frais d&#8217;administration et la partie investissement et fournir des options de placement que vous pouvez choisir. <\/p>\n\n\n\n<p> La vie universelle a \u00e9t\u00e9 cr\u00e9\u00e9e pour les personnes qui souhaitent \u00eatre assur\u00e9es et qui investissent en m\u00eame temps l\u2019autre partie de l\u2019argent tout en gardant le contr\u00f4le de leur investissement, avec l\u2019avantage de l\u2019investir dans un v\u00e9hicule \u00e0 l\u2019abri de l\u2019imp\u00f4t,  il offre plus de flexibilit\u00e9 que toute la vie en permettant au titulaire de transf\u00e9rer de l\u2019argent entre les composantes assurance et \u00e9pargne de la police et de choisir le type de placement de l\u2019argent \u00e0 investir. En outre, les principales diff\u00e9rences en mati\u00e8re d\u2019investissement entre cet arrangement et les investissements individuels sont les avantages fiscaux et les frais qui accompagnent la police d\u2019assurance. <\/p>\n\n\n\n<p> Le fonctionnement interne du processus d\u2019investissement est ouvertement pr\u00e9sent\u00e9 au titulaire, les primes sont principalement variables et sont ventil\u00e9es par la compagnie d\u2019assurance entre assurances et \u00e9pargne. Le titulaire peut donc ajuster les proportions de la police en fonction de facteurs externes. conditions. Si les \u00e9pargnes rapportent peu, elles peuvent dans la plupart des polices \u00eatre transf\u00e9r\u00e9es vers d\u2019autres fonds de placement, ou l\u2019argent pourrait \u00eatre utilis\u00e9 pour payer les primes au lieu d\u2019injecter plus d\u2019argent. Si le d\u00e9tenteur reste assurable, la prime peut \u00eatre plus importante. appliqu\u00e9 pour acheter plus d&#8217;assurance, augmentant la prestation de d\u00e9c\u00e8s. <\/p>\n\n\n\n<p> La vie universelle est une combinaison de couverture \u00e0 terme et de ce que l\u2019on pourrait \u00e9galement consid\u00e9rer comme un compte d\u2019investissement et un compte d\u2019\u00e9pargne pour payer les futures primes \u00e0 terme plus \u00e9lev\u00e9. En g\u00e9n\u00e9ral, vous couvrez trop la couverture dans les premi\u00e8res ann\u00e9es et une plus grande partie des paiements est destin\u00e9e \u00e0 un compte de placement accumul\u00e9. Ensuite, les ann\u00e9es suivantes, lorsque les d\u00e9p\u00f4ts de primes deviennent insuffisants pour payer les primes d\u2019assurance temporaire (le co\u00fbt de base de l\u2019assurance \u00e0 cet \u00e2ge), de l\u2019argent est pr\u00e9lev\u00e9 sur la partie \u00e9pargne pour payer ce qui est n\u00e9cessaire. <strong> Si vos \u00e9conomies sont nulles, les primes doivent augmenter ou la couverture devient caduque. <\/strong> <\/p>\n\n\n\n<p> Dans la vie universelle, la valeur de rachat des placements augmente \u00e0 un taux variable, ajust\u00e9 mensuellement. Il y a g\u00e9n\u00e9ralement un taux de rendement minimum. Ces modifications du r\u00e9gime d\u2019int\u00e9r\u00eats permettent au titulaire de tirer parti de la hausse des taux d\u2019int\u00e9r\u00eat. <strong> Le risque est que la baisse des taux d\u2019int\u00e9r\u00eat entra\u00eene l\u2019augmentation des primes et m\u00eame la d\u00e9ch\u00e9ance du contrat si les int\u00e9r\u00eats ne permettent plus de payer une partie des co\u00fbts de l\u2019assurance. <\/strong> <\/p>\n\n\n\n<p> Cette couverture est similaire \u00e0 la vie enti\u00e8re <strong> uniquement <\/strong> en ce sens qu&#8217;elle est con\u00e7ue pour \u00eatre conserv\u00e9e toute la vie. <strong class=\"pageSubHeaders\"> La police universelle transf\u00e8re essentiellement le risque de placement de l&#8217;assureur au propri\u00e9taire de la police <\/strong>, qui dispose d&#8217;une s\u00e9lection de &#8220;sous-comptes&#8221;, pouvant parfois atteindre 50 ou plus, qu&#8217;un titulaire de police peut utiliser pour &#8220;investir&#8221; des primes de police exc\u00e9dentaires non n\u00e9cessaires pour payer la composante assurance-vie temporaire de la police. Vous pouvez faire mieux, \u00e0 peu pr\u00e8s autant ou pire que l\u2019assureur avec vos fonds, mais vous avez le contr\u00f4le. Si vous le souhaitez, vous pouvez modifier votre tol\u00e9rance au risque de agressif \u00e0 conservateur dans la plupart des cas, que ce soit par un appel t\u00e9l\u00e9phonique ou en acc\u00e9dant \u00e0 un compte en ligne. <\/p>\n\n\n\n<p> <span class=\"pageSubHeaders\"> Conseil mon\u00e9taire 1: <\/span> Les strat\u00e9gies universelles reposent souvent sur des hypoth\u00e8ses concernant les rendements que vous obtiendrez au sein de la strat\u00e9gie. Pour la vie universelle ou les dividendes qui font partie de la vie enti\u00e8re, ceux-ci ne sont g\u00e9n\u00e9ralement pas garantis (\u00e0 l\u2019exception de la partie Valeur garantie dans une police vie enti\u00e8re), veillez donc \u00e0 ce qu\u2019ils soient raisonnables et comprenez que, s\u2019ils ne sont pas atteints, le r\u00e9sultat pourrait \u00eatre tr\u00e8s diff\u00e9rent de l&#8217;illustration. Demandez \u00e0 voir plusieurs illustrations avec diff\u00e9rentes hypoth\u00e8ses afin de comprendre ce qui pourrait arriver. <\/p>\n\n\n\n<p> <span class=\"pageSubHeaders\"> Astuce Money 2: <\/span> Les polices d&#8217;assurance vie universelles incluent \u00e9galement divers bonus pouvant augmenter les rendements de 1,5% ou plus dans certaines circonstances. Ces circonstances sont g\u00e9n\u00e9ralement li\u00e9es au montant que vous investissez dans la politique (appel\u00e9 financement) et \u00e0 la dur\u00e9e de validit\u00e9 de la politique. Il existe des diff\u00e9rences tr\u00e8s importantes entre les entreprises, alors demandez \u00e0 voir des illustrations de plusieurs entreprises. <\/p>\n\n\n\n<p> <span class=\"pageSubHeaders\"> Astuce Money 3: <\/span> Les polices d&#8217;assurance vie universelle peuvent permettre d&#8217;acheter des avenants comme l&#8217;assurance contre les maladies graves ou l&#8217;assurance d\u00e9pendance et l&#8217;assurance temporaire. Cela peut pr\u00e9senter de r\u00e9els avantages fiscaux si vous \u00eates en mesure de sur-financer la police ou si vous avez un gros montant \u00e0 mettre dans la politique pour commencer. Les fonds d&#8217;une vie universelle croissent sans imp\u00f4t sur les b\u00e9n\u00e9fices. Si vous payez pour ces autres polices avec des fonds en dehors d&#8217;une police d&#8217;assurance vie universelle, vous devez payer des imp\u00f4ts sur le revenu avant de payer les primes. <\/p>\n\n\n\n<p><span class=\"pageSubHeaders\">Conseil n \u00b0 4: <\/span> Certaines soci\u00e9t\u00e9s proposent d\u00e9sormais des tarifs pr\u00e9f\u00e9rentiels pour les polices d&#8217;assurance vie universelle. Si vous remplissez les conditions requises, les \u00e9conomies r\u00e9alis\u00e9es peuvent \u00eatre consid\u00e9rables. De plus, certaines entreprises consid\u00e8rent que les fumeurs de pipes et de cigares sont des non-fumeurs. <\/p>\n\n\n\n<p>Bien que certains avantages de l&#8217;assurance permanente, tels que la fourniture d&#8217;argent suppl\u00e9mentaire \u00e0 un proche, soient relativement simples, il est recommand\u00e9 de faire appel \u00e0 un courtier d&#8217;assurance-vie ind\u00e9pendant dans la plupart des situations, car de nombreuses options ne sont g\u00e9n\u00e9ralement pas connues du grand public et m\u00eame les professionnels de la finance tels que les comptables et les avocats peuvent ne pas conna\u00eetre certains d\u2019entre eux. <\/p>\n\n\n\n<p><strong>Si vous \u00eates au Qu\u00e9bec, \u00e9crivez-nous \u00e0 <a href=\"mailto:broker@delsangroup.com\"> broker@delsangroup.com <\/a> avec votre date de naissance, sexe, fumeur ou non, et le montant que vous souhaitez que nous citions et nous vous contacterons. <\/strong> <\/p>\n\n\n\n<p><span class=\"pageTitles\">Le groupe Delsan est \u00e0 votre service pour r\u00e9pondre \u00e0 vos besoins en mati\u00e8re de services financiers, de s\u00e9curit\u00e9 financi\u00e8re et de conseil. <\/span>  <\/p>\n\n\n\n<p><strong>Pour plus d&#8217;informations, <a href=\"\/contact-us\"> contactez le groupe Delsan <\/a>. <\/strong> <span class=\"pageTitles\"> <br> <\/span> <\/p>\n","protected":false},"excerpt":{"rendered":"<p>Les polices d\u2019assurance vie universelle ont \u00e9t\u00e9 con\u00e7ues pour r\u00e9pondre \u00e0 la notion selon laquelle vous devez &#8220;souscrire une assurance temporaire et investir la diff\u00e9rence&#8221;; en investissant dans une police d\u2019assurance, il a l\u2019avantage suppl\u00e9mentaire de prot\u00e9ger le revenu de l\u2019investissement. En outre, les polices d&#8217;assurance vie universelle apportent une r\u00e9ponse \u00e0 certaines des plaintes [&hellip;]<\/p>\n","protected":false},"author":2,"featured_media":0,"parent":2276,"menu_order":0,"comment_status":"closed","ping_status":"closed","template":"","meta":{"_acf_changed":false,"footnotes":""},"class_list":["post-2320","page","type-page","status-publish","hentry","entry"],"acf":[],"jetpack_sharing_enabled":true,"_links":{"self":[{"href":"https:\/\/delsangroup.com\/fr\/wp-json\/wp\/v2\/pages\/2320","targetHints":{"allow":["GET"]}}],"collection":[{"href":"https:\/\/delsangroup.com\/fr\/wp-json\/wp\/v2\/pages"}],"about":[{"href":"https:\/\/delsangroup.com\/fr\/wp-json\/wp\/v2\/types\/page"}],"author":[{"embeddable":true,"href":"https:\/\/delsangroup.com\/fr\/wp-json\/wp\/v2\/users\/2"}],"replies":[{"embeddable":true,"href":"https:\/\/delsangroup.com\/fr\/wp-json\/wp\/v2\/comments?post=2320"}],"version-history":[{"count":5,"href":"https:\/\/delsangroup.com\/fr\/wp-json\/wp\/v2\/pages\/2320\/revisions"}],"predecessor-version":[{"id":3353,"href":"https:\/\/delsangroup.com\/fr\/wp-json\/wp\/v2\/pages\/2320\/revisions\/3353"}],"up":[{"embeddable":true,"href":"https:\/\/delsangroup.com\/fr\/wp-json\/wp\/v2\/pages\/2276"}],"wp:attachment":[{"href":"https:\/\/delsangroup.com\/fr\/wp-json\/wp\/v2\/media?parent=2320"}],"curies":[{"name":"wp","href":"https:\/\/api.w.org\/{rel}","templated":true}]}}