{"id":2316,"date":"2019-04-30T02:52:47","date_gmt":"2019-04-30T02:52:47","guid":{"rendered":"http:\/\/new2019.delsangroup.com\/?page_id=2316"},"modified":"2024-12-17T16:19:21","modified_gmt":"2024-12-17T16:19:21","slug":"assurance-permanente","status":"publish","type":"page","link":"https:\/\/delsangroup.com\/fr\/nos-produits\/assurance-vie\/assurance-permanente\/","title":{"rendered":"Assurance permanente"},"content":{"rendered":"<p>Il existe essentiellement deux types de polices d\u2019assurance vie: temporaire et permanente. concentrons-nous ici sur l&#8217;assurance-vie permanente.<\/p>\n<p>Aussi attrayant que l&#8217;assurance temporaire puisse \u00eatre due \u00e0 la r\u00e9duction des co\u00fbts, il est important de r\u00e9aliser que la plupart des besoins en assurance n\u00e9cessiteront une couverture permanente.<\/p>\n<p>Pourquoi? Parce qu&#8217;une assurance temporaire ou temporaire ne peut \u00eatre renouvel\u00e9e apr\u00e8s environ 80 ans ou avec certaines entreprises \u00e0 85 ans, donc si vous d\u00e9c\u00e9dez apr\u00e8s cet \u00e2ge, la police ne vous aidera pas du tout.<\/p>\n<p>De m\u00eame, dans la plupart des cas, si vous conservez l&#8217;assurance temporaire pendant une p\u00e9riode plus longue, le co\u00fbt total sera finalement plus \u00e9lev\u00e9 que si vous souscriviez \u00e0 une police permanente en premier lieu.<\/p>\n<p>Bien s\u00fbr, si l\u2019assurance vie a pour objet de r\u00e9pondre \u00e0 un besoin temporaire (par exemple, couvrir le montant des pr\u00eats dus ou pour enfants mineurs), l\u2019assurance temporaire conviendra souvent, mais bon nombre des raisons pour lesquelles vous pourriez acheter l&#8217;assurance vie n\u00e9cessitera une assurance permanente.<\/p>\n<p>L\u2019assurance vie permanente se divise en trois types: assurance temporaire, assurance vie enti\u00e8re et vie universelle. Dans cette page, le sujet \u00e0 traiter est T-100 (voir la page de la vie enti\u00e8re et la page de la vie universelle pour plus d&#8217;informations sur leurs avantages profonds)<\/p>\n<p>L&#8217;assurance temporaire jusqu&#8217;\u00e0 100 ans reste en vigueur jusqu&#8217;\u00e0 votre d\u00e9c\u00e8s, quel que soit votre \u00e2ge, tant que vous payez vos primes.<\/p>\n<p>Ne laissez pas le nom &#8220;Term-to-100&#8221; vous embrouiller. Cela ne signifie pas que l&#8217;assurance ne dure que jusqu&#8217;\u00e0 l&#8217;\u00e2ge de 100 ans. La couverture dure toute la vie. Cependant, \u00e0 l&#8217;\u00e2ge de 100 ans, de nombreux assureurs vous donneront une pause, vous n&#8217;aurez plus \u00e0 payer de primes.<\/p>\n<p>Vous pouvez plut\u00f4t mettre cet argent dans une grande f\u00eate pour votre centi\u00e8me anniversaire. Dans le cas d&#8217;une police d&#8217;une dur\u00e9e de vie jusqu&#8217;\u00e0 100 ans, aucune composante d&#8217;investissement ne s&#8217;accumule au fil du temps, comme dans les polices de termes ordinaires.<\/p>\n","protected":false},"excerpt":{"rendered":"<p>Il existe essentiellement deux types de polices d\u2019assurance vie: temporaire et permanente. concentrons-nous ici sur l&#8217;assurance-vie permanente. Aussi attrayant que l&#8217;assurance temporaire puisse \u00eatre due \u00e0 la r\u00e9duction des co\u00fbts, il est important de r\u00e9aliser que la plupart des besoins en assurance n\u00e9cessiteront une couverture permanente. Pourquoi? Parce qu&#8217;une assurance temporaire ou temporaire ne peut [&hellip;]<\/p>\n","protected":false},"author":2,"featured_media":0,"parent":2276,"menu_order":0,"comment_status":"closed","ping_status":"closed","template":"","meta":{"_acf_changed":false,"footnotes":""},"class_list":["post-2316","page","type-page","status-publish","hentry","entry"],"acf":[],"jetpack_sharing_enabled":true,"_links":{"self":[{"href":"https:\/\/delsangroup.com\/fr\/wp-json\/wp\/v2\/pages\/2316","targetHints":{"allow":["GET"]}}],"collection":[{"href":"https:\/\/delsangroup.com\/fr\/wp-json\/wp\/v2\/pages"}],"about":[{"href":"https:\/\/delsangroup.com\/fr\/wp-json\/wp\/v2\/types\/page"}],"author":[{"embeddable":true,"href":"https:\/\/delsangroup.com\/fr\/wp-json\/wp\/v2\/users\/2"}],"replies":[{"embeddable":true,"href":"https:\/\/delsangroup.com\/fr\/wp-json\/wp\/v2\/comments?post=2316"}],"version-history":[{"count":4,"href":"https:\/\/delsangroup.com\/fr\/wp-json\/wp\/v2\/pages\/2316\/revisions"}],"predecessor-version":[{"id":3349,"href":"https:\/\/delsangroup.com\/fr\/wp-json\/wp\/v2\/pages\/2316\/revisions\/3349"}],"up":[{"embeddable":true,"href":"https:\/\/delsangroup.com\/fr\/wp-json\/wp\/v2\/pages\/2276"}],"wp:attachment":[{"href":"https:\/\/delsangroup.com\/fr\/wp-json\/wp\/v2\/media?parent=2316"}],"curies":[{"name":"wp","href":"https:\/\/api.w.org\/{rel}","templated":true}]}}