{"id":2312,"date":"2019-04-30T02:50:15","date_gmt":"2019-04-30T02:50:15","guid":{"rendered":"http:\/\/new2019.delsangroup.com\/?page_id=2312"},"modified":"2019-07-26T07:05:49","modified_gmt":"2019-07-26T07:05:49","slug":"mortgage-insurance","status":"publish","type":"page","link":"https:\/\/delsangroup.com\/fr\/nos-produits\/assurance-vie\/mortgage-insurance\/","title":{"rendered":"Mortgage Insurance"},"content":{"rendered":"\n<p>\n\tLorsque vous achetez une maison et que vous contractez un emprunt hypoth\u00e9caire, il vous est toujours demand\u00e9 si vous souhaitez contracter une assurance de sorte que l&#8217;hypoth\u00e8que soit pay\u00e9e en cas de d\u00e9c\u00e8s du propri\u00e9taire, pr\u00e8s de 75% d&#8217;entre eux r\u00e9pondent par l&#8217;affirmative. % savent que cela les am\u00e8ne \u00e0 transmettre cette assurance pr\u00eat hypoth\u00e9caire?\n<\/p>\n<p>\n\tLa plupart d\u2019entre eux ont lu des articles dans des journaux et des magazines ou lu des livres qui les ont convaincus qu\u2019un contrat d\u2019assurance priv\u00e9 co\u00fbterait moins cher mais offrirait des avantages suppl\u00e9mentaires tr\u00e8s importants par rapport \u00e0 l\u2019assurance pr\u00eat hypoth\u00e9caire traditionnelle propos\u00e9e par les institutions financi\u00e8res. Le tableau suivant r\u00e9sume certaines des principales diff\u00e9rences entre les deux.\n<\/p>\n<p>\n\t<strong> Consultez ce tableau de comparaison des hypoth\u00e8ques <\/strong>\n<\/p>\n<table style=\"largeur: 100%; espacement-bordure: 0px; bordure: 0px;\">\n\t<tbody>\n\t\t<tr>\n\t\t\t<td style=\"width: 3%;\"><\/td>\n\t\t\t<td style=\"width: 45%;\"><strong> Assurance pr\u00eat hypoth\u00e9caire bancaire <\/strong><\/td>\n\t\t\t<td style=\"width: 7%;\"><\/td>\n\t\t\t<td style=\"width: 45%;\"><strong> Assurance pr\u00eat hypoth\u00e9caire temporaire <\/strong><\/td>\n\t\t<\/tr>\n\t\t<tr>\n\t\t\t<td style=\"width: 3%; vertical-align: top;\"><\/td>\n\t\t\t<td style=\"width: 45%; vertical-align: top;\"><\/td>\n\t\t\t<td style=\"width: 7%; vertical-align: top;\"><\/td>\n\t\t\t<td style=\"width: 45%; vertical-align: top;\"><\/td>\n\t\t<\/tr>\n\t\t<tr>\n\t\t\t<td style=\"width: 3%; vertical-align: top;\"><\/td>\n\t\t\t<td style=\"width: 45%; vertical-align: top;\"><strong> L\u2019assurance pr\u00eat hypoth\u00e9caire ne propose pas de taux pr\u00e9f\u00e9rentiels aux personnes en bonne sant\u00e9.<\/strong>\n\t\t\t<p>\n\t\t\t\tPlus vous \u00eates \u00e2g\u00e9, plus les primes sont ch\u00e8res &#8211; par rapport \u00e0 une police personnelle.\n\t\t\t<\/p>\n\t\t\t<p>\n\t\t\t\tLa politique appartient \u00e0 la banque.\n\t\t\t<\/p>\n\t\t\t<p>\n\t\t\t\tVous avez une police distincte pour l&#8217;hypoth\u00e8que et d&#8217;autres polices pour les autres besoins en assurance vie.\n\t\t\t<\/p>\n\t\t\t<p>\n\t\t\t\tLa banque contr\u00f4le l&#8217;argent et rembourse l&#8217;hypoth\u00e8que\n\t\t\t<\/p>\n\t\t\t<p>\n\t\t\t\tMontant en baisse \u00e0 mesure que l&#8217;hypoth\u00e8que est rembours\u00e9e, mais les primes ne diminuent pas\n\t\t\t<\/p>\n\t\t\t<p>\n\t\t\t\t.\n\t\t\t<\/p>\n\t\t\t<p>\n\t\t\t\tLa politique peut \u00eatre annul\u00e9e par la banque\n\t\t\t<\/p>\n\t\t\t<p>\n\t\t\t\t<strong> NON transf\u00e9rable <\/strong>\n\t\t\t<\/p>\n\t\t\t<p>\n\t\t\t\tNON convertible\n\t\t\t<\/p>\n\t\t\t<p>\n\t\t\t\tPrimes non garanties\n\t\t\t<\/p>\n\t\t\t<p>\n\t\t\t\tNUL si l&#8217;hypoth\u00e8que est en souffrance\n\t\t\t<\/p>\n\t\t\t<p>\n\t\t\t\tLAPSES si la propri\u00e9t\u00e9 est vendue ou si vous transf\u00e9rez votre pr\u00eat hypoth\u00e9caire dans une autre banque\n\t\t\t<\/p>\n\t\t\t<p>\n\t\t\t\tStrat\u00e9gie de groupe &#8211; Contr\u00f4le NO\n\t\t\t<\/p>\n\t\t\t<p>\n\t\t\t\tLorsque les pr\u00eats hypoth\u00e9caires sont renouvel\u00e9s, vous renouvelez g\u00e9n\u00e9ralement votre assurance en m\u00eame temps et si vous avez une maladie grave qui vous rendrait non assurable, la banque refuse habituellement l&#8217;assurance pr\u00eat hypoth\u00e9caire.\n\t\t\t<\/p>\n\t\t\t<p>\n\t\t\t\tLa prime d\u2019assurance pr\u00eat hypoth\u00e9caire de la banque peut changer lorsque vous renouvelez votre pr\u00eat hypoth\u00e9caire. La dur\u00e9e d\u2019un pr\u00eat hypoth\u00e9caire est g\u00e9n\u00e9ralement de 3 \u00e0 5 ans, bien qu\u2019il puisse \u00eatre amorti sur 20 \u00e0 25 ans. Demandez \u00e0 voir le bar\u00e8me des taux &#8211; il aura probablement diff\u00e9rents taux divis\u00e9s en groupes d\u2019\u00e2ge de 5 ans &#8211; par ex. 35-40; 40-45.\n\t\t\t<\/p>\n\t\t\t<p>\n\t\t\t\tSi vous renouvelez votre pr\u00eat hypoth\u00e9caire par l\u2019interm\u00e9diaire d\u2019une autre banque ou coop\u00e9rative de cr\u00e9dit afin de b\u00e9n\u00e9ficier d\u2019un taux d\u2019int\u00e9r\u00eat plus bas, vous ne pouvez pas souscrire votre assurance hypoth\u00e9caire bancaire; vous devez faire une nouvelle demande \u00e0 un groupe d&#8217;\u00e2ge plus \u00e2g\u00e9 et plus co\u00fbteux.\n\t\t\t<\/p><\/td>\n\t\t\t<td style=\"width: 7%; vertical-align: top;\"><\/td>\n\t\t\t<td style=\"width: 45%; vertical-align: top;\"><strong> En forme et en sant\u00e9? <\/strong> \u00c9conomisez avec de nouveaux taux d\u2019assurance vie privil\u00e9gi\u00e9s permettant d\u2019\u00e9conomiser 35% ou plus.\n\t\t\t<p>\n\t\t\t\tPlus de 15 entreprises en concurrence pour votre entreprise: b\u00e9n\u00e9ficiez des meilleurs tarifs disponibles en fonction de votre situation sanitaire.\n\t\t\t<\/p>\n\t\t\t<p>\n\t\t\t\tLa politique vous appartient.\n\t\t\t<\/p>\n\t\t\t<p>\n\t\t\t\t<strong> Vous pouvez combiner tous vos besoins en mati\u00e8re d\u2019assurance et obtenir un taux inf\u00e9rieur avec votre propre r\u00e9gime. <\/strong>\n\t\t\t<\/p>\n\t\t\t<p>\n\t\t\t\tVous \u00eates propri\u00e9taire de l&#8217;assurance et celle-ci n&#8217;est pas li\u00e9e au pr\u00eateur hypoth\u00e9caire. Libert\u00e9 totale de changer de pr\u00eateur hypoth\u00e9caire.\n\t\t\t<\/p>\n\t\t\t<p>\n\t\t\t\tNiveau Les strat\u00e9gies de terme ne d\u00e9clinent pas avec le temps. Si vous commencez \u00e0 payer 100 000 USD, c&#8217;est ce qui est pay\u00e9, quel que soit le montant de l&#8217;hypoth\u00e8que en cours.\n\t\t\t<\/p>\n\t\t\t<p>\n\t\t\t\tLa politique ne peut \u00eatre annul\u00e9e que par vous\n\t\t\t<\/p>\n\t\t\t<p>\n\t\t\t\t<strong> Enti\u00e8rement transf\u00e9rable <\/strong>\n\t\t\t<\/p>\n\t\t\t<p>\n\t\t\t\tEnti\u00e8rement convertible (partie viag\u00e8re)\n\t\t\t<\/p>\n\t\t\t<p>\n\t\t\t\tPrimes enti\u00e8rement garanties\n\t\t\t<\/p>\n\t\t\t<p>\n\t\t\t\tAssur\u00e9 m\u00eame si l&#8217;hypoth\u00e8que est en souffrance\n\t\t\t<\/p>\n\t\t\t<p>\n\t\t\t\tPortable &#8211; votre assurance peut \u00eatre d\u00e9plac\u00e9e avec vous\n\t\t\t<\/p>\n\t\t\t<p>\n\t\t\t\tVOUS \u00eates en contr\u00f4le total\n\t\t\t<\/p>\n\t\t\t<p>\n\t\t\t\tVous \u00eates propri\u00e9taire de la police et son renouvellement est garanti &#8211; g\u00e9n\u00e9ralement jusqu\u2019\u00e0 85 ans, bien que ce soit tr\u00e8s co\u00fbteux pour les personnes plus \u00e2g\u00e9es. Si vous avez votre sant\u00e9, vous contracterez une nouvelle assurance \u00e0 la fin de la p\u00e9riode.\n\t\t\t<\/p>\n\t\t\t<p>\n\t\t\t\tPrimes enti\u00e8rement garanties.\n\t\t\t<\/p>\n\t\t\t<p>\n\t\t\t\tLes polices personnelles ont des taux garantis. Ils auront des primes qui resteront les m\u00eames pendant 10 ans ou quel que soit le terme choisi, 10,15 ou 20 ans.\n\t\t\t<\/p>\n\t\t\t<p>\n\t\t\t\tVotre b\u00e9n\u00e9ficiaire peut prendre l&#8217;argent si c&#8217;est votre propre politique et accepter l&#8217;hypoth\u00e8que \u00e0 son avantage. De plus, si un couple est propri\u00e9taire de la maison, vous pouvez obtenir deux polices distinctes qui doublent le paiement \u00e0 la succession si les deux partenaires d\u00e9c\u00e8dent. Par exemple, si vous avez une assurance pr\u00eat hypoth\u00e9caire de 150 000 $, le montant diminue au fur et \u00e0 mesure que vous remboursez l&#8217;hypoth\u00e8que. Mais avec votre propre politique, vous auriez chacun 150 000 $ pour un total de 300 000 $ et le montant ne diminuerait pas. Bien que tr\u00e8s improbable, il s&#8217;agit d&#8217;un excellent avantage, sans frais suppl\u00e9mentaires. Vous contr\u00f4lez la strat\u00e9gie.\n\t\t\t<\/p><\/td>\n\t\t<\/tr>\n\t<\/tbody>\n<\/table>\n<p>\n\t\u00cates-vous surpris d&#8217;apprendre ce qui pr\u00e9c\u00e8de? Est-ce que cela vous pr\u00e9occupe? Un des points essentiels que beaucoup oublient, est le fait que l\u2019hypoth\u00e8que de la banque n\u2019est pas toujours renouvelable garantie lorsque vous renouvelez votre hypoth\u00e8que. Beaucoup de gens ont d\u00e9couvert cela \u00e0 la dure. Son mari a eu une crise cardiaque et quand ils ont renouvel\u00e9 leur hypoth\u00e8que, elle a racont\u00e9 qu\u2019elle en avait parl\u00e9 \u00e0 la personne en train de faire la paperasse de la crise cardiaque de son mari. Elle a \u00e9t\u00e9 invit\u00e9e \u00e0 signer ici et \u00e0 apposer ses initiales ici &#8211; la plupart des gens en ont fait l&#8217;exp\u00e9rience avec une banque.\n<\/p>\n<p>\n\tLorsqu&#8217;il est d\u00e9c\u00e9d\u00e9 quatre mois plus tard, la banque a enqu\u00eat\u00e9 et a d\u00e9clin\u00e9 la couverture en d\u00e9clarant qu&#8217;elle avait sign\u00e9 le message selon lequel aucun changement n&#8217;avait \u00e9t\u00e9 apport\u00e9 \u00e0 la sant\u00e9 de son mari &#8211; une de ces initiales qu&#8217;elle avait \u00e9t\u00e9 invit\u00e9e \u00e0 faire. Cependant, si la personne \u00e0 l&#8217;origine de la demande avait entendu son commentaire ou si elle avait lu ce qu&#8217;elle signait sans le signer, alors la banque n&#8217;aurait pas \u00e9mis l&#8217;assurance au d\u00e9part, de sorte que son mari ne pourrait obtenir aucune assurance. S&#8217;il avait \u00e9t\u00e9 couvert par une assurance priv\u00e9e, ses tarifs auraient \u00e9t\u00e9 garantis 10 ans ou plus, selon la dur\u00e9e. Il \u00e9tait \u00e9galement assur\u00e9 de pouvoir renouveler la police quelle que soit sa sant\u00e9, mais moyennant une prime plus \u00e9lev\u00e9e. Quelle assurance voulez-vous?\n<\/p>\n<p>\n\tDonc, apr\u00e8s avoir d\u00e9termin\u00e9 que vous voulez une politique priv\u00e9e, il existe plusieurs alternatives. La principale est l\u2019assurance temporaire, o\u00f9 les primes mensuelles sont garanties pour une p\u00e9riode d\u00e9termin\u00e9e &#8211; 10 ou 20 ans sont les plus courantes. Si vous souscrivez une police temporaire de 10 ans, dans 10 ans, vous devriez demander \u00e0 votre courtier de souscrire une nouvelle police pour couvrir le solde de l&#8217;hypoth\u00e8que. Si vous \u00eates toujours en bonne sant\u00e9, nous pouvons g\u00e9n\u00e9ralement le faire pendant \u00e0 peu pr\u00e8s ce que vous payez pour les dix premi\u00e8res ann\u00e9es, car le capital \u00e0 couvrir est moins, il en a pay\u00e9 une partie. Si vous n&#8217;\u00eates plus assurable, le taux de renouvellement garanti est assez \u00e9lev\u00e9 car ils supposent que la seule raison pour laquelle vous renouvelleriez est parce que vous n&#8217;\u00eates pas assurable, mais au moins vous pouvez toujours l&#8217;acheter. Il est int\u00e9ressant de noter que de nombreuses personnes renouvellent leur contrat sans se rendre compte qu\u2019elles devraient obtenir un nouveau devis et une nouvelle politique permettant d\u2019\u00e9conomiser des centaines de dollars.\n<\/p>\n<p>\n\tCeux qui ne veulent pas prendre le risque d\u2019\u00eatre non assurable dans 10 ans et d\u2019avoir \u00e0 payer une prime beaucoup plus \u00e9lev\u00e9e au renouvellement optent pour une dur\u00e9e de 20 ans, ce qui leur permettra g\u00e9n\u00e9ralement de rembourser leur pr\u00eat hypoth\u00e9caire. Ils paient 25% \u00e0 35% de plus au cours des dix premi\u00e8res ann\u00e9es pour cette s\u00e9curit\u00e9.\n<\/p>\n<p>\n\tCertaines personnes ach\u00e8teront \u00e9galement une petite police d&#8217;assurance contre les maladies graves qui leur versera une somme forfaitaire si elles contractent une maladie grave. Cet argent peut rembourser l\u2019emprunt hypoth\u00e9caire pendant quelques ann\u00e9es et aider aux d\u00e9penses suppl\u00e9mentaires. Il peut \u00e9galement couvrir les pertes de salaire de votre conjoint s\u2019il s\u2019absente du travail pour \u00eatre avec son conjoint malade.\n<\/p>\n<p>\n\tSi vous n\u2019avez pas de couverture d\u2019invalidit\u00e9 au travail, un petit nombre de personnes envisageront \u00e9galement de souscrire une police d\u2019invalidit\u00e9 couvrant le principal et les paiements d\u2019int\u00e9r\u00eats. C&#8217;est beaucoup plus cher que l&#8217;assurance contre les maladies graves, alors la plupart des gens optent pour la premi\u00e8re. Vous pouvez en r\u00e9duire le co\u00fbt en limitant la p\u00e9riode de paiement ou en attendant plusieurs mois avant de commencer.\n<\/p>\n<p>\n\tUne autre option est une police d\u2019assurance hypoth\u00e9caire priv\u00e9e qui ressemble beaucoup \u00e0 une assurance bancaire, mais vous la contr\u00f4lez pour qu\u2019elle ne soit pas renouvel\u00e9e et reste valable si vous changez de pr\u00eateur. Ils proposent \u00e9galement une assurance maladies graves et invalidit\u00e9 dans le cadre de leur forfait. Les tarifs sont un peu plus chers pour les moins de 35 ans et moins pour les plus de 35 ans. La petite prime ajout\u00e9e pour les moins de 35 ans en vaut la peine, car les taux sont garantis entre vos ann\u00e9es 30 et 40 o\u00f9 les banques augmentent \u00e0 mesure que l&#8217;on vieillit.\n<\/p>\n<p>\n\tIl existe \u00e9galement des diff\u00e9rences significatives entre ces politiques. La Cadillac des polices couvre le principal de l\u2019hypoth\u00e8que pour les d\u00e9c\u00e8s et les maladies graves et leur assurance maladies graves ne consiste pas seulement en une crise cardiaque, un accident vasculaire c\u00e9r\u00e9bral et un cancer comme les banques, mais en une police compl\u00e8te couvrant 23 maladies et conditions m\u00e9dicales. L\u2019assurance invalidit\u00e9 paiera vos paiements de capital et d\u2019int\u00e9r\u00eats, quels qu\u2019ils soient \u00e0 ce moment-l\u00e0.\n<\/p>\n<p>\n\tAlors, qu&#8217;est-ce que tout cela signifie pour vous? C&#8217;est simple, laissez le courtier hypoth\u00e9caire faire sa sp\u00e9cialit\u00e9, puis dites \u00abnon\u00bb \u00e0 l&#8217;assurance offerte par la banque et faites appel \u00e0 un expert en assurance vie pour vous fournir les meilleures solutions de courtage r\u00e9pondant \u00e0 vos besoins particuliers en mati\u00e8re d&#8217;assurance. . Chez Groupe Delsan Inc., nous aidons nos clients \u00e0 obtenir la meilleure couverture d&#8217;assurance possible en fonction de leur tol\u00e9rance au risque budg\u00e9taire.\n<\/p>\n<p>\n\tLe groupe Delsan est \u00e0 votre service pour r\u00e9pondre \u00e0 vos besoins en mati\u00e8re de services financiers, de s\u00e9curit\u00e9 financi\u00e8re et de conseils.\n\t<br>\n\t<strong> Pour plus d&#8217;informations, <a href=\"\/contact-us\"> contactez le groupe Delsan <\/a>. <\/strong>\n<\/p>\n","protected":false},"excerpt":{"rendered":"<p>Lorsque vous achetez une maison et que vous contractez un emprunt hypoth\u00e9caire, il vous est toujours demand\u00e9 si vous souhaitez contracter une assurance de sorte que l&#8217;hypoth\u00e8que soit pay\u00e9e en cas de d\u00e9c\u00e8s du propri\u00e9taire, pr\u00e8s de 75% d&#8217;entre eux r\u00e9pondent par l&#8217;affirmative. % savent que cela les am\u00e8ne \u00e0 transmettre cette assurance pr\u00eat hypoth\u00e9caire? [&hellip;]<\/p>\n","protected":false},"author":2,"featured_media":0,"parent":2276,"menu_order":0,"comment_status":"closed","ping_status":"closed","template":"","meta":{"_acf_changed":false,"footnotes":""},"class_list":["post-2312","page","type-page","status-publish","hentry","entry"],"acf":[],"jetpack_sharing_enabled":true,"_links":{"self":[{"href":"https:\/\/delsangroup.com\/fr\/wp-json\/wp\/v2\/pages\/2312","targetHints":{"allow":["GET"]}}],"collection":[{"href":"https:\/\/delsangroup.com\/fr\/wp-json\/wp\/v2\/pages"}],"about":[{"href":"https:\/\/delsangroup.com\/fr\/wp-json\/wp\/v2\/types\/page"}],"author":[{"embeddable":true,"href":"https:\/\/delsangroup.com\/fr\/wp-json\/wp\/v2\/users\/2"}],"replies":[{"embeddable":true,"href":"https:\/\/delsangroup.com\/fr\/wp-json\/wp\/v2\/comments?post=2312"}],"version-history":[{"count":6,"href":"https:\/\/delsangroup.com\/fr\/wp-json\/wp\/v2\/pages\/2312\/revisions"}],"predecessor-version":[{"id":3315,"href":"https:\/\/delsangroup.com\/fr\/wp-json\/wp\/v2\/pages\/2312\/revisions\/3315"}],"up":[{"embeddable":true,"href":"https:\/\/delsangroup.com\/fr\/wp-json\/wp\/v2\/pages\/2276"}],"wp:attachment":[{"href":"https:\/\/delsangroup.com\/fr\/wp-json\/wp\/v2\/media?parent=2312"}],"curies":[{"name":"wp","href":"https:\/\/api.w.org\/{rel}","templated":true}]}}