{"id":2310,"date":"2019-04-30T02:47:36","date_gmt":"2019-04-30T02:47:36","guid":{"rendered":"http:\/\/new2019.delsangroup.com\/?page_id=2310"},"modified":"2024-12-17T16:19:21","modified_gmt":"2024-12-17T16:19:21","slug":"assurance-de-soins-de-longue-duree","status":"publish","type":"page","link":"https:\/\/delsangroup.com\/fr\/nos-produits\/assurance-vie\/assurance-de-soins-de-longue-duree\/","title":{"rendered":"Assurance de soins de longue dur\u00e9e"},"content":{"rendered":"\n<p> <strong>Pendant combien de temps votre r\u00e9gime devrait-il continuer \u00e0 offrir des avantages <\/strong> <br>Tout le monde aimerait que son r\u00e9gime couvre le reste de sa vie, mais tout le monde ne peut pas se permettre d&#8217;acheter un r\u00e9gime pr\u00e9voyant des prestations \u00e0 vie. Examiner d&#8217;autres solutions, telles que les plans quinquennaux et les plans biennaux. Soyez prudent lorsque vous utilisez des moyennes statistiques pour d\u00e9terminer la dur\u00e9e de la p\u00e9riode de prestations \u00e0 acheter. Tout le monde ne se situe pas dans la \u00abfourchette moyenne\u00bb, et vous pourriez vous retrouver \u00e0 court d&#8217;argent. <\/p>\n\n\n\n<p>Le solde est la cl\u00e9 pour choisir le montant, le d\u00e9lai de carence et la p\u00e9riode de prestations de votre r\u00e9gime. votre conseiller peut vous aider \u00e0 choisir ce qui vous convient le mieux. <\/p>\n\n\n\n<p> <strong>RENOUVELABLE GARANTIE: <\/strong> <br>L&#8217;assurance pour soins de longue dur\u00e9e est une couverture renouvelable garantie. Cela signifie que l&#8217;assureur vous garantit que vous pourrez continuer \u00e0 b\u00e9n\u00e9ficier d&#8217;une couverture ann\u00e9e apr\u00e8s ann\u00e9e, quels que soient les changements survenus dans votre \u00e9tat de sant\u00e9, en payant la prime \u00e0 temps. Cependant, ils se r\u00e9servent le droit de modifier les primes \u00e0 tout anniversaire s&#8217;ils le font pour tout un bloc de leur entreprise. En d\u2019autres termes, ils ne peuvent pas vous distinguer et augmenter uniquement votre tarif, mais s\u2019ils ont plus de sinistres que pr\u00e9vu, ou si le co\u00fbt des soins augmente plus que pr\u00e9vu, ils peuvent ajuster les tarifs de tous les assur\u00e9s. <\/p>\n\n\n\n<p>Les assureurs font de leur mieux pour anticiper l\u2019avenir et ne fixent pas les plans aujourd\u2019hui avec l\u2019espoir de changer leurs taux plus tard. <\/p>\n\n\n\n<p><strong>PRECAUTIONS POUR NE PAS PAYER DE PRIMES: <\/strong> Votre assurance de soins de longue dur\u00e9e peut \u00eatre en vigueur pendant de nombreuses ann\u00e9es avant que vous ayez besoin de l&#8217;utiliser. Vous voulez \u00eatre s\u00fbr qu&#8217;il ne s&#8217;\u00e9teigne pas simplement parce que vous avez oubli\u00e9 de payer la prime. Les assureurs proposent diverses aides pour minimiser ce risque. Assurez-vous de demander quelles mesures sont \u00e0 votre disposition. Certaines entreprises vous autorisent \u00e0 indiquer le nom d&#8217;un tiers \u00e0 notifier si une prime reste impay\u00e9e. Par exemple, vous pouvez d\u00e9signer votre fils ou votre fille comme tiers \u00e0 notifier. Certaines entreprises offrent des dispositions de non-confiscation. Si la prime reste impay\u00e9e apr\u00e8s plusieurs ann\u00e9es de paiement, le contrat peut \u00eatre remplac\u00e9 par un contrat lib\u00e9r\u00e9 pour un montant r\u00e9duit ou conserver le m\u00eame montant pendant une certaine p\u00e9riode (\u00abassurance \u00e0 long terme\u00bb), apr\u00e8s quoi expire. <\/p>\n\n\n\n<p> <strong>Remboursement des primes <\/strong> <br> <strong>Au d\u00e9c\u00e8s de la personne assur\u00e9e <\/strong>, certaines compagnies d&#8217;assurance remboursent automatiquement les primes si aucune prestation n&#8217;a \u00e9t\u00e9 vers\u00e9e. D&#8217;autres offrent des plans de remboursement plus g\u00e9n\u00e9reux. Pour cette raison, il est important de demander: <\/p>\n\n\n\n<ul class=\"oepl_listing wp-block-list\"><li> Le remboursement inclut-il des int\u00e9r\u00eats calcul\u00e9s \u00e0 un taux pr\u00e9d\u00e9termin\u00e9? <\/li><li> Le remboursement est-il soumis \u00e0 un maximum? <\/li><li> La police doit-elle avoir \u00e9t\u00e9 en vigueur pendant un nombre minimum d&#8217;ann\u00e9es pour \u00eatre \u00e9ligible \u00e0 un remboursement? <\/li><\/ul>\n\n\n\n<p><\/p>\n\n\n\n<p>Lors du paiement d\u2019un suppl\u00e9ment de prime, certains assureurs proposent cette option <strong> m\u00eame si les prestations ont \u00e9t\u00e9 pay\u00e9es. <\/strong> D\u00e9couvrez comment le remboursement de la prime est d\u00e9termin\u00e9. <\/p>\n\n\n\n<p> <strong> Primes <\/strong> <br> Il est important de d\u00e9terminer les caract\u00e9ristiques des primes suivantes: <\/p>\n\n\n\n<ul class=\"oepl_listing wp-block-list\"><li>Les primes sont <strong> payables <\/strong> jusqu&#8217;\u00e0 quel <strong> \u00e2ge <\/strong>? Pouvez-vous <strong> limiter la p\u00e9riode de versement des primes <\/strong> \u00e0 un \u00e2ge donn\u00e9 ou \u00e0 un nombre d&#8217;ann\u00e9es fixe? <\/li><li>Sont-ils <strong> fixes <\/strong> ou vont-ils varier apr\u00e8s une p\u00e9riode donn\u00e9e? <\/li><li>Sont-ils <strong> garantis <\/strong> jusqu&#8217;\u00e0 la fin de la p\u00e9riode de paiement ou, le cas \u00e9ch\u00e9ant, pour chacune des p\u00e9riodes pr\u00e9d\u00e9termin\u00e9es? <\/li><li>Des <strong> r\u00e9ductions de primes <\/strong> sont-elles disponibles pour les couples? Si oui, dans quelles conditions? Les deux politiques doivent-elles \u00eatre souscrites en m\u00eame temps? La r\u00e9duction s&#8217;applique-t-elle \u00e0 chacune des primes? Est-ce permanent? Cela s&#8217;applique-t-il aux augmentations futures de l&#8217;assurance (au co\u00fbt de la vie)? <\/li><\/ul>\n\n\n\n<p> <strong> <\/strong><\/p>\n\n\n\n<p><strong>Exon\u00e9ration des primes <\/strong> <\/p>\n\n\n\n<ul class=\"oepl_listing wp-block-list\"><li> Pendant une p\u00e9riode de d\u00e9pendance alors que vous recevez des <strong> avantages <\/strong> de soins de longue dur\u00e9e, devrez-vous conserver les <strong> primes payantes <\/strong> ou b\u00e9n\u00e9ficierez-vous d&#8217;une <strong> exon\u00e9ration des primes appliquer? <\/strong><\/li><\/ul>\n\n\n\n<p><strong>\n<\/strong><\/p>\n\n\n\n<p><strong><strong>Assurance lib\u00e9r\u00e9e <\/strong> <br>Si vous deviez <strong> cesser de payer des primes <\/strong> apr\u00e8s plusieurs ann\u00e9es, seriez-vous en mesure <strong> de maintenir votre police <\/strong> et avoir droit \u00e0 des prestations? Si oui, dans quelles conditions? Quelle couverture serait offerte? Pourriez-vous r\u00e9tablir votre couverture telle qu&#8217;elle \u00e9tait avant son versement? Si cela est possible, devrez-vous fournir une preuve de bonne sant\u00e9? <\/strong><\/p>\n\n\n\n<p>\n\t<strong> Modalit\u00e9s de paiement <\/strong>: les assureurs proposent diff\u00e9rents modes de paiement des primes:\n<\/p>\n\n\n\n<ul class=\"oepl_listing wp-block-list\"><li>\n\t\tLes primes peuvent-elles \u00eatre pay\u00e9es tous les mois, tous les trois mois, deux fois par an ou tous les ans? Il est important de comparer les primes avec la m\u00eame fr\u00e9quence de paiement, puisqu&#8217;un contrat donn\u00e9 peut \u00eatre plus comp\u00e9titif qu&#8217;un autre \u00e0 une fr\u00e9quence de paiement mais pas une autre.\n\t<\/li><li>\n\t\tLes primes peuvent-elles \u00eatre pay\u00e9es par retraits bancaires pr\u00e9autoris\u00e9s, par carte de cr\u00e9dit, par ch\u00e8que, etc.?\n\t<\/li><\/ul>\n\n\n\n<p><strong>Comment comparer les primes? <\/strong> <br>Les primes varient d&#8217;un produit \u00e0 l&#8217;autre et d&#8217;un assureur \u00e0 l&#8217;autre, selon les conditions susmentionn\u00e9es, le sexe de l&#8217;assur\u00e9, son \u00e9tat de sant\u00e9, tabagisme, risques professionnels, etc. Le montant total de la prime comprend \u00e9galement des frais fixes destin\u00e9s \u00e0 couvrir les frais administratifs. <\/p>\n\n\n\n<p>Tout cela complique la comparaison des primes d\u2019un assureur \u00e0 l\u2019autre. C\u2019est pourquoi il est si important de rechercher le <strong> bon conseil <\/strong> afin de s\u2019assurer que le produit que vous souhaitez acheter correspond \u00e0 vos besoins et \u00e0 votre budget. <br><\/p>\n\n\n\n<p><strong>Le groupe Delsan est \u00e0 votre service pour vous vos besoins en services financiers, s\u00e9curit\u00e9 financi\u00e8re et conseil. <\/strong> <\/p>\n\n\n\n<p>\n\t<strong> Pour plus d&#8217;informations, <a href=\"\/contact-us\"> contactez le groupe Delsan <\/a>. <\/strong>\n<\/p>\n\n\n\n<p><\/p>\n","protected":false},"excerpt":{"rendered":"<p>Pendant combien de temps votre r\u00e9gime devrait-il continuer \u00e0 offrir des avantages Tout le monde aimerait que son r\u00e9gime couvre le reste de sa vie, mais tout le monde ne peut pas se permettre d&#8217;acheter un r\u00e9gime pr\u00e9voyant des prestations \u00e0 vie. Examiner d&#8217;autres solutions, telles que les plans quinquennaux et les plans biennaux. Soyez [&hellip;]<\/p>\n","protected":false},"author":2,"featured_media":0,"parent":2276,"menu_order":0,"comment_status":"closed","ping_status":"closed","template":"","meta":{"_acf_changed":false,"footnotes":""},"class_list":["post-2310","page","type-page","status-publish","hentry","entry"],"acf":[],"jetpack_sharing_enabled":true,"_links":{"self":[{"href":"https:\/\/delsangroup.com\/fr\/wp-json\/wp\/v2\/pages\/2310","targetHints":{"allow":["GET"]}}],"collection":[{"href":"https:\/\/delsangroup.com\/fr\/wp-json\/wp\/v2\/pages"}],"about":[{"href":"https:\/\/delsangroup.com\/fr\/wp-json\/wp\/v2\/types\/page"}],"author":[{"embeddable":true,"href":"https:\/\/delsangroup.com\/fr\/wp-json\/wp\/v2\/users\/2"}],"replies":[{"embeddable":true,"href":"https:\/\/delsangroup.com\/fr\/wp-json\/wp\/v2\/comments?post=2310"}],"version-history":[{"count":11,"href":"https:\/\/delsangroup.com\/fr\/wp-json\/wp\/v2\/pages\/2310\/revisions"}],"predecessor-version":[{"id":3374,"href":"https:\/\/delsangroup.com\/fr\/wp-json\/wp\/v2\/pages\/2310\/revisions\/3374"}],"up":[{"embeddable":true,"href":"https:\/\/delsangroup.com\/fr\/wp-json\/wp\/v2\/pages\/2276"}],"wp:attachment":[{"href":"https:\/\/delsangroup.com\/fr\/wp-json\/wp\/v2\/media?parent=2310"}],"curies":[{"name":"wp","href":"https:\/\/api.w.org\/{rel}","templated":true}]}}