{"id":2307,"date":"2019-04-30T02:37:52","date_gmt":"2019-04-30T02:37:52","guid":{"rendered":"http:\/\/new2019.delsangroup.com\/?page_id=2307"},"modified":"2024-12-17T16:19:22","modified_gmt":"2024-12-17T16:19:22","slug":"conseils-d-assurance-vie","status":"publish","type":"page","link":"https:\/\/delsangroup.com\/fr\/nos-produits\/assurance-vie\/conseils-d-assurance-vie\/","title":{"rendered":"Conseils d&#8217;assurance vie"},"content":{"rendered":"\n<p>\n\t<span class=\"whiteSubTitles2\"> <strong> Obtenez davantage de couverture tout en payant moins en primes. <\/strong> <\/span><strong>\n\t<br>\n\t<span class=\"pageSubHeaders\"> Conseils pratiques: <\/span> <\/strong>\n<\/p>\n<ul class=\"oepl_listing\">\n\t<li>\n\t\tCertains fournisseurs autorisent le classement des non-fumeurs pour une utilisation occasionnelle de cigares ou de pipes. Demandez-nous plus d&#8217;informations.\n\t<\/li>\n\t<li>\n\t\tSi vous prenez des m\u00e9dicaments pour contr\u00f4ler la pression art\u00e9rielle ou le taux de cholest\u00e9rol et que cela fonctionne, vous aurez probablement droit \u00e0 un probl\u00e8me standard.\n\t<\/li>\n\t<li>\n\t\tAu Canada, un pourcentage alarmant de personnes est \u00e9ligible \u00e0 une meilleure classification de la classe de sant\u00e9 et, par cons\u00e9quent, \u00e0 une r\u00e9duction des primes. Souvent, le r\u00e9gime sous lequel ils d\u00e9tiennent actuellement une assurance vie est loin d\u2019\u00eatre concurrentiel.\n\t<\/li>\n\t<li>\n\t\tIl existe de nombreuses options d\u2019assurance fiscale avantageuse pour les ind\u00e9pendants et les propri\u00e9taires de petites entreprises.\n\t<\/li>\n\t<li>\n\t\tLes taxes mises en place peuvent faire une \u00e9norme diff\u00e9rence dans les sommes vers\u00e9es au b\u00e9n\u00e9ficiaire d&#8217;une personne d\u00e9c\u00e9d\u00e9e.\n\t<\/li>\n\t<li>\n\t\tPrestation de d\u00e9c\u00e8s, rente de survivant et rente vie &#8211; paiement d\u2019assurance ne sont que quelques-uns des synonymes utilis\u00e9s pour des produits similaires, notamment le fait que l\u2019assurance ou le montant de la pension soit pay\u00e9.\n\t<\/li>\n<\/ul>\n<p><\/p>\n<p>\n\t<br>\n\t<strong class=\"pageSubHeaders\"> Polices d&#8217;assurance vie: <\/strong> Les polices d&#8217;assurance vie contiennent apparemment d&#8217;innombrables dispositions, clauses et options qui d\u00e9terminent le type et l&#8217;\u00e9tendue de la couverture, ainsi que ce qui se passera si la prime paiements retard\u00e9s ou une r\u00e9clamation est faite. Il est important de comprendre les dispositions de votre police ou de celles que vous envisagez.\n\t<br>\n\t<strong class=\"pageSubHeaders\"> Disposition incontestable: <\/strong> Avec cette disposition, la compagnie d\u2019assurance ne peut contester aucune r\u00e9clamation apr\u00e8s une p\u00e9riode d\u00e9termin\u00e9e \u00e0 compter de l\u2019initiation de la police. Bien entendu, il ne s\u2019agit pas d\u2019une autorisation de fraude, et la d\u00e9couverte de fraude conduira la soci\u00e9t\u00e9 \u00e0 contester toute r\u00e9clamation et \u00e9ventuellement \u00e0 engager des poursuites au p\u00e9nal.\n\t<br>\n\t<strong class=\"pageSubHeaders\"> Disposition sur le suicide: <\/strong> Gr\u00e2ce \u00e0 cette disposition, le suicide dans un d\u00e9lai d\u00e9termin\u00e9 apr\u00e8s le d\u00e9but de la police entra\u00eenera uniquement le remboursement des primes et des int\u00e9r\u00eats. Apr\u00e8s cette p\u00e9riode, une r\u00e9clamation pour un d\u00e9c\u00e8s par suicide donnera lieu \u00e0 un paiement int\u00e9gral.\n\t<br>\n\t<strong class=\"pageSubHeaders\"> Clause de reconstitution: <\/strong> Avec cette disposition, si les primes ne sont pas Si elle est pay\u00e9e \u00e0 temps et que la police devient caduque, elle peut \u00eatre r\u00e9tablie dans un d\u00e9lai d\u00e9termin\u00e9 si le preneur d\u2019assurance reste assurable. Cette option doit \u00eatre mise en balance avec les avantages et inconv\u00e9nients potentiels associ\u00e9s \u00e0 une nouvelle politique. Ceux-ci peuvent inclure des modifications du co\u00fbt des primes et la r\u00e9initialisation des dispositions relatives \u00e0 la contestabilit\u00e9 et au suicide.\n\t<br>\n\t<strong class=\"pageSubHeaders\"> Risques exclus: <\/strong> Selon la politique en vigueur, le d\u00e9c\u00e8s dans certaines circonstances, comme guerre ou un accident d\u2019aviation ne peuvent pas \u00eatre couverts. Assurez-vous que votre police couvre tous les risques contre lesquels vous souhaitez vous prot\u00e9ger.\n\t<br>\n\t<strong class=\"pageSubHeaders\"> Options de r\u00e8glement: <\/strong> Il existe diverses options de paiement. Le plus simple est un paiement forfaitaire de la valeur de la police. Il est \u00e9galement possible de laisser la totalit\u00e9 de la transaction \u00e0 la compagnie d\u2019assurance et de percevoir des int\u00e9r\u00eats, en se r\u00e9servant le droit de retirer les fonds du capital \u00e0 tout moment. Les calendriers de paiement sont \u00e9galement disponibles en fonction du montant ou de la dur\u00e9e du paiement. Dans les deux cas, des int\u00e9r\u00eats courent sur l\u2019argent qui reste \u00e0 la compagnie d\u2019assurance. Il existe \u00e9galement toute une gamme d\u2019options permettant de verser des prestations tout au long de la vie du b\u00e9n\u00e9ficiaire. Toute d\u00e9cision sur les options de r\u00e8glement doit prendre en compte les informations financi\u00e8res actuelles et futures\n\t<br>\n\tperspectives du b\u00e9n\u00e9ficiaire et de ses personnes \u00e0 charge, la meilleure option variera donc selon les cas.\n<\/p>\n<p>\n\t<span class=\"pageTitles\"> \u00c0 ne pas faire en mati\u00e8re d&#8217;assurance-vie <\/span><strong>\n\t<br>\n\t<\/strong> L&#8217;assurance vie peut jouer une partie importante du plan financier global d&#8217;un individu. Voici un certain nombre d\u2019erreurs pratiques courantes qui pourraient se r\u00e9v\u00e9ler co\u00fbteuses mais qui peuvent facilement \u00eatre \u00e9vit\u00e9es.\n<\/p>\n<p><\/p>\n<ul class=\"oepl_listing\">\n\t<li>\n\t\t<span class=\"pageSubHeaders\"> <strong> D\u00e9signation de la succession en tant que b\u00e9n\u00e9ficiaire <\/strong> <\/span><strong>\n\t\t<br>\n\t\t<\/strong> Ceci ram\u00e8ne le produit de la police dans la succession de l&#8217;homologation o\u00f9 il seront soumis \u00e0 des frais, d\u00e9penses, droits de succession et r\u00e9clamations des cr\u00e9anciers.\n\t<\/li>\n<\/ul>\n<p><\/p>\n<ul class=\"oepl_listing\">\n\t<li>\n\t\t<span class=\"pageSubHeaders\"> <strong> \u00c9chec de la d\u00e9signation des b\u00e9n\u00e9ficiaires de sauvegarde <\/strong> <\/span><strong>\n\t\t<br>\n\t\t<\/strong> Sans b\u00e9n\u00e9ficiaires de sauvegarde, si les b\u00e9n\u00e9ficiaires nomm\u00e9s d&#8217;origine meurent en premier, c&#8217;est retour \u00e0 l&#8217;erreur # 1. Ce serait peut-\u00eatre une bonne id\u00e9e de le faire avec d\u2019autres outils tels que les testaments, les fiducies et les r\u00e9gimes de retraite.\n\t<\/li>\n<\/ul>\n<p>\n\t&nbsp;\n<\/p>\n<ul class=\"oepl_listing\">\n\t<li>\n\t\t<span class=\"pageSubHeaders\"> <strong> \u00c9chec des v\u00e9rifications des polices d&#8217;assurance <\/strong> <\/span><strong>\n\t\t<br>\n\t\t<\/strong> L&#8217;examen des polices \u00e0 tout moment est une strat\u00e9gie plut\u00f4t solide. ann\u00e9es pour rechercher des changements dans les besoins ainsi que dans la famille.\n\t<\/li>\n<\/ul>\n<p>\n\t&nbsp;\n<\/p>\n<ul class=\"oepl_listing\">\n\t<li>\n\t\t<span class=\"pageSubHeaders\"> <strong> Le produit ne correspond pas au probl\u00e8me <\/strong> <\/span><strong>\n\t\t<br>\n\t\t<\/strong> Les contr\u00f4les signalent souvent les situations o\u00f9 il y a type de politique incorrect pour les besoins actuels, de nouveaux types de politique peuvent mieux r\u00e9pondre aux besoins, ou les anciens besoins ont chang\u00e9.\n\t<\/li>\n<\/ul>\n<p>\n\t&nbsp;\n<\/p>\n<ul class=\"oepl_listing\">\n\t<li>\n\t\t<span class=\"pageSubHeaders\"> <strong> Couverture insuffisante pour la s\u00e9curit\u00e9 de la famille <\/strong> <\/span><strong>\n\t\t<br>\n\t\t<\/strong> Les besoins de la famille \u00e9voluent avec le temps. L&#8217;analyse des besoins des survivants en cas de d\u00e9c\u00e8s ou d&#8217;invalidit\u00e9 d&#8217;un conjoint, ainsi que du style de vie attendu du conjoint, pourrait provoquer une mise \u00e0 jour de la politique.\n\t<\/li>\n<\/ul>\n<p>\n\t&nbsp;\n<\/p>\n<ul class=\"oepl_listing\">\n\t<li>\n\t\t<span class=\"pageSubHeaders\"> <strong> Une police payable directement aux mineurs <\/strong> <\/span><strong>\n\t\t<br>\n\t\t<\/strong> Les proc\u00e9dures de tutelle ou de d\u00e9positaire peuvent constituer un fardeau pour les survivants. Recherchez une option fiduciaire ou de r\u00e8glement avec des versements limit\u00e9s pour les enfants mineurs.\n\t<\/li>\n<\/ul>\n<p>\n\t&nbsp;\n<\/p>\n<ul class=\"oepl_listing\">\n\t<li>\n\t\t<span class=\"pageSubHeaders\"> <strong> Toutes les assurances-vie d\u00e9tenues par l&#8217;assur\u00e9 <\/strong> <\/span><strong>\n\t\t<br>\n\t\t<\/strong> En cas d&#8217;imposition, vous pouvez \u00e9galement bien avoir nomm\u00e9 l\u2019agence du revenu comme b\u00e9n\u00e9ficiaire partiel. Sortir de la succession en faisant un don pur ou via une fiducie, puis en faisant un don en argent chaque ann\u00e9e, qui peut \u00eatre utilis\u00e9 pour payer les primes restantes, peut constituer un gage de richesse consid\u00e9rable.\n\t<\/li>\n<\/ul>\n<p>\n\t&nbsp;\n<\/p>\n<ul class=\"oepl_listing\">\n\t<li>\n\t\t<span class=\"pageSubHeaders\"> <strong> Ne maximisez pas les avantages offerts par les entreprises <\/strong> <\/span><strong>\n\t\t<br>\n\t\t<\/strong> Lorsque des personnes contr\u00f4lent une petite entreprise d\u00e9tenue , ils devraient examiner les flux de tr\u00e9sorerie et l\u2019efficacit\u00e9 fiscale de l\u2019entreprise fournissant et payant l\u2019assurance. Consulter un professionnel dans ce domaine est une d\u00e9cision judicieuse.\n\t<\/li>\n<\/ul>\n<p>\n\t&nbsp;\n<\/p>\n<ul class=\"oepl_listing\">\n\t<li>\n\t\t<span class=\"pageSubHeaders\"> <strong> L\u2019assurance temporaire surexploit\u00e9e <\/strong> <\/span><strong>\n\t\t<br>\n\t\t<\/strong> N&#8217;oubliez pas que l&#8217;assurance temporaire s&#8217;\u00e9puise \u00e9ventuellement lorsqu&#8217;elle devient \u00e9galement plus ch\u00e8re. R\u00e9\u00e9valuez les besoins et voyez si les produits permanents peuvent y r\u00e9pondre au fil du temps.\n\t<\/li>\n<\/ul>\n<p>\n\t&nbsp;\n<\/p>\n<ul class=\"oepl_listing\">\n\t<li>\n\t\t<span class=\"pageSubHeaders\"> <strong> Acheter une assurance vie comme une marchandise <\/strong> <\/span> Tous les contrats d&#8217;assurance vie ne se ressemblent pas. Le prix le plus bas et le rendement le plus \u00e9lev\u00e9 ne signifient pas n\u00e9cessairement que c&#8217;est la meilleure politique. Les valeurs de rachat garanties et d\u2019autres caract\u00e9ristiques, ainsi que le service et l\u2019exp\u00e9rience du courtier, ainsi que la force de la soci\u00e9t\u00e9 sont tr\u00e8s importants.\n\t<\/li>\n<\/ul>\n<p>\n\t&nbsp;\n<\/p>\n<p>\n\t<strong> Bien entendu, les utilisations correctes de l&#8217;assurance vie ne peuvent \u00eatre recommand\u00e9es qu&#8217;avec l&#8217;aide d&#8217;un professionnel capable de prendre en compte les sp\u00e9cificit\u00e9s de votre situation financi\u00e8re. Assurez-vous de contacter le groupe Delsan pour \u00e9viter ces erreurs dans votre plan financier. <\/strong>\n<\/p>\n<p>\n\t&nbsp;\n<\/p>\n<p>\n\t<span class=\"pageTitles\"> <strong> Le groupe Delsan est \u00e0 votre service pour r\u00e9pondre \u00e0 vos besoins en mati\u00e8re de services financiers, de s\u00e9curit\u00e9 financi\u00e8re et de conseil. <\/strong>\n\t\t<br>\n\t<\/span>\n\t<strong> Pour plus d&#8217;informations, <a href=\"contact-us\"> contactez le groupe Delsan <\/a>. <\/strong>\n<\/p>\n","protected":false},"excerpt":{"rendered":"<p>Obtenez davantage de couverture tout en payant moins en primes. Conseils pratiques: Certains fournisseurs autorisent le classement des non-fumeurs pour une utilisation occasionnelle de cigares ou de pipes. Demandez-nous plus d&#8217;informations. Si vous prenez des m\u00e9dicaments pour contr\u00f4ler la pression art\u00e9rielle ou le taux de cholest\u00e9rol et que cela fonctionne, vous aurez probablement droit \u00e0 [&hellip;]<\/p>\n","protected":false},"author":2,"featured_media":0,"parent":2276,"menu_order":0,"comment_status":"closed","ping_status":"closed","template":"","meta":{"_acf_changed":false,"footnotes":""},"class_list":["post-2307","page","type-page","status-publish","hentry","entry"],"acf":[],"jetpack_sharing_enabled":true,"_links":{"self":[{"href":"https:\/\/delsangroup.com\/fr\/wp-json\/wp\/v2\/pages\/2307","targetHints":{"allow":["GET"]}}],"collection":[{"href":"https:\/\/delsangroup.com\/fr\/wp-json\/wp\/v2\/pages"}],"about":[{"href":"https:\/\/delsangroup.com\/fr\/wp-json\/wp\/v2\/types\/page"}],"author":[{"embeddable":true,"href":"https:\/\/delsangroup.com\/fr\/wp-json\/wp\/v2\/users\/2"}],"replies":[{"embeddable":true,"href":"https:\/\/delsangroup.com\/fr\/wp-json\/wp\/v2\/comments?post=2307"}],"version-history":[{"count":6,"href":"https:\/\/delsangroup.com\/fr\/wp-json\/wp\/v2\/pages\/2307\/revisions"}],"predecessor-version":[{"id":3387,"href":"https:\/\/delsangroup.com\/fr\/wp-json\/wp\/v2\/pages\/2307\/revisions\/3387"}],"up":[{"embeddable":true,"href":"https:\/\/delsangroup.com\/fr\/wp-json\/wp\/v2\/pages\/2276"}],"wp:attachment":[{"href":"https:\/\/delsangroup.com\/fr\/wp-json\/wp\/v2\/media?parent=2307"}],"curies":[{"name":"wp","href":"https:\/\/api.w.org\/{rel}","templated":true}]}}