{"id":2305,"date":"2019-04-30T02:35:58","date_gmt":"2019-04-30T02:35:58","guid":{"rendered":"http:\/\/new2019.delsangroup.com\/?page_id=2305"},"modified":"2024-12-17T16:19:21","modified_gmt":"2024-12-17T16:19:21","slug":"assurance-homme-cle","status":"publish","type":"page","link":"https:\/\/delsangroup.com\/fr\/nos-produits\/assurance-vie\/assurance-homme-cle\/","title":{"rendered":"Assurance homme cl\u00e9"},"content":{"rendered":"<p>Quand une entreprise perd une personne cl\u00e9, plusieurs choses peuvent se produire. D&#8217;abord et avant tout, l&#8217;entreprise est perturb\u00e9e lorsque les propri\u00e9taires tentent d&#8217;\u00e9valuer ce qui s&#8217;est pass\u00e9 et d&#8217;\u00e9laborer un plan d&#8217;action. Cette perturbation entra\u00eene g\u00e9n\u00e9ralement une baisse des ventes au fur et \u00e0 mesure que l\u2019activit\u00e9 commerciale se diffuse. De plus, les ventes d\u00e9j\u00e0 effectu\u00e9es peuvent ne pas \u00eatre livrables ou peuvent \u00eatre discutables, ce qui obligera les clients \u00e0 aller ailleurs. Les cr\u00e9anciers peuvent devenir concern\u00e9s et forcer la soci\u00e9t\u00e9 \u00e0 liquider ses actifs afin de rembourser ses emprunts ou, \u00e9ventuellement, de les mettre sous s\u00e9questre. Enfin, m\u00eame si l\u2019entreprise est capable de survivre \u00e0 tous ces facteurs, elle doit quand m\u00eame remplacer les comp\u00e9tences perdues, si possible.<\/p>\n<p>Heureusement, la possibilit\u00e9 de d\u00e9c\u00e8s ou d\u2019invalidit\u00e9 d\u2019une personne cl\u00e9 est une \u00e9ventualit\u00e9 qui peut \u00eatre assur\u00e9e. Les entreprises peuvent souscrire une assurance-vie appartenant \u00e0 l&#8217;entreprise sur la vie de leurs collaborateurs. Si l&#8217;une de ces personnes cl\u00e9s d\u00e9c\u00e8de, l&#8217;entreprise re\u00e7oit une prestation de d\u00e9c\u00e8s libre d&#8217;imp\u00f4t qui lui permet de faire face aux d\u00e9penses et de rembourser ses dettes, att\u00e9nuant ainsi les craintes des cr\u00e9anciers. L&#8217;argent peut \u00e9galement servir de r\u00e9serve contre la baisse des revenus pouvant survenir pendant la p\u00e9riode de transition de l&#8217;entreprise. Enfin, l&#8217;argent peut \u00eatre utilis\u00e9 pour payer les co\u00fbts de remplacement des comp\u00e9tences perdues.<\/p>\n<p>Un avantage suppl\u00e9mentaire pour les entreprises priv\u00e9es est que le produit de l\u2019assurance vie peut \u00eatre vers\u00e9 sous forme de dividendes libres d\u2019imp\u00f4t aux propri\u00e9taires une fois que l\u2019entreprise a repris son activit\u00e9. Les fonds peuvent \u00e9galement servir \u00e0 verser une prestation de d\u00e9c\u00e8s libre d\u2019imp\u00f4t de 10 000 $ au conjoint du d\u00e9funt.<\/p>\n<p>L&#8217;assurance invalidit\u00e9 est \u00e9galement disponible pour les personnes cl\u00e9s. La soci\u00e9t\u00e9 est propri\u00e9taire du plan et est le b\u00e9n\u00e9ficiaire du produit. Le produit, bien s\u00fbr, peut \u00eatre utilis\u00e9 aux m\u00eames fins que le produit des r\u00e9gimes d\u2019assurance vie. La seule diff\u00e9rence est que le produit de l&#8217;assurance invalidit\u00e9 ne peut \u00eatre vers\u00e9 sous forme de dividendes libres d&#8217;imp\u00f4t aux propri\u00e9taires de l&#8217;entreprise, pas plus qu&#8217;il ne peut \u00eatre vers\u00e9 en franchise d&#8217;imp\u00f4t aux employ\u00e9s handicap\u00e9s.<br \/>\n<!-- -: ---><\/p>\n","protected":false},"excerpt":{"rendered":"<p>Quand une entreprise perd une personne cl\u00e9, plusieurs choses peuvent se produire. D&#8217;abord et avant tout, l&#8217;entreprise est perturb\u00e9e lorsque les propri\u00e9taires tentent d&#8217;\u00e9valuer ce qui s&#8217;est pass\u00e9 et d&#8217;\u00e9laborer un plan d&#8217;action. Cette perturbation entra\u00eene g\u00e9n\u00e9ralement une baisse des ventes au fur et \u00e0 mesure que l\u2019activit\u00e9 commerciale se diffuse. De plus, les ventes [&hellip;]<\/p>\n","protected":false},"author":2,"featured_media":0,"parent":2276,"menu_order":0,"comment_status":"closed","ping_status":"closed","template":"","meta":{"_acf_changed":false,"footnotes":""},"class_list":["post-2305","page","type-page","status-publish","hentry","entry"],"acf":[],"jetpack_sharing_enabled":true,"_links":{"self":[{"href":"https:\/\/delsangroup.com\/fr\/wp-json\/wp\/v2\/pages\/2305","targetHints":{"allow":["GET"]}}],"collection":[{"href":"https:\/\/delsangroup.com\/fr\/wp-json\/wp\/v2\/pages"}],"about":[{"href":"https:\/\/delsangroup.com\/fr\/wp-json\/wp\/v2\/types\/page"}],"author":[{"embeddable":true,"href":"https:\/\/delsangroup.com\/fr\/wp-json\/wp\/v2\/users\/2"}],"replies":[{"embeddable":true,"href":"https:\/\/delsangroup.com\/fr\/wp-json\/wp\/v2\/comments?post=2305"}],"version-history":[{"count":5,"href":"https:\/\/delsangroup.com\/fr\/wp-json\/wp\/v2\/pages\/2305\/revisions"}],"predecessor-version":[{"id":3380,"href":"https:\/\/delsangroup.com\/fr\/wp-json\/wp\/v2\/pages\/2305\/revisions\/3380"}],"up":[{"embeddable":true,"href":"https:\/\/delsangroup.com\/fr\/wp-json\/wp\/v2\/pages\/2276"}],"wp:attachment":[{"href":"https:\/\/delsangroup.com\/fr\/wp-json\/wp\/v2\/media?parent=2305"}],"curies":[{"name":"wp","href":"https:\/\/api.w.org\/{rel}","templated":true}]}}