{"id":2303,"date":"2019-04-30T02:33:58","date_gmt":"2019-04-30T02:33:58","guid":{"rendered":"http:\/\/new2019.delsangroup.com\/?page_id=2303"},"modified":"2024-12-17T16:19:22","modified_gmt":"2024-12-17T16:19:22","slug":"assurance-vie-conjointe","status":"publish","type":"page","link":"https:\/\/delsangroup.com\/fr\/nos-produits\/assurance-vie\/assurance-vie-conjointe\/","title":{"rendered":"Assurance vie conjointe"},"content":{"rendered":"\n<p> <span class = \"whiteSubTitles2\"> <strong> La vie commune est une police d&#8217;assurance qui couvre 2 vies dans une police pour une prime, g\u00e9n\u00e9ralement mari et femme ou 2 partenaires commerciaux, etc., il existe 2 types de vie commune assurance. <\/strong> <\/span> <strong> <br \/> <br \/> <\/strong> <strong class = \"pageSubHeaders\"> La vie commune avant de mourir <\/strong>, la compagnie d&#8217;assurance paiera indemnit\u00e9 de d\u00e9c\u00e8s au premier d\u00e9c\u00e8s des 2 assur\u00e9s, <strong> ce type de contrat d\u2019assurance-vie collective FIRST TO DIE, bien qu\u2019il ne soit pas disponible aux \u00c9tats-Unis, est disponible au Canada chez toutes les grandes compagnies d\u2019assurance. <\/strong> C\u2019est un tr\u00e8s bon produit pour les personnes qui ont besoin de la s\u00e9curit\u00e9 de l\u2019assurance mais qui n\u2019ont pas les moyens de payer deux fois la prime. La compagnie d\u2019assurance propose donc une prime qui correspond g\u00e9n\u00e9ralement \u00e0 environ 1,45% de celle d\u2019une prime unique. En cas de d\u00e9c\u00e8s d&#8217;un des assur\u00e9s, le versement d&#8217;une prestation morte aurait \u00e9t\u00e9 nettement inf\u00e9rieur \u00e0 celui qu&#8217;auraient \u00e9t\u00e9 les primes lors de l&#8217;achat de deux polices distinctes. Vous b\u00e9n\u00e9ficiez ainsi d&#8217;une s\u00e9curit\u00e9 pour la vie de deux personnes au prix de environ un an et demi. De l\u2019autre c\u00f4t\u00e9, une personne qui a l\u2019argent et peut se permettre de payer deux polices distinctes et qui ach\u00e8te l\u2019assurance principalement \u00e0 des fins de planification successorale peut en retirer plus en achetant deux polices distinctes, de sorte que la succession recevra deux fois un avantage mort. \u00e0 chaque d\u00e9c\u00e8s de l&#8217;assur\u00e9 au lieu d&#8217;une prestation seulement aux premiers morts. <\/p>\n<p> <strong class = \"pageSubHeaders\"> L&#8217;assurance vie commune apr\u00e8s la mort <\/strong>, la compagnie d&#8217;assurance ne paiera que les prestations inutilis\u00e9es des derniers morts des 2 assur\u00e9s, ce qui signifie que les deux assur\u00e9s ne sont d\u00e9j\u00e0 pas en vie. un bon produit pour quelqu&#8217;un qui ach\u00e8te l&#8217;assurance principalement \u00e0 des fins de planification successorale et ne peut se permettre de payer la prime deux fois, cette police devrait \u00eatre encore moins ch\u00e8re qu&#8217;une assurance vie simple et r\u00e9guli\u00e8re, car le risque d&#8217;un d\u00e9c\u00e8s pr\u00e9matur\u00e9 pour les deux assur\u00e9s est moins probable. <br \/> <br \/> <strong> Les polices d\u2019assurance vie communes permanentes ne versent qu\u2019une prestation, que ce soit au premier ou au deuxi\u00e8me d\u00e9c\u00e8s. <\/strong> <br \/> <strong > Assurance vie enti\u00e8re \u00e0 prime unique <\/strong> <\/p>\n<p> La prime unique est une forme d\u2019assurance vie enti\u00e8re. En \u00e9change d\u2019un montant forfaitaire, une compagnie d\u2019assurance fournit un contrat d\u2019assurance ne n\u00e9cessitant aucun versement futur pour rester valable. La prestation de d\u00e9c\u00e8s vers\u00e9e en vertu de ce contrat d\u00e9pend des m\u00eames facteurs qui d\u00e9terminent les taux de vie enti\u00e8re (\u00e2ge, sant\u00e9, etc.), ainsi que du montant pay\u00e9 pour le contrat. L&#8217;argent est investi dans un compte d&#8217;\u00e9pargne et les int\u00e9r\u00eats s&#8217;accumulent dans le compte. Des frais sont factur\u00e9s lorsque les fonds sont retir\u00e9s pr\u00e9matur\u00e9ment du compte, mais des pr\u00eats peuvent \u00eatre contract\u00e9s en contrepartie des fonds propres \u00e9conomis\u00e9s. Toutes ses caract\u00e9ristiques sont donc moins identiques \u00e0 celles d&#8217;une police d&#8217;assurance-vie normale. <br \/> <br \/> <strong class = \" pageTitles \"> Assurance vie enti\u00e8re \u00e0 prime limit\u00e9e <\/strong> <\/p>\n<p> L\u2019assurance vie enti\u00e8re \u00e0 prime limit\u00e9e est une forme d\u2019assurance vie enti\u00e8re dans laquelle la prime d\u2019assurance est calcul\u00e9e de telle sorte que le contrat doit \u00eatre lib\u00e9r\u00e9 ou pouvoir se payer apr\u00e8s 10 ou 20 ans ou \u00e0 65 ans avec l\u2019argent vers\u00e9. Au cours de ces ann\u00e9es, plus les int\u00e9r\u00eats courus, l&#8217;id\u00e9e est principalement que, parce que la prime est plus \u00e9lev\u00e9e au d\u00e9but de la politique, elle g\u00e9n\u00e8re plus d&#8217;int\u00e9r\u00eats et \u00e0 un rythme plus rapide, ce qui la rend effectivement moins ch\u00e8re \u00e0 long terme. <\/p>\n<p> <br \/> Par exemple, pour une personne de 25 ans, une politique de prime de 20 ans pour une prime de 10 000 dollars par an pendant 20 ans est encore plus ch\u00e8re dans le total des primes pour la m\u00eame police et la m\u00eame couverture, mais Prime de 10 ans pour une prime de 15 000 $ pour 10 ans, car dans le premier sc\u00e9nario, il a pay\u00e9 200 000 $ pour la m\u00eame police et dans le dernier cas, il n&#8217;a pay\u00e9 que 150 000 $, mais le premier sc\u00e9nario est encore beaucoup moins cher dans le premier. Dur\u00e9e de vie totale de la police par rapport \u00e0 une police ordinaire compl\u00e8te avec une prime de vie de 5 000 USD. <br \/> <br \/> Cette d\u00e9cision d\u00e9pend de la situation financi\u00e8re du titulaire et de ses pr\u00e9f\u00e9rences en mati\u00e8re de remboursement rapide de la police. avec des primes annuelles courantes plus \u00e9lev\u00e9es mais pour une prime totale inf\u00e9rieure, ou en payant moins par an, etc., et bien s\u00fbr, il y a g\u00e9n\u00e9ralement une plus grande valeur en esp\u00e8ces et plus t\u00f4t, plus vite la police sera pay\u00e9e <br \/> <\/p>\n<p> <strong class = \"pageTitles\"> Terme de 100 <\/strong> <\/p>\n<p> L&#8217;assurance temporaire jusqu&#8217;\u00e0 100 ans est fr\u00e9quemment utilis\u00e9e lorsque tout ce que vous voulez est une police d&#8217;assurance permanente de base que vous payez jusqu&#8217;\u00e0 votre d\u00e9c\u00e8s, apr\u00e8s quoi le b\u00e9n\u00e9ficiaire r\u00e9cup\u00e8re les fonds. C\u2019est g\u00e9n\u00e9ralement la solution la moins ch\u00e8re pour r\u00e9pondre \u00e0 ce besoin. <br \/> <br \/>\nFondamentalement, ce produit consiste \u00e0 remplacer une prime tr\u00e8s faible pendant une p\u00e9riode de 10 ans, puis \u00e0 acheter une nouvelle p\u00e9riode de 10 ans pour beaucoup plus, puis encore une fois, m\u00eame quelques fois plus que la prime pr\u00e9c\u00e9dente, jusqu&#8217;\u00e0 ce qu&#8217;il devienne si cher qu&#8217;il est tr\u00e8s difficile de se l&#8217;offrir, En plus de supporter le risque que vous deveniez un jour non assurable, et bien s\u00fbr, \u00e0 un certain \u00e2ge, vous ne pouvez plus renouveler une police \u00e0 terme, vous payez donc pour la dur\u00e9e 100 une prime plus \u00e9lev\u00e9e mais raisonnable d\u00e8s le d\u00e9part afin que et les int\u00e9r\u00eats courus de la portion inutile des primes au cours des premi\u00e8res ann\u00e9es paient les frais d\u2019assurance acc\u00e8s des derni\u00e8res ann\u00e9es, plus vous \u00eates couvert \u00e0 vie. <br> &nbsp; <br> <strong> Si vous \u00eates au Qu\u00e9bec, envoyez un courriel nous \u00e0 l&#8217;adresse <a href=\"mailto:broker@delsangroup.com\"> broker@delsangroup.com <\/a> avec votre date de naissance, sexe, fumeur ou non, et le montant que vous souhaitez que nous citions et nous obtiendrons de retour \u00e0 vous. <\/strong> <br> &nbsp; <\/p>\n<p> <strong class = \"pageTitles\"> Le groupe Delsan est \u00e0 votre service pour r\u00e9pondre \u00e0 vos besoins en mati\u00e8re de services financiers, de s\u00e9curit\u00e9 financi\u00e8re et de conseil. <\/strong> <br> &nbsp; <br> <strong> Pour plus d&#8217;informations, <a href=\"\/contact-us\"> contacter le groupe Delsan <\/a>. <\/strong> <span class = \"pageTitles\"> <br> <\/span> <! -: -> <\/p >\n","protected":false},"excerpt":{"rendered":"<p>La vie commune est une police d&#8217;assurance qui couvre 2 vies dans une police pour une prime, g\u00e9n\u00e9ralement mari et femme ou 2 partenaires commerciaux, etc., il existe 2 types de vie commune assurance. La vie commune avant de mourir , la compagnie d&#8217;assurance paiera indemnit\u00e9 de d\u00e9c\u00e8s au premier d\u00e9c\u00e8s des 2 assur\u00e9s, ce [&hellip;]<\/p>\n","protected":false},"author":2,"featured_media":0,"parent":2276,"menu_order":0,"comment_status":"closed","ping_status":"closed","template":"","meta":{"_acf_changed":false,"footnotes":""},"class_list":["post-2303","page","type-page","status-publish","hentry","entry"],"acf":[],"jetpack_sharing_enabled":true,"_links":{"self":[{"href":"https:\/\/delsangroup.com\/fr\/wp-json\/wp\/v2\/pages\/2303","targetHints":{"allow":["GET"]}}],"collection":[{"href":"https:\/\/delsangroup.com\/fr\/wp-json\/wp\/v2\/pages"}],"about":[{"href":"https:\/\/delsangroup.com\/fr\/wp-json\/wp\/v2\/types\/page"}],"author":[{"embeddable":true,"href":"https:\/\/delsangroup.com\/fr\/wp-json\/wp\/v2\/users\/2"}],"replies":[{"embeddable":true,"href":"https:\/\/delsangroup.com\/fr\/wp-json\/wp\/v2\/comments?post=2303"}],"version-history":[{"count":3,"href":"https:\/\/delsangroup.com\/fr\/wp-json\/wp\/v2\/pages\/2303\/revisions"}],"predecessor-version":[{"id":3382,"href":"https:\/\/delsangroup.com\/fr\/wp-json\/wp\/v2\/pages\/2303\/revisions\/3382"}],"up":[{"embeddable":true,"href":"https:\/\/delsangroup.com\/fr\/wp-json\/wp\/v2\/pages\/2276"}],"wp:attachment":[{"href":"https:\/\/delsangroup.com\/fr\/wp-json\/wp\/v2\/media?parent=2303"}],"curies":[{"name":"wp","href":"https:\/\/api.w.org\/{rel}","templated":true}]}}