{"id":2301,"date":"2019-04-30T02:31:32","date_gmt":"2019-04-30T02:31:32","guid":{"rendered":"http:\/\/new2019.delsangroup.com\/?page_id=2301"},"modified":"2019-07-26T07:06:09","modified_gmt":"2019-07-26T07:06:09","slug":"rentes-assurees","status":"publish","type":"page","link":"https:\/\/delsangroup.com\/fr\/nos-produits\/assurance-vie\/rentes-assurees\/","title":{"rendered":"Rentes assur\u00e9es"},"content":{"rendered":"\n<p> De nombreuses personnes souhaitant s\u00e9curiser leur capital tout en percevant un revenu pour leur usage personnel investissent dans des placements dits s\u00e9curis\u00e9s, tels que les CPG, les obligations, les comptes \u00e0 int\u00e9r\u00eat quotidien, etc. Ces investissements garantissent la s\u00e9curit\u00e9 du capital. Les revenus hors taxes sont g\u00e9n\u00e9ralement assez bas. <\/p>\n<p> <strong> Il existe une alternative souvent n\u00e9glig\u00e9e <\/strong> qui vous permettra d&#8217;augmenter votre rendement apr\u00e8s imp\u00f4t sans r\u00e9duire le capital disponible pour votre succession. Cet investissement s&#8217;appelle une strat\u00e9gie de rente assur\u00e9e ou de dos \u00e0 dos. Une rente assur\u00e9e consiste simplement \u00e0 acheter une rente prescrite et une assurance vie. <\/p>\n<p> Voici comment cela fonctionne. Examinons deux approches diff\u00e9rentes: <\/p>\n<p> <strong> Approche n \u00b0 1: <\/strong> <br> Une femme de 70 ans investit 300 000 USD dans un fonds de capital-risque G.I.C. en payant un int\u00e9r\u00eat de 3% (garanti 5 ans), ce qui lui procure un revenu annuel de 9 000 $. <\/p>\n<p> Elle a d\u2019autres sources de revenu et son taux d\u2019imposition marginal est de 30%. <br> Elle paiera un imp\u00f4t de 2 700 $ par an sur son revenu de CPG et disposera de 6 300 $ chaque ann\u00e9e comme revenu pour usage personnel. <\/p>\n<p> Elle aimerait laisser les 300 000 $ \u00e0 ses enfants. Elle aime donc le CPG car elle peut utiliser les int\u00e9r\u00eats sans toucher au capital de 300 000 $. <\/p>\n<p> Il est vrai que son investissement dans un CPG lui permettra de pr\u00e9server son capital de 300 000 $, mais le revenu d\u2019int\u00e9r\u00eats est totalement impos\u00e9 et elle reste donc avec tr\u00e8s peu chaque ann\u00e9e. <\/p>\n<p> <strong> Approche n \u00b0 2: <\/strong> <br> La femme \u00e2g\u00e9e de 70 ans, qui dispose de 300 000 $, ach\u00e8te une rente prescrite avec les 300 000 $ qu&#8217;elle d\u00e9tenait dans un CPG. <\/p>\n<p> La rente lui versera 25 936 $ par an. \u00c9tant donn\u00e9 que seule une partie de ce montant est imposable (c\u2019est-\u00e0-dire 6 736 $), la taxe per\u00e7ue sur ce montant \u00e0 30% ne sera que de 2 021 $ par an. <\/p>\n<p> Avec les rentes, chaque versement de rente se compose d\u2019un revenu d\u2019int\u00e9r\u00eats et d\u2019un remboursement du capital hors taxe. La partie int\u00e9r\u00eats g\u00e9n\u00e8re des taxes, mais elles sont inf\u00e9rieures \u00e0 ce qu\u2019elle payait avec le CPG. Apr\u00e8s imp\u00f4t, il lui reste 23 915 $ (25 936 $ moins 2 021 $), ce qui est beaucoup plus \u00e9lev\u00e9 que les 6 300 $ qui lui restaient apr\u00e8s imp\u00f4t annuellement avec le CPG. <\/p>\n<p> <strong> <br> Voici l&#8217;inconv\u00e9nient: <\/strong> <br> Chaque fois qu&#8217;elle re\u00e7oit une rente, elle r\u00e9cup\u00e8re une partie de son capital initial de 300 000 USD pour ne pas pouvoir la quitter. aux enfants les 300 000 $ qu&#8217;elle pourrait avoir avec le CPG. En fait, une rente viag\u00e8re r\u00e9guli\u00e8re ne laissera aucune de ces 300 000 $ \u00e0 ses enfants, car la compagnie d\u2019assurance conservera tout ce qui lui reste de capital lors de son d\u00e9c\u00e8s. <\/p>\n<p> <strong> <br> Mais voici sa solution: <\/strong> <br> Avec l&#8217;argent suppl\u00e9mentaire qu&#8217;elle re\u00e7oit, elle peut souscrire une police d&#8217;assurance vie lui permettant de payer 300 000 dollars (en franchise d&#8217;imp\u00f4t) \u00e0 ses enfants. meurt. <\/p>\n<p> Le co\u00fbt de la police d\u2019assurance-vie est de 9 720 dollars par an. Elle prend les 23 915 $ qu&#8217;elle re\u00e7oit apr\u00e8s imp\u00f4ts, paie sa prime annuelle d&#8217;assurance de 9 720 $ et il lui reste 14 195 $ en poche. <\/p>\n<p> Ces 14 195 $ repr\u00e9sentent 7 895 $ de plus que les 6 300 $ de revenu apr\u00e8s imp\u00f4t qu&#8217;elle recevait sur son CPG! (Voir le tableau ci-dessous.) La rente assur\u00e9e fonctionne mieux avec les personnes \u00e2g\u00e9es de 65 \u00e0 85 ans, que ce soit sur une base individuelle ou commune. Ces \u00e2ges pour une rente assur\u00e9e produisent des rendements spectaculaires. Toutefois, comme pour tous les programmes li\u00e9s \u00e0 l\u2019assurance vie, vous devez passer un examen m\u00e9dical pour pouvoir vous qualifier. <\/p>\n<p> <strong> <br> L&#8217;avantage de la rente assur\u00e9e: <\/strong> <br> Votre flux de tr\u00e9sorerie est augment\u00e9 car une rente prescrite verse un m\u00e9lange d&#8217;int\u00e9r\u00eats et de capital, la taxe n&#8217;\u00e9tant payable que sur la partie int\u00e9r\u00eats. Contre. un CPG o\u00f9 le revenu est enti\u00e8rement impos\u00e9 \u00e0 titre d\u2019int\u00e9r\u00eats. <\/p>\n<p> Le revenu de votre rente est garanti et payable \u00e0 vie <strong>. <\/strong> <\/p>\n<p> Si vous le souhaitez, des garanties de revenus suppl\u00e9mentaires peuvent \u00eatre ajout\u00e9es. <\/p>\n<p> Vous am\u00e9liorez votre style de vie en utilisant ce capital pour g\u00e9n\u00e9rer un flux de tr\u00e9sorerie net apr\u00e8s imp\u00f4t plus \u00e9lev\u00e9 tout en pr\u00e9servant votre succession pour vos h\u00e9ritiers. <\/p>\n<p> \u00c0 votre d\u00e9c\u00e8s, les versements de rente cessent g\u00e9n\u00e9ralement, mais la police d\u2019assurance verse \u00e0 vos b\u00e9n\u00e9ficiaires une prestation de d\u00e9c\u00e8s, ce qui permet \u00e0 la succession de r\u00e9cup\u00e9rer le montant initialement utilis\u00e9 pour acqu\u00e9rir la rente. <\/p>\n<p> Le produit de votre police d\u2019assurance vie est libre d\u2019imp\u00f4ts et <strong> vous \u00e9vitera l\u2019homologation <\/strong> s&#8217;il existe un b\u00e9n\u00e9ficiaire d\u00e9sign\u00e9. <\/p>\n<p> <strong> <br> Situations d&#8217;entreprise: <\/strong> <br> Les rentes assur\u00e9es fonctionnent \u00e9galement bien dans les entreprises o\u00f9 de l&#8217;argent est d\u00e9tenu dans une soci\u00e9t\u00e9 de portefeuille \/ d&#8217;investissement active ou inactive. <\/p>\n<p> Cette strat\u00e9gie pourrait potentiellement aider une personne \u00e0 retirer de l\u2019argent de son entreprise en franchise d\u2019imp\u00f4t et \u00e0 supprimer l\u2019imp\u00f4t sur les gains en capital payable au d\u00e9c\u00e8s. En investissant seulement une partie de votre capital dans une rente assur\u00e9e, vous aurez consid\u00e9rablement am\u00e9lior\u00e9 votre sant\u00e9 financi\u00e8re en r\u00e9duisant les imp\u00f4ts et en g\u00e9n\u00e9rant un flux de tr\u00e9sorerie garanti plus \u00e9lev\u00e9. <\/p>\n<p> <img decoding=\"async\" src=\"\/wp-content\/uploads\/2011\/11\/annuity.gif\" alt=\"table de rente\"> <\/p>\n<p> <b> Clause de non-responsabilit\u00e9: <\/b> Le versement de la rente est fond\u00e9, le jour de la demande, sur des taux pouvant changer tous les jours et sur d\u2019autres facteurs, les chiffres indiqu\u00e9s ci-dessus ne concernent que fins illustratives <\/p>\n","protected":false},"excerpt":{"rendered":"<p>De nombreuses personnes souhaitant s\u00e9curiser leur capital tout en percevant un revenu pour leur usage personnel investissent dans des placements dits s\u00e9curis\u00e9s, tels que les CPG, les obligations, les comptes \u00e0 int\u00e9r\u00eat quotidien, etc. Ces investissements garantissent la s\u00e9curit\u00e9 du capital. Les revenus hors taxes sont g\u00e9n\u00e9ralement assez bas. Il existe une alternative souvent n\u00e9glig\u00e9e [&hellip;]<\/p>\n","protected":false},"author":2,"featured_media":0,"parent":2276,"menu_order":0,"comment_status":"closed","ping_status":"closed","template":"","meta":{"_acf_changed":false,"footnotes":""},"class_list":["post-2301","page","type-page","status-publish","hentry","entry"],"acf":[],"jetpack_sharing_enabled":true,"_links":{"self":[{"href":"https:\/\/delsangroup.com\/fr\/wp-json\/wp\/v2\/pages\/2301","targetHints":{"allow":["GET"]}}],"collection":[{"href":"https:\/\/delsangroup.com\/fr\/wp-json\/wp\/v2\/pages"}],"about":[{"href":"https:\/\/delsangroup.com\/fr\/wp-json\/wp\/v2\/types\/page"}],"author":[{"embeddable":true,"href":"https:\/\/delsangroup.com\/fr\/wp-json\/wp\/v2\/users\/2"}],"replies":[{"embeddable":true,"href":"https:\/\/delsangroup.com\/fr\/wp-json\/wp\/v2\/comments?post=2301"}],"version-history":[{"count":5,"href":"https:\/\/delsangroup.com\/fr\/wp-json\/wp\/v2\/pages\/2301\/revisions"}],"predecessor-version":[{"id":3319,"href":"https:\/\/delsangroup.com\/fr\/wp-json\/wp\/v2\/pages\/2301\/revisions\/3319"}],"up":[{"embeddable":true,"href":"https:\/\/delsangroup.com\/fr\/wp-json\/wp\/v2\/pages\/2276"}],"wp:attachment":[{"href":"https:\/\/delsangroup.com\/fr\/wp-json\/wp\/v2\/media?parent=2301"}],"curies":[{"name":"wp","href":"https:\/\/api.w.org\/{rel}","templated":true}]}}