{"id":2299,"date":"2019-04-30T02:27:51","date_gmt":"2019-04-30T02:27:51","guid":{"rendered":"http:\/\/new2019.delsangroup.com\/?page_id=2299"},"modified":"2019-07-26T07:02:18","modified_gmt":"2019-07-26T07:02:18","slug":"cote-dassurance-maladie","status":"publish","type":"page","link":"https:\/\/delsangroup.com\/fr\/nos-produits\/assurance-vie\/cote-dassurance-maladie\/","title":{"rendered":"Cote d&#8217;assurance maladie"},"content":{"rendered":"\n<p> <span class=\"whiteSubTitles2\"> Compagnies d&#8217;assurance canadiennes &#8211; Cotes de sant\u00e9 <\/span> <\/p>\n\n\n\n<p> Les compagnies d\u2019assurance canadiennes offrent des rabais aux personnes en meilleure sant\u00e9 en utilisant les taux pr\u00e9f\u00e9rentiels et pr\u00e9f\u00e9rentiels. Chaque entreprise a ses propres crit\u00e8res, mais les questions suivantes sont typiques de celles qui sont pos\u00e9es pour d\u00e9terminer quel taux elles vont donner et peuvent \u00eatre utilis\u00e9es \u00e0 titre indicatif. Certaines entreprises canadiennes ont un syst\u00e8me de cr\u00e9dit et de d\u00e9bit dans lequel des modes de vie positifs peuvent surmonter un poids h\u00e9r\u00e9ditaire n\u00e9gatif. probl\u00e8mes. <\/p>\n\n\n\n<p class=\"pageSubHeaders\"> <strong> Preferred Plus &#8211; Pouvez-vous r\u00e9pondre \u00aboui\u00bb \u00e0 toutes ces questions <\/strong> <\/p>\n\n\n\n<ol class=\"oepl_listing_dec wp-block-list\"><li>\n\t\tAucun produit \u00e0 base de tabac ou de nicotine au cours des 4 derni\u00e8res ann\u00e9es.\n\t<\/li><li>\n\t\tPas plus de 2 infractions mobiles au cours des 3 derni\u00e8res ann\u00e9es et pas de &#8220;conduite sous influence&#8221; au cours des 5 derni\u00e8res ann\u00e9es.\n\t<\/li><li>\n\t\tPas de professions ou d\u2019aventures dangereuses ni de d\u00e9placements dans des zones dangereuses.\n\t<\/li><li>\n\t\tPas d&#8217;ant\u00e9c\u00e9dents d&#8217;arrestation ni de toxicomanie. Informez-vous des ant\u00e9c\u00e9dents d&#8217;abus d&#8217;alcool apr\u00e8s 10 ans &#8211; certains pourraient y penser. .\n\t<\/li><li>\n\t\tCitoyen ou r\u00e9sident dans le pays en tant qu\u2019immigrant re\u00e7u depuis au moins un an.\n\t<\/li><li>\n\t\tAucun ant\u00e9c\u00e9dent familial (parent naturel ou fr\u00e8re ou s\u0153ur) d&#8217;un DIAGNOSTIC de coronaropathie, de cancer interne ou de m\u00e9lanome, d&#8217;accident vasculaire c\u00e9r\u00e9bral ou d&#8217;une autre maladie h\u00e9r\u00e9ditaire mettant la vie en danger avant 60 ans.\n\t<\/li><li>\n\t\tPas d&#8217;ant\u00e9c\u00e9dents ou de probl\u00e8mes de sant\u00e9 majeurs. Aucun ant\u00e9c\u00e9dent de trouble mental ou nerveux.\n\t<\/li><li>\n\t\tLa pression art\u00e9rielle (sans m\u00e9dicament) ne doit pas d\u00e9passer 140\/90.\n\t<\/li><li>\n\t\tLe cholest\u00e9rol total (sans m\u00e9dicament) ne doit pas d\u00e9passer 220 ET le rapport cholest\u00e9rol \/ HDL ne doit pas d\u00e9passer 5,0\n\t<\/li><li>\n\t\tDans les limites de taille et de poids, voir le tableau au bas de cette page.\n\t<\/li><\/ol>\n\n\n\n<p class=\"pageSubHeaders\"> <strong> Pr\u00e9f\u00e9r\u00e9 &#8211; Pouvez-vous r\u00e9pondre \u00aboui\u00bb \u00e0 toutes ces questions <\/strong> <\/p>\n\n\n\n<ol class=\"oepl_listing_dec wp-block-list\"><li> Aucun produit \u00e0 base de tabac ou de nicotine au cours des 2 derni\u00e8res ann\u00e9es <\/li><li> Pas plus de 3 infractions mobiles au cours des 3 derni\u00e8res ann\u00e9es, pas de &#8220;conduite sous influence&#8221; au cours des 5 derni\u00e8res ann\u00e9es. <\/li><li> Pas de professions ou d\u2019aventures dangereuses ni de d\u00e9placements dans des zones dangereuses. <\/li><li> Pas d&#8217;ant\u00e9c\u00e9dents d&#8217;arrestation ni de toxicomanie. Posez des questions sur l\u2019abus d\u2019alcool au bout de cinq ans &#8211; certains l\u2019envisageront peut-\u00eatre. <\/li><li> Citoyen ou r\u00e9sident dans le pays en tant qu\u2019immigrant re\u00e7u depuis au moins un an. <\/li><li> Aucun ant\u00e9c\u00e9dent familial (parent naturel ou fr\u00e8re ou s\u0153ur) d&#8217;un DIAGNOSTIC de coronaropathie, de cancer interne ou de m\u00e9lanome, d&#8217;accident vasculaire c\u00e9r\u00e9bral ou d&#8217;une autre maladie h\u00e9r\u00e9ditaire mettant la vie en danger avant 60 ans. <\/li><li> Pas d&#8217;ant\u00e9c\u00e9dents ou de probl\u00e8mes de sant\u00e9 majeurs. Aucun ant\u00e9c\u00e9dent de trouble mental ou nerveux. <\/li><li> La pression art\u00e9rielle (avec ou sans m\u00e9dicament) ne doit pas d\u00e9passer 140\/90. <\/li><li> Le cholest\u00e9rol total (avec ou sans m\u00e9dicament) ne doit pas d\u00e9passer 240 ET le rapport cholest\u00e9rol \/ HDL ne doit pas d\u00e9passer 6,0 <\/li><li> Dans les limites de taille et de poids, voir le tableau au bas de cette page. <\/li><\/ol>\n\n\n\n<p> <strong> R\u00e9gulier Plus &#8211; peu d&#8217;entreprises canadiennes l&#8217;offrent &#8211; utilisez-le si vous manquez juste de vous qualifier pour la pr\u00e9f\u00e9rence. <\/strong> <\/p>\n\n\n\n<p class=\"pageSubHeaders\"> <strong> Normal &#8211; Pouvez-vous r\u00e9pondre \u00aboui\u00bb \u00e0 toutes ces questions? <\/strong> <\/p>\n\n\n\n<ol class=\"oepl_listing_dec wp-block-list\"><li> Aucune consommation de tabac ou de produits \u00e0 base de nicotine au cours des 12 derniers mois. <\/li><li> Dans les limites de taille et de poids, voir le tableau au bas de cette page. <\/li><li> Citoyen ou r\u00e9sident dans le pays en tant qu\u2019immigrant re\u00e7u depuis au moins un an. <\/li><li> Sinon, g\u00e9n\u00e9ralement en bonne sant\u00e9 <\/li><\/ol>\n\n\n\n<p> <br> <strong> Fumeur pr\u00e9f\u00e9r\u00e9 <\/strong>: certaines soci\u00e9t\u00e9s proposent un tarif pr\u00e9f\u00e9rentiel pour les fumeurs. Vous devez b\u00e9n\u00e9ficier du tarif pr\u00e9f\u00e9rentiel ci-dessus et fumer moins de 20 cigarettes par jour. <\/p>\n\n\n\n<table class=\"wp-block-table\" style=\"border:0;\">\n\t<tbody>\n\t\t<tr>\n\t\t\t<td colspan=\"4\" style=\"text-align: center; border:0\"><strong> <span class=\"whiteSubTitles2\"> Poids maximal (lb) \u00e0 qualifier pour la classe tarifaire\n\t\t\t\t<br>\n\t\t\t<\/span> strong&gt; <span class=\"whiteHomeSubTitles\"> (\u00e0 utiliser comme guide &#8211; chaque entreprise a ses propres tarifs) <\/span> <\/strong><strong> <\/strong><\/td>\n\t\t<\/tr>\n\t\t<tr style=\"background-color: #d3aa34;\">\n\t\t\t<td style=\"text-align: center; border:0; border-spacing:0;\"><strong> Hauteur <\/strong><\/td>\n\t\t\t<td style=\"text-align: center; border:0; border-spacing:0;\"><strong> Pr\u00e9f\u00e9r\u00e9 Plus <\/strong><\/td>\n\t\t\t<td style=\"text-align: center; border:0; border-spacing:0;\"><strong> Pr\u00e9f\u00e9r\u00e9 <\/strong><\/td>\n\t\t\t<td style=\"text-align: center; border:0; border-spacing:0;\"><strong> R\u00e9gulier \/ Standard <\/strong><\/td>\n\t\t<\/tr>\n\t\t<tr>\n\t\t\t<td style=\"text-align: center; border:0; border-spacing:0;\"> 5 &#8216;0 &#8221; <\/td>\n\t\t\t<td style=\"text-align: center; border:0; border-spacing:0;\"> 146 <\/td>\n\t\t\t<td style=\"text-align: center; border:0; border-spacing:0;\"> 156 <\/td>\n\t\t\t<td style=\"text-align: center; border:0; border-spacing:0;\"> 173 <\/td>\n\t\t<\/tr>\n\t\t<tr style=\"background-color: #d3aa34;\">\n\t\t\t<td style=\"text-align: center; border:0; border-spacing:0;\"> 5 &#8216;1 &#8221; <\/td>\n\t\t\t<td style=\"text-align: center; border:0; border-spacing:0;\"> 151 <\/td>\n\t\t\t<td style=\"text-align: center; border:0; border-spacing:0;\"> 160 <\/td>\n\t\t\t<td style=\"text-align: center; border:0; border-spacing:0;\"> 177 <\/td>\n\t\t<\/tr>\n\t\t<tr>\n\t\t\t<td style=\"text-align: center; border:0; border-spacing:0;\"> 5 &#8216;2 &#8221; <\/td><td style=\"text-align: center; border:0; border-spacing:0;\"> 155 <\/td><td style=\"text-align: center; border:0; border-spacing:0;\"> 165 <\/td><td style=\"text-align: center; border:0; border-spacing:0;\"> 181 <\/td>\n\t\t<\/tr>\n\t\t<tr style=\"background-color: #d3aa34;\">\n\t\t\t<td style=\"text-align: center; border:0; border-spacing:0;\"> 5 &#8216;3 &#8221; <\/td><td style=\"text-align: center; border:0; border-spacing:0;\"> 159 <\/td><td style=\"text-align: center; border:0; border-spacing:0;\"> 170 <\/td><td style=\"text-align: center; border:0; border-spacing:0;\"> 186 <\/td>\n\t\t<\/tr>\n\t\t<tr>\n\t\t\t<td style=\"text-align: center; border:0; border-spacing:0;\"> 5 &#8216;4 &#8221; <\/td><td style=\"text-align: center; border:0; border-spacing:0;\"> 164 <\/td><td style=\"text-align: center; border:0; border-spacing:0;\"> 174 <\/td><td style=\"text-align: center; border:0; border-spacing:0;\"> 191 <\/td>\n\t\t<\/tr>\n\t\t<tr style=\"background-color: #d3aa34;\">\n\t\t\t<td style=\"text-align: center; border:0; border-spacing:0;\"> 5 &#8216;5 &#8221; <\/td><td style=\"text-align: center; border:0; border-spacing:0;\"> 169 <\/td><td style=\"text-align: center; border:0; border-spacing:0;\"> 179 <\/td><td style=\"text-align: center; border:0; border-spacing:0;\"> 196 <\/td>\n\t\t<\/tr>\n\t\t<tr>\n\t\t\t<td style=\"text-align: center; border:0; border-spacing:0;\"> 5 &#8216;6 &#8221; <\/td><td style=\"text-align: center; border:0; border-spacing:0;\"> 175 <\/td><td style=\"text-align: center; border:0; border-spacing:0;\"> 184 <\/td><td style=\"text-align: center; border:0; border-spacing:0;\"> 202 <\/td>\n\t\t<\/tr>\n\t\t<tr style=\"background-color: #d3aa34;\">\n\t\t\t<td style=\"text-align: center; border:0; border-spacing:0;\"> 5 &#8216;7 &#8221; <\/td><td style=\"text-align: center; border:0; border-spacing:0;\"> 180 <\/td><td style=\"text-align: center; border:0; border-spacing:0;\"> 189 <\/td><td style=\"text-align: center; border:0; border-spacing:0;\"> 207 <\/td>\n\t\t<\/tr>\n\t\t<tr>\n\t\t\t<td style=\"text-align: center; border:0; border-spacing:0;\"> 5 &#8216;8 &#8221; <\/td><td style=\"text-align: center; border:0; border-spacing:0;\"> 184 <\/td><td style=\"text-align: center; border:0; border-spacing:0;\"> 194 <\/td><td style=\"text-align: center; border:0; border-spacing:0;\"> 212 <\/td>\n\t\t<\/tr>\n\t\t<tr style=\"background-color: #d3aa34;\">\n\t\t\t<td style=\"text-align: center; border:0; border-spacing:0;\"> 5 &#8216;9 &#8221; <\/td><td style=\"text-align: center; border:0; border-spacing:0;\"> 188 <\/td><td style=\"text-align: center; border:0; border-spacing:0;\"> 200 <\/td><td style=\"text-align: center; border:0; border-spacing:0;\"> 217 <\/td>\n\t\t<\/tr>\n\t\t<tr>\n\t\t\t<td style=\"text-align: center; border:0; border-spacing:0;\"> 5 &#8217;10 &#8221; <\/td><td style=\"text-align: center; border:0; border-spacing:0;\"> 192 <\/td><td style=\"text-align: center; border:0; border-spacing:0;\"> 206 <\/td><td style=\"text-align: center; border:0; border-spacing:0;\"> 223 <\/td>\n\t\t<\/tr>\n\t\t<tr style=\"background-color: #d3aa34;\">\n\t\t\t<td style=\"text-align: center; border:0; border-spacing:0;\"> 5 &#8217;11 &#8221; <\/td><td style=\"text-align: center; border:0; border-spacing:0;\"> 198 <\/td><td style=\"text-align: center; border:0; border-spacing:0;\"> 212 <\/td><td style=\"text-align: center; border:0; border-spacing:0;\"> 229 <\/td>\n\t\t<\/tr>\n\t\t<tr>\n\t\t\t<td style=\"text-align: center; border:0; border-spacing:0;\"> 6 &#8216;0 &#8221; <\/td><td style=\"text-align: center; border:0; border-spacing:0;\"> 205 <\/td><td style=\"text-align: center; border:0; border-spacing:0;\"> 219 <\/td><td style=\"text-align: center; border:0; border-spacing:0;\"> 235 <\/td>\n\t\t<\/tr>\n\t\t<tr style=\"background-color: #d3aa34;\">\n\t\t\t<td style=\"text-align: center; border:0; border-spacing:0;\"> 6 &#8216;1 &#8221; <\/td><td style=\"text-align: center; border:0; border-spacing:0;\"> 210 <\/td><td style=\"text-align: center; border:0; border-spacing:0;\"> 225 <\/td><td style=\"text-align: center; border:0; border-spacing:0;\"> 241 <\/td>\n\t\t<\/tr>\n\t\t<tr>\n\t\t\t<td style=\"text-align: center; border:0; border-spacing:0;\"> 6 &#8216;2 &#8221; <\/td><td style=\"text-align: center; border:0; border-spacing:0;\"> 215 <\/td><td style=\"text-align: center; border:0; border-spacing:0;\"> 231 <\/td><td style=\"text-align: center; border:0; border-spacing:0;\"> 247 <\/td>\n\t\t<\/tr>\n\t\t<tr style=\"background-color: #d3aa34;\">\n\t\t\t<td style=\"text-align: center; border:0; border-spacing:0;\"> 6 &#8216;3 &#8221; <\/td><td style=\"text-align: center; border:0; border-spacing:0;\"> 220 <\/td><td style=\"text-align: center; border:0; border-spacing:0;\"> 236 <\/td><td style=\"text-align: center; border:0; border-spacing:0;\"> 254 <\/td>\n\t\t<\/tr>\n\t\t<tr>\n\t\t\t<td style=\"text-align: center; border:0; border-spacing:0;\"> 6 &#8216;4 &#8221; <\/td><td style=\"text-align: center; border:0; border-spacing:0;\"> 225 <\/td><td style=\"text-align: center; border:0; border-spacing:0;\"> 241 <\/td><td style=\"text-align: center; border:0; border-spacing:0;\"> 261 <\/td>\n\t\t<\/tr>\n\t\t<tr style=\"background-color: #d3aa34;\">\n\t\t\t<td style=\"text-align: center; border:0; border-spacing:0;\"> 6 &#8216;5 &#8221; <\/td><td style=\"text-align: center; border:0; border-spacing:0;\"> 231 <\/td><td style=\"text-align: center; border:0; border-spacing:0;\"> 247 <\/td><td style=\"text-align: center; border:0; border-spacing:0;\"> 269 <\/td>\n\t\t<\/tr>\n\t<\/tbody>\n<\/table>\n\n\n\n<p> <span class=\"pageTitles\"> Le groupe Delsan est \u00e0 votre service pour r\u00e9pondre \u00e0 vos besoins en mati\u00e8re de services financiers, de s\u00e9curit\u00e9 financi\u00e8re et de conseil. <\/span> <\/p>\n\n\n\n<p> <strong> Pour plus d&#8217;informations, <a href=\"\/contact-us\"> contactez le groupe Delsan <\/a>. <\/strong> <\/p>\n","protected":false},"excerpt":{"rendered":"<p>Compagnies d&#8217;assurance canadiennes &#8211; Cotes de sant\u00e9 Les compagnies d\u2019assurance canadiennes offrent des rabais aux personnes en meilleure sant\u00e9 en utilisant les taux pr\u00e9f\u00e9rentiels et pr\u00e9f\u00e9rentiels. Chaque entreprise a ses propres crit\u00e8res, mais les questions suivantes sont typiques de celles qui sont pos\u00e9es pour d\u00e9terminer quel taux elles vont donner et peuvent \u00eatre utilis\u00e9es \u00e0 [&hellip;]<\/p>\n","protected":false},"author":2,"featured_media":0,"parent":2276,"menu_order":0,"comment_status":"closed","ping_status":"closed","template":"","meta":{"_acf_changed":false,"footnotes":""},"class_list":["post-2299","page","type-page","status-publish","hentry","entry"],"acf":[],"jetpack_sharing_enabled":true,"_links":{"self":[{"href":"https:\/\/delsangroup.com\/fr\/wp-json\/wp\/v2\/pages\/2299","targetHints":{"allow":["GET"]}}],"collection":[{"href":"https:\/\/delsangroup.com\/fr\/wp-json\/wp\/v2\/pages"}],"about":[{"href":"https:\/\/delsangroup.com\/fr\/wp-json\/wp\/v2\/types\/page"}],"author":[{"embeddable":true,"href":"https:\/\/delsangroup.com\/fr\/wp-json\/wp\/v2\/users\/2"}],"replies":[{"embeddable":true,"href":"https:\/\/delsangroup.com\/fr\/wp-json\/wp\/v2\/comments?post=2299"}],"version-history":[{"count":12,"href":"https:\/\/delsangroup.com\/fr\/wp-json\/wp\/v2\/pages\/2299\/revisions"}],"predecessor-version":[{"id":3307,"href":"https:\/\/delsangroup.com\/fr\/wp-json\/wp\/v2\/pages\/2299\/revisions\/3307"}],"up":[{"embeddable":true,"href":"https:\/\/delsangroup.com\/fr\/wp-json\/wp\/v2\/pages\/2276"}],"wp:attachment":[{"href":"https:\/\/delsangroup.com\/fr\/wp-json\/wp\/v2\/media?parent=2299"}],"curies":[{"name":"wp","href":"https:\/\/api.w.org\/{rel}","templated":true}]}}