{"id":2294,"date":"2019-04-30T02:19:00","date_gmt":"2019-04-30T02:19:00","guid":{"rendered":"http:\/\/new2019.delsangroup.com\/?page_id=2294"},"modified":"2024-12-17T16:19:21","modified_gmt":"2024-12-17T16:19:21","slug":"assurance-sante-et-dentaire","status":"publish","type":"page","link":"https:\/\/delsangroup.com\/fr\/nos-produits\/assurance-vie\/assurance-sante-et-dentaire\/","title":{"rendered":"Assurance sant\u00e9 et dentaire"},"content":{"rendered":"<p><span class=\"whiteSubTitles2\"> Les r\u00e9gimes complets de soins de sant\u00e9 et de soins dentaires offrent des alternatives sup\u00e9rieures aux travailleurs ind\u00e9pendants, sous-assur\u00e9s, aux familles ayant des consid\u00e9rations uniques et \u00e0 celles dont le r\u00e9gime collectif est insuffisant. <\/span><\/p>\n<p><span class=\"pageTitles\"> Health &amp; amp; Plans dentaires <\/span><\/p>\n<p>Faites-vous partie des nombreux Qu\u00e9b\u00e9cois qui souhaitent compl\u00e9ter votre r\u00e9gime de sant\u00e9 provincial? Des milliers de Canadiens voient la n\u00e9cessit\u00e9 de compl\u00e9ter leur r\u00e9gime de sant\u00e9 provincial par un r\u00e9gime priv\u00e9 d&#8217;assurance maladie qui les soutiendra en cas d&#8217;impr\u00e9vu.<\/p>\n<p>La plupart des r\u00e9gimes de sant\u00e9 provinciaux ne couvrent pas les d\u00e9penses de sant\u00e9 courantes, notamment les lunettes, les m\u00e9dicaments sur ordonnance, les services d\u2019ambulance et les soins dentaires. Ces frais peuvent facilement \u00eatre couverts par un r\u00e9gime de soins de sant\u00e9 et de soins dentaires.<\/p>\n<p><strong class=\"pageSubHeaders\"> Certains des plans:<\/strong><\/p>\n<p><strong class=\"pageSubHeaders\"><br \/>\n<\/strong><strong class=\"pageSubHeaders\"><\/strong><\/p>\n<ul class=\"oepl_listing\">\n<li>\n\t\tvenir avec ou sans couverture dentaire<\/li>\n<li>\n\t\tSont garantis et peuvent \u00eatre appliqu\u00e9s avec peu ou pas de questions m\u00e9dicales.<\/li>\n<li>\n\t\tvenir avec ou sans m\u00e9dicaments sur ordonnance<\/li>\n<li>\n\t\tinclure une assurance voyage<\/li>\n<li>\n\t\tb\u00e9n\u00e9ficiez d&#8217;excellents tarifs familiaux, quelle que soit leur taille<\/li>\n<li>\n\t\tinclure l&#8217;h\u00e9bergement \u00e0 l&#8217;h\u00f4pital pr\u00e9f\u00e9r\u00e9<\/li>\n<\/ul>\n<p><strong class=\"pageSubHeaders\"> Certains d&#8217;entre eux incluent: <\/strong><\/p>\n<ul class=\"oepl_listing\">\n<li>\n\t\tAmbulance<\/li>\n<li>\n\t\tAmbulance a\u00e9rienne<\/li>\n<li>\n\t\tjette<\/li>\n<li>\n\t\tB\u00e9quilles<\/li>\n<li>\n\t\tMarcheurs<\/li>\n<li>\n\t\tFauteuils roulants<\/li>\n<li>\n\t\tScooters<\/li>\n<li>\n\t\tSoins dentaires accidentels<\/li>\n<li>\n\t\tProth\u00e8ses mammaires<\/li>\n<li>\n\t\tSoins infirmiers priv\u00e9s<\/li>\n<li>\n\t\tChambre d&#8217;h\u00f4pital pr\u00e9f\u00e9r\u00e9e<\/li>\n<li>\n\t\tProth\u00e8ses auditives<\/li>\n<li>\n\t\tLunettes de vue sur ordonnance<\/li>\n<li>\n\t\tAssurance voyage<\/li>\n<\/ul>\n<p><strong> V\u00e9rifiez aupr\u00e8s de votre conseiller du groupe Delsan avant d\u2019acheter votre r\u00e9gime d\u2019assurance maladie pour vous assurer que celui-ci comprend les avantages qui vous tiennent \u00e0 c\u0153ur. <\/strong><\/p>\n<p>Que vous soyez un retrait\u00e9, un travailleur ind\u00e9pendant ou un employ\u00e9 avec une assurance maladie inad\u00e9quate, il peut exister un r\u00e9gime de soins de sant\u00e9 et de soins dentaires, il existe m\u00eame des r\u00e9gimes de soins m\u00e9dicaux qui couvrent certaines affections pr\u00e9existantes.<\/p>\n<p>Tous les r\u00e9gimes de soins de sant\u00e9 et de soins dentaires ne sont pas identiques. Le tri parmi les options, les limites de couverture et les prix peut \u00eatre long et d\u00e9routant. Le groupe Delsan peut vous aider \u00e0 trouver le plan d\u2019assurance maladie qui vous convient. Avec nos associ\u00e9s exp\u00e9riment\u00e9s et comp\u00e9tents, nous pouvons trouver le plan qui \u00abcorrespond\u00bb \u00e0 vos besoins particuliers. Nos collaborateurs font appel \u00e0 plusieurs fournisseurs canadiens d\u2019assurance maladie qui vous offrent le meilleur tarif disponible. &lt; \/ p&gt; Malheureusement, si vous faites partie de ceux qui ont souscrit une assurance maladie \u00e0 des prix d\u00e9raisonnables. Heureusement, nous sommes en mesure de vous aider \u00e0 trouver un plan de sant\u00e9 abordable qui correspondra mieux \u00e0 votre budget.<\/p>\n<p>Nos services sont gratuits pour nos clients car nous sommes pay\u00e9s par la compagnie d\u2019assurance de votre choix. Et oui, votre prime d\u2019assurance maladie est la m\u00eame, que vous utilisiez nos services ou que vous vous dirigiez directement vers.<\/p>\n<p><span class=\"pageTitles\"> Le groupe Delsan est \u00e0 votre service pour r\u00e9pondre \u00e0 vos besoins en mati\u00e8re de services financiers, de s\u00e9curit\u00e9 financi\u00e8re et de conseils.<\/span><\/p>\n<p><strong> Pour plus d&#8217;informations, <a href=\"https:\/\/www.delsangroup.com\/fr\/contactez-nous\/\"> contacter le groupe Delsan <\/a>. <\/strong><\/p>\n","protected":false},"excerpt":{"rendered":"<p>Les r\u00e9gimes complets de soins de sant\u00e9 et de soins dentaires offrent des alternatives sup\u00e9rieures aux travailleurs ind\u00e9pendants, sous-assur\u00e9s, aux familles ayant des consid\u00e9rations uniques et \u00e0 celles dont le r\u00e9gime collectif est insuffisant. Health &amp; amp; Plans dentaires Faites-vous partie des nombreux Qu\u00e9b\u00e9cois qui souhaitent compl\u00e9ter votre r\u00e9gime de sant\u00e9 provincial? Des milliers de [&hellip;]<\/p>\n","protected":false},"author":2,"featured_media":0,"parent":2276,"menu_order":0,"comment_status":"closed","ping_status":"closed","template":"","meta":{"_acf_changed":false,"footnotes":""},"class_list":["post-2294","page","type-page","status-publish","hentry","entry"],"acf":[],"jetpack_sharing_enabled":true,"_links":{"self":[{"href":"https:\/\/delsangroup.com\/fr\/wp-json\/wp\/v2\/pages\/2294","targetHints":{"allow":["GET"]}}],"collection":[{"href":"https:\/\/delsangroup.com\/fr\/wp-json\/wp\/v2\/pages"}],"about":[{"href":"https:\/\/delsangroup.com\/fr\/wp-json\/wp\/v2\/types\/page"}],"author":[{"embeddable":true,"href":"https:\/\/delsangroup.com\/fr\/wp-json\/wp\/v2\/users\/2"}],"replies":[{"embeddable":true,"href":"https:\/\/delsangroup.com\/fr\/wp-json\/wp\/v2\/comments?post=2294"}],"version-history":[{"count":5,"href":"https:\/\/delsangroup.com\/fr\/wp-json\/wp\/v2\/pages\/2294\/revisions"}],"predecessor-version":[{"id":3384,"href":"https:\/\/delsangroup.com\/fr\/wp-json\/wp\/v2\/pages\/2294\/revisions\/3384"}],"up":[{"embeddable":true,"href":"https:\/\/delsangroup.com\/fr\/wp-json\/wp\/v2\/pages\/2276"}],"wp:attachment":[{"href":"https:\/\/delsangroup.com\/fr\/wp-json\/wp\/v2\/media?parent=2294"}],"curies":[{"name":"wp","href":"https:\/\/api.w.org\/{rel}","templated":true}]}}