{"id":2292,"date":"2019-04-30T02:17:45","date_gmt":"2019-04-30T02:17:45","guid":{"rendered":"http:\/\/new2019.delsangroup.com\/?page_id=2292"},"modified":"2019-07-26T07:02:15","modified_gmt":"2019-07-26T07:02:15","slug":"gic-rrsp","status":"publish","type":"page","link":"https:\/\/delsangroup.com\/fr\/nos-produits\/assurance-vie\/gic-rrsp\/","title":{"rendered":"GIC &#8211; RRSP"},"content":{"rendered":"\n<p>\n\tLes certificats de placement garantis, ou CPG, sont une forme de placement dans laquelle vous acceptez de pr\u00eater de l\u2019argent \u00e0 une banque ou \u00e0 une compagnie d\u2019assurance pour une dur\u00e9e d\u00e9termin\u00e9e. La banque accepte de vous payer un certain pourcentage d&#8217;int\u00e9r\u00eats pour emprunter cet argent. La dur\u00e9e peut ne durer que 90 jours, voire 10 ans. Vous recevrez le plus souvent un taux d&#8217;int\u00e9r\u00eat plus \u00e9lev\u00e9 pour un engagement \u00e0 plus long terme.\n<\/P>\n<p>\n\tPuisque vous acceptez de pr\u00eater votre argent pendant un certain temps, il est souvent d\u00e9savantageux de rompre cet accord et de retirer votre argent plus t\u00f4t. Certains CPG peuvent entra\u00eener une p\u00e9nalit\u00e9 ou vous pouvez gagner des int\u00e9r\u00eats uniquement s\u2019ils sont rembours\u00e9s \u00e0 l\u2019\u00e9ch\u00e9ance. S&#8217;il est possible que vous ayez besoin de l&#8217;argent plus t\u00f4t, vous voudrez peut-\u00eatre examiner les CPG remboursables. Les CPG remboursables vous permettent de retirer votre argent sans p\u00e9nalit\u00e9, mais ils paieront probablement moins d&#8217;int\u00e9r\u00eats.\n<\/P>\n<p>\n\tLes certificats de placement garanti peuvent constituer un bon choix d\u2019investissement si vous voulez un endroit s\u00fbr, \u00e0 court terme, pour \u00e9conomiser votre argent. Les CPG peuvent \u00eatre utilis\u00e9s dans le cadre d&#8217;une partie \u00e0 revenu fixe de votre portefeuille ou simplement pour conserver votre argent pendant que vous d\u00e9cidez ce que vous souhaitez en faire \u00e0 long terme.\n\t<br \/>\n\t<strong> Les risques li\u00e9s aux placements dans les certificats de placement garanti <\/strong>\n<\/p>\n<p>\n\tLes CPG ont un taux d\u2019int\u00e9r\u00eat garanti et le capital est assur\u00e9 par la SADC. Toutefois, les taux d&#8217;inflation et l&#8217;absence de traitement fiscal pr\u00e9f\u00e9rentiel sont les <a href=\"http:\/\/canadianfinanceblog.com\/are-guaranteed-investment-certificates-gic-risk-free\/\"> risques associ\u00e9s aux certificats de placement garanti <\/a>. . Les taux d&#8217;inflation peuvent potentiellement \u00eatre plus \u00e9lev\u00e9s que le taux d&#8217;int\u00e9r\u00eat garanti du CPG dans lequel vous investissez. Cela signifie en fait que vous perdez de l&#8217;argent apr\u00e8s ajustement pour tenir compte de l&#8217;inflation. Les CPG sont impos\u00e9s \u00e0 votre taux d&#8217;imposition marginal, vous pouvez donc envisager de les placer dans un REER, <a href=\"http:\/\/canadianfinanceblog.com\/tfsa-tax-free-savings-account\/\"> CELI <\/a > ou <a href=\"http:\/\/canadianfinanceblog.com\/registered-education-savings-plan-resp\/\"> REEE <\/a> pour prot\u00e9ger l&#8217;int\u00e9r\u00eat que vous gagnez.\n\t<br \/>\n\t<strong> Comment investir dans Certificats de placement garantis <\/strong>\n<\/p>\n<p>\n\t\u00c9tant donn\u00e9 que les CPG offrent des taux d&#8217;int\u00e9r\u00eat plus \u00e9lev\u00e9s lorsqu&#8217;ils sont immobilis\u00e9s plus longtemps, vous pouvez envisager de cr\u00e9er un <a href = \"http:\/\/canadianfinanceblog.com\/build-a-guaranteed-investment-certificate-gic -ladder \/ \"> \u00c9chelle de certificat de placement garanti <\/a>. Pour ce faire, vous r\u00e9partissez votre argent disponible pour investir en cinq parties \u00e9gales et investissez ces sommes dans des CPG de 1, 2, 3, 4 et 5 ans. \u00c0 partir de ce moment, vous devrez d\u00e9cider chaque ann\u00e9e de r\u00e9investir votre montant annuel pendant 5 ans. Si les taux sont bons, vous pouvez continuer \u00e0 r\u00e9investir pour une dur\u00e9e de 5 ans. Lorsque les taux sont bas, vous pouvez d\u00e9cider de transf\u00e9rer votre montant annuel dans un autre investissement. En construisant une \u00e9chelle de CPG, vous b\u00e9n\u00e9ficiez des taux \u00e9lev\u00e9s \u00e0 long terme et de la flexibilit\u00e9 d&#8217;acc\u00e8s \u00e0 une partie de votre placement chaque ann\u00e9e.\n<\/P>\n<p>\n\tM\u00eame s\u2019ils ne sont pas tr\u00e8s int\u00e9ressants avec les taux d\u2019int\u00e9r\u00eat actuels disponibles, ils remonteront \u00e9ventuellement au niveau d\u2019avant la r\u00e9cession. Une fois que les taux d\u2019int\u00e9r\u00eat sont revenus en territoire normal, vous pourriez d\u00e9cider que les certificats de placement garanti constitueraient un atout pr\u00e9cieux pour votre portefeuille, menant \u00e0 la retraite.\n<\/P>\n<p>\n\t<strong> REER <\/strong>\n<\/p>\n<p>\n\tSaviez-vous que vous pouvez acheter des fonds distincts avec votre argent de REER, ce qui garantit partiellement ou totalement (en fonction du r\u00e9gime) le capital que vous avez investi, afin que vous puissiez investir dans des fonds plus dynamiques sans craindre de perdre votre capital, certains r\u00e9gimes m\u00eame proposer que si votre fonds a bien fonctionn\u00e9, par exemple, si apr\u00e8s trois ans vous r\u00e9alisez un rendement de 50% sur votre capital, vous pourrez peut-\u00eatre bloquer le montant total de votre argent dans le fonds lorsque votre nouveau capital sera garanti, bien que le nombre d\u2019ann\u00e9es pour que l\u2019argent n\u00e9cessaire soit bloqu\u00e9 dans le fonds recommence \u00e9galement, pour plus d\u2019informations sur ce sujet, contactez-nous.\n<\/p>\n<p>\n\t\u00c0 quoi ressemble la retraite pour vous? Peut-\u00eatre que cela signifie parcourir le monde. Vous construirez peut-\u00eatre enfin la serre dont vous avez toujours r\u00eav\u00e9, ou vous vous lancerez dans la photographie.\n<\/P>\n<p>\n\tVotre vision de la retraite est une \u00e9tape importante dans la planification de vos 30 derni\u00e8res ann\u00e9es. Il existe diff\u00e9rentes &#8220;formules&#8221; pour calculer le type de revenu dont vous aurez besoin pour la retraite, mais cela ne remplacera pas la valeur d&#8217;une bonne discussion avec un conseiller en s\u00e9curit\u00e9 financi\u00e8re, sur vos r\u00eaves vouloir faire.\n<\/p>\n<p>\n\tSi vous approchez de la retraite cette ann\u00e9e, vous devrez planifier un peu concr\u00e8tement vos besoins en mati\u00e8re de revenu de retraite. Voici une liste de sept questions \u00e0 vous poser:\n<\/p>\n<ol class=\"oepl_listing\">\n\t<li>\n\t\tQuand comptez-vous prendre votre retraite et combien d&#8217;ann\u00e9es devriez-vous planifier? Si vous prenez votre retraite plus t\u00f4t, votre \u00e9pargne-retraite devra durer plus longtemps.\n\t<\/Li>\n\t<li>\n\t\tAllez-vous rester dans votre maison actuelle, ou allez-vous r\u00e9duire vos effectifs ou d\u00e9m\u00e9nager? R\u00e9fl\u00e9chissez aux co\u00fbts de votre logement dans les ann\u00e9es \u00e0 venir.\n\t<\/Li>\n\t<li>\n\t\tQuelles dettes aurez-vous \u00e0 la retraite?\n\t<\/li>\n\t<li>\n\t\tPr\u00e9voyez-vous travailler \u00e0 temps partiel ou gagner un revenu occasionnel? Votre passe-temps favori a-t-il des avantages financiers?\n\t<\/Li>\n\t<li>\n\t\tQuelles sont les trois principales activit\u00e9s que vous envisagez pour votre retraite et combien cela co\u00fbtera-t-il de les poursuivre?\n\t<\/li>\n\t<li>\n\t\tSi vous \u00eates mari\u00e9, disposez-vous d&#8217;un plan financier qui tienne compte de l&#8217;impact financier potentiel du d\u00e9c\u00e8s de l&#8217;un de vous?\n\t<\/li>\n\t<li>\n\t\t\u00c0 quel point est-il important pour vous de subvenir aux besoins de vos proches par le biais d&#8217;un h\u00e9ritage quelconque? Consid\u00e9rez combien vous souhaitez laisser \u00e0 vos b\u00e9n\u00e9ficiaires.\n\t<\/Li>\n<\/ol>\n<p>\n\tLe niveau de revenu de retraite dont vous aurez besoin d\u00e9pendra de plusieurs de ces facteurs. Lorsque vous r\u00e9fl\u00e9chissez \u00e0 ces questions, n&#8217;oubliez pas que vous avez peut-\u00eatre 30 ans ou plus de retraite. D\u00e9coupez ce temps par tranches d&#8217;au moins 10 ans pour avoir une id\u00e9e des diff\u00e9rentes activit\u00e9s et des exigences financi\u00e8res de ces diff\u00e9rentes phases de la retraite. En r\u00e8gle g\u00e9n\u00e9rale, vous voudrez d\u00e9penser plus d\u2019argent pendant les premi\u00e8res ann\u00e9es de la retraite, lorsque vous \u00eates actif et en bonne sant\u00e9, mais le co\u00fbt des soins peut s\u2019acc\u00e9l\u00e9rer au cours des derni\u00e8res ann\u00e9es de la retraite. Heureusement, de nouveaux produits permettent de rem\u00e9dier \u00e0 ces longs d\u00e9parts \u00e0 la retraite et aux besoins contradictoires.\n<\/P>\n<p>\n\tLes march\u00e9s instables vous emp\u00eachent-ils de dormir la nuit? Si vous \u00eates comme la plupart des gens, votre objectif est d\u2019accumuler suffisamment de richesse au cours de vos ann\u00e9es de travail pour vous permettre de profiter du style de vie que vous souhaitez une fois \u00e0 la retraite. Mais la vie ne doit pas forc\u00e9ment \u00eatre remplie de nuits blanches vous demandant quels investissements acheter et lesquels d\u00e9charger.\n\t<br>\n\t<strong> Profitez de la r\u00e9partition de l&#8217;actif pour vous <\/strong>\n<\/p>\n<p>\n\tLa r\u00e9partition de l&#8217;actif est l&#8217;exemple m\u00eame de l&#8217;ancienne phrase &#8220;ne mettez pas tous vos \u0153ufs dans le m\u00eame panier&#8221; et fait r\u00e9f\u00e9rence \u00e0 une strat\u00e9gie d&#8217;investissement centr\u00e9e sur la r\u00e9partition des investissements entre diff\u00e9rents types d&#8217;actifs, tels que des actions, des obligations ou des liquidit\u00e9s. pour optimiser votre compromis risque \/ r\u00e9compense. De nombreux experts estiment que la r\u00e9partition de l&#8217;actif est le facteur le plus d\u00e9terminant du rendement des investissements. Ce concept a re\u00e7u une attention consid\u00e9rable et, par cons\u00e9quent, de nouveaux produits sont devenus disponibles sur le march\u00e9. Les fonds uniques ou les portefeuilles g\u00e9r\u00e9s sont souvent con\u00e7us pour atteindre les objectifs de r\u00e9partition de l&#8217;actif au sein d&#8217;un seul produit de placement.\n\t<br>\n\t<strong> Risque r\u00e9duit tout en optimisant les rendements <\/strong>\n<\/p>\n<p>\n\tL\u2019argent investi dans une vari\u00e9t\u00e9 d\u2019actifs r\u00e9pondant diff\u00e9remment aux conditions du march\u00e9 offre une meilleure chance de maximiser la croissance et de minimiser l\u2019impact des fluctuations des march\u00e9s sur les portefeuilles. Le montant investi dans chaque type d&#8217;actif d\u00e9pend de la personnalit\u00e9 de l&#8217;investissement, des objectifs financiers et de la tol\u00e9rance au risque. Par exemple, si vous \u00eates jeune et que vous \u00eates \u00e0 l\u2019\u00e2ge de la retraite, vous souhaitez probablement maximiser la croissance de votre portefeuille. Si vous avez \u00e9galement une grande tol\u00e9rance aux fluctuations des march\u00e9s des actions, vous \u00eates un bon candidat pour une strat\u00e9gie de r\u00e9partition de l&#8217;actif fortement pond\u00e9r\u00e9e en fonds d&#8217;actions ou en investissements. M\u00eame si vous avez pass\u00e9 quelques ann\u00e9es \u00e0 la baisse sur le march\u00e9, vous avez le temps de profiter des avantages des ann\u00e9es \u00e0 la hausse. D&#8217;un autre c\u00f4t\u00e9, si vous approchez de la retraite, vous voudrez peut-\u00eatre mieux prot\u00e9ger la richesse que vous avez accumul\u00e9e. votre tol\u00e9rance au risque peut \u00eatre relativement faible et une combinaison d&#8217;actifs plus conservatrice pourrait \u00eatre plus appropri\u00e9e. L\u2019\u00e2ge seul, cependant, n\u2019est pas toujours un guide fiable pour une strat\u00e9gie appropri\u00e9e de r\u00e9partition de l\u2019actif. De nombreux investisseurs \u00e2g\u00e9s ont une tol\u00e9rance au risque \u00e9lev\u00e9e, et de nombreux jeunes investisseurs ont des objectifs de placement qui exigent une faible tol\u00e9rance au risque.\n\t<br>\n\t<strong> Avantages des fonds de r\u00e9partition de l&#8217;actif <\/strong>\n<\/p>\n<p>\n\tLes soci\u00e9t\u00e9s financi\u00e8res ont d\u00e9velopp\u00e9 divers fonds ou portefeuilles de r\u00e9partition de l&#8217;actif pour r\u00e9pondre aux besoins des diff\u00e9rents types d&#8217;investisseurs. Les fonds \u00e0 faible risque consistent g\u00e9n\u00e9ralement en un pourcentage plus \u00e9lev\u00e9 d\u2019investissements mon\u00e9taires et obligataires. Les rendements sont plus faibles mais plus pr\u00e9visibles (donc moins de risque). \u00c0 l&#8217;inverse, les fonds de r\u00e9partition d&#8217;actifs \u00e0 haut risque sont susceptibles d&#8217;investir massivement dans des actions afin de maximiser leur potentiel de rendement. Il est important de rechercher le produit de r\u00e9partition d&#8217;actif adapt\u00e9 \u00e0 vos objectifs personnels. Par exemple, les fonds de portefeuille assur\u00e9s offrent une gamme compl\u00e8te de portefeuilles de r\u00e9partition de l&#8217;actif conservateurs, mod\u00e9r\u00e9s, \u00e9quilibr\u00e9s, en croissance et dynamiques. Il peut \u00eatre judicieux de tirer parti de ces portefeuilles structur\u00e9s de r\u00e9partition de l\u2019actif, en raison de l\u2019expertise sur laquelle ils sont construits et g\u00e9r\u00e9s. Une \u00e9quipe de professionnels de l&#8217;investissement surveille les fonds. Ils utilisent des mod\u00e8les informatiques pour observer comment les divers composants d&#8217;investissement interagissent et contribuent \u00e0 la performance globale. Ces mod\u00e8les permettent d&#8217;identifier la combinaison de cat\u00e9gories d&#8217;actifs et de styles d&#8217;investissement susceptibles de g\u00e9n\u00e9rer le meilleur rendement \u00e0 long terme pour chaque niveau de risque cible et, dans certains cas, d&#8217;atteindre d&#8217;autres objectifs financiers.\n\t<br>\n\t<strong> Meilleur conseil ? <\/strong>\n<\/p>\n<p>\n\tVotre meilleure strat\u00e9gie de r\u00e9partition de l&#8217;actif commence par une visite \u00e0 votre conseiller en s\u00e9curit\u00e9 financi\u00e8re, dont l&#8217;expertise vous sera pr\u00e9cieuse. Revenez r\u00e9guli\u00e8rement sur votre strat\u00e9gie et \u00e9tablissez un plan pour la maintenir sur la bonne voie. Quel que soit l&#8217;objectif, une bonne strat\u00e9gie de r\u00e9partition de l&#8217;actif peut vous aider \u00e0 atteindre vos objectifs financiers tout en vous permettant de dormir la nuit.\n<\/P>\nWayne Gretzky a dit un jour: &#8220;Vous manquerez toujours de 100% des tirs que vous ne prenez pas.&#8221; Venant de quelqu&#8217;un qui d\u00e9tient plus de records de pointage que tout autre joueur de l&#8217;histoire, c&#8217;est un tr\u00e8s bon conseil. <\/P>\n","protected":false},"excerpt":{"rendered":"<p>Les certificats de placement garantis, ou CPG, sont une forme de placement dans laquelle vous acceptez de pr\u00eater de l\u2019argent \u00e0 une banque ou \u00e0 une compagnie d\u2019assurance pour une dur\u00e9e d\u00e9termin\u00e9e. La banque accepte de vous payer un certain pourcentage d&#8217;int\u00e9r\u00eats pour emprunter cet argent. La dur\u00e9e peut ne durer que 90 jours, voire [&hellip;]<\/p>\n","protected":false},"author":2,"featured_media":0,"parent":2276,"menu_order":0,"comment_status":"closed","ping_status":"closed","template":"","meta":{"_acf_changed":false,"footnotes":""},"class_list":["post-2292","page","type-page","status-publish","hentry","entry"],"acf":[],"jetpack_sharing_enabled":true,"_links":{"self":[{"href":"https:\/\/delsangroup.com\/fr\/wp-json\/wp\/v2\/pages\/2292","targetHints":{"allow":["GET"]}}],"collection":[{"href":"https:\/\/delsangroup.com\/fr\/wp-json\/wp\/v2\/pages"}],"about":[{"href":"https:\/\/delsangroup.com\/fr\/wp-json\/wp\/v2\/types\/page"}],"author":[{"embeddable":true,"href":"https:\/\/delsangroup.com\/fr\/wp-json\/wp\/v2\/users\/2"}],"replies":[{"embeddable":true,"href":"https:\/\/delsangroup.com\/fr\/wp-json\/wp\/v2\/comments?post=2292"}],"version-history":[{"count":7,"href":"https:\/\/delsangroup.com\/fr\/wp-json\/wp\/v2\/pages\/2292\/revisions"}],"predecessor-version":[{"id":3304,"href":"https:\/\/delsangroup.com\/fr\/wp-json\/wp\/v2\/pages\/2292\/revisions\/3304"}],"up":[{"embeddable":true,"href":"https:\/\/delsangroup.com\/fr\/wp-json\/wp\/v2\/pages\/2276"}],"wp:attachment":[{"href":"https:\/\/delsangroup.com\/fr\/wp-json\/wp\/v2\/media?parent=2292"}],"curies":[{"name":"wp","href":"https:\/\/api.w.org\/{rel}","templated":true}]}}