{"id":2290,"date":"2019-04-30T02:13:49","date_gmt":"2019-04-30T02:13:49","guid":{"rendered":"http:\/\/new2019.delsangroup.com\/?page_id=2290"},"modified":"2019-07-26T07:05:35","modified_gmt":"2019-07-26T07:05:35","slug":"lassurance-invalidite","status":"publish","type":"page","link":"https:\/\/delsangroup.com\/fr\/nos-produits\/assurance-vie\/lassurance-invalidite\/","title":{"rendered":"L&#8217;assurance invalidit\u00e9"},"content":{"rendered":"<p>L\u2019assurance invalidit\u00e9 est principalement destin\u00e9e aux travailleurs ind\u00e9pendants et contractuels ind\u00e9pendants qui ne peuvent se permettre de rater de longues p\u00e9riodes de travail et ne sont pas couverts par la police d\u2019assurance de leur employeur.<\/p>\n<p>Que vous soyez propri\u00e9taire unique ou que vous ayez un partenaire, les risques financiers pour votre entreprise et votre famille sont tr\u00e8s importants si vous \u00eates victime d\u2019un grave accident, d\u2019une blessure ou d\u2019une maladie qui vous emp\u00eache de travailler pendant une p\u00e9riode prolong\u00e9e. Non seulement votre revenu actuel cesse, mais votre revenu futur cesse \u00e9galement et, dans la plupart des cas, bon nombre des d\u00e9penses professionnelles et personnelles continuent. Il y a des baux, des pr\u00eats, des salaires et d&#8217;autres engagements \u00e0 respecter et aucun revenu.<\/p>\n<p>Si vous \u00eates indemnis\u00e9, il paiera 1% de votre revenu, mais seulement 8% des personnes handicap\u00e9es sont couvertes par l&#8217;indemnisation des travailleurs. l&#8217;accident survient en dehors du travail ou est une maladie. Ces paiements seront probablement inf\u00e9rieurs \u00e0 ce dont vous aurez besoin. Une des principales causes de divorce est le stress financier qui accompagne les maladies de longue dur\u00e9e.<\/p>\n<p><strong><br \/>\n<span class=\"pageTitles\"> Consid\u00e9rations &#8211; Choisir la bonne police d\u2019assurance pour votre Besoins <\/span> <\/strong><\/p>\n<p><strong> <\/strong> L&#8217;assurance invalidit\u00e9 est con\u00e7ue pour prot\u00e9ger votre revenu. Soyez prudent, en choisissant un plan lors de votre premi\u00e8re ann\u00e9e sur le terrain, car lorsque vous d\u00e9butez, il n&#8217;y a pas de revenu \u00e0 prot\u00e9ger. Par cons\u00e9quent, vous ne serez admissible qu\u2019\u00e0 un montant minimal &#8211; probablement 1 000 $ par mois ou moins. Sachez qu\u2019il existe des polices d\u2019un montant maximum de 3 000 $ ou plus par mois, mais qu\u2019elles effectuent un test de revenu au moment du sinistre et examinent le montant de votre revenu r\u00e9el lors de l\u2019accident, etc. Elles ne paient qu\u2019environ 66 % de ce revenu, quel que soit le montant que vous payez.<\/p>\n<p>Envisagez de souscrire une police d&#8217;assurance invalidit\u00e9 personnelle au moins un an avant de planifier votre d\u00e9part, en fonction de votre revenu \u00e0 ce moment-l\u00e0. La plupart des applications doivent poser une question concernant votre intention de quitter l&#8217;emploi actuel dans un d\u00e9lai d&#8217;un an. Si vous r\u00e9pondez par l&#8217;affirmative, la r\u00e9ponse \u00e0 cette question ne vous aidera probablement pas \u00e0 obtenir l&#8217;assurance. Assurez-vous que c&#8217;est le type de police o\u00f9 la couverture est maintenue sans changement si vous changez de travail et que la couverture mensuelle est garantie lors de l&#8217;achat de la police. Cela signifie qu&#8217;ils paieront ce que vous avez achet\u00e9 et que l&#8217;assureur ne fera pas de v\u00e9rification du revenu au moment de la r\u00e9clamation. Assurez-vous d&#8217;informer votre courtier d&#8217;assurance de vos projets d&#8217;emploi \u00e0 long terme.<\/p>\n<p>L\u2019assurance invalidit\u00e9 est une sp\u00e9cialit\u00e9 et vous devez parler \u00e0 un courtier expert en assurance invalidit\u00e9. Le meilleur courtier en assurance invalidit\u00e9 peut ne pas \u00eatre la m\u00eame personne qui vous a vendu une assurance vie. Demandez comment vous serez pay\u00e9 si vous ne pouvez faire qu&#8217;une partie de votre travail, ou comment la demande sera trait\u00e9e \u00e0 votre retour de votre invalidit\u00e9. Lorsque vous retournez au travail, des indemnit\u00e9s d&#8217;invalidit\u00e9 r\u00e9siduelle ou partielle sont uniques. De plus, souhaitez-vous attendre 30, 60 ou 90 jours avant le d\u00e9but du paiement? Les primes co\u00fbtent environ le double du co\u00fbt pendant 30 jours, contre 90 jours. C\u2019est une autre excellente raison d\u2019avoir au moins 90 jours de d\u00e9penses disponibles en cas d\u2019argent ou d\u2019investissements \u00e0 court terme.<\/p>\n<p>Certaines polices d\u2019assurance invalidit\u00e9 couvrent les d\u00e9penses professionnelles telles que les baux et les paiements de pr\u00eat. Ce coureur peut \u00eatre ajout\u00e9 quel que soit votre niveau de revenu. Certains vous permettent \u00e9galement d\u2019ajouter un avenant qui continuera \u00e0 verser des cotisations \u00e0 votre REER si vous \u00eates invalide, ce qui peut \u00eatre essentiel pour votre retraite et votre situation financi\u00e8re \u00e0 long terme.<\/p>\n<p><strong class=\"pageSubHeaders\"> Conseil d\u2019\u00e9conomie 1: <\/strong> Si vous souhaitez couvrir deux ou plusieurs employ\u00e9s avec une assurance invalidit\u00e9, il peut \u00eatre tr\u00e8s avantageux, sur le plan fiscal, d\u2019avoir un programme de perte de revenus d&#8217;entreprise. soci\u00e9t\u00e9 paie les primes et est d\u00e9ductible des imp\u00f4ts.<\/p>\n<p><strong> <span class=\"pageSubHeaders\"> <\/span> <\/strong> <span class=\"pageSubHeaders\"> <strong> Conseil d&#8217;enregistrement 2: <\/strong> <\/span> Toutes les strat\u00e9gies renverront tous les primes moins les r\u00e9clamations. Le co\u00fbt de l\u2019ajout de cette option peut \u00eatre consid\u00e9r\u00e9 comme un excellent investissement.<\/p>\n<p><span class=\"pageTitles\"> <strong> Le groupe Delsan est \u00e0 votre service pour r\u00e9pondre \u00e0 vos besoins en mati\u00e8re de services financiers, de s\u00e9curit\u00e9 financi\u00e8re et de conseil. <\/strong> <\/span><\/p>\n<p><strong> Pour plus d&#8217;informations, <a href=\"https:\/\/www.delsangroup.com\/fr\/contactez-nous\/\"> contactez le groupe Delsan <\/a>. <\/strong> <!-- -: ---><\/p>\n","protected":false},"excerpt":{"rendered":"<p>L\u2019assurance invalidit\u00e9 est principalement destin\u00e9e aux travailleurs ind\u00e9pendants et contractuels ind\u00e9pendants qui ne peuvent se permettre de rater de longues p\u00e9riodes de travail et ne sont pas couverts par la police d\u2019assurance de leur employeur. Que vous soyez propri\u00e9taire unique ou que vous ayez un partenaire, les risques financiers pour votre entreprise et votre famille [&hellip;]<\/p>\n","protected":false},"author":2,"featured_media":0,"parent":2276,"menu_order":0,"comment_status":"closed","ping_status":"closed","template":"","meta":{"_acf_changed":false,"footnotes":""},"class_list":["post-2290","page","type-page","status-publish","hentry","entry"],"acf":[],"jetpack_sharing_enabled":true,"_links":{"self":[{"href":"https:\/\/delsangroup.com\/fr\/wp-json\/wp\/v2\/pages\/2290","targetHints":{"allow":["GET"]}}],"collection":[{"href":"https:\/\/delsangroup.com\/fr\/wp-json\/wp\/v2\/pages"}],"about":[{"href":"https:\/\/delsangroup.com\/fr\/wp-json\/wp\/v2\/types\/page"}],"author":[{"embeddable":true,"href":"https:\/\/delsangroup.com\/fr\/wp-json\/wp\/v2\/users\/2"}],"replies":[{"embeddable":true,"href":"https:\/\/delsangroup.com\/fr\/wp-json\/wp\/v2\/comments?post=2290"}],"version-history":[{"count":4,"href":"https:\/\/delsangroup.com\/fr\/wp-json\/wp\/v2\/pages\/2290\/revisions"}],"predecessor-version":[{"id":3314,"href":"https:\/\/delsangroup.com\/fr\/wp-json\/wp\/v2\/pages\/2290\/revisions\/3314"}],"up":[{"embeddable":true,"href":"https:\/\/delsangroup.com\/fr\/wp-json\/wp\/v2\/pages\/2276"}],"wp:attachment":[{"href":"https:\/\/delsangroup.com\/fr\/wp-json\/wp\/v2\/media?parent=2290"}],"curies":[{"name":"wp","href":"https:\/\/api.w.org\/{rel}","templated":true}]}}