{"id":2285,"date":"2019-04-30T02:00:59","date_gmt":"2019-04-30T02:00:59","guid":{"rendered":"http:\/\/new2019.delsangroup.com\/?page_id=2285"},"modified":"2019-07-26T07:02:16","modified_gmt":"2019-07-26T07:02:16","slug":"financement-par-convention-dachat-vente","status":"publish","type":"page","link":"https:\/\/delsangroup.com\/fr\/nos-produits\/assurance-vie\/financement-par-convention-dachat-vente\/","title":{"rendered":"Financement par convention d&#8217;achat-vente"},"content":{"rendered":"<p>Les contrats d\u2019achat \/ vente pr\u00e9voient le transfert de la propri\u00e9t\u00e9 de l\u2019entreprise dans diff\u00e9rentes circonstances: d\u00e9c\u00e8s, invalidit\u00e9, d\u00e9part \u00e0 la retraite ou d\u00e9saccord. Lors du d\u00e9c\u00e8s ou de l\u2019invalidit\u00e9, par exemple, les propri\u00e9taires restants peuvent ne pas vouloir \u00eatre en affaires avec les h\u00e9ritiers du propri\u00e9taire d\u00e9c\u00e9d\u00e9 ou le propri\u00e9taire invalide non actif. De m\u00eame, les h\u00e9ritiers ou le propri\u00e9taire handicap\u00e9 peuvent pr\u00e9f\u00e9rer recevoir la valeur de la part de l&#8217;entreprise du propri\u00e9taire d\u00e9c\u00e9d\u00e9 en esp\u00e8ces. Si un propri\u00e9taire prend sa retraite, un accord ouvre la voie aux affaires comme d&#8217;habitude. En cas de d\u00e9saccord entre les propri\u00e9taires, un contrat d\u2019achat \/ vente permettra \u00e0 l\u2019entreprise de continuer ou de se &#8220;liquider&#8221; de mani\u00e8re ordonn\u00e9e.<\/p>\n<p>Un contrat d\u2019achat \/ vente doit traiter:<\/p>\n<ul class=\"oepl_listing\">\n<li>Qui ach\u00e8tera les actions;<\/li>\n<li>Quelles seront les conditions de la vente;<\/li>\n<li>Quand la vente aura lieu;<\/li>\n<li>D&#8217;o\u00f9 viendra l&#8217;argent pour acheter les actions; et<\/li>\n<li>Quel sera le prix d&#8217;achat des actions?<\/li>\n<\/ul>\n<p><strong> Un financement ad\u00e9quat <\/strong> doit \u00eatre mis en place pour garantir que les fonds sont disponibles pour acheter les actions d&#8217;un propri\u00e9taire d\u00e9c\u00e9d\u00e9 ou handicap\u00e9, le cas \u00e9ch\u00e9ant. L&#8217;assurance vie fournit les dollars n\u00e9cessaires \u00e0 un co\u00fbt bien inf\u00e9rieur \u00e0 celui de l&#8217;emprunt pour financer un rachat. Le financement du rachat directement \u00e0 partir des flux de tr\u00e9sorerie peut s&#8217;av\u00e9rer difficile, car la perte du propri\u00e9taire a probablement d\u00e9j\u00e0 pes\u00e9 lourdement sur les flux de tr\u00e9sorerie de l&#8217;entreprise. La meilleure alternative est d\u2019\u00eatre pr\u00e9par\u00e9 avec une assurance vie.<\/p>\n<p><strong> L&#8217;objectif est simple: <\/strong> satisfaire toutes les parties afin que les entreprises puissent continuer \u00e0 fonctionner. Bien qu&#8217;un accord d&#8217;achat \/ vente soit un document juridique, il doit encore \u00eatre correctement financ\u00e9. Sinon, une crise impr\u00e9vue pourrait entra\u00eener de graves probl\u00e8mes financiers pour l&#8217;entreprise et ses propri\u00e9taires. Un contrat d\u2019achat \/ vente correctement financ\u00e9 donne acc\u00e8s \u00e0 des fonds suffisants pour faciliter toutes les obligations d\u2019achat d\u2019actions contenues dans le contrat.<\/p>\n\n\n<p><\/p>\n","protected":false},"excerpt":{"rendered":"<p>Les contrats d\u2019achat \/ vente pr\u00e9voient le transfert de la propri\u00e9t\u00e9 de l\u2019entreprise dans diff\u00e9rentes circonstances: d\u00e9c\u00e8s, invalidit\u00e9, d\u00e9part \u00e0 la retraite ou d\u00e9saccord. Lors du d\u00e9c\u00e8s ou de l\u2019invalidit\u00e9, par exemple, les propri\u00e9taires restants peuvent ne pas vouloir \u00eatre en affaires avec les h\u00e9ritiers du propri\u00e9taire d\u00e9c\u00e9d\u00e9 ou le propri\u00e9taire invalide non actif. De [&hellip;]<\/p>\n","protected":false},"author":2,"featured_media":0,"parent":2276,"menu_order":0,"comment_status":"closed","ping_status":"closed","template":"","meta":{"_acf_changed":false,"footnotes":""},"class_list":["post-2285","page","type-page","status-publish","hentry","entry"],"acf":[],"jetpack_sharing_enabled":true,"_links":{"self":[{"href":"https:\/\/delsangroup.com\/fr\/wp-json\/wp\/v2\/pages\/2285","targetHints":{"allow":["GET"]}}],"collection":[{"href":"https:\/\/delsangroup.com\/fr\/wp-json\/wp\/v2\/pages"}],"about":[{"href":"https:\/\/delsangroup.com\/fr\/wp-json\/wp\/v2\/types\/page"}],"author":[{"embeddable":true,"href":"https:\/\/delsangroup.com\/fr\/wp-json\/wp\/v2\/users\/2"}],"replies":[{"embeddable":true,"href":"https:\/\/delsangroup.com\/fr\/wp-json\/wp\/v2\/comments?post=2285"}],"version-history":[{"count":8,"href":"https:\/\/delsangroup.com\/fr\/wp-json\/wp\/v2\/pages\/2285\/revisions"}],"predecessor-version":[{"id":3305,"href":"https:\/\/delsangroup.com\/fr\/wp-json\/wp\/v2\/pages\/2285\/revisions\/3305"}],"up":[{"embeddable":true,"href":"https:\/\/delsangroup.com\/fr\/wp-json\/wp\/v2\/pages\/2276"}],"wp:attachment":[{"href":"https:\/\/delsangroup.com\/fr\/wp-json\/wp\/v2\/media?parent=2285"}],"curies":[{"name":"wp","href":"https:\/\/api.w.org\/{rel}","templated":true}]}}