{"id":2282,"date":"2019-04-30T01:57:51","date_gmt":"2019-04-30T01:57:51","guid":{"rendered":"http:\/\/new2019.delsangroup.com\/?page_id=2282"},"modified":"2019-07-26T07:06:02","modified_gmt":"2019-07-26T07:06:02","slug":"rentes","status":"publish","type":"page","link":"https:\/\/delsangroup.com\/fr\/nos-produits\/assurance-vie\/rentes\/","title":{"rendered":"Rentes"},"content":{"rendered":"\n<p><strong>Pour ceux qui veulent un revenu garanti, les rentes sont un choix populaire.<\/strong><br><\/p>\n\n\n\n<p><strong>Une rente peut constituer une partie importante de votre portefeuille de revenus en simplifiant les investissements. Soci\u00e9t\u00e9s d\u2019assurances proposent une s\u00e9lection de solutions de revenus de rentes. Vos besoins de revenus particuliers d\u00e9termineront la solution qui vous convient.<\/strong><\/p>\n\n\n\n<p><strong>Investissez avec certitude:<\/strong><\/p>\n\n\n\n<p><strong>Revenu garanti &#8211;<\/strong> \u00e0 vie ou pour une p\u00e9riode choisie<\/p>\n\n\n\n<p><strong>Taux de revenu plus \u00e9lev\u00e9 &#8211;<\/strong> vous pouvez recevoir un taux de revenu plus \u00e9lev\u00e9 que de nombreux autres produits \u00e0 revenu garanti<\/p>\n\n\n\n<p><strong>Protection facultative pour votre conjoint &#8211;<\/strong> le revenu peut \u00eatre bas\u00e9 sur deux vies pour garantir un revenu futur pour vous et votre conjoint<\/p>\n\n\n\n<p><strong>Garanties de paiement &#8211;<\/strong> assurez-vous qu&#8217;un montant sp\u00e9cifique est vers\u00e9 \u00e0 vous ou \u00e0 vos b\u00e9n\u00e9ficiaires, quoi qu&#8217;il arrive<\/p>\n\n\n\n<p><strong>Avantages fiscaux &#8211; <\/strong>pour les fonds non enregistr\u00e9s, un report d&#8217;imp\u00f4t pratique est disponible pour votre revenu<\/p>\n\n\n\n<p><strong>Simplicit\u00e9 &#8211;<\/strong> un investissement unique forfaitaire peut apporter s\u00e9curit\u00e9 et tranquillit\u00e9 d&#8217;esprit tout en r\u00e9duisant les d\u00e9cisions d&#8217;investissement en cours<\/p>\n\n\n\n<p><strong>Confiance &#8211;<\/strong> vous serez assur\u00e9 de savoir que votre source de revenu ne sera pas expos\u00e9e \u00e0 la volatilit\u00e9 des march\u00e9s financiers<\/p>\n\n\n\n<p>&nbsp;<br><strong>Qu&#8217;est-ce qu&#8217;une annuit\u00e9?<\/strong><\/p>\n\n\n\n<p>En \u00e9change d&#8217;un investissement forfaitaire unique, un assureur verse \u00e0 un investisseur des paiements de revenu garantis qui contiennent \u00e0 la fois des int\u00e9r\u00eats et un remboursement du capital. Le paiement de la rente peut continuer pendant toute la vie d&#8217;une ou deux personnes ou pour une p\u00e9riode donn\u00e9e.<\/p>\n\n\n\n<p>Les paiements de revenus que vous recevez sont compos\u00e9s d\u2019int\u00e9r\u00eats et de capital et sont d\u00e9termin\u00e9s en fonction:<\/p>\n\n\n\n<ul class=\"oepl_listing wp-block-list\"><li>Votre \u00e2ge (et dans certains cas, l&#8217;\u00e2ge de votre conjoint), pour les rentes viag\u00e8res<\/li><li>Taux d&#8217;int\u00e9r\u00eat actuels<\/li><li>La dur\u00e9e de garantie des paiements<\/li><li>Le montant d&#8217;argent utilis\u00e9 pour acheter la rente<\/li><\/ul>\n\n\n\n<p><\/p>\n\n\n\n<table style=\"width: 100%; border: 0px; border-spacing: 0px; margin-bottom: 35px;\"><tbody><tr><td><strong>Les rentes peuvent \u00eatre id\u00e9ales pour les investisseurs qui:<\/strong><\/td><\/tr><tr><td>\n<ul class=\"oepl_listing\">\n<li>Vous voulez le montant de revenu garanti le plus \u00e9lev\u00e9 possible de leur investissement<\/li>\n<li>souhaite contribuer \u00e0 la couverture des d\u00e9penses essentielles de la retraite<\/li>\n<li>S&#8217;inqui\u00e8tent de la survie de leurs \u00e9conomies<\/li>\n<li>souhaitent minimiser l\u2019imp\u00f4t sur leurs revenus de placement<\/li>\n<li>Valorisez la s\u00e9curit\u00e9 et la tranquillit\u00e9 d\u2019esprit tout en r\u00e9duisant le besoin de d\u00e9cisions d\u2019investissement continues<\/li>\n<li>Vous souhaitez subventionner les revenus de la retraite anticip\u00e9e<\/li>\n<li>Besoin d&#8217;un revenu jusqu&#8217;\u00e0 ce que les pensions et les prestations du gouvernement deviennent disponibles<\/li>\n<li>Souhaitez financer les frais de scolarit\u00e9 courants d&#8217;un enfant<\/li>\n<\/ul>\n<\/td><\/tr><\/tbody><\/table>\n\n\n\n<p><strong>TYPES DE PENSIONS<\/strong><\/p>\n\n\n\n<p><strong>Les rentes viag\u00e8res<\/strong> vous procureront un revenu garanti \u00e0 vie et \u00e0 vie. Ils peuvent \u00eatre achet\u00e9s s\u00e9par\u00e9ment, en fonction de la vie d\u2019une personne ou en tant que conjoint et survivant, en fonction de la vie de deux personnes.<\/p>\n\n\n\n<p><strong>Certaines rentes \u00e0 terme<\/strong> offrent aux investisseurs un revenu garanti et r\u00e9gulier pour une p\u00e9riode donn\u00e9e. Une fois cette p\u00e9riode \u00e9coul\u00e9e, les paiements de revenu cessent et le contrat de rente prend fin. Si le ou les rentiers d\u00e9c\u00e8dent avant l&#8217;expiration de la dur\u00e9e, les paiements de la rente continuent d&#8217;\u00eatre vers\u00e9s \u00e0 votre succession ou \u00e0 votre b\u00e9n\u00e9ficiaire d\u00e9sign\u00e9 jusqu&#8217;\u00e0 la fin de la dur\u00e9e.<\/p>\n\n\n\n<p>Pour les rentes \u00e0 terme certaines financ\u00e9es par des REER ou des FERR, le nombre de versements est \u00e9gal \u00e0 90, moins votre \u00e2ge en ann\u00e9es enti\u00e8res \u00e0 la date d&#8217;achat. Si vous d\u00e9c\u00e9dez avant d&#8217;avoir atteint l&#8217;\u00e2ge de 90 ans, le solde sera vers\u00e9 \u00e0 votre b\u00e9n\u00e9ficiaire ou, en l&#8217;absence de b\u00e9n\u00e9ficiaire d\u00e9sign\u00e9, \u00e0 la succession. Vous pouvez \u00e9galement avoir la possibilit\u00e9 de baser le nombre de paiements de revenu sur l&#8217;\u00e2ge de votre conjoint. Les paiements continueraient jusqu&#8217;\u00e0 ce que votre conjoint atteigne l&#8217;\u00e2ge de 90 ans. Pour les fonds non enregistr\u00e9s, le nombre de paiements de revenu peut aller au-del\u00e0 de 90 ans.<\/p>\n\n\n\n<p><strong>Rente avec une p\u00e9riode de garantie:<\/strong> permet \u00e0 un investisseur de choisir entre z\u00e9ro et trente ans de paiements garantis. Si le ou les rentiers d\u00e9c\u00e8dent plus t\u00f4t que pr\u00e9vu, le b\u00e9n\u00e9ficiaire continue de recevoir des paiements de revenu pendant la p\u00e9riode de garantie.<\/p>\n\n\n\n<p><strong>La rente \u00e0 capital prot\u00e9g\u00e9<\/strong> est une option de rente viag\u00e8re appel\u00e9e aussi garantie de remboursement en esp\u00e8ces. Elle consiste en un versement forfaitaire \u00e0 un b\u00e9n\u00e9ficiaire \u00e9gal \u00e0 la diff\u00e9rence entre le total des versements re\u00e7us par le ou les rentiers avant le d\u00e9c\u00e8s et le montant de l&#8217;investissement initial. En s\u00e9lectionnant ce paiement, vous garantissez que l&#8217;argent investi sera toujours per\u00e7u comme un revenu pour vous ou comme un legs pour les b\u00e9n\u00e9ficiaires.<\/p>\n\n\n\n<p><strong>Rentes prescrites: <\/strong>offrez un traitement fiscal pr\u00e9f\u00e9rentiel si vous investissez dans des fonds non enregistr\u00e9s. Chaque paiement comprend le m\u00eame montant d\u2019int\u00e9r\u00eats et de capital. Cela \u00e9limine le montant assujetti \u00e0 l&#8217;imp\u00f4t et pr\u00e9voit un report d&#8217;imp\u00f4t. Une rente Manuvie peut \u00eatre qualifi\u00e9e de &#8220;prescrite&#8221;.<\/p>\n\n\n\n<p><strong>Rente viag\u00e8re et derni\u00e8re rente de survivant: <\/strong>les versements de revenus se poursuivront jusqu&#8217;au plus tard de votre d\u00e9c\u00e8s et du d\u00e9c\u00e8s de votre conjoint. \u00c0 ce moment-l\u00e0, tout paiement de revenu garanti restant sera vers\u00e9 au b\u00e9n\u00e9ficiaire ou, \u00e0 d\u00e9faut, \u00e0 la succession. Si vous achetez une rente avec des fonds accumul\u00e9s dans un r\u00e9gime de pension agr\u00e9\u00e9 et que vous avez un conjoint, vous devez souscrire une rente conjointe et une derni\u00e8re rente de survivant. Cette exigence peut \u00eatre lev\u00e9e, dans certains cas, avec le consentement sign\u00e9 de votre conjoint.<\/p>\n\n\n\n<p><strong>Options communes:<\/strong><\/p>\n\n\n\n<p><strong>Maintien int\u00e9gral:<\/strong> rente viag\u00e8re payable de votre vivant et, lors de votre d\u00e9c\u00e8s, maintenue du vivant de votre conjoint. Vous pouvez ajouter un terme garanti \u00e0 cette option. Si tous les versements garantis n\u2019ont pas \u00e9t\u00e9 effectu\u00e9s lors de vos deux d\u00e9c\u00e8s, le solde sera vers\u00e9 au b\u00e9n\u00e9ficiaire ou, s\u2019il n\u2019en existe pas, \u00e0 la succession.<\/p>\n\n\n\n<p><strong>R\u00e9duction au d\u00e9c\u00e8s du rentier:<\/strong> une rente viag\u00e8re payable \u00e0 vie, qui, \u00e0 votre d\u00e9c\u00e8s, sera r\u00e9duite d&#8217;un pourcentage sp\u00e9cifi\u00e9 (g\u00e9n\u00e9ralement 50%, 40% ou 30%) et sera vers\u00e9e \u00e0 votre conjoint toute sa vie durant. Vous pouvez ajouter une dur\u00e9e garantie \u00e0 ce plan.<\/p>\n\n\n\n<p><strong>R\u00e9duction au premier d\u00e9c\u00e8s:<\/strong> Une rente viag\u00e8re payable pour la dur\u00e9e de votre vie et de celle de votre conjoint, qui, en cas de d\u00e9c\u00e8s de votre conjoint ou de votre conjoint, sera r\u00e9duite d&#8217;un pourcentage sp\u00e9cifi\u00e9 et restera vers\u00e9e au survivant tout au long de sa vie. Vous pouvez ajouter une dur\u00e9e garantie \u00e0 ce plan.<\/p>\n\n\n\n<p><strong>REVENU DE RETRAITE GARANTI \u00c0 VIE<\/strong><\/p>\n\n\n\n<p>Si vous souhaitez obtenir un revenu garanti pour votre retraite, vous voudrez peut-\u00eatre envisager une rente viag\u00e8re. Avec un seul investissement initial, une rente viag\u00e8re peut garantir un revenu stable et pr\u00e9visible<\/p>\n\n\n\n<p>\u00e0 vie, quelles que soient les conditions du march\u00e9 ou les fluctuations des taux d\u2019int\u00e9r\u00eat.<\/p>\n\n\n\n<p><strong>REVENU POUR UNE P\u00c9RIODE SP\u00c9CIFIQUE<\/strong><\/p>\n\n\n\n<p>Pour les personnes qui ont besoin d&#8217;un revenu garanti pendant une p\u00e9riode donn\u00e9e, il existe des rentes \u00e0 dur\u00e9e certaine. Une fois la p\u00e9riode sp\u00e9cifique termin\u00e9e, les paiements de revenu cessent. Si vous d\u00e9c\u00e9dez avant la fin de vos paiements, la compagnie d\u2019assurance continuera \u00e0 effectuer des paiements \u00e0 vos b\u00e9n\u00e9ficiaires d\u00e9sign\u00e9s jusqu\u2019\u00e0 ce que la p\u00e9riode choisie soit termin\u00e9e *.<\/p>\n\n\n\n<p><strong>GARANTIES DE PAIEMENT<\/strong><\/p>\n\n\n\n<p>Vous pouvez vous assurer qu&#8217;un montant sp\u00e9cifique de revenu est pr\u00e9lev\u00e9 de votre placement de rente sur vous ou vos b\u00e9n\u00e9ficiaires nomm\u00e9s, quoi qu&#8217;il arrive.<\/p>\n\n\n\n<p><strong>AVANTAGES FISCAUX<\/strong><\/p>\n\n\n\n<p>De nombreuses rentes non enregistr\u00e9es peuvent r\u00e9pondre \u00e0 des exigences sp\u00e9cifiques de la Loi de l&#8217;imp\u00f4t sur le revenu (Canada) et peuvent \u00eatre admissibles \u00e0 une imposition \u00abprescrite\u00bb. Les rentes prescrites offrent des avantages fiscaux, y compris une imposition uniforme pendant toute la dur\u00e9e du contrat. L&#8217;imposition des rentes non prescrites est plus \u00e9lev\u00e9e dans les premi\u00e8res ann\u00e9es et diminue avec le temps, \u00e0 mesure que le capital diminue. Avec l&#8217;imposition prescrite, le b\u00e9n\u00e9ficiaire re\u00e7oit un \u00e9l\u00e9ment de report d&#8217;imp\u00f4t et paie \u00e9galement moins d&#8217;imp\u00f4t sur la dur\u00e9e du contrat. En outre, pour les personnes \u00e2g\u00e9es de 65 ans et plus, les revenus d\u2019une rente seront admissibles au cr\u00e9dit d\u2019imp\u00f4t sur le revenu de pension et au fractionnement du revenu de pension, qui offrent un all\u00e9gement fiscal suppl\u00e9mentaire.<\/p>\n\n\n\n<p><strong>TRANSFERTS DE PATRIMOINE GRADUEL<\/strong><\/p>\n\n\n\n<p>Si vous souhaitez transf\u00e9rer progressivement un h\u00e9ritage \u00e0 votre conjoint ou \u00e0 vos enfants, par opposition \u00e0 un versement unique apr\u00e8s votre d\u00e9c\u00e8s, vous devez envisager une option de r\u00e8glement de rente. En cas de d\u00e9c\u00e8s, le produit d\u2019une assurance ou d\u2019un plan d\u2019investissement peut \u00eatre automatiquement transf\u00e9r\u00e9 dans une rente qui effectuera des versements \u00e0 vos b\u00e9n\u00e9ficiaires d\u00e9sign\u00e9s sur une p\u00e9riode donn\u00e9e ou sur leur dur\u00e9e de vie.<\/p>\n\n\n\n<p><\/p>\n","protected":false},"excerpt":{"rendered":"<p>Pour ceux qui veulent un revenu garanti, les rentes sont un choix populaire. Une rente peut constituer une partie importante de votre portefeuille de revenus en simplifiant les investissements. Soci\u00e9t\u00e9s d\u2019assurances proposent une s\u00e9lection de solutions de revenus de rentes. Vos besoins de revenus particuliers d\u00e9termineront la solution qui vous convient. Investissez avec certitude: Revenu [&hellip;]<\/p>\n","protected":false},"author":2,"featured_media":0,"parent":2276,"menu_order":0,"comment_status":"closed","ping_status":"closed","template":"","meta":{"_acf_changed":false,"footnotes":""},"class_list":["post-2282","page","type-page","status-publish","hentry","entry"],"acf":[],"jetpack_sharing_enabled":true,"_links":{"self":[{"href":"https:\/\/delsangroup.com\/fr\/wp-json\/wp\/v2\/pages\/2282","targetHints":{"allow":["GET"]}}],"collection":[{"href":"https:\/\/delsangroup.com\/fr\/wp-json\/wp\/v2\/pages"}],"about":[{"href":"https:\/\/delsangroup.com\/fr\/wp-json\/wp\/v2\/types\/page"}],"author":[{"embeddable":true,"href":"https:\/\/delsangroup.com\/fr\/wp-json\/wp\/v2\/users\/2"}],"replies":[{"embeddable":true,"href":"https:\/\/delsangroup.com\/fr\/wp-json\/wp\/v2\/comments?post=2282"}],"version-history":[{"count":13,"href":"https:\/\/delsangroup.com\/fr\/wp-json\/wp\/v2\/pages\/2282\/revisions"}],"predecessor-version":[{"id":3318,"href":"https:\/\/delsangroup.com\/fr\/wp-json\/wp\/v2\/pages\/2282\/revisions\/3318"}],"up":[{"embeddable":true,"href":"https:\/\/delsangroup.com\/fr\/wp-json\/wp\/v2\/pages\/2276"}],"wp:attachment":[{"href":"https:\/\/delsangroup.com\/fr\/wp-json\/wp\/v2\/media?parent=2282"}],"curies":[{"name":"wp","href":"https:\/\/api.w.org\/{rel}","templated":true}]}}