{"id":2272,"date":"2019-04-30T01:36:23","date_gmt":"2019-04-30T01:36:23","guid":{"rendered":"http:\/\/new2019.delsangroup.com\/?page_id=2272"},"modified":"2019-07-26T07:11:32","modified_gmt":"2019-07-26T07:11:32","slug":"conseils-et-conditions","status":"publish","type":"page","link":"https:\/\/delsangroup.com\/fr\/nos-produits\/lignes-commerciales\/conseils-et-conditions\/","title":{"rendered":"Conseils et conditions"},"content":{"rendered":"\n<p class = \"pageTitles\">\n\tComment lire une police d&#8217;assurance\n<\/p>\n<p>\n\t<strong class = \"pageSubHeaders\"> Les polices d&#8217;assurance sont constitu\u00e9es de plusieurs parties: <\/strong>\n<\/p>\n<p>\n\t<strong class = \"pageTitles\"> Les d\u00e9clarations identifient: <\/strong>\n<\/p>\n<ul class=\"oepl_listing\">\n\t<li>\n\t\tQui est assur\u00e9\n\t<\/li>\n\t<li>\n\t\tQuels sont les risques couverts (liste des couvertures incluses)\n\t<\/li>\n\t<li>\n\t\tLimites de contrat (limites de responsabilit\u00e9, franchises achet\u00e9es)\n\t<\/li>\n\t<li>\n\t\tLe montant de la prime\n\t<\/li>\n\t<li>\n\t\tDates d&#8217;entr\u00e9e en vigueur de la couverture\n\t<\/li>\n\t<li>\n\t\tTout autre int\u00e9r\u00eat dans la politique\n\t<\/li>\n\t<li>\n\t\tUne liste des num\u00e9ros de formulaire et des mentions, qui sont des feuilles de papier attach\u00e9es \u00e0 la strat\u00e9gie qui ajoutent ou modifient cette strat\u00e9gie\n\t<\/li>\n\t<li>\n\t\tLa compagnie d&#8217;assurance\n\t<\/li>\n<\/ ul>\n<p>\n\t<strong class = \"pageTitles\"> La section Accords sur les assurances stipule: <\/strong>\n<\/p>\n<ul class=\"oepl_listing\">\n\t<li>\n\t\tQuelles pertes sont couvertes\n\t<\/li>\n\t<li>\n\t\tObjet de l&#8217;assurance et description du bien couvert\n\t<\/li>\n\t<li>\n\t\tLes risques assur\u00e9s\n\t<\/li>\n\t<li>\n\t\tCirconstances dans lesquelles l&#8217;assur\u00e9 peut recevoir le produit de l&#8217;assurance\n\t<\/li>\n\t<li>\n\t\tExclusions qui \u00e9liminent des dangers sp\u00e9cifiques (c\u2019est-\u00e0-dire ce qu\u2019elle n\u2019assure pas). Pour qu\u2019une r\u00e9clamation soit valide, elle doit \u00eatre couverte par la convention d\u2019assurance et ne doit pas \u00eatre d\u00e9clar\u00e9e comme une exclusion.\n\t<\/li>\n<\/ ul>\n<p>\n\t<strong class = \"pageTitles\"> Section des conditions statutaires: <\/strong>\n<\/p>\n<p>\n\tLa section Conditions l\u00e9gales de la police \u00e9nonce les droits et responsabilit\u00e9s de l\u2019assur\u00e9 et de l\u2019assureur en vertu de la police. Certaines polices exigent que des conditions l\u00e9gales soient d\u00e9finies. Les exceptions sont les polices d\u2019assurance automobile, accident et maladie, et incendie, qui sont requises par la loi.\n<\/p>\n<p>\n\t<strong class = \"pageTitles\"> Les conditions de contrat sont les conditions que l&#8217;assur\u00e9 doit remplir pour pouvoir b\u00e9n\u00e9ficier de la couverture: <\/strong>\n<\/p>\n<ul class=\"oepl_listing\">\n\t<li>\n\t\tSi l&#8217;assur\u00e9 enfreint une condition, le contrat peut \u00eatre annul\u00e9 ou l&#8217;assureur peut refuser une r\u00e9clamation d\u00e9coulant de l&#8217;infraction. <strong>\n\t\t<br \/>\n\t\t<\/strong>\n\t<\/li>\n\t<li>\n\t\tSi l&#8217;assureur enfreint une condition, l&#8217;assur\u00e9 peut \u00eatre indemnis\u00e9 pour les pertes r\u00e9sultant de l&#8217;infraction. Le montant de l&#8217;indemnisation d\u00e9pend des circonstances individuelles et du libell\u00e9 de la police.\n\t<\/li>\n<\/ ul>\n<p>\n\t<span class = \"pageTitles\"> Le groupe Delsan est l\u00e0 pour r\u00e9pondre \u00e0 vos besoins en mati\u00e8re de SERVICES FINANCIERS, Y COMPRIS LIFE &#038; amp; SANTE ET COMMERCIAL &#038; amp; Assurance des lignes personnelles. <\/ Span>\n<\/p>\n<p>\n\t<strong> Pour plus d&#8217;informations, <a href=\"https:\/\/www.delsangroup.com\/fr\/contactez-nous\/\"> contactez le groupe Delsan <\/a>. <\/strong>\n<\/p>\n","protected":false},"excerpt":{"rendered":"<p>Comment lire une police d&#8217;assurance Les polices d&#8217;assurance sont constitu\u00e9es de plusieurs parties: Les d\u00e9clarations identifient: Qui est assur\u00e9 Quels sont les risques couverts (liste des couvertures incluses) Limites de contrat (limites de responsabilit\u00e9, franchises achet\u00e9es) Le montant de la prime Dates d&#8217;entr\u00e9e en vigueur de la couverture Tout autre int\u00e9r\u00eat dans la politique Une [&hellip;]<\/p>\n","protected":false},"author":2,"featured_media":0,"parent":2251,"menu_order":0,"comment_status":"closed","ping_status":"closed","template":"","meta":{"_acf_changed":false,"footnotes":""},"class_list":["post-2272","page","type-page","status-publish","hentry","entry"],"acf":[],"jetpack_sharing_enabled":true,"_links":{"self":[{"href":"https:\/\/delsangroup.com\/fr\/wp-json\/wp\/v2\/pages\/2272","targetHints":{"allow":["GET"]}}],"collection":[{"href":"https:\/\/delsangroup.com\/fr\/wp-json\/wp\/v2\/pages"}],"about":[{"href":"https:\/\/delsangroup.com\/fr\/wp-json\/wp\/v2\/types\/page"}],"author":[{"embeddable":true,"href":"https:\/\/delsangroup.com\/fr\/wp-json\/wp\/v2\/users\/2"}],"replies":[{"embeddable":true,"href":"https:\/\/delsangroup.com\/fr\/wp-json\/wp\/v2\/comments?post=2272"}],"version-history":[{"count":5,"href":"https:\/\/delsangroup.com\/fr\/wp-json\/wp\/v2\/pages\/2272\/revisions"}],"predecessor-version":[{"id":3339,"href":"https:\/\/delsangroup.com\/fr\/wp-json\/wp\/v2\/pages\/2272\/revisions\/3339"}],"up":[{"embeddable":true,"href":"https:\/\/delsangroup.com\/fr\/wp-json\/wp\/v2\/pages\/2251"}],"wp:attachment":[{"href":"https:\/\/delsangroup.com\/fr\/wp-json\/wp\/v2\/media?parent=2272"}],"curies":[{"name":"wp","href":"https:\/\/api.w.org\/{rel}","templated":true}]}}