{"id":2270,"date":"2019-04-30T01:33:32","date_gmt":"2019-04-30T01:33:32","guid":{"rendered":"http:\/\/new2019.delsangroup.com\/?page_id=2270"},"modified":"2019-07-26T07:09:07","modified_gmt":"2019-07-26T07:09:07","slug":"caution-et-cautionnement","status":"publish","type":"page","link":"https:\/\/delsangroup.com\/fr\/nos-produits\/lignes-commerciales\/caution-et-cautionnement\/","title":{"rendered":"Caution et cautionnement"},"content":{"rendered":"\n<p> La caution est une forme de contrat juridique s\u00e9culaire et a une histoire bien document\u00e9e dans les transactions commerciales et personnelles \u00e0 travers le monde. <\/p>\n\n\n\n<p> <strong> Un cautionnement est un accord tripartite par lequel la caution s\u2019oblige \u00e0 ex\u00e9cuter les obligations du donneur d&#8217;ordre contract\u00e9es vis-\u00e0-vis d&#8217;un cr\u00e9ancier au cas o\u00f9 le donneur d&#8217;ordre ne remplirait pas ses obligations. <\/strong> Les assureurs proposent aux entreprises un large \u00e9ventail de garanties et de cautionnements pour des contrats nationaux ou d\u2019exportation. Ces services sont principalement con\u00e7us pour les entreprises de construction et d\u2019ing\u00e9nierie et les fournisseurs d\u2019\u00e9quipements industriels. <\/p>\n\n\n\n<p> Le secteur de la construction est le principal utilisateur de cautionnements. Ils sont obligatoires dans la plupart des projets gouvernementaux et sont fr\u00e9quemment sp\u00e9cifi\u00e9s dans les secteurs priv\u00e9 et institutionnel. <\/p>\n\n\n\n<p> Les cautionnements, gr\u00e2ce \u00e0 la solidit\u00e9 de la soci\u00e9t\u00e9 de cautionnement et \u00e0 ses proc\u00e9dures de pr\u00e9-qualification rigoureuses, garantissent aux propri\u00e9taires, aux sous-traitants et autres qu\u2019un sous-traitant transformera les plans et devis en un projet complet, ponctuel, couronn\u00e9 de succ\u00e8s. <\/p>\n\n\n\n<p> Dans le secteur de la construction, la caution est g\u00e9n\u00e9ralement appel\u00e9e soci\u00e9t\u00e9 de cautionnement ou soci\u00e9t\u00e9 de cautionnement. L&#8217;obligation est g\u00e9n\u00e9ralement le propri\u00e9taire mais peut \u00e9galement \u00eatre un entrepreneur g\u00e9n\u00e9ral ou un sous-traitant important. Le donneur d&#8217;ordre est g\u00e9n\u00e9ralement un contractant. <\/p>\n\n\n\n<p> <strong class=\"pageTitles\"> Qu&#8217;est-ce que le cautionnement commercial? <\/strong> <\/p>\n\n\n\n<p> Le cautionnement commercial comprend les principales cat\u00e9gories de cautionnements suivants: licence et permis de douane et d&#8217;accise, fiduciaire, document perdu et divers cautionnements commerciaux sp\u00e9ciaux. <\/p>\n\n\n\n<p> <strong> Les cautionnements commerciaux se sont r\u00e9v\u00e9l\u00e9s un moyen rentable de garantir le respect de nombreuses lois et r\u00e9glementations importantes. <\/strong> <\/p>\n\n\n\n<p> La plupart des cautionnements commerciaux sont mandat\u00e9s par des organismes et agences gouvernementaux (oblig\u00e9s) et sp\u00e9cifi\u00e9s dans les exigences de diverses lois et r\u00e9glementations se rapportant \u00e0 des activit\u00e9s commerciales particuli\u00e8res. Les entit\u00e9s (mandants) souhaitant entreprendre de telles activit\u00e9s sont tenues de fournir les cautionnements requis. Certaines transactions du secteur priv\u00e9 n\u00e9cessitent \u00e9galement des cautionnements commerciaux. L&#8217;obligation de la caution est limit\u00e9e \u00e0 la peine de caution. <\/p>\n\n\n\n<p> <strong class=\"pageTitles\"> Cautionnement vs assurance <\/strong> <\/p>\n\n\n\n<p> Un cautionnement est un contrat tripartite conclu entre une caution et un cr\u00e9ancier principal, tandis que l\u2019assurance <strong> est un contrat bipartite entre un assureur et un assur\u00e9. <\/strong> <\/p>\n\n\n\n<p> Le prix d&#8217;un cautionnement est calcul\u00e9 comme une commission pour un service de pr\u00e9qualification et est li\u00e9 au type et \u00e0 la valeur en dollars du contrat garanti, tandis que les primes de police d&#8217;assurance sont bas\u00e9es sur les donn\u00e9es statistiques de la compagnie d&#8217;assurance qui montrent engager un certain nombre de r\u00e9clamations pour pertes pendant la dur\u00e9e des contrats. <\/p>\n\n\n\n<p> Dans le cas o\u00f9 une soci\u00e9t\u00e9 de cautionnement est tenue de payer les r\u00e9clamations n\u00e9es d&#8217;une caution, elle s\u2019attendra \u00e0 ce que le mandant rembourse int\u00e9gralement ce paiement, alors qu\u2019il n\u2019existe aucune telle attente ou obligation lorsqu&#8217;un assureur r\u00e8gle des r\u00e9clamations au titre de sinistres assur\u00e9s. . <\/p>\n\n\n\n<p> <span class=\"pageTitles\"> Le groupe Delsan est l\u00e0 pour r\u00e9pondre \u00e0 vos besoins dans les domaines commercial et commercial; Assurance des lignes personnelles. <\/span> <\/p>\n\n\n\n<p> <strong> Pour plus d&#8217;informations, <a href=\"https:\/\/www.delsangroup.com\/fr\/contactez-nous\/\"> contactez le groupe Delsan <\/a>. <!-- strong--> <\/strong><\/p>\n\n\n\n<p><\/p>\n","protected":false},"excerpt":{"rendered":"<p>La caution est une forme de contrat juridique s\u00e9culaire et a une histoire bien document\u00e9e dans les transactions commerciales et personnelles \u00e0 travers le monde. Un cautionnement est un accord tripartite par lequel la caution s\u2019oblige \u00e0 ex\u00e9cuter les obligations du donneur d&#8217;ordre contract\u00e9es vis-\u00e0-vis d&#8217;un cr\u00e9ancier au cas o\u00f9 le donneur d&#8217;ordre ne remplirait [&hellip;]<\/p>\n","protected":false},"author":2,"featured_media":0,"parent":2251,"menu_order":0,"comment_status":"closed","ping_status":"closed","template":"","meta":{"_acf_changed":false,"footnotes":""},"class_list":["post-2270","page","type-page","status-publish","hentry","entry"],"acf":[],"jetpack_sharing_enabled":true,"_links":{"self":[{"href":"https:\/\/delsangroup.com\/fr\/wp-json\/wp\/v2\/pages\/2270","targetHints":{"allow":["GET"]}}],"collection":[{"href":"https:\/\/delsangroup.com\/fr\/wp-json\/wp\/v2\/pages"}],"about":[{"href":"https:\/\/delsangroup.com\/fr\/wp-json\/wp\/v2\/types\/page"}],"author":[{"embeddable":true,"href":"https:\/\/delsangroup.com\/fr\/wp-json\/wp\/v2\/users\/2"}],"replies":[{"embeddable":true,"href":"https:\/\/delsangroup.com\/fr\/wp-json\/wp\/v2\/comments?post=2270"}],"version-history":[{"count":4,"href":"https:\/\/delsangroup.com\/fr\/wp-json\/wp\/v2\/pages\/2270\/revisions"}],"predecessor-version":[{"id":3328,"href":"https:\/\/delsangroup.com\/fr\/wp-json\/wp\/v2\/pages\/2270\/revisions\/3328"}],"up":[{"embeddable":true,"href":"https:\/\/delsangroup.com\/fr\/wp-json\/wp\/v2\/pages\/2251"}],"wp:attachment":[{"href":"https:\/\/delsangroup.com\/fr\/wp-json\/wp\/v2\/media?parent=2270"}],"curies":[{"name":"wp","href":"https:\/\/api.w.org\/{rel}","templated":true}]}}