{"id":2268,"date":"2019-04-30T01:31:15","date_gmt":"2019-04-30T01:31:15","guid":{"rendered":"http:\/\/new2019.delsangroup.com\/?page_id=2268"},"modified":"2019-07-26T07:14:02","modified_gmt":"2019-07-26T07:14:02","slug":"gestion-des-risques","status":"publish","type":"page","link":"https:\/\/delsangroup.com\/fr\/nos-produits\/lignes-commerciales\/gestion-des-risques\/","title":{"rendered":"Gestion des risques"},"content":{"rendered":"\n<p><strong><br>Chaque entreprise a besoin d&#8217;un programme de pr\u00e9vention des pertes<br><\/strong><\/p>\n\n\n\n<p>La gestion des risques est un bon sens des affaires. C&#8217;est l&#8217;une des choses les plus importantes que vous puissiez faire pour maintenir la viabilit\u00e9 de votre organisation. Une strat\u00e9gie de gestion des risques efficace offre la possibilit\u00e9 d\u2019obtenir une meilleure tarification de vos primes d\u2019assurance, vous \u00e9vite des frais tels que les franchises et vous assure un environnement s\u00fbr et stable pour vos employ\u00e9s \/ b\u00e9n\u00e9voles et clients.<strong> Un programme de gestion des risques efficace vous aide \u00e9galement \u00e0 comprendre et \u00e0 vous pr\u00e9parer aux risques auxquels vous \u00eates confront\u00e9s avant que les pertes ne surviennent. <\/strong>Cette pr\u00e9paration peut faire la diff\u00e9rence entre une organisation qui prosp\u00e8re et une autre qui \u00e9choue.<\/p>\n\n\n\n<p>Quelle que soit la mani\u00e8re dont vous choisissez de g\u00e9rer vos risques et de r\u00e9duire ou d\u2019\u00e9liminer les pertes \u00e9ventuelles, il est important de documenter les mesures que vous prenez. Un plan de gestion des risques sans preuve est d&#8217;aucune utilit\u00e9 pour un assureur.<\/p>\n\n\n\n<p><strong>Les programmes de pr\u00e9vention des pertes prot\u00e8gent les actifs de votre entreprise.<\/strong><br>Les stocks, les \u00e9quipements, les fournitures et les liquidit\u00e9s sont tous des actifs \u00e0 prot\u00e9ger, ainsi que vos employ\u00e9s et la soci\u00e9t\u00e9 elle-m\u00eame.<\/p>\n\n\n\n<p><strong>Qu&#8217;est-ce qu&#8217;un risque?<\/strong><\/p>\n\n\n\n<p>En termes d\u2019assurance, le risque est la possibilit\u00e9 d\u2019une perte ou de tout autre \u00e9v\u00e9nement ind\u00e9sirable susceptible de nuire \u00e0 la capacit\u00e9 de l\u2019organisation de s\u2019acquitter de son mandat et pour lequel une demande d\u2019indemnisation peut \u00eatre pr\u00e9sent\u00e9e.<\/p>\n\n\n\n<p><strong>Qu&#8217;est-ce que la gestion des risques?<\/strong><\/p>\n\n\n\n<p>La gestion des risques garantit qu&#8217;une organisation identifie et comprend les risques auxquels elle est expos\u00e9e. La gestion des risques garantit \u00e9galement que l&#8217;organisation cr\u00e9e et met en \u0153uvre un plan efficace pour \u00e9viter les pertes ou en r\u00e9duire l&#8217;impact si une perte survient.<\/p>\n\n\n\n<p>Un plan de gestion des risques comprend des strat\u00e9gies et des techniques pour reconna\u00eetre ces menaces et y faire face. Une bonne gestion des risques ne doit pas n\u00e9cessairement \u00eatre co\u00fbteuse ni prendre beaucoup de temps; cela peut \u00eatre aussi simple que de r\u00e9pondre \u00e0 ces trois questions:<\/p>\n\n\n\n<table class=\"wp-block-table\"><tbody><tr><td><strong>1. Qu&#8217;est-ce qui peut aller mal?<br>2. Que ferons-nous, \u00e0 la fois pour pr\u00e9venir les dommages et pour faire face aux dommages ou \u00e0 la perte?<br>3. Si quelque chose se produit, comment allons-nous payer pour cela? <\/strong><\/td><\/tr><\/tbody><\/table>\n\n\n\n<br>\n<p>Avantages de la gestion des risques<\/p>\n\n\n\n<p>La gestion des risques offre une approche claire et structur\u00e9e pour identifier les risques. Avoir une compr\u00e9hension claire de tous les risques permet \u00e0 une organisation de les mesurer, de les hi\u00e9rarchiser et de prendre les mesures appropri\u00e9es pour r\u00e9duire les pertes. La gestion des risques pr\u00e9sente d&#8217;autres avantages pour une organisation, notamment:<\/p>\n\n\n\n<ul class=\"oepl_listing\">\n<li>\u00c9conomie de ressources: le temps, les avoirs, les revenus, les biens et les personnes sont des ressources pr\u00e9cieuses qui peuvent \u00eatre \u00e9conomis\u00e9es si le nombre de r\u00e9clamations diminue.<\/li>\n<li>Prot\u00e9ger la r\u00e9putation et l&#8217;image publique de l&#8217;organisation.<\/li>\n<li>Pr\u00e9venir ou r\u00e9duire la responsabilit\u00e9 juridique et accro\u00eetre la stabilit\u00e9 des op\u00e9rations.<\/li><br>\n<li>Prot\u00e9ger les gens du mal.<\/li>\n<li>La protection de l&#8217;environnement.<\/li>\n<li>Am\u00e9liorer la capacit\u00e9 de se pr\u00e9parer \u00e0 diverses circonstances.<\/li>\n<li>R\u00e9duire les passifs.<\/li>\n<li>Aide \u00e0 d\u00e9finir clairement les besoins en assurance.<\/li>\n<\/ul><br>\n\n\n\n<p>Une pratique de gestion des risques efficace n\u2019\u00e9limine pas les risques. Cependant, une pratique de gestion des risques efficace et op\u00e9rationnelle montre \u00e0 un assureur que votre organisation est d\u00e9termin\u00e9e \u00e0 r\u00e9duire ou \u00e0 pr\u00e9venir les sinistres. Cela fait de votre organisation un meilleur risque \u00e0 assurer.<\/p>\n\n\n\n<p>R\u00f4le de l&#8217;assurance dans la gestion des risques<\/p>\n\n\n\n<p>L&#8217;assurance est un outil pr\u00e9cieux de financement du risque. Peu d&#8217;organisations disposent des r\u00e9serves ou des fonds n\u00e9cessaires pour assumer elles-m\u00eames le risque et assumer la totalit\u00e9 des co\u00fbts cons\u00e9cutifs \u00e0 une perte. Toutefois, souscrire une assurance ne constitue pas une gestion des risques. Un plan de gestion des risques approfondi et r\u00e9fl\u00e9chi constitue l\u2019engagement de pr\u00e9venir les dommages. La gestion des risques concerne \u00e9galement de nombreux risques non assurables, notamment l&#8217;int\u00e9grit\u00e9 de la marque, la perte potentielle du statut d&#8217;exon\u00e9ration fiscale pour les groupes de volontaires, la bonne volont\u00e9 du public et le soutien continu des donateurs.<\/p>\n\n\n\n<p><strong>Pourquoi g\u00e9rer vos risques?<\/strong><\/p>\n\n\n\n<p>Une organisation doit avoir une strat\u00e9gie de gestion des risques pour les raisons suivantes:<\/p>\n\n\n\n<ul class=\"oepl_listing\">\n<li>Les gens sont maintenant plus susceptibles de poursuivre en justice. Prendre des mesures pour r\u00e9duire les blessures pourrait aider \u00e0 se d\u00e9fendre contre une r\u00e9clamation.<\/li>\n<li>Les tribunaux sympathisent souvent avec les demandeurs l\u00e9s\u00e9s et leur accordent le b\u00e9n\u00e9fice du doute.<\/li>\n<li>Les organisations et les individus sont tenus \u00e0 des normes de soins tr\u00e8s \u00e9lev\u00e9es.<\/li>\n<li>Les gens sont plus conscients du niveau de service auquel ils peuvent s&#8217;attendre et des recours qu&#8217;ils peuvent exercer s&#8217;ils ont \u00e9t\u00e9 l\u00e9s\u00e9s.<\/li>\n<li>Les organisations sont tenues responsables des actes de leurs employ\u00e9s \/ volontaires.<\/li>\n<li>Les organisations sont per\u00e7ues comme disposant de nombreux actifs et \/ ou de limites de polices d&#8217;assurance \u00e9lev\u00e9es.<\/li>\n<\/ul><br>\n\n\n\n<p>Les \u00e9tapes fondamentales de la gestion des risques<br>Notre feuille de travail sur le processus de gestion des risques vous guidera \u00e0 travers les \u00e9tapes ci-dessous. Il peut \u00e9galement \u00eatre utilis\u00e9 pour s&#8217;assurer que tous les \u00e9l\u00e9ments essentiels du processus ont \u00e9t\u00e9 identifi\u00e9s et compl\u00e9t\u00e9s. La carte des risques vous donnera une image de vos risques pour vous aider \u00e0 \u00e9tablir vos priorit\u00e9s en mati\u00e8re de gestion des risques.<\/p>\n\n\n\n<p><strong>Les \u00e9tapes de base du processus de gestion des risques sont les suivantes:<br><br>\u00c9tape 1: Identifier les risques potentiels de perte<\/strong><\/p>\n\n\n\n<p>Chaque activit\u00e9 d&#8217;une organisation pose un risque. Avant qu&#8217;une organisation puisse contr\u00f4ler ses risques et d\u00e9cider quoi faire (le cas \u00e9ch\u00e9ant), elle doit identifier les risques.<\/p>\n\n\n\n<p>Certains risques sont g\u00e9n\u00e9riques et inh\u00e9rents \u00e0 de nombreuses organisations &#8211; par exemple, la possibilit\u00e9 qu&#8217;un visiteur glisse sur un sol humide, un employ\u00e9 \/ volontaire d\u00e9tournant les fonds de l&#8217;organisation ou un ancien employ\u00e9 ou client all\u00e9guant une violation de ses droits.<\/p>\n\n\n\n<p>D&#8217;autres risques sont propres \u00e0 votre organisation et d\u00e9pendent des services que vous fournissez. Si cela peut se produire dans votre organisation, vous devez en faire la liste au cours de cette \u00e9tape du processus de gestion des risques.<\/p>\n\n\n\n<ul class=\"oepl_listing\">\n<li>\u00c9num\u00e9rez les objectifs de votre entreprise (les pratiques cl\u00e9s qui doivent \u00eatre en place pour que l\u2019entreprise n\u2019\u00e9choue pas), les activit\u00e9s, les actifs et les principaux intervenants. D\u00e9terminez ensuite les risques associ\u00e9s.<\/li>\n<li>Vous pouvez \u00e9galement consulter d&#8217;autres sources pour obtenir une image de vos risques, notamment:<\/li>\n<li>Votre exp\u00e9rience et celle de votre entreprise.<\/li>\n<li>Pertes \/ r\u00e9clamations ant\u00e9rieures (votre agent ou votre courtier peut peut-\u00eatre vous aider)<\/li>\n<li>L&#8217;exp\u00e9rience d&#8217;entreprises similaires ou dans une industrie similaire<\/li>\n<li>Accidents et incidents pass\u00e9s<\/li>\n<li>Statistiques<\/li>\n<li>Associations industrielles<\/li>\n<li>Commentaires des employ\u00e9s \/ b\u00e9n\u00e9voles<\/li>\n<li>R\u00e9clamations et \/ ou suggestions de clients, du public et d\u2019autres parties prenantes<\/li>\n<li>Consultants<\/li>\n<\/ul><br>\n\n\n\n<p><strong>\u00c9tape 2: \u00e9valuer le risque; examiner le nombre et la gravit\u00e9 possibles des r\u00e9clamations<\/strong><\/p>\n\n\n\n<p>Vous pouvez vous sentir d\u00e9pass\u00e9 par la premi\u00e8re \u00e9tape consistant \u00e0 regarder votre exposition. \u00c9valuer la probabilit\u00e9 que chaque risque devienne r\u00e9alit\u00e9 (fr\u00e9quence) et estimer son effet possible et son co\u00fbt pour l&#8217;organisation (gravit\u00e9) sont les solutions.<\/p>\n\n\n\n<p>Par exemple, si vous exploitez une entreprise \u00e0 domicile et que la plupart de vos interactions avec les clients se font par t\u00e9l\u00e9phone ou par courrier \u00e9lectronique, les risques de r\u00e9clamations nombreuses et co\u00fbteuses sont probablement plus faibles. (Vous pouvez toujours avoir des pertes; consid\u00e9rez le service de messagerie qui livre des documents professionnels \u00e0 votre domicile et qui tr\u00e9buche sur votre trottoir.) Cela serait contraire \u00e0 une compagnie de bus qui transporte des personnes \u00e2g\u00e9es lors d&#8217;\u00e9v\u00e9nements sp\u00e9ciaux. Il y a plus de chances que les sinistres soient plus nombreux &#8211; vous conduisez sur des routes tr\u00e8s fr\u00e9quent\u00e9es &#8211; et les sinistres plus graves &#8211; les personnes \u00e2g\u00e9es peuvent avoir une sant\u00e9 plus fragile.<\/p>\n\n\n\n<p>Parmi les expositions identifi\u00e9es \u00e0 l&#8217;\u00e9tape 1, d\u00e9terminez:<\/p>\n\n\n\n<ul class=\"oepl_listing\">\n<li>Quels sont les plus susceptibles de causer une r\u00e9clamation ou un incident?<\/li>\n<li>Lesquels auront le plus grand impact sur l\u2019organisation, s\u2019ils se produisent? Une carte des risques peut vous aider \u00e0 identifier les risques qui requi\u00e8rent le plus d&#8217;attention.<\/li>\n<\/ul><br>\n\n\n\n<p><strong>\u00c9tape 3: Examiner les options<\/strong><\/p>\n\n\n\n<p><strong>S\u00e9lectionner et mettre en \u0153uvre les techniques de gestion des risques appropri\u00e9es.<\/strong> Il existe des moyens de g\u00e9rer les risques d\u2019une organisation. S\u00e9lectionnez les techniques qui fonctionnent le mieux pour votre organisation. Les cinq principales techniques de gestion des risques sont les suivantes:<\/p>\n\n\n\n<ul class=\"oepl_listing\">\n<li><strong>\u00c9vitement:<\/strong> Votre organisation peut-elle \u00e9liminer un service ou une activit\u00e9 qu\u2019elle consid\u00e8re trop risqu\u00e9?<\/li>\n<li><strong>Pr\u00e9vention ou modification:<\/strong> Quelles mesures peuvent \u00eatre prises pour r\u00e9duire les risques de pertes? Pouvez-vous modifier l&#8217;activit\u00e9 de mani\u00e8re \u00e0 ce que les risques de dommages et l&#8217;impact des dommages potentiels restent dans des limites acceptables? (L&#8217;\u00e9tablissement de politiques et de proc\u00e9dures est la forme de modification la plus courante. Par exemple, si votre entreprise poss\u00e8de une automobile, vous pouvez utiliser des techniques de modification pour g\u00e9rer les risques en s\u00e9lectionnant et en s\u00e9lectionnant les conducteurs, en les formant et en d\u00e9veloppant d&#8217;autres politiques de transport.)<\/li>\n<li><strong>Att\u00e9nuation:<\/strong> Quelles mesures peuvent \u00eatre prises pour att\u00e9nuer l\u2019impact des pertes, le cas \u00e9ch\u00e9ant?<\/li>\n<li><strong>R\u00e9tention: <\/strong>Acceptez le risque tel quel. Certains risques sont inh\u00e9rents aux activit\u00e9s de votre exploitation; votre organisation peut accepter ou conserver tout ou partie des cons\u00e9quences financi\u00e8res d&#8217;un risque. (Les franchises sont une forme de r\u00e9tention. Une autre forme de r\u00e9tention consiste \u00e0 ne pas souscrire une police d&#8217;assurance pour une exposition sp\u00e9cifique.)<\/li>\n<li><strong>Transfert (partage):<\/strong> Votre organisation peut transf\u00e9rer le risque r\u00e9el ou les cons\u00e9quences financi\u00e8res d\u2019une perte \u00e0 une autre partie. Par exemple, vous pouvez d\u00e9cider de faire appel \u00e0 une compagnie de taxi pour transporter vos clients au lieu d&#8217;utiliser des v\u00e9hicules de l&#8217;agence ou des b\u00e9n\u00e9voles conduisant leur propre voiture. L&#8217;assurance est une forme de transfert par laquelle vous transf\u00e9rez le risque de perte financi\u00e8re \u00e0 la compagnie d&#8217;assurance. Certains aspects des risques ne peuvent pas \u00eatre enti\u00e8rement transf\u00e9r\u00e9s, tels que les atteintes \u00e0 votre r\u00e9putation ou \u00e0 votre client\u00e8le. En cons\u00e9quence, la plupart des exemples de transfert de risque impliquent en fait de partager le risque avec une autre partie.<\/li>\n<\/ul><br>\n\n\n\n<p><strong>\u00c9tape 4: D\u00e9cidez quelle option utiliser<\/strong><\/p>\n\n\n\n<p>Apr\u00e8s avoir pass\u00e9 en revue toutes les options possibles et examin\u00e9 vos risques, d\u00e9terminez laquelle des techniques de gestion des risques possibles constitue le meilleur compromis entre efficacit\u00e9 et abordabilit\u00e9.<\/p>\n\n\n\n<p><strong>\u00c9tape 5: Impl\u00e9menter l&#8217;option choisie<\/strong><\/p>\n\n\n\n<p>La premi\u00e8re partie de cette \u00e9tape consiste \u00e0 cr\u00e9er le plan de gestion des risques. Vous allez expliquer en termes r\u00e9els et pratiques comment vous allez utiliser l&#8217;option que vous choisissez pour votre organisation. Cela impliquera peut-\u00eatre la cr\u00e9ation d\u2019un comit\u00e9 de gestion des risques.<\/p>\n\n\n\n<p>Une partie importante du plan consiste \u00e0 s&#8217;assurer de l&#8217;adh\u00e9sion de la haute direction, du personnel, des clients, des b\u00e9n\u00e9voles et des autres parties prenantes. Cela peut impliquer une campagne qui n\u2019est pas aussi importante pour la formation que pour leur faire savoir que des changements vont se produire.<\/p>\n\n\n\n<p><strong>Assurez-vous que le personnel et les autres personnes sont form\u00e9s et inform\u00e9s du plan.<\/strong> Ils doivent non seulement comprendre les politiques et proc\u00e9dures r\u00e9sultant de votre \u00e9valuation des risques, mais \u00e9galement comprendre qu&#8217;ils ont un r\u00f4le plus important \u00e0 jouer. Ils doivent \u00eatre sensibles au risque et comprendre que tous les membres de l&#8217;organisation subissent les cons\u00e9quences du co\u00fbt accru du risque.<\/p>\n\n\n\n<p>Les employ\u00e9s \/ volontaires doivent comprendre comment remplir les formulaires et les rapports appropri\u00e9s. Ils devraient \u00e9galement \u00eatre mis \u00e0 jour sur la fr\u00e9quence et le co\u00fbt des accidents et des sinistres.<\/p>\n\n\n\n<p><strong>\u00c9tape 6: Surveillez les r\u00e9sultats<\/strong><\/p>\n\n\n\n<p>De nos jours, le changement est la seule constante. <strong>La nature dynamique de votre organisation n\u00e9cessite que vos risques et votre plan de gestion des risques soient examin\u00e9s au moins une fois par an.<\/strong><\/p>\n\n\n\n<p>Tout d\u2019abord, vous devez \u00e9valuer le plan pour d\u00e9terminer s\u2019il fonctionne. Vous devez \u00e9galement v\u00e9rifier si vos risques ont chang\u00e9 au cours de l&#8217;ann\u00e9e et si des modifications du plan sont n\u00e9cessaires. Les modifications apport\u00e9es \u00e0 votre activit\u00e9 doivent \u00eatre examin\u00e9es pour garantir que le programme de gestion des risques reste pertinent, complet et efficace. Lors de l\u2019examen annuel de votre activit\u00e9, vous constaterez peut-\u00eatre que vous \u00eates surassur\u00e9 (par exemple, si vous avez interrompu un service) et que vous pouvez abandonner la couverture suppl\u00e9mentaire. Si votre activit\u00e9 s&#8217;est \u00e9tendue, vous pouvez voir o\u00f9 vous pourriez avoir besoin d&#8217;une couverture suppl\u00e9mentaire pour vous assurer que votre organisation et vous-m\u00eame \u00eates pleinement prot\u00e9g\u00e9s.<\/p>\n\n\n\n<p><strong>Conservez des registres pr\u00e9cis de l&#8217;\u00e9volution du plan et des r\u00e9sultats des examens annuels.<\/strong> Cela montre \u00e0 votre assureur que vous vous engagez dans la gestion des risques et que vous avez mis en place des plans r\u00e9fl\u00e9chis et adaptatifs.<\/p>\n\n\n\n<p>Conclusion<\/p>\n\n\n\n<p>La gestion des risques est un processus pragmatique ayant des implications r\u00e9elles. Une organisation ne peut pas \u00e9laborer un plan et ensuite le mettre sur l&#8217;\u00e9tag\u00e8re.<strong>La gestion des risques est une fa\u00e7on de penser qui doit impr\u00e9gner toute l&#8217;organisation<\/strong>\u2013 du membre du conseil le plus ancien au plus r\u00e9cent b\u00e9n\u00e9vole. La responsabilit\u00e9 de chacun est de faire en sorte que la gestion des risques fasse partie int\u00e9grante d&#8217;une organisation.<\/p>\n\n\n\n<p>La gestion des risques vise \u00e0 pr\u00e9server la capacit\u00e9 continue d\u2019une organisation \u00e0 remplir sa mission, \u00e0 se d\u00e9velopper, \u00e0 rester en bonne sant\u00e9 et \u00e0 pr\u00e9server sa responsabilit\u00e9 sociale envers toute la communaut\u00e9.<\/p>\n\n\n\n<p>Le groupe Delsan est l\u00e0 pour r\u00e9pondre \u00e0 vos besoins en mati\u00e8re d\u2019assurance des entreprises et des particuliers.<\/p>\n\n\n\n<p><strong>Pour plus d&#8217;informations, <a href=\"\/fr\/contactez-nous\/\">contactez le groupe Delsan.<\/a><\/strong><\/p>\n","protected":false},"excerpt":{"rendered":"<p>Chaque entreprise a besoin d&#8217;un programme de pr\u00e9vention des pertes La gestion des risques est un bon sens des affaires. C&#8217;est l&#8217;une des choses les plus importantes que vous puissiez faire pour maintenir la viabilit\u00e9 de votre organisation. Une strat\u00e9gie de gestion des risques efficace offre la possibilit\u00e9 d\u2019obtenir une meilleure tarification de vos primes [&hellip;]<\/p>\n","protected":false},"author":2,"featured_media":0,"parent":2251,"menu_order":0,"comment_status":"closed","ping_status":"closed","template":"","meta":{"_acf_changed":false,"footnotes":""},"class_list":["post-2268","page","type-page","status-publish","hentry","entry"],"acf":[],"jetpack_sharing_enabled":true,"_links":{"self":[{"href":"https:\/\/delsangroup.com\/fr\/wp-json\/wp\/v2\/pages\/2268","targetHints":{"allow":["GET"]}}],"collection":[{"href":"https:\/\/delsangroup.com\/fr\/wp-json\/wp\/v2\/pages"}],"about":[{"href":"https:\/\/delsangroup.com\/fr\/wp-json\/wp\/v2\/types\/page"}],"author":[{"embeddable":true,"href":"https:\/\/delsangroup.com\/fr\/wp-json\/wp\/v2\/users\/2"}],"replies":[{"embeddable":true,"href":"https:\/\/delsangroup.com\/fr\/wp-json\/wp\/v2\/comments?post=2268"}],"version-history":[{"count":9,"href":"https:\/\/delsangroup.com\/fr\/wp-json\/wp\/v2\/pages\/2268\/revisions"}],"predecessor-version":[{"id":3344,"href":"https:\/\/delsangroup.com\/fr\/wp-json\/wp\/v2\/pages\/2268\/revisions\/3344"}],"up":[{"embeddable":true,"href":"https:\/\/delsangroup.com\/fr\/wp-json\/wp\/v2\/pages\/2251"}],"wp:attachment":[{"href":"https:\/\/delsangroup.com\/fr\/wp-json\/wp\/v2\/media?parent=2268"}],"curies":[{"name":"wp","href":"https:\/\/api.w.org\/{rel}","templated":true}]}}