{"id":2262,"date":"2019-04-30T00:55:53","date_gmt":"2019-04-30T00:55:53","guid":{"rendered":"http:\/\/new2019.delsangroup.com\/?page_id=2262"},"modified":"2019-07-26T07:11:30","modified_gmt":"2019-07-26T07:11:30","slug":"property-coverages-endorsements","status":"publish","type":"page","link":"https:\/\/delsangroup.com\/fr\/nos-produits\/lignes-commerciales\/property-coverages-endorsements\/","title":{"rendered":"Couverture de la propri\u00e9t\u00e9 et avenants"},"content":{"rendered":"<p><strong class=\"whiteSubTitles2\">Voici quelques exemples de couverture de propri\u00e9t\u00e9:<\/strong><\/p>\n<p><span class=\"pageTitles\">Large forme commerciale <\/span><\/p>\n<p>Assurer les b\u00e2timents, l\u2019\u00e9quipement, les stocks, le contenu ou tous les biens tels que d\u00e9finis, dans les locaux indiqu\u00e9s dans les d\u00e9clarations.<\/p>\n<p><strong>Les exclusions notables peuvent \u00eatre: <\/strong><\/p>\n<ul class=\"oepl_listing\">\n<li>\n\t\tVacant, shut down or unoccupied property for more than 30 consecutive days<\/li>\n<li>\n\t\tUne assurance contre les \u00e9gouts, les inondations et les tremblements de terre peut \u00eatre souscrite en option<\/li>\n<li>\n\t\tUne assurance pour les chaudi\u00e8res et les machines connexes (sauf en cas d&#8217;incendie subs\u00e9quent) peut \u00eatre souscrite en option<\/li>\n<li>\n\t\tVol de fourrures, bijoux (y compris les costumes), montres, objets d&#8217;art et pierres pr\u00e9cieuses, \u00e0 l&#8217;exception du premier<\/li>\n<li>\n\t\tPr\u00eat ou location<\/li>\n<li>\n\t\tDisparition ou p\u00e9nurie myst\u00e9rieuse lors de la prise d&#8217;inventaire<\/li>\n<li>\n\t\tGarantie du v\u00e9hicule verrouill\u00e9<\/li>\n<\/ul>\n<p><span class=\"pageTitles\">Endossements<\/span><\/p>\n<p><strong>Certains d&#8217;entre eux sont:<\/strong><\/p>\n<ul class=\"oepl_listing\">\n<li>\n\t\t<strong>Approbation du co\u00fbt de remplacement, forme large<\/strong><\/p>\n<p>Cette clause modifie g\u00e9n\u00e9ralement la base de r\u00e8glement selon la formule commerciale large, de la valeur de rachat r\u00e9elle \u00e0 la valeur de remplacement. S&#8217;il n&#8217;est pas remplac\u00e9 ou r\u00e9par\u00e9, cet avenant ne s&#8217;appliquera pas.<\/li>\n<li>\n\t\t<strong>Approbation des r\u00e8glements de construction<\/strong><\/p>\n<p>\u00c9tend la couverture des co\u00fbts suppl\u00e9mentaires occasionn\u00e9s par l&#8217;application de tout r\u00e8glement ou loi r\u00e9glementant le zonage, la d\u00e9molition, la r\u00e9paration ou la construction du b\u00e2timent endommag\u00e9, \u00e0 condition que la perte subie par le b\u00e2timent endommag\u00e9 soit d&#8217;un risque assur\u00e9<\/li>\n<li>\n\t\t<strong>Avenant perte indirecte (y compris interruption de service)<\/strong><\/p>\n<p>\u00c9tend la couverture pour inclure le risque suppl\u00e9mentaire d&#8217;alt\u00e9ration du stock de l&#8217;assur\u00e9 en raison d&#8217;un changement de temp\u00e9rature par rapport \u00e0 un sinistre assur\u00e9. La perte ou les dommages doivent \u00eatre caus\u00e9s par un p\u00e9ril assur\u00e9 aux appareils de r\u00e9frig\u00e9ration ou de refroidissement. La perte ou les dommages doivent \u00eatre caus\u00e9s par un p\u00e9ril assur\u00e9 aux appareils de r\u00e9frig\u00e9ration ou de refroidissement.<\/li>\n<li>\n\t\t<strong>Approbation de tremblement de terre<\/strong><\/p>\n<p>Assure la perte ou les dommages r\u00e9sultant d&#8217;un choc sismique sur des biens assur\u00e9s en vertu d&#8217;un avenant au sens large.<\/li>\n<li>\n\t\t<strong>Approbation des inondations<\/strong><\/p>\n<p>Ajoute le p\u00e9ril de l&#8217;inondation aux coureurs commerciaux de forme large.<\/p>\n<p>Inondation signifie la mont\u00e9e, l&#8217;\u00e9clatement ou le d\u00e9bordement de toute masse d&#8217;eau, naturelle ou cr\u00e9\u00e9e par l&#8217;homme, et comprend les vagues, les mar\u00e9es et le raz-de-mar\u00e9e. ).<\/li>\n<li>\n\t\t<strong> Endossement d&#8217;\u00e9gout<\/strong><\/p>\n<p>\u00c9tend la d\u00e9finition des dommages caus\u00e9s par l&#8217;eau; d&#8217;inclure le risque de refoulement d&#8217;\u00e9gout.<\/p>\n<p>Couvre les fuites d&#8217;eau des \u00e9gouts ou des pompes de puisard (exclut les infiltrations ou les fuites provenant de sources naturelles)<\/li>\n<li>\n\t\t<strong>Approbation d&#8217;extension de formulaire large:<\/p>\n<p><\/strong><strong><\/strong><strong><\/strong>Cet avenant \u00e9tend la couverture en vertu du large avenant commercial \u00e0 la couverture qui se trouve normalement dans des formulaires distincts pour les avenants en les pla\u00e7ant sur un formulaire avec des limites pr\u00e9d\u00e9finies.<strong>La couverture peut inclure:<\/strong><\/li>\n<\/ul>\n<table style=\"width: 100%; border: 0px; border-spacing: 0px;\">\n<tbody>\n<tr>\n<td style=\"width: 35px;\"><\/td>\n<td>\n<ul class=\"oepl_listing\">\n<li>\n\t\t\t\t\tR\u00e8glements de construction<\/li>\n<li>\n\t\t\t\t\tPerte cons\u00e9cutive, y compris la puissance hors site<\/li>\n<li>\n\t\t\t\t\tProtection contre l&#8217;inflation<\/li>\n<li>\n\t\t\t\t\tSignes ext\u00e9rieurs, y compris horloges de rue, communication<\/li>\n<li>\n\t\t\t\t\tTours, antennes et r\u00e9cepteurs satellites<\/li>\n<li>\n\t\t\t\t\tAugmentation de la saison de pointe<\/li>\n<li>\n\t\t\t\t\tFrais de service du service d&#8217;incendie<\/li>\n<li>\n\t\t\t\t\tRecharge d&#8217;\u00e9quipement d&#8217;incendie<\/li>\n<li>\n\t\t\t\t\tDocuments et disques pr\u00e9cieux<\/li>\n<li>\n\t\t\t\t\tComptes d\u00e9biteurs<\/li>\n<li>\n\t\t\t\t\tBeaux-Arts<\/li>\n<li>\n\t\t\t\t\tArgent et titres<\/li>\n<li>\n\t\t\t\t\tFrais suppl\u00e9mentaires<\/li>\n<li>\n\t\t\t\t\tHonoraires professionnels<\/li>\n<li>\n\t\t\t\t\tL&#8217;enl\u00e8vement des d\u00e9bris<\/li>\n<li>\n\t\t\t\t\tPrix \u200b\u200bdes incendies criminels<\/li>\n<li>\n\t\t\t\t\tB\u00e2timents nouvellement acquis pour 30, 60 ou 90 jours<\/li>\n<li>\n\t\t\t\t\t\u00c9quipement nouvellement acquis; Stock pour 30, 60 ou 90 jours<\/li>\n<li>\n\t\t\t\t\tEmplacements temporaires<\/li>\n<li>\n\t\t\t\t\tCourrier ou colis postal<\/li>\n<li>\n\t\t\t\t\tAutre transit<\/li>\n<li>\n\t\t\t\t\tRepr\u00e9sentant de vente<\/li>\n<\/ul>\n<\/td>\n<\/tr>\n<\/tbody>\n<\/table>\n<ul class=\"oepl_listing\">\n<li>\n\t\t<strong> Signe flottant<\/strong><\/p>\n<p>Offre une couverture de propri\u00e9t\u00e9 sous forme large pour les enseignes ext\u00e9rieures sur les lieux ou \u00e0 l&#8217;ext\u00e9rieur.<\/p>\n<p>La couverture est sur une base de tr\u00e9sorerie r\u00e9elle.<\/li>\n<li>\n\t\t<strong> Divers flotteur de propri\u00e9t\u00e9 &#8211; Forme large<\/strong><\/p>\n<p>Fournit une couverture pour des \u00e9l\u00e9ments sp\u00e9cifiques qui pourraient \u00eatre mobiles et qui ne sont pas couverts par l&#8217;avenant commercial large formulaire ou tout autre avenant.<\/p>\n<p>Couverture large pour la valeur de rachat r\u00e9elle &#8211; la limite est sp\u00e9cifi\u00e9e pour chaque article assur\u00e9 dans les d\u00e9lais pr\u00e9vus et la couverture s&#8217;applique sur ou en dehors des lieux du Canada ou des \u00c9tats-Unis continentaux.<\/li>\n<li>\n\t\t<strong> \u00c9quipement de l&#8217;entrepreneur &#8211; Forme g\u00e9n\u00e9rale<\/strong><\/p>\n<p>Fournit une couverture large pour la perte ou les dommages caus\u00e9s au mat\u00e9riel du contractant appartenant \u00e0 l&#8217;assur\u00e9 ou dont il est responsable, y compris pendant le transit et le transport.<\/p>\n<p>Assur\u00e9 sur une base large et inclus les frais de la moyenne g\u00e9n\u00e9rale et de sauvetage pour la valeur de rachat r\u00e9elle.<\/li>\n<li>\n\t\t<strong> Outil floater &#8211; Forme large<\/strong><\/p>\n<p>Assure les outils et l\u2019\u00e9quipement (tous les articles habituels dans le commerce ou les affaires de l\u2019assur\u00e9, y compris, sans toutefois s\u2019y limiter, les scies, les pelles, les perceuses, les \u00e9chelles, les marteaux, les brosses, les toiles de protection et les cliquets) utilis\u00e9s dans les locaux ou \u00e0 l\u2019ext\u00e9rieur.<\/p>\n<p>La couverture couvre g\u00e9n\u00e9ralement la valeur de rachat r\u00e9elle et couvre tous les risques, partout au Canada et dans la partie continentale des \u00c9tats-Unis (\u00e0 l&#8217;exclusion de l&#8217;Alaska) (les \u00e9l\u00e9ments doivent figurer sur une &#8220;annexe&#8221;).<\/li>\n<\/ul>\n<p><span class=\"pageTitles\">Le groupe Delsan est l\u00e0 pour r\u00e9pondre \u00e0 vos besoins en mati\u00e8re d\u2019assurance des entreprises et des particuliers.<\/span><\/p>\n<p><strong>Pour plus d&#8217;informations, <a href=\"https:\/\/www.delsangroup.com\/fr\/contactez-nous\/\">contacter le Delsan groupe<\/a>.<\/strong><\/p>\n","protected":false},"excerpt":{"rendered":"<p>Voici quelques exemples de couverture de propri\u00e9t\u00e9: Large forme commerciale Assurer les b\u00e2timents, l\u2019\u00e9quipement, les stocks, le contenu ou tous les biens tels que d\u00e9finis, dans les locaux indiqu\u00e9s dans les d\u00e9clarations. Les exclusions notables peuvent \u00eatre: Vacant, shut down or unoccupied property for more than 30 consecutive days Une assurance contre les \u00e9gouts, les [&hellip;]<\/p>\n","protected":false},"author":2,"featured_media":0,"parent":2251,"menu_order":0,"comment_status":"closed","ping_status":"closed","template":"","meta":{"_acf_changed":false,"footnotes":""},"class_list":["post-2262","page","type-page","status-publish","hentry","entry"],"acf":[],"jetpack_sharing_enabled":true,"_links":{"self":[{"href":"https:\/\/delsangroup.com\/fr\/wp-json\/wp\/v2\/pages\/2262","targetHints":{"allow":["GET"]}}],"collection":[{"href":"https:\/\/delsangroup.com\/fr\/wp-json\/wp\/v2\/pages"}],"about":[{"href":"https:\/\/delsangroup.com\/fr\/wp-json\/wp\/v2\/types\/page"}],"author":[{"embeddable":true,"href":"https:\/\/delsangroup.com\/fr\/wp-json\/wp\/v2\/users\/2"}],"replies":[{"embeddable":true,"href":"https:\/\/delsangroup.com\/fr\/wp-json\/wp\/v2\/comments?post=2262"}],"version-history":[{"count":11,"href":"https:\/\/delsangroup.com\/fr\/wp-json\/wp\/v2\/pages\/2262\/revisions"}],"predecessor-version":[{"id":3338,"href":"https:\/\/delsangroup.com\/fr\/wp-json\/wp\/v2\/pages\/2262\/revisions\/3338"}],"up":[{"embeddable":true,"href":"https:\/\/delsangroup.com\/fr\/wp-json\/wp\/v2\/pages\/2251"}],"wp:attachment":[{"href":"https:\/\/delsangroup.com\/fr\/wp-json\/wp\/v2\/media?parent=2262"}],"curies":[{"name":"wp","href":"https:\/\/api.w.org\/{rel}","templated":true}]}}