{"id":2157,"date":"2019-04-28T10:51:38","date_gmt":"2019-04-28T10:51:38","guid":{"rendered":"http:\/\/new2019.delsangroup.com\/contactez-nous\/"},"modified":"2024-12-17T16:19:20","modified_gmt":"2024-12-17T16:19:20","slug":"contactez-nous","status":"publish","type":"page","link":"https:\/\/delsangroup.com\/fr\/contactez-nous\/","title":{"rendered":"Contactez nous"},"content":{"rendered":"\n<p>Nos bureaux sont situ\u00e9s au:<\/p>\n\n<strong>3400 Moishe Avenue,<br>\nBoisbriand, Qu\u00e9bec, J7E 0B2<\/strong><br> <\/p>\n\n<strong>T\u00e9l: 514-731-0031<\/strong><br>\n<strong>T\u00e9l: 450-433-2434<\/strong><br> \nCourriel: <a href=\"mailto:advisor@delsangroup.com\">advisor@delsangroup.com <\/a><\/td><br>\nFax: 514-418-0079<br>\n\n<p>&nbsp;<br>\n\n<p>&nbsp;<br>\n\n<p><strong>MESSAGE DU PR\u00c9SIDENT<\/strong><\/p>\n<p>Nous vous remercions d\u2019avoir visit\u00e9 notre site. Nous esp\u00e9rons que vous avez appr\u00e9ci\u00e9 votre navigation sur ce site et obtenu des informations utiles sur la s\u00e9curit\u00e9 financi\u00e8re, les solutions d\u2019assurance et la gestion des risques. <strong><\/strong><\/p>\n<p>Nous sommes impatients de vous aider avec les strat\u00e9gies personnalis\u00e9es dont nos clients satisfaits sont d\u00e9j\u00e0 t\u00e9moins. Appelez-nous pour une consultation gratuite d&#8217;une heure ou pour obtenir un devis gratuit, et commencez \u00e0 profiter en toute qui\u00e9tude de ce qu&#8217;un conseiller en s\u00e9curit\u00e9 financi\u00e8re de confiance vous aide \u00e0 assurer votre s\u00e9curit\u00e9 financi\u00e8re.<\/p>\n<p><strong>YISROEL SANDEL<\/strong><br>\nPr\u00e9sident et fondateur<br>\n<strong>DELSAN GROUP INC<\/strong><\/p>\n","protected":false},"excerpt":{"rendered":"<p>Nos bureaux sont situ\u00e9s au: 3400 Moishe Avenue, Boisbriand, Qu\u00e9bec, J7E 0B2 T\u00e9l: 514-731-0031 T\u00e9l: 450-433-2434 Courriel: advisor@delsangroup.com Fax: 514-418-0079 &nbsp; &nbsp; MESSAGE DU PR\u00c9SIDENT Nous vous remercions d\u2019avoir visit\u00e9 notre site. Nous esp\u00e9rons que vous avez appr\u00e9ci\u00e9 votre navigation sur ce site et obtenu des informations utiles sur la s\u00e9curit\u00e9 financi\u00e8re, les solutions d\u2019assurance [&hellip;]<\/p>\n","protected":false},"author":2,"featured_media":0,"parent":0,"menu_order":0,"comment_status":"closed","ping_status":"closed","template":"","meta":{"_acf_changed":false,"footnotes":""},"class_list":["post-2157","page","type-page","status-publish","hentry","entry"],"acf":[],"jetpack_sharing_enabled":true,"_links":{"self":[{"href":"https:\/\/delsangroup.com\/fr\/wp-json\/wp\/v2\/pages\/2157","targetHints":{"allow":["GET"]}}],"collection":[{"href":"https:\/\/delsangroup.com\/fr\/wp-json\/wp\/v2\/pages"}],"about":[{"href":"https:\/\/delsangroup.com\/fr\/wp-json\/wp\/v2\/types\/page"}],"author":[{"embeddable":true,"href":"https:\/\/delsangroup.com\/fr\/wp-json\/wp\/v2\/users\/2"}],"replies":[{"embeddable":true,"href":"https:\/\/delsangroup.com\/fr\/wp-json\/wp\/v2\/comments?post=2157"}],"version-history":[{"count":30,"href":"https:\/\/delsangroup.com\/fr\/wp-json\/wp\/v2\/pages\/2157\/revisions"}],"predecessor-version":[{"id":3475,"href":"https:\/\/delsangroup.com\/fr\/wp-json\/wp\/v2\/pages\/2157\/revisions\/3475"}],"wp:attachment":[{"href":"https:\/\/delsangroup.com\/fr\/wp-json\/wp\/v2\/media?parent=2157"}],"curies":[{"name":"wp","href":"https:\/\/api.w.org\/{rel}","templated":true}]}}