{"id":2122,"date":"2019-04-26T12:54:29","date_gmt":"2019-04-26T12:54:29","guid":{"rendered":"http:\/\/new2019.delsangroup.com\/qui-sommes-nous\/"},"modified":"2019-07-18T10:32:08","modified_gmt":"2019-07-18T10:32:08","slug":"qui-sommes-nous","status":"publish","type":"page","link":"https:\/\/delsangroup.com\/fr\/qui-sommes-nous\/","title":{"rendered":"Qui sommes-nous"},"content":{"rendered":"\n<p>Le groupe delsan Inc., dont le principal \u00e9tablissement est bas\u00e9 \u00e0 Montr\u00e9al (Qu\u00e9bec), est un cabinet de services financiers fond\u00e9 sur les principes de conseils et de strat\u00e9gies personnalis\u00e9s.<\/p>\n<p>Notre mission est <strong><em>de \u00abfaire une diff\u00e9rence dans la vie des gens\u00bb<\/em><\/strong>.<\/p>\n<p>Notre&nbsp;objectif est d\u2019aider les entreprises et les familles \u00e0 cr\u00e9er de la richesse, \u00e0 devenir financi\u00e8rement s\u00e9curis\u00e9es &amp; \u00e0 prot\u00e9ger les actifs qu\u2019ils ont travaill\u00e9 dur pour s\u2019accumuler.<\/p>\n<p>Nous servons une vari\u00e9t\u00e9 de clients de propri\u00e9taires d\u2019entreprise \u00e0 des particuliers et des familles fortun\u00e9s qui recherchent les connaissances et l\u2019exp\u00e9rience que nous partageons.&nbsp;<\/p>\n<p>Notre expertise comprend des strat\u00e9gies&nbsp;d\u2019\u00e9conomie d\u2019imp\u00f4t pour les propri\u00e9taires d\u2019entreprise, les familles&nbsp;et les personnes fortun\u00e9es, la s\u00e9curit\u00e9 financi\u00e8re, la planification de la retraite, la planification fiscale immobili\u00e8re, l\u2019harmonie familiale &amp; la planification de la rel\u00e8ve et l\u2019assurance vie des solutions pour l\u2019usage professionnel et personnel.<\/p>\n<p>Nous n\u2019avons aucun int\u00e9r\u00eat direct ou indirect dans une compagnie d\u2019assurance ou&nbsp;une institution&nbsp;financi\u00e8re particuli\u00e8re, nous offrons une gamme diversifi\u00e9e de produits de la plupart des&nbsp;compagnies d\u2019assurance au Canada, et nous sommes donc en mesure de donner des conseils impartiaux et des strat\u00e9gies de structure qui sont dans le meilleur int\u00e9r\u00eat de nos clients.<\/p>\n","protected":false},"excerpt":{"rendered":"<p>Le groupe delsan Inc., dont le principal \u00e9tablissement est bas\u00e9 \u00e0 Montr\u00e9al (Qu\u00e9bec), est un cabinet de services financiers fond\u00e9 sur les principes de conseils et de strat\u00e9gies personnalis\u00e9s. Notre mission est de \u00abfaire une diff\u00e9rence dans la vie des gens\u00bb. Notre&nbsp;objectif est d\u2019aider les entreprises et les familles \u00e0 cr\u00e9er de la richesse, \u00e0 [&hellip;]<\/p>\n","protected":false},"author":2,"featured_media":0,"parent":0,"menu_order":0,"comment_status":"closed","ping_status":"closed","template":"","meta":{"_acf_changed":false,"footnotes":""},"class_list":["post-2122","page","type-page","status-publish","hentry","entry"],"acf":[],"jetpack_sharing_enabled":true,"_links":{"self":[{"href":"https:\/\/delsangroup.com\/fr\/wp-json\/wp\/v2\/pages\/2122","targetHints":{"allow":["GET"]}}],"collection":[{"href":"https:\/\/delsangroup.com\/fr\/wp-json\/wp\/v2\/pages"}],"about":[{"href":"https:\/\/delsangroup.com\/fr\/wp-json\/wp\/v2\/types\/page"}],"author":[{"embeddable":true,"href":"https:\/\/delsangroup.com\/fr\/wp-json\/wp\/v2\/users\/2"}],"replies":[{"embeddable":true,"href":"https:\/\/delsangroup.com\/fr\/wp-json\/wp\/v2\/comments?post=2122"}],"version-history":[{"count":21,"href":"https:\/\/delsangroup.com\/fr\/wp-json\/wp\/v2\/pages\/2122\/revisions"}],"predecessor-version":[{"id":3238,"href":"https:\/\/delsangroup.com\/fr\/wp-json\/wp\/v2\/pages\/2122\/revisions\/3238"}],"wp:attachment":[{"href":"https:\/\/delsangroup.com\/fr\/wp-json\/wp\/v2\/media?parent=2122"}],"curies":[{"name":"wp","href":"https:\/\/api.w.org\/{rel}","templated":true}]}}